{"id":1727,"date":"2023-05-29T11:08:10","date_gmt":"2023-05-29T10:08:10","guid":{"rendered":"https:\/\/gcf.community\/?page_id=1727"},"modified":"2023-09-11T15:54:03","modified_gmt":"2023-09-11T14:54:03","slug":"videos","status":"publish","type":"page","link":"https:\/\/gcf.community\/fr\/campaigns\/families-on-mission\/videos\/","title":{"rendered":"Vid\u00e9os"},"content":{"rendered":"<a href=\"https:\/\/gcf.community\/fr\/campaigns\/families-on-mission\/\" target=\"_self\" itemprop=\"url\" rel=\"noopener\">\n\t\t\t\t<img loading=\"lazy\" decoding=\"async\" src=\"https:\/\/gcf.community\/wp-content\/uploads\/2023\/05\/fom-logo-portrait-transparent-for-white-background-600.png\" alt=\"fom logo portrait transparent for white background 600\" itemprop=\"image\" height=\"536\" width=\"600\" title=\"logo fom portrait transparent pour fond blanc 600\" onerror=\"this.style.display='none'\"  \/>\n\t\t\t\t<\/a>\n<h2>\n\t\tChaque famille\n\t<\/h2>\n<h2>\n\t\t\u00c0 travers chaque \u00e9glise\n\t<\/h2>\n<h2>\n\t\t\u00c0 chaque communaut\u00e9\n\t<\/h2>\n\t\t\t<button tabindex=\"0\" role=\"button\" aria-label=\"Menu\">\n\t\t\t\t\t\t\t<\/button>\n\t<nav aria-label=\"FoM\" itemscope=\"itemscope\" itemtype=\"https:\/\/schema.org\/SiteNavigationElement\">\n\t\t<ul id=\"menu-fom\"><li id=\"menu-item-1752\"><a href=\"https:\/\/gcf.community\/fr\/campaigns\/families-on-mission\/\">Introduction<\/a><\/li><li id=\"menu-item-1723\"><a href=\"https:\/\/gcf.community\/fr\/campaigns\/families-on-mission\/statement\/\">D\u00e9claration<\/a><\/li><li id=\"menu-item-1725\"><a href=\"https:\/\/gcf.community\/fr\/campaigns\/families-on-mission\/report\/\">Rapport<\/a><\/li><li id=\"menu-item-2204\"><a href=\"https:\/\/gcf.community\/fr\/campaigns\/families-on-mission\/resources\/\">Ressources<\/a><\/li><li id=\"menu-item-1724\"><a href=\"https:\/\/gcf.community\/fr\/campaigns\/families-on-mission\/showcase\/\">Vitrine<\/a><\/li><li id=\"menu-item-1731\"><a href=\"https:\/\/gcf.community\/fr\/campaigns\/families-on-mission\/videos\/\" aria-current=\"page\">Vid\u00e9os<\/a><\/li><\/ul>\n\t\t\t<\/nav>\n<h1>\n\t\tExtraits vid\u00e9o\n\t<\/h1>\n\t\t\t\tPr\u00e9sentation des mises \u00e0 jour du po\u00e8me Jour 1 Faits saillants Jour 2 Faits saillants Jour 3 Faits saillants Jour 4 Po\u00e8me\n\t\t\t\t<iframe style='position: absolute;  width: 100%; height: 100%; left: 0; top: 0;' src='https:\/\/killerplayer.com\/new\/video\/f6b83f7d-f772-4911-81fe-828656afb554' width='900' height='508' frameborder='0' scrolling='no' allowfullscreen><\/iframe>\t\t\t\n\t\t\t\t\t\t\tMise \u00e0 jour\n\t\t\t\t<iframe style='position: absolute;  width: 100%; height: 100%; left: 0; top: 0;' src='https:\/\/killerplayer.com\/new\/video\/2a42a663-b25f-4be5-ba96-02e640ead98e' width='900' height='508' frameborder='0' scrolling='no' allowfullscreen><\/iframe>\t\t\t\n\t\t\t\t\t\t\tVitrine\n\t\t\t\t<iframe style='position: absolute;  width: 100%; height: 100%; left: 0; top: 0;' src='https:\/\/killerplayer.com\/new\/video\/088d45ec-375c-498e-97e7-5db1018b162f' width='900' height='508' frameborder='0' scrolling='no' allowfullscreen><\/iframe>\t\t\t\n\t\t\t\t\t\t\tTemps forts du jour 1\n\t\t\t\t<iframe style='position: absolute;  width: 100%; height: 100%; left: 0; top: 0;' src='https:\/\/killerplayer.com\/new\/video\/83052056-fce0-41eb-8489-386d74b01248' width='900' height='508' frameborder='0' scrolling='no' allowfullscreen><\/iframe>\t\t\t\n\t\t\t\t\t\t\tTemps forts du jour 2\n\t\t\t\t<iframe style='position: absolute;  width: 100%; height: 100%; left: 0; top: 0;' src='https:\/\/killerplayer.com\/new\/video\/e6f8ed82-3f6f-4e3a-b801-63c4082fc7ec' width='900' height='508' frameborder='0' scrolling='no' allowfullscreen><\/iframe>\t\t\t\n\t\t\t\t\t\t\tTemps forts du jour 3\n\t\t\t\t<iframe style='position: absolute;  width: 100%; height: 100%; left: 0; top: 0;' src='https:\/\/killerplayer.com\/new\/video\/c863b2c4-b4ed-4eb6-8b29-8809ac9444d1' width='900' height='508' frameborder='0' scrolling='no' allowfullscreen><\/iframe>\t\t\t\n\t\t\t\t\t\t\tTemps forts du jour 4\n\t\t\t\t<iframe style='position: absolute;  width: 100%; height: 100%; left: 0; top: 0;' src='https:\/\/killerplayer.com\/new\/video\/f5be0137-a64e-4158-8c4a-e0e16fdb8652' width='900' height='508' frameborder='0' scrolling='no' allowfullscreen><\/iframe>","protected":false},"excerpt":{"rendered":"<p>Chaque famille \u00c0 travers chaque \u00e9glise \u00c0 chaque communaut\u00e9 Introduction D\u00e9claration Rapport Ressources Vitrine Vid\u00e9os Faits saillants de la vid\u00e9o Vitrine de mise \u00e0 jour du po\u00e8me Faits saillants du jour 1 Faits saillants du jour 2 Faits saillants du jour 3 Faits saillants du jour 4 Vitrine de mise \u00e0 jour du po\u00e8me Faits saillants du jour 1 Faits saillants du jour 2 Faits saillants du jour 3 Faits saillants du jour 4<\/p>","protected":false},"author":1,"featured_media":0,"parent":1656,"menu_order":0,"comment_status":"closed","ping_status":"closed","template":"","meta":{"_acf_changed":false,"_seopress_robots_primary_cat":"","_seopress_titles_title":"","_seopress_titles_desc":"","_seopress_robots_index":"","footnotes":"","_links_to":"","_links_to_target":""},"categories":[1],"class_list":{"0":"post-1727","1":"page","2":"type-page","3":"status-publish","5":"category-uncategorized"},"acf":[],"_links":{"self":[{"href":"https:\/\/gcf.community\/fr\/wp-json\/wp\/v2\/pages\/1727","targetHints":{"allow":["GET"]}}],"collection":[{"href":"https:\/\/gcf.community\/fr\/wp-json\/wp\/v2\/pages"}],"about":[{"href":"https:\/\/gcf.community\/fr\/wp-json\/wp\/v2\/types\/page"}],"author":[{"embeddable":true,"href":"https:\/\/gcf.community\/fr\/wp-json\/wp\/v2\/users\/1"}],"replies":[{"embeddable":true,"href":"https:\/\/gcf.community\/fr\/wp-json\/wp\/v2\/comments?post=1727"}],"version-history":[{"count":0,"href":"https:\/\/gcf.community\/fr\/wp-json\/wp\/v2\/pages\/1727\/revisions"}],"up":[{"embeddable":true,"href":"https:\/\/gcf.community\/fr\/wp-json\/wp\/v2\/pages\/1656"}],"wp:attachment":[{"href":"https:\/\/gcf.community\/fr\/wp-json\/wp\/v2\/media?parent=1727"}],"wp:term":[{"taxonomy":"category","embeddable":true,"href":"https:\/\/gcf.community\/fr\/wp-json\/wp\/v2\/categories?post=1727"}],"curies":[{"name":"wp","href":"https:\/\/api.w.org\/{rel}","templated":true}]}}