{"id":1719,"date":"2023-05-29T10:36:59","date_gmt":"2023-05-29T09:36:59","guid":{"rendered":"https:\/\/gcf.community\/?page_id=1719"},"modified":"2023-09-11T15:54:30","modified_gmt":"2023-09-11T14:54:30","slug":"statement","status":"publish","type":"page","link":"https:\/\/gcf.community\/fr\/campaigns\/families-on-mission\/statement\/","title":{"rendered":"D\u00e9claration"},"content":{"rendered":"<a href=\"https:\/\/gcf.community\/fr\/campaigns\/families-on-mission\/\" target=\"_self\" itemprop=\"url\" rel=\"noopener\">\n\t\t\t\t<img loading=\"lazy\" decoding=\"async\" src=\"https:\/\/gcf.community\/wp-content\/uploads\/2023\/05\/fom-logo-portrait-transparent-for-white-background-600.png\" alt=\"fom logo portrait transparent for white background 600\" itemprop=\"image\" height=\"536\" width=\"600\" title=\"logo fom portrait transparent pour fond blanc 600\" onerror=\"this.style.display='none'\"  \/>\n\t\t\t\t<\/a>\n<h2>\n\t\tChaque famille\n\t<\/h2>\n<h2>\n\t\t\u00c0 travers chaque \u00e9glise\n\t<\/h2>\n<h2>\n\t\t\u00c0 chaque communaut\u00e9\n\t<\/h2>\n\t\t\t<button tabindex=\"0\" role=\"button\" aria-label=\"Menu\">\n\t\t\t\t\t\t\t<\/button>\n\t<nav aria-label=\"FoM\" itemscope=\"itemscope\" itemtype=\"https:\/\/schema.org\/SiteNavigationElement\">\n\t\t<ul id=\"menu-fom\"><li id=\"menu-item-1752\"><a href=\"https:\/\/gcf.community\/fr\/campaigns\/families-on-mission\/\">Introduction<\/a><\/li><li id=\"menu-item-1723\"><a href=\"https:\/\/gcf.community\/fr\/campaigns\/families-on-mission\/statement\/\" aria-current=\"page\">D\u00e9claration<\/a><\/li><li id=\"menu-item-1725\"><a href=\"https:\/\/gcf.community\/fr\/campaigns\/families-on-mission\/report\/\">Rapport<\/a><\/li><li id=\"menu-item-2204\"><a href=\"https:\/\/gcf.community\/fr\/campaigns\/families-on-mission\/resources\/\">Ressources<\/a><\/li><li id=\"menu-item-1724\"><a href=\"https:\/\/gcf.community\/fr\/campaigns\/families-on-mission\/showcase\/\">Vitrine<\/a><\/li><li id=\"menu-item-1731\"><a href=\"https:\/\/gcf.community\/fr\/campaigns\/families-on-mission\/videos\/\">Vid\u00e9os<\/a><\/li><\/ul>\n\t\t\t<\/nav>\n<h1>\n\t\tD\u00e9claration de S\u00e3o Paulo sur les familles en mission\n\t<\/h1>\n\t<p>Dieu nous a cr\u00e9\u00e9s pour \u00eatre dans <strong>communaut\u00e9s<\/strong>, dont les plus petits sont <strong>m\u00e9nages<\/strong>.Ces familles se regroupent avec d\u2019autres familles pour former des communaut\u00e9s plus grandes (villages, villes, etc.).<\/p>\n<p><strong>Ensemble, les foyers chr\u00e9tiens forment des \u00e9glises.<\/strong><\/p>\n<p>Toutes ces familles chr\u00e9tiennes sont appel\u00e9es \u00e0 \u00eatre \u00ab<strong>en mission<\/strong>&quot; : fa\u00e7onner \u00e0 la fois la vie de leur propre famille et celle des autres, en \u00e9tant <strong>sel<\/strong> et <strong>lumi\u00e8re<\/strong> dans la soci\u00e9t\u00e9 et s&#039;appelant les uns les autres \u00e0 <strong>refl\u00e9ter l&#039;image de Dieu<\/strong>.<\/p>\n<p>Et si <strong>chaque foyer chr\u00e9tien<\/strong> Vous avez embrass\u00e9 la mission ? Et si <strong>toutes les \u00e9glises<\/strong> a soutenu ces m\u00e9nages dans leur mission afin que l&#039;\u00c9glise devienne ce que Dieu voulait qu&#039;elle soit, ensemble <strong>impactant des communaut\u00e9s plus larges<\/strong>?<\/p>\n<p>Et si, ensemble, les foyers chr\u00e9tiens \u00e9taient comme \u00ab<strong>villes sur une colline<\/strong>&#039;, faire briller la lumi\u00e8re et apporter de l&#039;espoir aux autres ?<\/p>\n<p>Une telle vision appelle tous les foyers chr\u00e9tiens \u00e0 \u00eatre \u00ab<strong>Familles en mission<\/strong>&#039;, refl\u00e9tant le but, l&#039;identit\u00e9 et la vocation des familles chr\u00e9tiennes.<\/p>\n<p><strong>Nous prions pour que l\u2019amour de J\u00e9sus entre dans nos foyers afin de partager sa lumi\u00e8re avec les autres.<\/strong><\/p>","protected":false},"excerpt":{"rendered":"<p>Chaque famille \u00c0 travers chaque \u00e9glise \u00c0 chaque communaut\u00e9 Introduction D\u00e9claration Rapport Ressources Vitrine Vid\u00e9os D\u00e9claration de S\u00e3o Paulo sur les familles en mission Dieu nous a cr\u00e9\u00e9s pour vivre en communaut\u00e9s, dont les plus petites sont des foyers. Ceux-ci s&#039;associent \u00e0 d&#039;autres familles pour former des communaut\u00e9s plus grandes (villages, villes, etc.). Ensemble, les foyers chr\u00e9tiens forment des \u00e9glises. Tous ces chr\u00e9tiens\u2026 <a title=\"D\u00e9claration\" class=\"read-more\" href=\"https:\/\/gcf.community\/fr\/campaigns\/families-on-mission\/statement\/\" aria-label=\"En savoir plus sur Statement\">Lire la suite<\/a><\/p>","protected":false},"author":1,"featured_media":0,"parent":1656,"menu_order":0,"comment_status":"closed","ping_status":"closed","template":"","meta":{"_acf_changed":false,"_seopress_robots_primary_cat":"","_seopress_titles_title":"","_seopress_titles_desc":"","_seopress_robots_index":"","footnotes":"","_links_to":"","_links_to_target":""},"categories":[1],"class_list":{"0":"post-1719","1":"page","2":"type-page","3":"status-publish","5":"category-uncategorized"},"acf":[],"_links":{"self":[{"href":"https:\/\/gcf.community\/fr\/wp-json\/wp\/v2\/pages\/1719","targetHints":{"allow":["GET"]}}],"collection":[{"href":"https:\/\/gcf.community\/fr\/wp-json\/wp\/v2\/pages"}],"about":[{"href":"https:\/\/gcf.community\/fr\/wp-json\/wp\/v2\/types\/page"}],"author":[{"embeddable":true,"href":"https:\/\/gcf.community\/fr\/wp-json\/wp\/v2\/users\/1"}],"replies":[{"embeddable":true,"href":"https:\/\/gcf.community\/fr\/wp-json\/wp\/v2\/comments?post=1719"}],"version-history":[{"count":0,"href":"https:\/\/gcf.community\/fr\/wp-json\/wp\/v2\/pages\/1719\/revisions"}],"up":[{"embeddable":true,"href":"https:\/\/gcf.community\/fr\/wp-json\/wp\/v2\/pages\/1656"}],"wp:attachment":[{"href":"https:\/\/gcf.community\/fr\/wp-json\/wp\/v2\/media?parent=1719"}],"wp:term":[{"taxonomy":"category","embeddable":true,"href":"https:\/\/gcf.community\/fr\/wp-json\/wp\/v2\/categories?post=1719"}],"curies":[{"name":"wp","href":"https:\/\/api.w.org\/{rel}","templated":true}]}}