{"id":1711,"date":"2023-05-29T10:35:48","date_gmt":"2023-05-29T09:35:48","guid":{"rendered":"https:\/\/gcf.community\/?page_id=1711"},"modified":"2023-12-15T12:24:27","modified_gmt":"2023-12-15T12:24:27","slug":"report","status":"publish","type":"page","link":"https:\/\/gcf.community\/fr\/campaigns\/families-on-mission\/report\/","title":{"rendered":"Rapport"},"content":{"rendered":"<a href=\"https:\/\/gcf.community\/fr\/campaigns\/families-on-mission\/\" target=\"_self\" itemprop=\"url\" rel=\"noopener\">\n\t\t\t\t<img loading=\"lazy\" decoding=\"async\" src=\"https:\/\/gcf.community\/wp-content\/uploads\/2023\/05\/fom-logo-portrait-transparent-for-white-background-600.png\" alt=\"fom logo portrait transparent for white background 600\" itemprop=\"image\" height=\"536\" width=\"600\" title=\"logo fom portrait transparent pour fond blanc 600\" onerror=\"this.style.display='none'\"  \/>\n\t\t\t\t<\/a>\n<h2>\n\t\tChaque famille\n\t<\/h2>\n<h2>\n\t\t\u00c0 travers chaque \u00e9glise\n\t<\/h2>\n<h2>\n\t\t\u00c0 chaque communaut\u00e9\n\t<\/h2>\n\t\t\t<button tabindex=\"0\" aria-label=\"Menu\">\n\t\t\t\t\t\t\t<\/button>\n\t<nav aria-label=\"FoM\" itemscope=\"itemscope\" itemtype=\"https:\/\/schema.org\/SiteNavigationElement\">\n\t\t<ul id=\"menu-fom\"><li id=\"menu-item-1752\"><a href=\"https:\/\/gcf.community\/fr\/campaigns\/families-on-mission\/\">Introduction<\/a><\/li><li id=\"menu-item-1723\"><a href=\"https:\/\/gcf.community\/fr\/campaigns\/families-on-mission\/statement\/\">D\u00e9claration<\/a><\/li><li id=\"menu-item-1725\"><a href=\"https:\/\/gcf.community\/fr\/campaigns\/families-on-mission\/report\/\" aria-current=\"page\">Rapport<\/a><\/li><li id=\"menu-item-2204\"><a href=\"https:\/\/gcf.community\/fr\/campaigns\/families-on-mission\/resources\/\">Ressources<\/a><\/li><li id=\"menu-item-1724\"><a href=\"https:\/\/gcf.community\/fr\/campaigns\/families-on-mission\/showcase\/\">Vitrine<\/a><\/li><li id=\"menu-item-1731\"><a href=\"https:\/\/gcf.community\/fr\/campaigns\/families-on-mission\/videos\/\">Vid\u00e9os<\/a><\/li><\/ul>\n\t\t\t<\/nav>\n<h1>\n\t\tR\u00e9sultats et initiatives\n\t<\/h1>\n\t\t\t\tG\u00e9n\u00e9rations g\u00e9n\u00e9reuses\n\t\t\t\t<p>Le groupe G\u00e9n\u00e9rations G\u00e9n\u00e9reuses (d\u00e9sormais connu sous le nom de \u00ab\u00a0GenG\u00a0\u00bb) a commenc\u00e9 \u00e0 travailler sur diverses activit\u00e9s et ressources. Il envisage \u00e9galement une \u00ab\u00a0Exp\u00e9rience de lancement\u00a0\u00bb GenG (inspir\u00e9e du Parcours de la G\u00e9n\u00e9rosit\u00e9, bien qu&#039;unique dans son expression), destin\u00e9e aux familles, aux \u00e9glises et potentiellement aux r\u00e9seaux sociaux (YouTube, TikTok, jeux vid\u00e9o, etc.).<\/p>\n\t\t\t\tConnexions mondiales\n\t\t\t\t<p>Le groupe Connexions mondiales s&#039;est interrog\u00e9 sur la mani\u00e8re dont nous pouvons \u00eatre des vecteurs de contamination dans les \u00e9tapes \u00e0 venir. Nous souhaitons privil\u00e9gier les r\u00e9seaux et les \u00e9glises avec lesquels nous collaborons. Nous souhaitons donner du pouvoir aux voix et aux d\u00e9fenseurs cl\u00e9s.<\/p>\n<p>L\u2019objectif actuel est d\u2019\u00e9laborer une feuille de route pour les trois prochaines ann\u00e9es \u2013 les premi\u00e8res \u00e9tapes consistant \u00e0 travailler sur un descripteur simple, une d\u00e9claration plus longue et un cadre th\u00e9ologique pour aider les autres \u00e0 s\u2019engager de mani\u00e8re collaborative.<\/p>\n\t\t\t\tRessources de l&#039;\u00c9glise locale\n\t\t\t\t<p>Nous reconnaissons le r\u00f4le central des \u00e9glises locales dans leur minist\u00e8re aupr\u00e8s des familles. Nous souhaitons investir dans ce domaine par les actions suivantes\u00a0:<\/p>\n<ul>\n<li>Un kit de survie pour les pasteurs (ils ont aussi des familles bris\u00e9es)<\/li>\n<li>Une ressource de l&#039;\u00e9glise appel\u00e9e \u00ab Journ\u00e9e de la famille \u00bb pour aider les familles \u00e0 se r\u00e9unir, \u00e0 s&#039;amuser et \u00e0 travailler sur le soutien, les relations, le rythme et les priorit\u00e9s<\/li>\n<\/ul>\n\t\t\t\tRessources familiales\n\t\t\t\t<p>Nous nous concentrons sur la cr\u00e9ation d\u2019une bo\u00eete \u00e0 outils qui int\u00e9grera les \u00e9l\u00e9ments suivants :<\/p>\n<ul>\n<li>Une vid\u00e9o pour les communaut\u00e9s et les \u00e9glises<\/li>\n<li>Un manuel pour les m\u00e8res (Solo Mama)<\/li>\n<li>Un jeu auquel une famille peut jouer pour parler de ce qu&#039;elle aime et n&#039;aime pas dans la fa\u00e7on dont elle interagit les uns avec les autres - une bonne fa\u00e7on d&#039;\u00e9couter les enfants<\/li>\n<\/ul>\n\t\t\t\tNum\u00e9rique\n\t\t\t\t<p>Le num\u00e9rique est pertinent pour tous les groupes et continue de soutenir le d\u00e9veloppement et la communication des projets. Nous travaillons \u00e9galement sur les points suivants\u00a0:<\/p>\n<ul>\n<li>D\u00e9velopper l&#039;utilisation du site Web gcf.community et explorer comment cela peut soutenir la communaut\u00e9 au sens large<\/li>\n<li>Nous \u00e9tudions comment nous diffusons les ressources de Familles en Mission aupr\u00e8s des personnes, \u00e0 la fois pour les outiller et les responsabiliser. Par exemple, nous envisageons de d\u00e9velopper des mod\u00e8les et des ressources pour aider les organisations \u00e0 cr\u00e9er de nouvelles ressources Familles en Mission.<\/li>\n<\/ul>\n\t\t\t\tfamille.fit\n\t\t\t\t<p>Le programme family.fit continue de susciter l&#039;enthousiasme et l&#039;inspiration. Nous travaillons actuellement sur les points suivants\u00a0:<\/p>\n<ul>\n<li>\u00c9tendre la formation disponible sur le site et la rendre plus accessible aux \u00e9coles de formation<\/li>\n<li>Enregistrement d&#039;une vid\u00e9o multilingue expliquant FF aux pasteurs<\/li>\n<li>Am\u00e9liorer les vid\u00e9os actuelles en ajoutant des sous-titres pour am\u00e9liorer la clart\u00e9<\/li>\n<li>Du mat\u00e9riel de formation pour family.fit distribu\u00e9 \u00e0 plus de 70 \u00e9coles<\/li>\n<li>Une \u00e9quipe de m\u00e9dias sociaux a \u00e9t\u00e9 form\u00e9e pour cr\u00e9er du nouveau contenu family.fit<\/li>\n<li>Un groupe WhatsApp pour les champions de family.fit a \u00e9t\u00e9 cr\u00e9\u00e9 pour soutenir, partager des id\u00e9es et s&#039;encourager mutuellement en tant que communaut\u00e9 de meilleures pratiques.<\/li>\n<\/ul>\n\t\t\t\tParentalit\u00e9\n\t\t\t\t<p>Les parents sont importants\u00a0! Ils sont un pilier pour les familles, des mod\u00e8les et responsables de l&#039;accompagnement des familles dans leur mission. Parmi les nombreuses id\u00e9es, deux sont prioritaires\u00a0:<\/p>\n<ul>\n<li>Une ressource cl\u00e9 comme guide pratique pour les familles afin d&#039;accompagner d&#039;autres familles dans leur cheminement missionnaire<\/li>\n<li>Une ressource pour les dirigeants d&#039;\u00e9glise afin de les former \u00e0 la parentalit\u00e9<\/li>\n<\/ul>\n\t\t\t\tGrands-parents\n\t\t\t\t<p>Le r\u00f4le des grands-parents peut \u00eatre extr\u00eamement important. Nous travaillons actuellement sur les points suivants\u00a0:<\/p>\n<ul>\n<li>Cr\u00e9er une ressource pour les premiers pas : 10 id\u00e9es pour que les grands-parents soient en mission (disponible en ligne et sur papier)<\/li>\n<li>Nous travaillons sur un ensemble de ressources pour les \u00e9glises afin de mieux faire conna\u00eetre l&#039;utilisation de ces ressources.<\/li>\n<\/ul>\n\t<p>L&#039;organisation des r\u00e9unions au Br\u00e9sil a permis de mettre en lumi\u00e8re l&#039;\u00e9nergie et les initiatives de cette r\u00e9gion. Nous travaillons sur les points suivants\u00a0:<\/p>\n<ul>\n<li>Trouver des champions dans notre r\u00e9gion<\/li>\n<li>Se connecter aux r\u00e9seaux et partenariats mondiaux<\/li>\n<li>Commencer petit en pr\u00e9sentant des exemples qui peuvent \u00eatre adapt\u00e9s et multipli\u00e9s dans notre r\u00e9gion<\/li>\n<\/ul>\n\t\t\t\tAEL, l&#039;Alliance r\u00e9gionale latine pour l&#039;\u00e9vang\u00e9lisation\n\t\t\t\t<p>Le temps partag\u00e9 par nos membres de l\u2019AEL au sein du Forum a \u00e9t\u00e9 tr\u00e8s utile pour renforcer les relations strat\u00e9giques avec l\u2019Alliance Evang\u00e9lique Mondiale et initier des liens avec l\u2019Alliance Evang\u00e9lique d\u2019Afrique \u2013 Enfants.<\/p>\n<p>Les repr\u00e9sentants de la commission AEL Ni\u00f1ez ont \u00e9galement tenu leur propre r\u00e9union apr\u00e8s le Forum afin d&#039;\u00e9valuer et de traiter les questions r\u00e9gionales qui seront d\u00e9velopp\u00e9es cette ann\u00e9e, renfor\u00e7ant ainsi les \u00e9quipes strat\u00e9giques au niveau national. De m\u00eame, des travaux ont \u00e9t\u00e9 men\u00e9s pour organiser, en Am\u00e9rique latine, une formation hybride mondiale de haut niveau sur le leadership aupr\u00e8s des enfants, avec l&#039;aval et la certification du s\u00e9minaire Bethel, aux \u00c9tats-Unis.<\/p>\n\t\t\t\t Rede M\u00e3os Dados, R\u00e9seau du Minist\u00e8re des Enfants du Br\u00e9sil\n\t\t\t\t<p>L&#039;un des principaux avantages de la r\u00e9union au Br\u00e9sil a \u00e9t\u00e9 l&#039;opportunit\u00e9 d&#039;\u00e9changes entre les diff\u00e9rents mouvements. Les priorit\u00e9s de l&#039;\u00e9quipe de Rede M\u00e3os Dados sont les suivantes\u00a0:<\/p>\n<ul>\n<li>Je travaille sur un jeu permettant aux familles d\u2019explorer de meilleures fa\u00e7ons de communiquer leurs griefs quotidiens de mani\u00e8re saine.<\/li>\n<li>Apprenez-en davantage sur le modus operandi du GCF et rapprochez-vous de cette mani\u00e8re de manifester l&#039;appel \u00e0 l&#039;unit\u00e9 dans le royaume du Christ.<\/li>\n<li>Apprenez-en davantage sur family.fit et impliquez-vous davantage.<\/li>\n<li>En savoir plus sur les plans Leadership Experience<\/li>\n<li>Explorer comment trouver des moyens d\u2019inclure les jeunes dirigeants au sein du r\u00e9seau. <\/li>\n<\/ul>\n\t<p>Voir ci-dessous le rapport complet sur notre s\u00e9jour ensemble \u00e0 S\u00e3o Paulo, ou t\u00e9l\u00e9chargez le rapport au format PDF en utilisant le bouton ci-dessous.<\/p>\n\t<a href=\"https:\/\/gcf.community\/wp-content\/uploads\/2023\/05\/Sao-Paulo-Report-compressed.pdf\" target=\"_self\" role=\"button\" download=\"Sao-Paulo-Report-compressed.pdf\" aria-label=\"Rapport complet (PDF)\" rel=\"noopener\">\n\t\t\t\t\t\tRapport complet (PDF)\n\t\t\t\t\t<\/a>\n\t        <div class=\"embedpress-document-embed ose-document ep-doc-d7fcf3f3b136871a304a78937b86779c\" style=\"width: 730px; height: 450px;; max-width:100%; display: block\">\n                                    <iframe title=\"Rapport de S\u00e3o Paulo - compress\u00e9\" allowfullscreen=\"true\" mozallowfullscreen=\"true\" webkitallowfullscreen=\"true\" style=\"width: 730px; height: 450px;; max-width:100%; display: inline-block\" data-emsrc=\"https:\/\/gcf.community\/wp-content\/uploads\/2023\/05\/Sao-Paulo-Report-compressed.pdf\" data-emid=\"embedpress-pdf-shortcode\" class=\"embedpress-embed-document-pdf embedpress-pdf-shortcode\" src=\"https:\/\/gcf.community\/wp-admin\/admin-ajax.php?action=get_viewer&#038;file=https%3A%2F%2Fgcf.community%2Fwp-content%2Fuploads%2F2023%2F05%2FSao-Paulo-Report-compressed.pdf#key=dGhlbWVNb2RlPWRlZmF1bHQmdG9vbGJhcj10cnVlJmxhenlMb2FkPWZhbHNlJnBvc2l0aW9uPXRvcCZwcmVzZW50YXRpb249dHJ1ZSZkb3dubG9hZD10cnVlJmNvcHlfdGV4dD10cnVlJmFkZF90ZXh0PXRydWUmZHJhdz10cnVlJmRvY19yb3RhdGlvbj10cnVlJmFkZF9pbWFnZT10cnVlJmRvY19kZXRhaWxzPXRydWUmc2VsZWN0aW9uX3Rvb2w9MCZzY3JvbGxpbmc9LTEmc3ByZWFkcz0tMSZ6b29tX2luPXRydWUmem9vbV9vdXQ9dHJ1ZSZmaXRfdmlldz10cnVlJmJvb2ttYXJrPXRydWUmc291bmQ9dHJ1ZSZmbGlwYm9va190b29sYmFyX3Bvc2l0aW9uPWJvdHRvbQ==\" frameborder=\"0\">\n                        <\/iframe>\n                            <\/div>","protected":false},"excerpt":{"rendered":"<p>Chaque famille, chaque \u00e9glise, chaque communaut\u00e9, introduction, d\u00e9claration, rapport, ressources, pr\u00e9sentation, vid\u00e9os, r\u00e9sultats et initiatives, G\u00e9n\u00e9rations G\u00e9n\u00e9reuses. Le groupe G\u00e9n\u00e9rations G\u00e9n\u00e9reuses (d\u00e9sormais connu sous le nom de \u00ab\u00a0GenG\u00a0\u00bb) a commenc\u00e9 \u00e0 travailler sur diverses activit\u00e9s et ressources. Il envisage \u00e9galement une \u00ab\u00a0Exp\u00e9rience de lancement\u00a0\u00bb GenG (inspir\u00e9e du Parcours de la g\u00e9n\u00e9rosit\u00e9\u00a0; bien qu&#039;unique en son genre\u2026 <a title=\"Rapport\" class=\"read-more\" href=\"https:\/\/gcf.community\/fr\/campaigns\/families-on-mission\/report\/\" aria-label=\"En savoir plus sur Report\">Lire la suite<\/a><\/p>","protected":false},"author":1,"featured_media":0,"parent":1656,"menu_order":0,"comment_status":"closed","ping_status":"closed","template":"","meta":{"_acf_changed":false,"_seopress_robots_primary_cat":"","_seopress_titles_title":"","_seopress_titles_desc":"","_seopress_robots_index":"","footnotes":"","_links_to":"","_links_to_target":""},"categories":[1],"class_list":{"0":"post-1711","1":"page","2":"type-page","3":"status-publish","5":"category-uncategorized"},"acf":[],"_links":{"self":[{"href":"https:\/\/gcf.community\/fr\/wp-json\/wp\/v2\/pages\/1711","targetHints":{"allow":["GET"]}}],"collection":[{"href":"https:\/\/gcf.community\/fr\/wp-json\/wp\/v2\/pages"}],"about":[{"href":"https:\/\/gcf.community\/fr\/wp-json\/wp\/v2\/types\/page"}],"author":[{"embeddable":true,"href":"https:\/\/gcf.community\/fr\/wp-json\/wp\/v2\/users\/1"}],"replies":[{"embeddable":true,"href":"https:\/\/gcf.community\/fr\/wp-json\/wp\/v2\/comments?post=1711"}],"version-history":[{"count":1,"href":"https:\/\/gcf.community\/fr\/wp-json\/wp\/v2\/pages\/1711\/revisions"}],"predecessor-version":[{"id":2350,"href":"https:\/\/gcf.community\/fr\/wp-json\/wp\/v2\/pages\/1711\/revisions\/2350"}],"up":[{"embeddable":true,"href":"https:\/\/gcf.community\/fr\/wp-json\/wp\/v2\/pages\/1656"}],"wp:attachment":[{"href":"https:\/\/gcf.community\/fr\/wp-json\/wp\/v2\/media?parent=1711"}],"wp:term":[{"taxonomy":"category","embeddable":true,"href":"https:\/\/gcf.community\/fr\/wp-json\/wp\/v2\/categories?post=1711"}],"curies":[{"name":"wp","href":"https:\/\/api.w.org\/{rel}","templated":true}]}}