{"id":1687,"date":"2023-05-27T10:30:07","date_gmt":"2023-05-27T09:30:07","guid":{"rendered":"https:\/\/gcf.community\/?page_id=1687"},"modified":"2026-02-13T16:49:08","modified_gmt":"2026-02-13T16:49:08","slug":"participate","status":"publish","type":"page","link":"https:\/\/gcf.community\/fr\/participate\/","title":{"rendered":"Participer"},"content":{"rendered":"<h1>\n\t\t\tImpliquez-vous !\t<\/h1>\n\t<p>Souhaitez-vous participer au Forum mondial des enfants\u00a0? C&#039;est tr\u00e8s simple\u00a0! Commencez par vous inscrire \u00e0 notre newsletter ci-dessous. Vous recevrez ensuite des informations sur notre actualit\u00e9 et nos \u00e9v\u00e9nements en ligne et en pr\u00e9sentiel.<\/p>\n<p>Vous avez peut-\u00eatre une anecdote \u00e0 partager sur le minist\u00e8re aupr\u00e8s des enfants\u00a0? Nous aimerions aussi la conna\u00eetre\u00a0!<\/p>\n<p>Si vous avez des questions, n&#039;h\u00e9sitez pas \u00e0 les poser.<\/p>\n\t<a href=\"https:\/\/gcf.community\/fr\/participate\/subscribe\/\" target=\"_self\" role=\"button\" aria-label=\"Abonnez-vous aux mises \u00e0 jour\">\n\t\t\t\t\t\tAbonnez-vous aux mises \u00e0 jour\n\t\t\t\t\t<\/a>\n\t<a href=\"https:\/\/gcf.community\/fr\/participate\/share-your-story\/\" target=\"_self\" role=\"button\" aria-label=\"Partagez votre histoire\">\n\t\t\t\t\t\tPartagez votre histoire\n\t\t\t\t\t<\/a>\n\t<a href=\"https:\/\/gcf.community\/fr\/contact\/\" target=\"_self\" role=\"button\" aria-label=\"Entrer en contact\">\n\t\t\t\t\t\tEntrer en contact\n\t\t\t\t\t<\/a>","protected":false},"excerpt":{"rendered":"<p>Impliquez-vous ! Souhaitez-vous participer au Forum mondial des enfants ? C&#039;est tr\u00e8s simple ! Commencez par vous inscrire \u00e0 notre newsletter ci-dessous. Vous recevrez ensuite des informations sur notre actualit\u00e9 et nos \u00e9v\u00e9nements en ligne et en pr\u00e9sentiel. Vous avez peut-\u00eatre une histoire \u00e0 partager sur le minist\u00e8re aupr\u00e8s des enfants ? Nous aimerions\u2026 <a title=\"Participer\" class=\"read-more\" href=\"https:\/\/gcf.community\/fr\/participate\/\" aria-label=\"En savoir plus sur Participer\">Lire la suite<\/a><\/p>","protected":false},"author":1,"featured_media":0,"parent":0,"menu_order":0,"comment_status":"closed","ping_status":"closed","template":"","meta":{"_acf_changed":false,"_seopress_robots_primary_cat":"","_seopress_titles_title":"","_seopress_titles_desc":"","_seopress_robots_index":"","footnotes":"","_links_to":"","_links_to_target":""},"categories":[1],"class_list":{"0":"post-1687","1":"page","2":"type-page","3":"status-publish","5":"category-uncategorized"},"acf":[],"_links":{"self":[{"href":"https:\/\/gcf.community\/fr\/wp-json\/wp\/v2\/pages\/1687","targetHints":{"allow":["GET"]}}],"collection":[{"href":"https:\/\/gcf.community\/fr\/wp-json\/wp\/v2\/pages"}],"about":[{"href":"https:\/\/gcf.community\/fr\/wp-json\/wp\/v2\/types\/page"}],"author":[{"embeddable":true,"href":"https:\/\/gcf.community\/fr\/wp-json\/wp\/v2\/users\/1"}],"replies":[{"embeddable":true,"href":"https:\/\/gcf.community\/fr\/wp-json\/wp\/v2\/comments?post=1687"}],"version-history":[{"count":1,"href":"https:\/\/gcf.community\/fr\/wp-json\/wp\/v2\/pages\/1687\/revisions"}],"predecessor-version":[{"id":3219,"href":"https:\/\/gcf.community\/fr\/wp-json\/wp\/v2\/pages\/1687\/revisions\/3219"}],"wp:attachment":[{"href":"https:\/\/gcf.community\/fr\/wp-json\/wp\/v2\/media?parent=1687"}],"wp:term":[{"taxonomy":"category","embeddable":true,"href":"https:\/\/gcf.community\/fr\/wp-json\/wp\/v2\/categories?post=1687"}],"curies":[{"name":"wp","href":"https:\/\/api.w.org\/{rel}","templated":true}]}}