{"id":1656,"date":"2023-05-26T16:18:46","date_gmt":"2023-05-26T15:18:46","guid":{"rendered":"https:\/\/gcf.community\/?page_id=1656"},"modified":"2023-09-11T15:55:02","modified_gmt":"2023-09-11T14:55:02","slug":"families-on-mission","status":"publish","type":"page","link":"https:\/\/gcf.community\/fr\/campaigns\/families-on-mission\/","title":{"rendered":"Familles en mission"},"content":{"rendered":"<a href=\"https:\/\/gcf.community\/fr\/campaigns\/families-on-mission\/\" target=\"_self\" itemprop=\"url\" rel=\"noopener\">\n\t\t\t\t<img loading=\"lazy\" decoding=\"async\" src=\"https:\/\/gcf.community\/wp-content\/uploads\/2023\/05\/fom-logo-portrait-transparent-for-white-background-600.png\" alt=\"fom logo portrait transparent for white background 600\" itemprop=\"image\" height=\"536\" width=\"600\" title=\"logo fom portrait transparent pour fond blanc 600\" onerror=\"this.style.display='none'\"  \/>\n\t\t\t\t<\/a>\n<h2>\n\t\tChaque famille\n\t<\/h2>\n<h2>\n\t\t\u00c0 travers chaque \u00e9glise\n\t<\/h2>\n<h2>\n\t\t\u00c0 chaque communaut\u00e9\n\t<\/h2>\n\t\t\t<button tabindex=\"0\" role=\"button\" aria-label=\"Menu\">\n\t\t\t\t\t\t\t<\/button>\n\t<nav aria-label=\"FoM\" itemscope=\"itemscope\" itemtype=\"https:\/\/schema.org\/SiteNavigationElement\">\n\t\t<ul id=\"menu-fom\"><li id=\"menu-item-1752\"><a href=\"https:\/\/gcf.community\/fr\/campaigns\/families-on-mission\/\" aria-current=\"page\">Introduction<\/a><\/li><li id=\"menu-item-1723\"><a href=\"https:\/\/gcf.community\/fr\/campaigns\/families-on-mission\/statement\/\">D\u00e9claration<\/a><\/li><li id=\"menu-item-1725\"><a href=\"https:\/\/gcf.community\/fr\/campaigns\/families-on-mission\/report\/\">Rapport<\/a><\/li><li id=\"menu-item-2204\"><a href=\"https:\/\/gcf.community\/fr\/campaigns\/families-on-mission\/resources\/\">Ressources<\/a><\/li><li id=\"menu-item-1724\"><a href=\"https:\/\/gcf.community\/fr\/campaigns\/families-on-mission\/showcase\/\">Vitrine<\/a><\/li><li id=\"menu-item-1731\"><a href=\"https:\/\/gcf.community\/fr\/campaigns\/families-on-mission\/videos\/\">Vid\u00e9os<\/a><\/li><\/ul>\n\t\t\t<\/nav>\n<h1>\n\t\tIntroduction\n\t<\/h1>\n\t<p>Les besoins des familles et la meilleure fa\u00e7on de les servir aux c\u00f4t\u00e9s des enfants suscitent un int\u00e9r\u00eat croissant. Des discussions r\u00e9centes ont soulev\u00e9 la question de savoir comment nous pourrions voir un million de familles \u00e0 travers le monde adopter ce que signifie penser et agir en mission. Consid\u00e9rant les besoins qui nous entourent dans le monde, et en tant que partenaires du Royaume, nous avons commenc\u00e9 \u00e0 imaginer comment Dieu pourrait ouvrir la voie \u00e0 l&#039;\u00e9quipement et \u00e0 la lib\u00e9ration de 100 millions de familles missionnaires, alors que nous explorons et servons ensemble.<\/p>\n<p>En mars 2023, nous nous sommes r\u00e9unis \u00e0 S\u00e3o Paulo dans le cadre d&#039;un forum de partenariat collaboratif r\u00e9unissant des \u00e9quipes de GCF, GOPlay, Go Health &amp; Fitness, Generous Generation, family.fit et Rede M\u00e3os Dados. Ensemble, nous cherchons \u00e0 servir les enfants, les jeunes et les familles, en mettant l&#039;accent sur les familles missionnaires, en explorant comment nous pouvons d\u00e9velopper des communaut\u00e9s d&#039;apprentissage, en faisant germer ensemble des id\u00e9es porteuses et en investissant particuli\u00e8rement dans les jeunes leaders.<\/p>\n<p>Le forum de S\u00e3o Paulo a lanc\u00e9 plusieurs groupes de travail et projets, notamment sur les \u00e9glises locales, le r\u00f4le des parents et des grands-parents, les dimensions r\u00e9gionale, mondiale et num\u00e9rique, ainsi qu&#039;un groupe sp\u00e9cial explorant le domaine de la g\u00e9n\u00e9rosit\u00e9.<\/p>\n<p>T\u00e9l\u00e9chargez le rapport au format PDF en utilisant le bouton ci-dessous.<\/p>\n\t<a href=\"https:\/\/gcf.community\/wp-content\/uploads\/2023\/05\/Sao-Paulo-Report-compressed.pdf\" target=\"_self\" role=\"button\" download=\"Sao-Paulo-Report-compressed.pdf\" aria-label=\"Rapport complet (PDF)\" rel=\"noopener\">\n\t\t\t\t\t\tRapport complet (PDF)\n\t\t\t\t\t<\/a>","protected":false},"excerpt":{"rendered":"<p>Chaque famille, chaque \u00e9glise, chaque communaut\u00e9. Introduction. D\u00e9claration. Rapport. Ressources. Vitrine. Vid\u00e9os. Introduction. On observe un \u00e9lan croissant autour des besoins des familles et de la meilleure fa\u00e7on de les servir aux c\u00f4t\u00e9s des enfants. Des discussions r\u00e9centes ont pos\u00e9 le d\u00e9fi de voir un million de familles \u00e0 travers le monde embrasser ce que signifie\u2026 <a title=\"Familles en mission\" class=\"read-more\" href=\"https:\/\/gcf.community\/fr\/campaigns\/families-on-mission\/\" aria-label=\"En savoir plus sur Familles en Mission\">Lire la suite<\/a><\/p>","protected":false},"author":1,"featured_media":0,"parent":1652,"menu_order":0,"comment_status":"closed","ping_status":"closed","template":"","meta":{"_acf_changed":false,"_seopress_robots_primary_cat":"","_seopress_titles_title":"","_seopress_titles_desc":"","_seopress_robots_index":"","footnotes":"","_links_to":"","_links_to_target":""},"categories":[1],"class_list":{"0":"post-1656","1":"page","2":"type-page","3":"status-publish","5":"category-uncategorized"},"acf":[],"_links":{"self":[{"href":"https:\/\/gcf.community\/fr\/wp-json\/wp\/v2\/pages\/1656","targetHints":{"allow":["GET"]}}],"collection":[{"href":"https:\/\/gcf.community\/fr\/wp-json\/wp\/v2\/pages"}],"about":[{"href":"https:\/\/gcf.community\/fr\/wp-json\/wp\/v2\/types\/page"}],"author":[{"embeddable":true,"href":"https:\/\/gcf.community\/fr\/wp-json\/wp\/v2\/users\/1"}],"replies":[{"embeddable":true,"href":"https:\/\/gcf.community\/fr\/wp-json\/wp\/v2\/comments?post=1656"}],"version-history":[{"count":0,"href":"https:\/\/gcf.community\/fr\/wp-json\/wp\/v2\/pages\/1656\/revisions"}],"up":[{"embeddable":true,"href":"https:\/\/gcf.community\/fr\/wp-json\/wp\/v2\/pages\/1652"}],"wp:attachment":[{"href":"https:\/\/gcf.community\/fr\/wp-json\/wp\/v2\/media?parent=1656"}],"wp:term":[{"taxonomy":"category","embeddable":true,"href":"https:\/\/gcf.community\/fr\/wp-json\/wp\/v2\/categories?post=1656"}],"curies":[{"name":"wp","href":"https:\/\/api.w.org\/{rel}","templated":true}]}}