{"id":1613,"date":"2023-05-09T15:17:39","date_gmt":"2023-05-09T14:17:39","guid":{"rendered":"https:\/\/gcf.community\/?page_id=1613"},"modified":"2023-10-31T05:02:00","modified_gmt":"2023-10-31T05:02:00","slug":"payment","status":"publish","type":"page","link":"https:\/\/gcf.community\/fr\/events\/ethiopia2023\/payment\/","title":{"rendered":"Paiement"},"content":{"rendered":"<h1>\n\t\tFVC \u00c9thiopie 2023\n\t<\/h1>\n\t\t\t<button tabindex=\"0\" aria-label=\"Menu\">\n\t\t\t\t\t\t\t<\/button>\n\t<nav aria-label=\"Ethiopia\" itemscope=\"itemscope\" itemtype=\"https:\/\/schema.org\/SiteNavigationElement\">\n\t\t<ul id=\"menu-ethiopia\"><li id=\"menu-item-1790\"><a href=\"https:\/\/gcf.community\/fr\/events\/ethiopia2023\/registration\/\">Inscription<\/a><\/li><li id=\"menu-item-2277\"><a href=\"https:\/\/gcf.community\/fr\/events\/ethiopia2023\/confirmation\/\">Confirmation<\/a><\/li><li id=\"menu-item-1797\"><a href=\"https:\/\/gcf.community\/fr\/events\/ethiopia2023\/payment\/\" aria-current=\"page\">Paiement<\/a><\/li><li id=\"menu-item-2310\"><a href=\"https:\/\/gcf.community\/fr\/events\/ethiopia2023\/program\/\">Programme<\/a><\/li><li id=\"menu-item-2292\"><a href=\"https:\/\/gcf.community\/fr\/events\/ethiopia2023\/important-messages\/\">Important messages<\/a><\/li><\/ul>\n\t\t\t<\/nav>\n<h2>\n\t\tPaiement des frais de r\u00e9union du FVC \u00c9thiopie 2023\n\t<\/h2>\n\t<p><strong>Veuillez noter<\/strong>: Si vos informations de paiement sont diff\u00e9rentes de celles r\u00e9pertori\u00e9es dans le formulaire ci-dessous (par exemple, si vous \u00eates un visiteur d&#039;un jour mais que vous ne venez pas tous les jours), veuillez <a href=\"https:\/\/gcf.community\/fr\/contact\/\">Contactez-nous<\/a> s\u00e9par\u00e9ment pour effectuer votre paiement.<\/p>\n<p><strong>Veuillez noter<\/strong>:Vous devrez s\u00e9lectionner votre option de paiement, puis votre mode de paiement, pour que les boutons de paiement apparaissent.<\/p>\n<p><strong>Veuillez noter<\/strong>:Le paiement de ces r\u00e9unions est aimablement administr\u00e9 par Logosdor Inc aux \u00c9tats-Unis, et cela peut \u00eatre refl\u00e9t\u00e9 sur vos re\u00e7us \/ relev\u00e9s, etc.<\/p>\n\t<form action=\"https:\/\/gcf.community\/fr\/wp-json\/ws-form\/v1\/submit\" class=\"wsf-form wsf-form-canvas\" id=\"ws-form-1\" data-id=\"31\" method=\"POST\" data-instance-id=\"1\" data-wsf-style-id=\"1\" data-trp-original-action=\"https:\/\/gcf.community\/fr\/wp-json\/ws-form\/v1\/submit\"><input type=\"hidden\" name=\"trp-form-language\" value=\"fr\"\/><\/form>","protected":false},"excerpt":{"rendered":"<p>GCF Ethiopia 2023 Registration Confirmation Payment Program Important messages Payment for GCF Ethiopia 2023 Meetings Please note: If your payment details are different to those listed in the form below (e.g. if you are a day visitor but not attending every day) then please contact us separately to make your payment. Please note: You will &#8230; <a title=\"Paiement\" class=\"read-more\" href=\"https:\/\/gcf.community\/fr\/events\/ethiopia2023\/payment\/\" aria-label=\"En savoir plus sur Payment\">Lire la suite<\/a><\/p>","protected":false},"author":1,"featured_media":0,"parent":1574,"menu_order":0,"comment_status":"closed","ping_status":"closed","template":"","meta":{"_acf_changed":false,"_seopress_robots_primary_cat":"","_seopress_titles_title":"","_seopress_titles_desc":"","_seopress_robots_index":"","footnotes":"","_links_to":"","_links_to_target":""},"categories":[],"class_list":["post-1613","page","type-page","status-publish"],"acf":[],"_links":{"self":[{"href":"https:\/\/gcf.community\/fr\/wp-json\/wp\/v2\/pages\/1613","targetHints":{"allow":["GET"]}}],"collection":[{"href":"https:\/\/gcf.community\/fr\/wp-json\/wp\/v2\/pages"}],"about":[{"href":"https:\/\/gcf.community\/fr\/wp-json\/wp\/v2\/types\/page"}],"author":[{"embeddable":true,"href":"https:\/\/gcf.community\/fr\/wp-json\/wp\/v2\/users\/1"}],"replies":[{"embeddable":true,"href":"https:\/\/gcf.community\/fr\/wp-json\/wp\/v2\/comments?post=1613"}],"version-history":[{"count":3,"href":"https:\/\/gcf.community\/fr\/wp-json\/wp\/v2\/pages\/1613\/revisions"}],"predecessor-version":[{"id":2311,"href":"https:\/\/gcf.community\/fr\/wp-json\/wp\/v2\/pages\/1613\/revisions\/2311"}],"up":[{"embeddable":true,"href":"https:\/\/gcf.community\/fr\/wp-json\/wp\/v2\/pages\/1574"}],"wp:attachment":[{"href":"https:\/\/gcf.community\/fr\/wp-json\/wp\/v2\/media?parent=1613"}],"wp:term":[{"taxonomy":"category","embeddable":true,"href":"https:\/\/gcf.community\/fr\/wp-json\/wp\/v2\/categories?post=1613"}],"curies":[{"name":"wp","href":"https:\/\/api.w.org\/{rel}","templated":true}]}}