{"id":1588,"date":"2023-04-28T14:40:30","date_gmt":"2023-04-28T13:40:30","guid":{"rendered":"https:\/\/gcf.community\/?page_id=1588"},"modified":"2023-05-29T15:20:27","modified_gmt":"2023-05-29T14:20:27","slug":"sponsorship","status":"publish","type":"page","link":"https:\/\/gcf.community\/fr\/events\/ethiopia2023\/sponsorship\/","title":{"rendered":"Sponsorship"},"content":{"rendered":"<h1>\n\t\tFVC \u00c9thiopie 2023\n\t<\/h1>\n\t\t\t<button tabindex=\"0\" role=\"button\" aria-label=\"Menu\">\n\t\t\t\t\t\t\t<\/button>\n\t<nav aria-label=\"Ethiopia\" itemscope=\"itemscope\" itemtype=\"https:\/\/schema.org\/SiteNavigationElement\">\n\t\t<ul id=\"menu-ethiopia\"><li id=\"menu-item-1790\"><a href=\"https:\/\/gcf.community\/fr\/events\/ethiopia2023\/registration\/\" tabindex=\"0\" role=\"link\">Inscription<\/a><\/li><li id=\"menu-item-1793\"><a href=\"https:\/\/gcf.community\/fr\/events\/ethiopia2023\/sponsorship\/\" aria-current=\"page\" tabindex=\"0\" role=\"link\">Sponsorship<\/a><\/li><li id=\"menu-item-1797\"><a href=\"https:\/\/gcf.community\/fr\/events\/ethiopia2023\/payment\/\" tabindex=\"0\" role=\"link\">Paiement<\/a><\/li><\/ul>\n\t\t\t<\/nav>\n<h2>\n\t\tParrainage des r\u00e9unions du GCF \u00c9thiopie 2023\n\t<\/h2>\n\t<p>Thank you for your interest in attending the GCF meetings in Addis Ababa in November 2023. We always have a large number of people requesting financial assistance &#8211; more than we can provide for. We assess each application on its own merit and give priority to those who meet certain criteria and who are able to make various commitments.<\/p>\n<p>Le formulaire ci-dessous nous aidera \u00e0 \u00e9valuer ces demandes de parrainage, veuillez donc le lire attentivement et si vous souhaitez \u00eatre consid\u00e9r\u00e9 pour un parrainage, veuillez remplir le formulaire d\u00e8s que possible.<\/p>\n<p>Merci.<\/p>\n\t<form action=\"https:\/\/gcf.community\/fr\/wp-json\/ws-form\/v1\/submit\" class=\"wsf-form wsf-form-canvas\" id=\"ws-form-1\" data-id=\"32\" method=\"POST\" data-instance-id=\"1\" data-wsf-style-id=\"1\" data-trp-original-action=\"https:\/\/gcf.community\/fr\/wp-json\/ws-form\/v1\/submit\"><input type=\"hidden\" name=\"trp-form-language\" value=\"fr\"\/><\/form>","protected":false},"excerpt":{"rendered":"<p>GCF Ethiopia 2023 Registration Sponsorship Payment Sponsorship for GCF Ethiopia 2023 Meetings Thank you for your interest in attending the GCF meetings in Addis Ababa in November 2023. We always have a large number of people requesting financial assistance &#8211; more than we can provide for. We assess each application on its own merit and &#8230; <a title=\"Sponsorship\" class=\"read-more\" href=\"https:\/\/gcf.community\/fr\/events\/ethiopia2023\/sponsorship\/\" aria-label=\"En savoir plus sur Sponsorship\">Lire la suite<\/a><\/p>","protected":false},"author":1,"featured_media":0,"parent":1574,"menu_order":0,"comment_status":"closed","ping_status":"closed","template":"","meta":{"_acf_changed":false,"_seopress_robots_primary_cat":"","_seopress_titles_title":"","_seopress_titles_desc":"","_seopress_robots_index":"","footnotes":"","_links_to":"","_links_to_target":""},"categories":[],"class_list":["post-1588","page","type-page","status-publish"],"acf":[],"_links":{"self":[{"href":"https:\/\/gcf.community\/fr\/wp-json\/wp\/v2\/pages\/1588","targetHints":{"allow":["GET"]}}],"collection":[{"href":"https:\/\/gcf.community\/fr\/wp-json\/wp\/v2\/pages"}],"about":[{"href":"https:\/\/gcf.community\/fr\/wp-json\/wp\/v2\/types\/page"}],"author":[{"embeddable":true,"href":"https:\/\/gcf.community\/fr\/wp-json\/wp\/v2\/users\/1"}],"replies":[{"embeddable":true,"href":"https:\/\/gcf.community\/fr\/wp-json\/wp\/v2\/comments?post=1588"}],"version-history":[{"count":0,"href":"https:\/\/gcf.community\/fr\/wp-json\/wp\/v2\/pages\/1588\/revisions"}],"up":[{"embeddable":true,"href":"https:\/\/gcf.community\/fr\/wp-json\/wp\/v2\/pages\/1574"}],"wp:attachment":[{"href":"https:\/\/gcf.community\/fr\/wp-json\/wp\/v2\/media?parent=1588"}],"wp:term":[{"taxonomy":"category","embeddable":true,"href":"https:\/\/gcf.community\/fr\/wp-json\/wp\/v2\/categories?post=1588"}],"curies":[{"name":"wp","href":"https:\/\/api.w.org\/{rel}","templated":true}]}}