{"id":1576,"date":"2023-04-20T18:45:23","date_gmt":"2023-04-20T17:45:23","guid":{"rendered":"https:\/\/gcf.community\/?page_id=1576"},"modified":"2023-10-24T08:38:02","modified_gmt":"2023-10-24T07:38:02","slug":"registration","status":"publish","type":"page","link":"https:\/\/gcf.community\/fr\/events\/ethiopia2023\/registration\/","title":{"rendered":"Inscription"},"content":{"rendered":"<h1>\n\t\tFVC \u00c9thiopie 2023\n\t<\/h1>\n\t\t\t<button tabindex=\"0\" aria-label=\"Menu\">\n\t\t\t\t\t\t\t<\/button>\n\t<nav aria-label=\"Ethiopia\" itemscope=\"itemscope\" itemtype=\"https:\/\/schema.org\/SiteNavigationElement\">\n\t\t<ul id=\"menu-ethiopia\"><li id=\"menu-item-1790\"><a href=\"https:\/\/gcf.community\/fr\/events\/ethiopia2023\/registration\/\" aria-current=\"page\">Inscription<\/a><\/li><li id=\"menu-item-2277\"><a href=\"https:\/\/gcf.community\/fr\/events\/ethiopia2023\/confirmation\/\">Confirmation<\/a><\/li><li id=\"menu-item-1797\"><a href=\"https:\/\/gcf.community\/fr\/events\/ethiopia2023\/payment\/\">Paiement<\/a><\/li><li id=\"menu-item-2292\"><a href=\"https:\/\/gcf.community\/fr\/events\/ethiopia2023\/important-messages\/\">Important messages<\/a><\/li><\/ul>\n\t\t\t<\/nav>\n<h2>\n\t\tFormulaire d&#039;inscription\n\t<\/h2>\n\t<p>We are delighted to announce that the next gathering of the Global Children&#8217;s Forum will take place in Addis Ababa, Ethiopia from the evening meal on <strong>Mardi 7 novembre<\/strong> jusqu&#039;au petit-d\u00e9jeuner <strong>Dimanche 12 novembre 2023<\/strong>.<\/p>\n\t\t\t\t\t<a href=\"javascript:void(0);\" id=\"fl-accordion--label-0\" tabindex=\"0\" aria-controls=\"fl-accordion--panel-0\">Pourquoi devrais-je venir ?<\/a>\n\t\t\t\t\t\t\t\t\t\t\t<a href=\"#\" id=\"fl-accordion--icon-0\" tabindex=\"-1\" aria-controls=\"fl-accordion--panel-0\"><i>Expand<\/i><\/a>\n\t\t\t\t\t<p>Tant de choses se sont produites ces derni\u00e8res ann\u00e9es, sans que les d\u00e9placements soient possibles et, \u00e0 bien des \u00e9gards, nous nous adaptons encore aux changements. En mars dernier, notre communaut\u00e9 GCF, ainsi que les \u00e9quipes de GOPlay, family.fit et Generous Generation, se sont r\u00e9unies \u00e0 S\u00e3o Paulo, au Br\u00e9sil, autour du th\u00e8me principal \u00ab\u00a0Familles en mission\u00a0\u00bb. Plusieurs \u00e9quipes de projet ont \u00e9t\u00e9 cr\u00e9\u00e9es et les travaux se poursuivent apr\u00e8s la r\u00e9union au Br\u00e9sil. Nous sommes impatients de voir les r\u00e9sultats qui en d\u00e9couleront, alors que nous poursuivons nos efforts pour \u00e9quiper 100 millions de familles missionnaires\u00a0!<\/p>\n<p>As we meet in November in Addis, the work on Families on Mission will continue to focus on seeking God&#8217;s guidance on how to equip missional families in an African context. There has been growing momentum around the needs of families and how we can best serve them alongside children. As we look at the needs around us in our world, specifically in Africa and as we come together as Kingdom partners, could we even begin to imagine how we could see God open the way to equip 100 million missional families?<\/p>\n<p>Nous avons une vision pour les enfants du monde entier qui marchent avec J\u00e9sus. Rejoignez-nous pour quelques jours pr\u00e9cieux afin de prier, explorer, apprendre et cr\u00e9er ensemble, en nous appuyant sur les rencontres que nous avons tenues au Br\u00e9sil dans les domaines suivants\u00a0:<\/p>\n<ul>\n<li><strong>Direction<\/strong>\n<ul>\n<li>Lib\u00e9rez les jeunes leaders pour \u00eatre les pionniers de la saison \u00e0 venir<\/li>\n<li>Connecter les mentors et les mentor\u00e9s, \u00e9largissant le d\u00e9veloppement du leadership<\/li>\n<li>D\u00e9velopper des strat\u00e9gies de multiplication pour l&#039;exp\u00e9rience de leadership<\/li>\n<\/ul>\n<\/li>\n<li><strong>Projets pilotes r\u00e9gionaux de la communaut\u00e9 d&#039;apprentissage<\/strong>\n<ul>\n<li>Connecter et acc\u00e9l\u00e9rer les communaut\u00e9s d&#039;apprentissage r\u00e9gionales en Am\u00e9rique latine, en Afrique, en Asie et en Europe<\/li>\n<li>Int\u00e9grer l&#039;exp\u00e9rience de leadership comme strat\u00e9gie de multiplication de l&#039;ADN du GCF<\/li>\n<\/ul>\n<\/li>\n<li><strong>Innovation<\/strong>\n<ul>\n<li>Construire des \u00e9quipes FlashLab hybrides pour innover autour de projets cl\u00e9s (family.fit, Leadership Experience, Family, Regions, Academia)<\/li>\n<\/ul>\n<\/li>\n<\/ul>\n<p>Les r\u00e9unions d&#039;Addis rassembleront des repr\u00e9sentants d&#039;institutions th\u00e9ologiques, des responsables d&#039;\u00e9glises, des responsables de minist\u00e8res, des praticiens locaux et de jeunes leaders. Les rassemblements du GCF sont innovants, enrichissants et constituent une formidable communaut\u00e9 de fraternit\u00e9.<\/p>\n<p>If you are new to GCF please be assured that we are a welcoming community! We prioritise a warm and friendly atmosphere, ensuring that newcomers feel at ease.\u00a0If you&#8217;re joining us for the first time, we&#8217;re excited to help you navigate through our time together, support you in making new friends, and familiarise yourself with the different aspects of the groups and projects.<\/p>\n\t<p>Nos r\u00e9unions auront lieu au <a href=\"https:\/\/www.elianahotel.com\/\" target=\"_blank\" rel=\"noopener\">H\u00f4tel Grand Eliana<\/a> situ\u00e9 ici:<\/p>\n\t<iframe src=\"https:\/\/www.google.com\/maps\/embed?pb=!1m18!1m12!1m3!1d3940.3685937515565!2d38.74956814206024!3d9.030100697551262!2m3!1f0!2f0!3f0!3m2!1i1024!2i768!4f13.1!3m3!1m2!1s0x164b85f137eb0829%3A0xc367647315386be6!2sEliana%20Hotel%20%7C%20Piazza!5e0!3m2!1sen!2suk!4v1683127388262!5m2!1sen!2suk\" width=\"1020\" height=\"450\" allowfullscreen=\"\" loading=\"lazy\" referrerpolicy=\"no-referrer-when-downgrade\"><\/iframe>\n\t<p>Le <em>H\u00f4tel Grand Eliana<\/em> est situ\u00e9 \u00e0 10 km de l&#039;a\u00e9roport international d&#039;Addis-Abeba Bole (ADD).<\/p>\n\t\t\t\t\t\t\t\t\t\t\t\t\t\t\t\t\t<a href=\"https:\/\/gcf.community\/wp-content\/uploads\/2023\/05\/Deluxe-Queen-2-400x300-1.jpg\" target=\"_self\" data-caption=\"\" rel=\"noopener\">\n\t\t\t\t\t\t<figure>\n\t\t\t\t\t\t\t\t\t\t\t\t\t\t\t<img decoding=\"async\" src=\"https:\/\/gcf.community\/wp-content\/uploads\/2023\/05\/Deluxe-Queen-2-400x300-1.jpg\" alt=\"\" \/>\n\t\t\t\t\t\t\t\t\t\t\t\t\t<\/figure>\n\t\t\t\t\t\t\t\t\t\t<\/a>\n\t\t\t\t\t\t\t\t\t\t\t\t\t\t\t\t\t<a href=\"https:\/\/gcf.community\/wp-content\/uploads\/2023\/05\/Eliana-hotel-2-400x300-1.jpg\" target=\"_self\" data-caption=\"\" rel=\"noopener\">\n\t\t\t\t\t\t<figure>\n\t\t\t\t\t\t\t\t\t\t\t\t\t\t\t<img decoding=\"async\" src=\"https:\/\/gcf.community\/wp-content\/uploads\/2023\/05\/Eliana-hotel-2-400x300-1.jpg\" alt=\"\" \/>\n\t\t\t\t\t\t\t\t\t\t\t\t\t<\/figure>\n\t\t\t\t\t\t\t\t\t\t<\/a>\n\t\t\t\t\t\t\t\t\t\t\t\t\t\t\t\t\t<a href=\"https:\/\/gcf.community\/wp-content\/uploads\/2023\/05\/Eliana-hotel-4-400x300-1.jpg\" target=\"_self\" data-caption=\"\" rel=\"noopener\">\n\t\t\t\t\t\t<figure>\n\t\t\t\t\t\t\t\t\t\t\t\t\t\t\t<img decoding=\"async\" src=\"https:\/\/gcf.community\/wp-content\/uploads\/2023\/05\/Eliana-hotel-4-400x300-1.jpg\" alt=\"\" \/>\n\t\t\t\t\t\t\t\t\t\t\t\t\t<\/figure>\n\t\t\t\t\t\t\t\t\t\t<\/a>\n\t\t\t\t\t\t\t\t\t\t\t\t\t\t\t\t\t<a href=\"https:\/\/gcf.community\/wp-content\/uploads\/2023\/05\/Eliana-hotel-5-400x300-1.jpg\" target=\"_self\" data-caption=\"\" rel=\"noopener\">\n\t\t\t\t\t\t<figure>\n\t\t\t\t\t\t\t\t\t\t\t\t\t\t\t<img decoding=\"async\" src=\"https:\/\/gcf.community\/wp-content\/uploads\/2023\/05\/Eliana-hotel-5-400x300-1.jpg\" alt=\"\" \/>\n\t\t\t\t\t\t\t\t\t\t\t\t\t<\/figure>\n\t\t\t\t\t\t\t\t\t\t<\/a>\n\t\t\t\t\t\t\t\t\t\t\t\t\t\t\t\t\t<a href=\"https:\/\/gcf.community\/wp-content\/uploads\/2023\/05\/Eliana-hotel-6-400x300-1.jpg\" target=\"_self\" data-caption=\"\" rel=\"noopener\">\n\t\t\t\t\t\t<figure>\n\t\t\t\t\t\t\t\t\t\t\t\t\t\t\t<img decoding=\"async\" src=\"https:\/\/gcf.community\/wp-content\/uploads\/2023\/05\/Eliana-hotel-6-400x300-1.jpg\" alt=\"\" \/>\n\t\t\t\t\t\t\t\t\t\t\t\t\t<\/figure>\n\t\t\t\t\t\t\t\t\t\t<\/a>\n\t\t\t\t\t\t\t\t\t\t\t\t\t\t\t\t\t<a href=\"https:\/\/gcf.community\/wp-content\/uploads\/2023\/05\/Eliana-hotel-7-400x300-1.jpg\" target=\"_self\" data-caption=\"\" rel=\"noopener\">\n\t\t\t\t\t\t<figure>\n\t\t\t\t\t\t\t\t\t\t\t\t\t\t\t<img decoding=\"async\" src=\"https:\/\/gcf.community\/wp-content\/uploads\/2023\/05\/Eliana-hotel-7-400x300-1.jpg\" alt=\"\" \/>\n\t\t\t\t\t\t\t\t\t\t\t\t\t<\/figure>\n\t\t\t\t\t\t\t\t\t\t<\/a>\n\t\t\t\t\t\t\t\t\t\t\t\t\t\t\t\t\t<a href=\"https:\/\/gcf.community\/wp-content\/uploads\/2023\/05\/Eliana-hotel-8-400x300-1.jpg\" target=\"_self\" data-caption=\"\" rel=\"noopener\">\n\t\t\t\t\t\t<figure>\n\t\t\t\t\t\t\t\t\t\t\t\t\t\t\t<img decoding=\"async\" src=\"https:\/\/gcf.community\/wp-content\/uploads\/2023\/05\/Eliana-hotel-8-400x300-1.jpg\" alt=\"\" \/>\n\t\t\t\t\t\t\t\t\t\t\t\t\t<\/figure>\n\t\t\t\t\t\t\t\t\t\t<\/a>\n\t\t\t\t\t\t\t\t\t\t\t\t\t\t\t\t\t<a href=\"https:\/\/gcf.community\/wp-content\/uploads\/2023\/05\/Eliana-hotel-10-400x300-1.jpg\" target=\"_self\" data-caption=\"\" rel=\"noopener\">\n\t\t\t\t\t\t<figure>\n\t\t\t\t\t\t\t\t\t\t\t\t\t\t\t<img decoding=\"async\" src=\"https:\/\/gcf.community\/wp-content\/uploads\/2023\/05\/Eliana-hotel-10-400x300-1.jpg\" alt=\"\" \/>\n\t\t\t\t\t\t\t\t\t\t\t\t\t<\/figure>\n\t\t\t\t\t\t\t\t\t\t<\/a>\n\t\t\t\t\t\t\t\t\t\t\t\t\t\t\t\t\t<a href=\"https:\/\/gcf.community\/wp-content\/uploads\/2023\/05\/Eliana-hotel-11-400x300-1.jpg\" target=\"_self\" data-caption=\"\" rel=\"noopener\">\n\t\t\t\t\t\t<figure>\n\t\t\t\t\t\t\t\t\t\t\t\t\t\t\t<img decoding=\"async\" src=\"https:\/\/gcf.community\/wp-content\/uploads\/2023\/05\/Eliana-hotel-11-400x300-1.jpg\" alt=\"\" \/>\n\t\t\t\t\t\t\t\t\t\t\t\t\t<\/figure>\n\t\t\t\t\t\t\t\t\t\t<\/a>\n\t\t\t\t\t\t\t\t\t\t\t\t\t\t\t\t\t<a href=\"https:\/\/gcf.community\/wp-content\/uploads\/2023\/05\/Elliana-Gallery-2-400x300-1.jpg\" target=\"_self\" data-caption=\"\" rel=\"noopener\">\n\t\t\t\t\t\t<figure>\n\t\t\t\t\t\t\t\t\t\t\t\t\t\t\t<img decoding=\"async\" src=\"https:\/\/gcf.community\/wp-content\/uploads\/2023\/05\/Elliana-Gallery-2-400x300-1.jpg\" alt=\"\" \/>\n\t\t\t\t\t\t\t\t\t\t\t\t\t<\/figure>\n\t\t\t\t\t\t\t\t\t\t<\/a>\n\t\t\t\t\t\t\t\t\t\t\t\t\t\t\t\t\t<a href=\"https:\/\/gcf.community\/wp-content\/uploads\/2023\/05\/Elliana-Gallery-10-400x300-1.jpg\" target=\"_self\" data-caption=\"\" rel=\"noopener\">\n\t\t\t\t\t\t<figure>\n\t\t\t\t\t\t\t\t\t\t\t\t\t\t\t<img decoding=\"async\" src=\"https:\/\/gcf.community\/wp-content\/uploads\/2023\/05\/Elliana-Gallery-10-400x300-1.jpg\" alt=\"\" \/>\n\t\t\t\t\t\t\t\t\t\t\t\t\t<\/figure>\n\t\t\t\t\t\t\t\t\t\t<\/a>\n\t\t\t\t\t\t\t\t\t\t\t\t\t\t\t\t\t<a href=\"https:\/\/gcf.community\/wp-content\/uploads\/2023\/05\/Elliana-Gallery-15-400x300-1.jpg\" target=\"_self\" data-caption=\"\" rel=\"noopener\">\n\t\t\t\t\t\t<figure>\n\t\t\t\t\t\t\t\t\t\t\t\t\t\t\t<img decoding=\"async\" src=\"https:\/\/gcf.community\/wp-content\/uploads\/2023\/05\/Elliana-Gallery-15-400x300-1.jpg\" alt=\"\" \/>\n\t\t\t\t\t\t\t\t\t\t\t\t\t<\/figure>\n\t\t\t\t\t\t\t\t\t\t<\/a>\n\t\t\t\t\t\t<!-- pagination -->\n\t<h3>Notes importantes<\/h3>\n<hr \/>\n<ul>\n<li>Tous les prix ci-dessous sont en dollars am\u00e9ricains.<\/li>\n<li>Nos r\u00e9unions d\u00e9buteront par le d\u00eener du mardi 7 novembre. Merci d&#039;arriver \u00e0 l&#039;heure pour le d\u00e9but des r\u00e9unions.<\/li>\n<li>Nos r\u00e9unions se termineront apr\u00e8s le petit-d\u00e9jeuner le dimanche 12 novembre. Merci de pr\u00e9voir de rester jusqu&#039;\u00e0 la fin de nos r\u00e9unions et d&#039;organiser votre retour apr\u00e8s la fin des r\u00e9unions.<\/li>\n<\/ul>\n<p><strong>Pour ceux qui viennent de l\u2019ext\u00e9rieur de l\u2019\u00c9thiopie :<\/strong><\/p>\n<ul>\n<li>Vous devrez fournir une assurance voyage.<\/li>\n<li>Votre passeport doit \u00eatre valide pendant six mois apr\u00e8s votre date d\u2019entr\u00e9e.<\/li>\n<\/ul>\n\t\t\t\t\t<a href=\"javascript:void(0);\" id=\"fl-accordion--label-0\" tabindex=\"0\" aria-controls=\"fl-accordion--panel-0\">COVID-19 [feminine<\/a>\n\t\t\t\t\t\t\t\t\t\t\t<a href=\"#\" id=\"fl-accordion--icon-0\" tabindex=\"-1\" aria-controls=\"fl-accordion--panel-0\"><i>Expand<\/i><\/a>\n\t\t\t\t\t<ul>\n<li>Au moment de la r\u00e9daction du pr\u00e9sent document (mai 2023), il n&#039;est pas n\u00e9cessaire de pouvoir fournir la preuve d&#039;une vaccination contre la Covid-19 ou d&#039;un r\u00e9sultat de test n\u00e9gatif r\u00e9cent.<\/li>\n<li><strong>Cependant<\/strong>, some countries require you to show proof of vaccination when returning home. Please check with your country&#8217;s immigration department whether this will apply to you.<\/li>\n<li>Il est interdit \u00e0 toute personne sachant qu\u2019elle est infect\u00e9e par le Covid-19 d\u2019entrer en \u00c9thiopie.<\/li>\n<li>Toute personne pr\u00e9sentant des sympt\u00f4mes de la Covid-19 a le devoir de porter un masque facial de mani\u00e8re appropri\u00e9e, de se faire tester et, si elle re\u00e7oit un r\u00e9sultat positif, de s&#039;isoler jusqu&#039;\u00e0 ce qu&#039;elle soit test\u00e9e n\u00e9gative.<\/li>\n<li>Please note that guidance may change and it is your responsibility to check with your national government&#8217;s advice on travel to Ethiopia.<\/li>\n<li>Le port du masque peut \u00eatre exig\u00e9 dans certaines circonstances, conform\u00e9ment \u00e0 la r\u00e9glementation locale. Veuillez apporter votre propre masque.<\/li>\n<\/ul>\n\t\t\t\t\t<a href=\"javascript:void(0);\" id=\"fl-accordion--label-1\" tabindex=\"0\" aria-controls=\"fl-accordion--panel-1\">Transport vers\/depuis l&#039;a\u00e9roport<\/a>\n\t\t\t\t\t\t\t\t\t\t\t<a href=\"#\" id=\"fl-accordion--icon-1\" tabindex=\"-1\" aria-controls=\"fl-accordion--panel-1\"><i>Expand<\/i><\/a>\n\t\t\t\t\t<ul>\n<li>Nous assurerons le transport de l&#039;a\u00e9roport international Bole d&#039;Addis-Abeba (ADD) jusqu&#039;au lieu de l&#039;\u00e9v\u00e9nement pour toute arriv\u00e9e le mardi 7 novembre. L&#039;a\u00e9roport est \u00e0 environ 30 minutes de route du lieu de l&#039;\u00e9v\u00e9nement. Si vous arrivez en dehors de cet horaire, vous devrez peut-\u00eatre organiser votre propre transport, comme Ride, Feres, etc.<\/li>\n<li>Nous assurerons le transport aller-retour entre le lieu de l&#039;\u00e9v\u00e9nement et l&#039;a\u00e9roport international Bole d&#039;Addis-Abeba (ADD) pour tout d\u00e9part le dimanche 12 novembre. Si votre d\u00e9part a lieu en dehors de cette heure, vous devrez peut-\u00eatre organiser votre propre transport, comme Ride, Feres, etc.<\/li>\n<li>Le transport depuis l&#039;a\u00e9roport se fera par groupes d&#039;arriv\u00e9e. Vous devrez peut-\u00eatre patienter un moment \u00e0 l&#039;a\u00e9roport pendant l&#039;arriv\u00e9e des autres passagers. De m\u00eame, le transport retour se fera par groupes de d\u00e9parts.<\/li>\n<\/ul>\n<h3>\n\t\tLes inscriptions sont d\u00e9sormais closes.\n\t<\/h3>","protected":false},"excerpt":{"rendered":"<p>GCF Ethiopia 2023 Registration Confirmation Payment Important messages Registration Form We are delighted to announce that the next gathering of the Global Children&#8217;s Forum will take place in Addis Ababa, Ethiopia from the evening meal on Tuesday 7th November through to breakfast on Sunday 12th November 2023. Why should I come? Expand So much has &#8230; <a title=\"Inscription\" class=\"read-more\" href=\"https:\/\/gcf.community\/fr\/events\/ethiopia2023\/registration\/\" aria-label=\"En savoir plus sur Registration\">Lire la suite<\/a><\/p>","protected":false},"author":1,"featured_media":0,"parent":1574,"menu_order":0,"comment_status":"closed","ping_status":"closed","template":"","meta":{"_acf_changed":false,"_seopress_robots_primary_cat":"","_seopress_titles_title":"","_seopress_titles_desc":"Registrations now open! We are excited to announce the GCF \/ GoPlay \/ family.fit meetings which will take place in Farol IBMAlphaville in Brazil.","_seopress_robots_index":"","footnotes":"","_links_to":"","_links_to_target":""},"categories":[],"class_list":["post-1576","page","type-page","status-publish"],"acf":[],"_links":{"self":[{"href":"https:\/\/gcf.community\/fr\/wp-json\/wp\/v2\/pages\/1576","targetHints":{"allow":["GET"]}}],"collection":[{"href":"https:\/\/gcf.community\/fr\/wp-json\/wp\/v2\/pages"}],"about":[{"href":"https:\/\/gcf.community\/fr\/wp-json\/wp\/v2\/types\/page"}],"author":[{"embeddable":true,"href":"https:\/\/gcf.community\/fr\/wp-json\/wp\/v2\/users\/1"}],"replies":[{"embeddable":true,"href":"https:\/\/gcf.community\/fr\/wp-json\/wp\/v2\/comments?post=1576"}],"version-history":[{"count":1,"href":"https:\/\/gcf.community\/fr\/wp-json\/wp\/v2\/pages\/1576\/revisions"}],"predecessor-version":[{"id":2301,"href":"https:\/\/gcf.community\/fr\/wp-json\/wp\/v2\/pages\/1576\/revisions\/2301"}],"up":[{"embeddable":true,"href":"https:\/\/gcf.community\/fr\/wp-json\/wp\/v2\/pages\/1574"}],"wp:attachment":[{"href":"https:\/\/gcf.community\/fr\/wp-json\/wp\/v2\/media?parent=1576"}],"wp:term":[{"taxonomy":"category","embeddable":true,"href":"https:\/\/gcf.community\/fr\/wp-json\/wp\/v2\/categories?post=1576"}],"curies":[{"name":"wp","href":"https:\/\/api.w.org\/{rel}","templated":true}]}}