{"id":1045,"date":"2023-03-16T08:36:26","date_gmt":"2023-03-16T08:36:26","guid":{"rendered":"https:\/\/gcf.community\/?page_id=1045"},"modified":"2023-03-16T11:28:33","modified_gmt":"2023-03-16T11:28:33","slug":"post-it-note-tip","status":"publish","type":"page","link":"https:\/\/gcf.community\/fr\/tools\/creative-thinking-process\/post-it-note-tip\/","title":{"rendered":"Astuce post-it"},"content":{"rendered":"<h3>\n\t\tOutils\n\t<\/h3>\n<h1>\n\t\tProcessus de pens\u00e9e cr\u00e9ative\n\t<\/h1>\n\t<h4>Astuce pour les notes autocollantes<\/h4>\n<p>Parfois, nous r\u00e9fl\u00e9chirons avec des post-it. N&#039;oubliez pas d&#039;\u00e9crire votre id\u00e9e clairement et bri\u00e8vement, en y inscrivant votre nom. Par exemple\u00a0:<\/p>\n<ul>\n<li><strong>PEU SERVIABLE<\/strong>: &#8220;family money&#8221;<\/li>\n<li><strong>D&#039;ACCORD<\/strong>: &#8220;earn money together and give it away&#8221;<\/li>\n<li><strong>MIEUX<\/strong>: &#8220;think of ways to earn money as a whole family, implement it and then decide together how it can be used for others.&#8221;<\/li>\n<\/ul>","protected":false},"excerpt":{"rendered":"<p>Tools Creative Thinking Process Post-it Note Tip Sometimes we will be brainstorming with post-it notes. Remember to write your idea clearly and concisely with your name on it. For example: UNHELPFUL: &#8220;family money&#8221; OK: &#8220;earn money together and give it away&#8221; BETTER: &#8220;think of ways to earn money as a whole family, implement it and &#8230; <a title=\"Astuce post-it\" class=\"read-more\" href=\"https:\/\/gcf.community\/fr\/tools\/creative-thinking-process\/post-it-note-tip\/\" aria-label=\"En savoir plus sur Post-it note tip\">Lire la suite<\/a><\/p>","protected":false},"author":1,"featured_media":0,"parent":784,"menu_order":0,"comment_status":"closed","ping_status":"closed","template":"","meta":{"_acf_changed":false,"_seopress_robots_primary_cat":"","_seopress_titles_title":"","_seopress_titles_desc":"","_seopress_robots_index":"","footnotes":"","_links_to":"","_links_to_target":""},"categories":[],"class_list":["post-1045","page","type-page","status-publish"],"acf":[],"_links":{"self":[{"href":"https:\/\/gcf.community\/fr\/wp-json\/wp\/v2\/pages\/1045","targetHints":{"allow":["GET"]}}],"collection":[{"href":"https:\/\/gcf.community\/fr\/wp-json\/wp\/v2\/pages"}],"about":[{"href":"https:\/\/gcf.community\/fr\/wp-json\/wp\/v2\/types\/page"}],"author":[{"embeddable":true,"href":"https:\/\/gcf.community\/fr\/wp-json\/wp\/v2\/users\/1"}],"replies":[{"embeddable":true,"href":"https:\/\/gcf.community\/fr\/wp-json\/wp\/v2\/comments?post=1045"}],"version-history":[{"count":0,"href":"https:\/\/gcf.community\/fr\/wp-json\/wp\/v2\/pages\/1045\/revisions"}],"up":[{"embeddable":true,"href":"https:\/\/gcf.community\/fr\/wp-json\/wp\/v2\/pages\/784"}],"wp:attachment":[{"href":"https:\/\/gcf.community\/fr\/wp-json\/wp\/v2\/media?parent=1045"}],"wp:term":[{"taxonomy":"category","embeddable":true,"href":"https:\/\/gcf.community\/fr\/wp-json\/wp\/v2\/categories?post=1045"}],"curies":[{"name":"wp","href":"https:\/\/api.w.org\/{rel}","templated":true}]}}