{"id":1037,"date":"2023-03-16T08:35:19","date_gmt":"2023-03-16T08:35:19","guid":{"rendered":"https:\/\/gcf.community\/?page_id=1037"},"modified":"2023-03-17T08:02:55","modified_gmt":"2023-03-17T08:02:55","slug":"different-perspectives-and-ways-of-working","status":"publish","type":"page","link":"https:\/\/gcf.community\/fr\/tools\/creative-thinking-process\/different-perspectives-and-ways-of-working\/","title":{"rendered":"Diff\u00e9rentes perspectives et fa\u00e7ons de travailler"},"content":{"rendered":"<h3>\n\t\tOutils\n\t<\/h3>\n<h1>\n\t\tProcessus de pens\u00e9e cr\u00e9ative\n\t<\/h1>\n\t<h4>Diff\u00e9rentes perspectives et fa\u00e7ons de travailler<\/h4>\n<p>La composition de votre \u00e9quipe est importante. Chaque personne apporte des atouts diff\u00e9rents dans son travail. La force de l&#039;\u00e9quipe r\u00e9side dans la combinaison de ces atouts individuels. Voici un moyen de comprendre comment les diff\u00e9rents membres de l&#039;\u00e9quipe valorisent diff\u00e9rentes choses selon le mod\u00e8le DISC. Chacun est important.<\/p>\n\t\t\t\t<img loading=\"lazy\" decoding=\"async\" src=\"https:\/\/gcf.community\/wp-content\/uploads\/2023\/03\/DISC.png\" alt=\"DISC\" itemprop=\"image\" height=\"513\" width=\"600\" title=\"DISQUE\" onerror=\"this.style.display='none'\"  \/>","protected":false},"excerpt":{"rendered":"<p>Tools Creative Thinking Process Different Perspectives and ways of working The make-up of your team is important. Each person will bring different strengths in how they work. You will find strength as a team as all these individual strengths combine. Here is a way to see how different team members values different things according to &#8230; <a title=\"Diff\u00e9rentes perspectives et fa\u00e7ons de travailler\" class=\"read-more\" href=\"https:\/\/gcf.community\/fr\/tools\/creative-thinking-process\/different-perspectives-and-ways-of-working\/\" aria-label=\"En savoir plus sur Different perspectives and ways of working\">Lire la suite<\/a><\/p>","protected":false},"author":1,"featured_media":0,"parent":784,"menu_order":0,"comment_status":"closed","ping_status":"closed","template":"","meta":{"_acf_changed":false,"_seopress_robots_primary_cat":"","_seopress_titles_title":"","_seopress_titles_desc":"","_seopress_robots_index":"","footnotes":"","_links_to":"","_links_to_target":""},"categories":[],"class_list":["post-1037","page","type-page","status-publish"],"acf":[],"_links":{"self":[{"href":"https:\/\/gcf.community\/fr\/wp-json\/wp\/v2\/pages\/1037","targetHints":{"allow":["GET"]}}],"collection":[{"href":"https:\/\/gcf.community\/fr\/wp-json\/wp\/v2\/pages"}],"about":[{"href":"https:\/\/gcf.community\/fr\/wp-json\/wp\/v2\/types\/page"}],"author":[{"embeddable":true,"href":"https:\/\/gcf.community\/fr\/wp-json\/wp\/v2\/users\/1"}],"replies":[{"embeddable":true,"href":"https:\/\/gcf.community\/fr\/wp-json\/wp\/v2\/comments?post=1037"}],"version-history":[{"count":0,"href":"https:\/\/gcf.community\/fr\/wp-json\/wp\/v2\/pages\/1037\/revisions"}],"up":[{"embeddable":true,"href":"https:\/\/gcf.community\/fr\/wp-json\/wp\/v2\/pages\/784"}],"wp:attachment":[{"href":"https:\/\/gcf.community\/fr\/wp-json\/wp\/v2\/media?parent=1037"}],"wp:term":[{"taxonomy":"category","embeddable":true,"href":"https:\/\/gcf.community\/fr\/wp-json\/wp\/v2\/categories?post=1037"}],"curies":[{"name":"wp","href":"https:\/\/api.w.org\/{rel}","templated":true}]}}