{"id":1033,"date":"2023-03-16T08:34:47","date_gmt":"2023-03-16T08:34:47","guid":{"rendered":"https:\/\/gcf.community\/?page_id=1033"},"modified":"2023-03-17T07:30:58","modified_gmt":"2023-03-17T07:30:58","slug":"roles-within-a-work-team","status":"publish","type":"page","link":"https:\/\/gcf.community\/fr\/tools\/creative-thinking-process\/roles-within-a-work-team\/","title":{"rendered":"R\u00f4les au sein d&#039;une \u00e9quipe de travail"},"content":{"rendered":"<h3>\n\t\tOutils\n\t<\/h3>\n<h1>\n\t\tProcessus de pens\u00e9e cr\u00e9ative\n\t<\/h1>\n\t<h4><strong>R\u00f4les au sein d&#039;une \u00e9quipe de travail<\/strong><\/h4>\n<p>Venez \u00e0 la r\u00e9union, pr\u00eat \u00e0 partager vos id\u00e9es. Nous y parviendrons de multiples fa\u00e7ons.<\/p>\n<p>N&#039;oubliez pas d&#039;\u00eatre confiant, mais aussi humble. Certains travailleront en anglais comme deuxi\u00e8me ou troisi\u00e8me langue. Si vous \u00eates anglophone, soyez donc d&#039;abord \u00e0 l&#039;\u00e9coute. Laissez le temps aux autres d&#039;exprimer leurs id\u00e9es avant de donner votre avis.<\/p>\n<p>&nbsp;<\/p>\n<div id=\"footable_parent_1178\"\n         class=\"footable_parent ninja_table_wrapper loading_ninja_table wp_table_data_press_parent semantic_ui\">\n                <table data-ninja_table_instance=\"ninja_table_instance_0\" data-footable_id=\"1178\" data-filter-delay=\"1000\" aria-label=\"R\u00f4les au sein d&#039;une \u00e9quipe de travail\"            id=\"footable_1178\"\n           data-unique_identifier=\"ninja_table_unique_id_246932047_1178\"\n           class=\"foo-table ninja_footable foo_table_1178 ninja_table_unique_id_246932047_1178 ui table  nt_type_legacy_table selectable striped vertical_centered  footable-paging-right ninjatable_hide_header_row ninja_table_search_disabled ninja_table_pro\">\n                <colgroup>\n                            <col class=\"ninja_column_0\">\n                            <col class=\"ninja_column_1\">\n                    <\/colgroup>\n        <thead>\n<tr class=\"footable-header\">\n                                        <th scope=\"col\"  class=\"ninja_column_0 ninja_clmn_nm_title\">Titre<\/th><th scope=\"col\"  class=\"ninja_column_1 ninja_clmn_nm_role\">R\u00f4le<\/th><\/tr>\n<\/thead>\n<tbody>\n\n        <tr data-row_id=\"7\" class=\"ninja_table_row_0 nt_row_id_7\">\n            <td>Animateur<\/td><td>Clarifie la vision, le but et le public; soutient l&#039;\u00e9quipe et facilite le processus de r\u00e9daction vers l&#039;objectif final.<\/td>        <\/tr>\n            <tr data-row_id=\"8\" class=\"ninja_table_row_1 nt_row_id_8\">\n            <td>Des gens d&#039;id\u00e9es et des visionnaires<\/td><td>Contribue aux id\u00e9es \u00e0 inclure en tant que contenu.<\/td>        <\/tr>\n            <tr data-row_id=\"9\" class=\"ninja_table_row_2 nt_row_id_9\">\n            <td>Praticiens<\/td><td>(Il s&#039;agit de pasteurs, de parents, d&#039;animateurs de jeunesse, d&#039;instructeurs, de dirigeants, de fils et de filles, etc.) Propose des id\u00e9es \u00e0 inclure dans le contenu. Peut avoir plusieurs r\u00f4les, comme celui de parent et d&#039;animateur de jeunesse. <\/td>        <\/tr>\n            <tr data-row_id=\"10\" class=\"ninja_table_row_3 nt_row_id_10\">\n            <td>\u00c9crivains<\/td><td>Documentez de mani\u00e8re logique des notes d\u00e9taill\u00e9es sur les id\u00e9es cl\u00e9s partag\u00e9es par les personnes qui les ont partag\u00e9es, les visionnaires et les praticiens.<\/td>        <\/tr>\n            <tr data-row_id=\"11\" class=\"ninja_table_row_4 nt_row_id_11\">\n            <td>\u00c9diteur \/ Finisseurs<\/td><td>Travaille avec l&#039;auteur pour s&#039;assurer que le contenu est fluide et pour garantir l&#039;ach\u00e8vement de la ressource en v\u00e9rifiant les faits, la grammaire, l&#039;orthographe, la ponctuation, etc. <\/td>        <\/tr>\n    <\/tbody><!--ninja_tobody_rendering_done-->\n    <\/table>\n    \n    \n    \n<\/div>","protected":false},"excerpt":{"rendered":"<p>Tools Creative Thinking Process Roles within a Work Team Come to the gathering ready to contribute your ideas. There will be many ways we will be doing this. Remember to be confident but also have an attitude of humility. There will be people working in English as their second or third language. So, if you &#8230; <a title=\"R\u00f4les au sein d&#039;une \u00e9quipe de travail\" class=\"read-more\" href=\"https:\/\/gcf.community\/fr\/tools\/creative-thinking-process\/roles-within-a-work-team\/\" aria-label=\"En savoir plus sur Roles within a work team\">Lire la suite<\/a><\/p>","protected":false},"author":1,"featured_media":0,"parent":784,"menu_order":0,"comment_status":"closed","ping_status":"closed","template":"","meta":{"_acf_changed":false,"_seopress_robots_primary_cat":"","_seopress_titles_title":"","_seopress_titles_desc":"","_seopress_robots_index":"","footnotes":"","_links_to":"","_links_to_target":""},"categories":[],"class_list":["post-1033","page","type-page","status-publish"],"acf":[],"_links":{"self":[{"href":"https:\/\/gcf.community\/fr\/wp-json\/wp\/v2\/pages\/1033","targetHints":{"allow":["GET"]}}],"collection":[{"href":"https:\/\/gcf.community\/fr\/wp-json\/wp\/v2\/pages"}],"about":[{"href":"https:\/\/gcf.community\/fr\/wp-json\/wp\/v2\/types\/page"}],"author":[{"embeddable":true,"href":"https:\/\/gcf.community\/fr\/wp-json\/wp\/v2\/users\/1"}],"replies":[{"embeddable":true,"href":"https:\/\/gcf.community\/fr\/wp-json\/wp\/v2\/comments?post=1033"}],"version-history":[{"count":0,"href":"https:\/\/gcf.community\/fr\/wp-json\/wp\/v2\/pages\/1033\/revisions"}],"up":[{"embeddable":true,"href":"https:\/\/gcf.community\/fr\/wp-json\/wp\/v2\/pages\/784"}],"wp:attachment":[{"href":"https:\/\/gcf.community\/fr\/wp-json\/wp\/v2\/media?parent=1033"}],"wp:term":[{"taxonomy":"category","embeddable":true,"href":"https:\/\/gcf.community\/fr\/wp-json\/wp\/v2\/categories?post=1033"}],"curies":[{"name":"wp","href":"https:\/\/api.w.org\/{rel}","templated":true}]}}