{"id":812,"date":"2023-03-14T14:59:11","date_gmt":"2023-03-14T14:59:11","guid":{"rendered":"https:\/\/gcf.community\/?page_id=812"},"modified":"2023-03-16T12:25:42","modified_gmt":"2023-03-16T12:25:42","slug":"family-fit","status":"publish","type":"page","link":"https:\/\/gcf.community\/es\/related\/family-fit\/","title":{"rendered":"Familia.En forma"},"content":{"rendered":"<h3>\n\t\tRelacionado\n\t<\/h3>\n<h1>\n\t\tGo Health &amp; Fitness y family.fit\n\t<\/h1>\n\t<h4>Prioridades estrat\u00e9gicas para 2023<\/h4>\n<ol>\n<li>Construye el equipo de salud y fitness family.fit.<\/li>\n<li>Desarrollar centros para family.fit en las 12 grandes regiones en que el movimiento deportivo divide al mundo.<\/li>\n<li>Crear caminos para familias e individuos que usan family.fit y luego aprenden y crecen en otros modelos de salud y fitness para hacer disc\u00edpulos para Jes\u00fas.<\/li>\n<li>Trabajar estrat\u00e9gicamente en c\u00f3mo el equipo de salud y fitness puede servir a las familias en misi\u00f3n.<\/li>\n<\/ol>\n<h4>Familia en forma<\/h4>\n<p>El desarrollo colaborativo de family.fit comenz\u00f3 a principios de 2020. Ayuda a tu familia a mantenerse en forma y saludable, a mantenerse conectada y a crecer como persona. Es una estrategia para todas las edades, ideal para que tu familia crezca unida en la fe y la buena forma f\u00edsica. Cada sesi\u00f3n est\u00e1 disponible tanto en el sitio web como en formato PDF descargable. Disponemos de m\u00e1s de 1500 sesiones en 21 idiomas.<\/p>\n<p>T\u00fa y tu familia pueden aprovechar estas sesiones para conectar de forma divertida y hacer ejercicio regularmente en casa, apartamento o parque local. Con un poco de creatividad, todos pueden estar en forma y saludables, mantenerse conectados y crecer en car\u00e1cter y fe.<\/p>","protected":false},"excerpt":{"rendered":"<p>Prioridades estrat\u00e9gicas relacionadas con Go Health &amp; Fitness y family.fit 2023: Formar el equipo de salud y fitness de family.fit. Desarrollar centros para family.fit en las 12 grandes regiones en las que el movimiento deportivo divide al mundo. Crear v\u00edas para que las familias e individuos que usan family.fit aprendan y progresen en otros modelos de salud y fitness\u2026 <a title=\"Familia.En forma\" class=\"read-more\" href=\"https:\/\/gcf.community\/es\/related\/family-fit\/\" aria-label=\"Leer m\u00e1s sobre Family.Fit\">Leer m\u00e1s<\/a><\/p>","protected":false},"author":1,"featured_media":0,"parent":853,"menu_order":0,"comment_status":"closed","ping_status":"closed","template":"","meta":{"_acf_changed":false,"_seopress_robots_primary_cat":"","_seopress_titles_title":"","_seopress_titles_desc":"","_seopress_robots_index":"","footnotes":"","_links_to":"","_links_to_target":""},"categories":[],"class_list":["post-812","page","type-page","status-publish"],"acf":[],"_links":{"self":[{"href":"https:\/\/gcf.community\/es\/wp-json\/wp\/v2\/pages\/812","targetHints":{"allow":["GET"]}}],"collection":[{"href":"https:\/\/gcf.community\/es\/wp-json\/wp\/v2\/pages"}],"about":[{"href":"https:\/\/gcf.community\/es\/wp-json\/wp\/v2\/types\/page"}],"author":[{"embeddable":true,"href":"https:\/\/gcf.community\/es\/wp-json\/wp\/v2\/users\/1"}],"replies":[{"embeddable":true,"href":"https:\/\/gcf.community\/es\/wp-json\/wp\/v2\/comments?post=812"}],"version-history":[{"count":0,"href":"https:\/\/gcf.community\/es\/wp-json\/wp\/v2\/pages\/812\/revisions"}],"up":[{"embeddable":true,"href":"https:\/\/gcf.community\/es\/wp-json\/wp\/v2\/pages\/853"}],"wp:attachment":[{"href":"https:\/\/gcf.community\/es\/wp-json\/wp\/v2\/media?parent=812"}],"wp:term":[{"taxonomy":"category","embeddable":true,"href":"https:\/\/gcf.community\/es\/wp-json\/wp\/v2\/categories?post=812"}],"curies":[{"name":"wp","href":"https:\/\/api.w.org\/{rel}","templated":true}]}}