{"id":804,"date":"2023-03-14T14:57:09","date_gmt":"2023-03-14T14:57:09","guid":{"rendered":"https:\/\/gcf.community\/?page_id=804"},"modified":"2026-02-13T16:44:35","modified_gmt":"2026-02-13T16:44:35","slug":"about","status":"publish","type":"page","link":"https:\/\/gcf.community\/es\/about\/","title":{"rendered":"Acerca de"},"content":{"rendered":"<h1>\n\t\t\tDescripci\u00f3n general\t<\/h1>\n<h3>\n\t\t\t\u00bfQuienes somos?\t<\/h3>\n\t<p>Somos una red de socios de m\u00e1s de 100 organizaciones, grandes y peque\u00f1as, locales e internacionales, que se han unido en torno a los ni\u00f1os y el evangelio. Nos adherimos a... <a href=\"https:\/\/lausanne.org\/content\/covenant\/lausanne-covenant#cov\" target=\"_blank\" rel=\"noopener\">Pacto de Lausana<\/a> en asuntos de creencia cristiana y buscamos vivir los valores del reino de Dios en todo lo que hacemos.<\/p>\n<p>Dado que dos tercios de los 2.200 millones de ni\u00f1os del mundo no se han beneficiado de nuestros esfuerzos actuales, algo tiene que cambiar, y con urgencia. Por ello, nos animamos mutuamente a pensar b\u00edblicamente sobre el ministerio con ni\u00f1os y a explorar las mejores ideas misionales de todo el mundo. Al combinar esto con un entorno de pensamiento creativo e innovador, surgen y se comparten nuevas y maravillosas maneras de ministrar con ni\u00f1os, l\u00edderes, iglesias y familias.<\/p>\n<p>La tecnolog\u00eda permite que personas de todo el mundo colaboren continuamente en proyectos y exploren nuevas ideas. Aproximadamente cada dos a\u00f1os celebramos una reuni\u00f3n presencial global m\u00e1s grande. Entre estas reuniones, se re\u00fanen grupos m\u00e1s peque\u00f1os seg\u00fan sea necesario. Intentamos reunirnos en diferentes lugares del mundo para que pueda asistir una amplia variedad de personas.<\/p>\n<p>Todo esto se logra mediante una colaboraci\u00f3n global con un coraz\u00f3n de servicio. Nuestro deseo es que herramientas eficaces y pensamiento innovador est\u00e9n disponibles para todo el Cuerpo de Cristo. En los sitios web del FCM encontrar\u00e1 numerosos recursos y modelos de ministerio gratuitos y sin restricciones de derechos de autor. Si\u00e9ntase libre de traducirlos, usarlos, mejorarlos, ampliarlos y compartirlos.<\/p>\n<p>Sabemos que no somos la \u00fanica respuesta al desaf\u00edo global de la evangelizaci\u00f3n y el discipulado infantil. Nos consideramos como la levadura que ayuda a levar toda la masa. Aunque somos peque\u00f1os, buscamos servir de tal manera que cada iglesia y cada organizaci\u00f3n se beneficie de nuestros esfuerzos.<\/p>\n<h3>\n\t\t\tLo que valoramos\t<\/h3>\n\t<p>Unos y otros<\/p>\n\t<p>Trabajando juntos<\/p>\n\t<p>Amor y humildad<\/p>\n\t<p>Compartiendo generosamente<\/p>\n\t<p>Coraje y creatividad<\/p>\n<h3>\n\t\t\tPrioridades estrat\u00e9gicas\t<\/h3>\n\t<p>La prioridad del GCF es ayudar al pueblo de Dios a hacer disc\u00edpulos entre los ni\u00f1os y ayudarlos a experimentar la paz de Dios. Se presta especial atenci\u00f3n a esto en el contexto de las familias y los ni\u00f1os en riesgo. Creemos que el objetivo final es capacitar y animar a los ni\u00f1os para que contribuyan activamente a la misi\u00f3n de Dios y a su comunidad.<\/p>\n<ol>\n<li>Facilitar que la comunidad comparta conocimientos, herramientas y oportunidades.<\/li>\n<li>Facilitar la asociaci\u00f3n para lograr m\u00e1s juntos de lo que podemos hacer separados<\/li>\n<li>Fomentar y facilitar una liberaci\u00f3n generosa de recursos dentro de un marco de c\u00f3digo abierto<\/li>\n<li>Fortalecer la colaboraci\u00f3n, especialmente en torno a las familias misionales<\/li>\n<li>Reestructurar el liderazgo, integrando a l\u00edderes m\u00e1s j\u00f3venes<\/li>\n<li>Desarrollar pilotos regionales de comunidades de aprendizaje<\/li>\n<li>Ampliar el alcance estrat\u00e9gico de la Experiencia de Liderazgo (LE) del GCF<\/li>\n<li>Implementar FlashLab y otras herramientas de innovaci\u00f3n<\/li>\n<\/ol>","protected":false},"excerpt":{"rendered":"<p>Resumen \u00bfQui\u00e9nes somos? Somos una red de m\u00e1s de 100 organizaciones, grandes y peque\u00f1as, locales e internacionales, que se han unido en torno a la infancia y el Evangelio. Nos adherimos al Pacto de Lausana en materia de fe cristiana y buscamos vivir los valores del reino de Dios en todo lo que hacemos. Con dos tercios de\u2026 <a title=\"Acerca de\" class=\"read-more\" href=\"https:\/\/gcf.community\/es\/about\/\" aria-label=\"Leer m\u00e1s sobre Acerca de\">Leer m\u00e1s<\/a><\/p>","protected":false},"author":1,"featured_media":0,"parent":0,"menu_order":0,"comment_status":"closed","ping_status":"closed","template":"","meta":{"_acf_changed":false,"_seopress_robots_primary_cat":"","_seopress_titles_title":"","_seopress_titles_desc":"","_seopress_robots_index":"","footnotes":"","_links_to":"","_links_to_target":""},"categories":[],"class_list":["post-804","page","type-page","status-publish"],"acf":[],"_links":{"self":[{"href":"https:\/\/gcf.community\/es\/wp-json\/wp\/v2\/pages\/804","targetHints":{"allow":["GET"]}}],"collection":[{"href":"https:\/\/gcf.community\/es\/wp-json\/wp\/v2\/pages"}],"about":[{"href":"https:\/\/gcf.community\/es\/wp-json\/wp\/v2\/types\/page"}],"author":[{"embeddable":true,"href":"https:\/\/gcf.community\/es\/wp-json\/wp\/v2\/users\/1"}],"replies":[{"embeddable":true,"href":"https:\/\/gcf.community\/es\/wp-json\/wp\/v2\/comments?post=804"}],"version-history":[{"count":2,"href":"https:\/\/gcf.community\/es\/wp-json\/wp\/v2\/pages\/804\/revisions"}],"predecessor-version":[{"id":3212,"href":"https:\/\/gcf.community\/es\/wp-json\/wp\/v2\/pages\/804\/revisions\/3212"}],"wp:attachment":[{"href":"https:\/\/gcf.community\/es\/wp-json\/wp\/v2\/media?parent=804"}],"wp:term":[{"taxonomy":"category","embeddable":true,"href":"https:\/\/gcf.community\/es\/wp-json\/wp\/v2\/categories?post=804"}],"curies":[{"name":"wp","href":"https:\/\/api.w.org\/{rel}","templated":true}]}}