{"id":800,"date":"2023-03-14T14:56:26","date_gmt":"2023-03-14T14:56:26","guid":{"rendered":"https:\/\/gcf.community\/?page_id=800"},"modified":"2026-02-13T16:48:24","modified_gmt":"2026-02-13T16:48:24","slug":"thinkramp","status":"publish","type":"page","link":"https:\/\/gcf.community\/es\/resources\/thinkramp\/","title":{"rendered":"ThinkRamp"},"content":{"rendered":"<h1>\n\t\t\tThinkRamp\t<\/h1>\n\t<p>Pedirle a un equipo que piense estrat\u00e9gica, creativa y pr\u00e1cticamente a la vez ser\u00e1 dif\u00edcil. Nos atascamos f\u00e1cilmente en nuestro pensamiento. Encontramos soluciones antiguas a desaf\u00edos conocidos. ThinkRamp intenta ayudarnos a colaborar y a pensar de forma innovadora, rompiendo con nuestros patrones habituales.<\/p>\n<p>ThinkRamp es un proceso que utiliza una met\u00e1fora poderosa. Es un espacio para explorar y jugar, para ayudar a ver circunstancias familiares desde una nueva perspectiva. Es una herramienta que ayuda a los participantes a pensar con mayor profundidad y estrategia sobre cualquier objetivo o desaf\u00edo que se les presente.<\/p>\n<h4>\n\t\t\tDiagrama ThinkRamp en blanco\t<\/h4>\n<figure itemscope itemtype=\"https:\/\/schema.org\/ImageObject\">\n\t\t\t\t<a href=\"https:\/\/gcf.community\/wp-content\/uploads\/2023\/03\/thinkramp-blank-a4.jpg\"  target=\"_self\" itemprop=\"url\">\n\t\t\t\t<img decoding=\"async\" src=\"https:\/\/gcf.community\/wp-content\/uploads\/2023\/03\/thinkramp-blank-a4-1536x722.jpg\" alt=\"thinkramp blank a4\" height=\"564\" width=\"1200\" title=\"ThinkRamp en blanco A4\" onerror=\"this.style.display='none'\" loading=\"lazy\" \/>\n\t\t\t\t<\/a>\n\t<\/figure>\n\t<a href=\"https:\/\/gcf.community\/wp-content\/uploads\/2023\/03\/thinkramp-blank-a4.jpg\" target=\"_self\" role=\"button\" download=\"thinkramp-blank-a4.jpg\" aria-label=\"Descargar ThinkRamp en blanco\">\n\t\t\t\t\t\tDescargar ThinkRamp en blanco\n\t\t\t\t\t<\/a>\n\t<div id=\"footable_parent_1204\"\n         class=\"footable_parent ninja_table_wrapper loading_ninja_table wp_table_data_press_parent semantic_ui\">\n                <table data-ninja_table_instance=\"ninja_table_instance_0\" data-footable_id=\"1204\" data-filter-delay=\"1000\" aria-label=\"Componentes de ThinkRamp\"            id=\"footable_1204\"\n           data-unique_identifier=\"ninja_table_unique_id_883589319_1204\"\n           class=\"foo-table ninja_footable foo_table_1204 ninja_table_unique_id_883589319_1204 ui table  nt_type_legacy_table selectable striped vertical_centered  footable-paging-right ninjatable_hide_header_row ninja_table_pro\">\n                <colgroup>\n                            <col class=\"ninja_column_0\">\n                            <col class=\"ninja_column_1\">\n                    <\/colgroup>\n        <thead>\n<tr class=\"footable-header\">\n                                        <th scope=\"col\"  class=\"ninja_column_0 ninja_clmn_nm_object\">Objeto<\/th><th scope=\"col\"  class=\"ninja_column_1 ninja_clmn_nm_function\">Funci\u00f3n<\/th><\/tr>\n<\/thead>\n<tbody>\n\n        <tr data-row_id=\"12\" class=\"ninja_table_row_0 nt_row_id_12\">\n            <td>1. Pelota<\/td><td>\u00bfCu\u00e1l es nuestra idea b\u00e1sica? \u00bfNecesitamos una nueva idea b\u00e1sica?<\/td>        <\/tr>\n            <tr data-row_id=\"13\" class=\"ninja_table_row_1 nt_row_id_13\">\n            <td>2. Objetivo<\/td><td>\u00bfCu\u00e1l es nuestro objetivo? \u00bfQu\u00e9 tan ambicioso es? \u00bfHay varios objetivos? \u00bfEst\u00e1n alineados?<\/td>        <\/tr>\n            <tr data-row_id=\"14\" class=\"ninja_table_row_2 nt_row_id_14\">\n            <td>3. En rampa<\/td><td>\u00bfQu\u00e9 nos impulsa a lanzar ideas? \u00bfNuestra historia? \u00bfNuestras fortalezas y debilidades? \u00bfNuestras conexiones? \u00bfNuestros recursos? <\/td>        <\/tr>\n            <tr data-row_id=\"15\" class=\"ninja_table_row_3 nt_row_id_15\">\n            <td>4. Obst\u00e1culos<\/td><td>\u00bfQu\u00e9 obst\u00e1culos nos impiden alcanzar la meta? \u00bfCu\u00e1les son los m\u00e1s importantes?<\/td>        <\/tr>\n            <tr data-row_id=\"16\" class=\"ninja_table_row_4 nt_row_id_16\">\n            <td>5. Rampa de subida<\/td><td>\u00bfQu\u00e9 oportunidades existen para impulsar nuestra idea? \u00bfQu\u00e9 tendencias actuales podemos aprovechar?<\/td>        <\/tr>\n            <tr data-row_id=\"17\" class=\"ninja_table_row_5 nt_row_id_17\">\n            <td>6. Cambio de direcci\u00f3n<\/td><td>\u00bfCu\u00e1l es nuestro punto de inflexi\u00f3n? \u00bfQu\u00e9 revoluci\u00f3n de pensamiento necesitamos en este momento? \u00bfEs necesario un cambio de paradigma?<\/td>        <\/tr>\n    <\/tbody><!--ninja_tobody_rendering_done-->\n    <\/table>\n    \n    \n    \n<\/div>\n\n<h4>\n\t\t\tDiagrama ThinkRamp completo\t<\/h4>\n<figure itemscope itemtype=\"https:\/\/schema.org\/ImageObject\">\n\t\t\t\t<img decoding=\"async\" src=\"https:\/\/gcf.community\/wp-content\/uploads\/2023\/03\/ThinkRamp-full-1024x732.jpg\" alt=\"ThinkRamp full\" height=\"732\" width=\"1024\" title=\"ThinkRamp completo\" onerror=\"this.style.display='none'\" loading=\"lazy\" \/>\n\t<\/figure>\n\t<a href=\"https:\/\/gcf.community\/wp-content\/uploads\/2023\/03\/ThinkRamp-full-scaled.jpg\" target=\"_self\" role=\"button\" download=\"ThinkRamp-full-scaled.jpg\" aria-label=\"Descargar ThinkRamp completo\">\n\t\t\t\t\t\tDescargar ThinkRamp completo\n\t\t\t\t\t<\/a>","protected":false},"excerpt":{"rendered":"<p>ThinkRamp: Pedirle a un equipo que piense estrat\u00e9gica, creativa y pr\u00e1cticamente a la vez ser\u00e1 dif\u00edcil. Nos atascamos f\u00e1cilmente en nuestro pensamiento. Encontramos soluciones antiguas a desaf\u00edos familiares. ThinkRamp intenta ayudarnos a colaborar y pensar de forma innovadora, rompiendo con nuestros patrones habituales. ThinkRamp es un proceso\u2026 <a title=\"ThinkRamp\" class=\"read-more\" href=\"https:\/\/gcf.community\/es\/resources\/thinkramp\/\" aria-label=\"Leer m\u00e1s sobre ThinkRamp\">Leer m\u00e1s<\/a><\/p>","protected":false},"author":1,"featured_media":0,"parent":3157,"menu_order":0,"comment_status":"closed","ping_status":"closed","template":"","meta":{"_acf_changed":false,"_seopress_robots_primary_cat":"","_seopress_titles_title":"","_seopress_titles_desc":"","_seopress_robots_index":"","footnotes":"","_links_to":"","_links_to_target":""},"categories":[],"class_list":["post-800","page","type-page","status-publish"],"acf":[],"_links":{"self":[{"href":"https:\/\/gcf.community\/es\/wp-json\/wp\/v2\/pages\/800","targetHints":{"allow":["GET"]}}],"collection":[{"href":"https:\/\/gcf.community\/es\/wp-json\/wp\/v2\/pages"}],"about":[{"href":"https:\/\/gcf.community\/es\/wp-json\/wp\/v2\/types\/page"}],"author":[{"embeddable":true,"href":"https:\/\/gcf.community\/es\/wp-json\/wp\/v2\/users\/1"}],"replies":[{"embeddable":true,"href":"https:\/\/gcf.community\/es\/wp-json\/wp\/v2\/comments?post=800"}],"version-history":[{"count":2,"href":"https:\/\/gcf.community\/es\/wp-json\/wp\/v2\/pages\/800\/revisions"}],"predecessor-version":[{"id":3218,"href":"https:\/\/gcf.community\/es\/wp-json\/wp\/v2\/pages\/800\/revisions\/3218"}],"up":[{"embeddable":true,"href":"https:\/\/gcf.community\/es\/wp-json\/wp\/v2\/pages\/3157"}],"wp:attachment":[{"href":"https:\/\/gcf.community\/es\/wp-json\/wp\/v2\/media?parent=800"}],"wp:term":[{"taxonomy":"category","embeddable":true,"href":"https:\/\/gcf.community\/es\/wp-json\/wp\/v2\/categories?post=800"}],"curies":[{"name":"wp","href":"https:\/\/api.w.org\/{rel}","templated":true}]}}