{"id":796,"date":"2023-03-14T14:55:41","date_gmt":"2023-03-14T14:55:41","guid":{"rendered":"https:\/\/gcf.community\/?page_id=796"},"modified":"2023-03-16T12:42:18","modified_gmt":"2023-03-16T12:42:18","slug":"cewwj","status":"publish","type":"page","link":"https:\/\/gcf.community\/es\/related\/cewwj\/","title":{"rendered":"CEWWJ"},"content":{"rendered":"<h3>\n\t\tRelacionado\n\t<\/h3>\n<h1>\n\t\tNi\u00f1os de todas partes caminando con Jes\u00fas\n\t<\/h1>\n\t<h4>\u00bfC\u00f3mo podemos trabajar con Dios para ver ni\u00f1os en todas partes caminando con Jes\u00fas?<\/h4>\n<p><strong>Ni\u00f1os<\/strong>: <em>seeing them through God&#8217;s eyes<\/em><\/p>\n<ul>\n<li>Every child is uniquely made in God&#8217;s image and loved by Him. We need to know and value them as He does if we are to help them walk with Jesus<\/li>\n<li>\u00bfQu\u00e9 tan bien conozco a los ni\u00f1os que me rodean, entiendo su mundo y permito que sus voces se escuchen y se tomen en cuenta?<\/li>\n<\/ul>\n<p><strong>En todos lados<\/strong>: <em>entrando en su mundo<\/em><\/p>\n<ul>\n<li>Los entornos desfavorecidos carecen de la seguridad y el cuidado que los ni\u00f1os necesitan. El Buen Pastor anhela que los ni\u00f1os caminen entre verdes pastos y aguas tranquilas donde puedan prosperar.<\/li>\n<li>\u00bfEstamos creando entornos de seguridad y cuidado donde los ni\u00f1os puedan prosperar en medio de circunstancias dif\u00edciles?<\/li>\n<\/ul>\n<p><strong>Caminando<\/strong>: <em>creciendo en el viaje<\/em><\/p>\n<ul>\n<li>Learning to walk with Jesus can happen anywhere, at any time, with anyone &#8211; or alone, Both formal and informal learning experiences are vital to developing deep roots in God that will enable children to stand strong<\/li>\n<li>Al exploro la vida y la fe con los ni\u00f1os, \u00bfdemuestro creatividad, relevancia y confianza en que Dios les habla a trav\u00e9s de la Biblia, la oraci\u00f3n y las experiencias de vida?<\/li>\n<\/ul>\n<p><strong>Con<\/strong>: <em>prosperar a trav\u00e9s de las relaciones<\/em><\/p>\n<ul>\n<li>Dios busca una relaci\u00f3n con cada ni\u00f1o. Al acompa\u00f1arlos, los apoyamos y les ayudamos a comprender la vida y la fe.<\/li>\n<li>\u00bfVeo mis relaciones con mis hijos como posibilidades de abrirles experiencias que les cambien la vida con Dios?<\/li>\n<\/ul>\n<p><strong>Jes\u00fas<\/strong>: <em>llevar a Jes\u00fas a los dem\u00e1s<\/em><\/p>\n<ul>\n<li>As children walk with Jesus, they bring Him and his message of hope into their world. They can share Him in places and ways that adults can&#8217;t.<\/li>\n<li>\u00bfEstoy pasando por alto la contribuci\u00f3n que los ni\u00f1os pueden hacer a la Gran Comisi\u00f3n?<\/li>\n<\/ul>\n<h5>Logramos el objetivo de que los ni\u00f1os de todo el mundo caminen con Jes\u00fas a trav\u00e9s de:<\/h5>\n<p>Familias que:<\/p>\n<ol>\n<li>Celebre los dones y las experiencias \u00fanicas de cada ni\u00f1o.<\/li>\n<li>Aseg\u00farese de que la familia sea un lugar seguro donde los ni\u00f1os puedan crecer y aprender.<\/li>\n<li>Ser modelo y transmitir la fe en las circunstancias cotidianas.<\/li>\n<li>Servir a Dios juntos en la iglesia y en la comunidad.<\/li>\n<\/ol>\n<p>Iglesias que:<\/p>\n<ol>\n<li>Dar la bienvenida a los ni\u00f1os y a las familias a una comunidad segura y enriquecedora que satisfaga sus necesidades hol\u00edsticas.<\/li>\n<li>Apoyar y equipar a las familias para que sean centros de desarrollo de la fe.<\/li>\n<li>Oremos, aprendamos, sirvamos y celebremos juntos a trav\u00e9s de las generaciones.<\/li>\n<li>Cree oportunidades para que los ni\u00f1os exploren los dones que Dios les dio y camine junto a ellos mientras aprenden.<\/li>\n<\/ol>\n<p>Ni\u00f1os que:<\/p>\n<ol>\n<li>Sepan que sus dones son valores y tengan oportunidades de utilizarlos.<\/li>\n<li>Compartir su fe con otros de maneras creativas.<\/li>\n<li>Are active participants in building God&#8217;s Kingdom<\/li>\n<\/ol>\n<p>Instituciones teol\u00f3gicas y seminarios que:<\/p>\n<ol>\n<li>Influir en todos los l\u00edderes de la iglesia al incluir una teolog\u00eda s\u00f3lida del ministerio hacia los ni\u00f1os y las familias en cada disciplina acad\u00e9mica.<\/li>\n<li>Ensure that children&#8217;s ministry is a genuine academic option.<\/li>\n<li>Convertirse en centros regionales de redes, conversaci\u00f3n y recursos en el ministerio hacia los ni\u00f1os y las familias.<\/li>\n<\/ol>\n<p>Asociaciones entre organizaciones cristianas y seculares que:<\/p>\n<ol>\n<li>Meet children&#8217;s practical needs for food and shelter, health and education<\/li>\n<li>Advocate for children&#8217;s rights at all levels of community and government.<\/li>\n<li>Explore innovative approaches that address the changing, often difficult, realities for today&#8217;s children and families and ensure that these are adequately resources.<\/li>\n<li>Animar a los ni\u00f1os a contribuir al bienestar de la comunidad.<\/li>\n<\/ol>","protected":false},"excerpt":{"rendered":"<p>Related Children Everywhere Walking With Jesus How can we work with God to see children everywhere walking with Jesus? Children: seeing them through God&#8217;s eyes Every child is uniquely made in God&#8217;s image and loved by Him. We need to know and value them as He does if we are to help them walk with &#8230; <a title=\"CEWWJ\" class=\"read-more\" href=\"https:\/\/gcf.community\/es\/related\/cewwj\/\" aria-label=\"Leer m\u00e1s sobre CEWWJ\">Leer m\u00e1s<\/a><\/p>","protected":false},"author":1,"featured_media":0,"parent":853,"menu_order":0,"comment_status":"closed","ping_status":"closed","template":"","meta":{"_acf_changed":false,"_seopress_robots_primary_cat":"","_seopress_titles_title":"","_seopress_titles_desc":"","_seopress_robots_index":"","footnotes":"","_links_to":"","_links_to_target":""},"categories":[],"class_list":["post-796","page","type-page","status-publish"],"acf":[],"_links":{"self":[{"href":"https:\/\/gcf.community\/es\/wp-json\/wp\/v2\/pages\/796","targetHints":{"allow":["GET"]}}],"collection":[{"href":"https:\/\/gcf.community\/es\/wp-json\/wp\/v2\/pages"}],"about":[{"href":"https:\/\/gcf.community\/es\/wp-json\/wp\/v2\/types\/page"}],"author":[{"embeddable":true,"href":"https:\/\/gcf.community\/es\/wp-json\/wp\/v2\/users\/1"}],"replies":[{"embeddable":true,"href":"https:\/\/gcf.community\/es\/wp-json\/wp\/v2\/comments?post=796"}],"version-history":[{"count":0,"href":"https:\/\/gcf.community\/es\/wp-json\/wp\/v2\/pages\/796\/revisions"}],"up":[{"embeddable":true,"href":"https:\/\/gcf.community\/es\/wp-json\/wp\/v2\/pages\/853"}],"wp:attachment":[{"href":"https:\/\/gcf.community\/es\/wp-json\/wp\/v2\/media?parent=796"}],"wp:term":[{"taxonomy":"category","embeddable":true,"href":"https:\/\/gcf.community\/es\/wp-json\/wp\/v2\/categories?post=796"}],"curies":[{"name":"wp","href":"https:\/\/api.w.org\/{rel}","templated":true}]}}