{"id":792,"date":"2023-03-14T14:54:06","date_gmt":"2023-03-14T14:54:06","guid":{"rendered":"https:\/\/gcf.community\/?page_id=792"},"modified":"2023-03-16T12:19:08","modified_gmt":"2023-03-16T12:19:08","slug":"brokenness-to-wholeness-framework","status":"publish","type":"page","link":"https:\/\/gcf.community\/es\/about\/brokenness-to-wholeness-framework\/","title":{"rendered":"Marco de la quebrantamiento a la plenitud"},"content":{"rendered":"<h3>\n\t\tAcerca de\n\t<\/h3>\n<h1>\n\t\tMarco de la quebrantamiento a la plenitud\n\t<\/h1>\n\t\t\t\t<img loading=\"lazy\" decoding=\"async\" src=\"https:\/\/gcf.community\/wp-content\/uploads\/2023\/03\/Brokennes-to-Wholeness-2018.jpg\" alt=\"Brokennes to Wholeness 2018\" itemprop=\"image\" height=\"1084\" width=\"1200\" title=\"De la quebrantaci\u00f3n a la plenitud 2018\" onerror=\"this.style.display='none'\"  \/>\n\t<p>Este diagrama muestra el camino desde la ruptura del pecado hasta la plenitud del shalom.<\/p>\n<p>Los dos ejes representan las dos esferas de la ruptura.<\/p>\n<h4>Eje horizontal<\/h4>\n<p>El deterioro f\u00edsico, personal y social se evidencia en la pobreza, la guerra, el abuso, la enfermedad, etc. Los programas de ayuda y desarrollo pueden contribuir a que estos ni\u00f1os lleguen a un ambiente seguro y saludable donde puedan desarrollarse personalmente y contribuir a la sociedad.<\/p>\n<h4>Eje vertical<\/h4>\n<p>La separaci\u00f3n espiritual de Dios causada por el pecado y la ignorancia se sana cuando la iglesia se acerca a ellos, comparte el Evangelio y los gu\u00eda hacia una relaci\u00f3n con Dios. Como parte de la comunidad de su Cuerpo, su relaci\u00f3n con Dios se fortalece y se les permite participar activamente en su obra.<\/p>\n<p>All children are currently somewhere on this matrix &#8211; experiencing different levels of brokenness and wholeness in different areas of their lives. Our goal is to move them closer to the complete wholeness of Shalom, found in the upper right quadrant.<\/p>","protected":false},"excerpt":{"rendered":"<p>About Brokenness to Wholeness Framework This diagram shows the path from Brokenness of sin to the Wholeness of shalom. The two axes represent the two spheres of brokenness. Horizontal Axis Physical, personal, social brokenness is evidenced by poverty, war, abuse, sickness, etc. Aid and development programs can help bring these children into a safe and &#8230; <a title=\"Marco de la quebrantamiento a la plenitud\" class=\"read-more\" href=\"https:\/\/gcf.community\/es\/about\/brokenness-to-wholeness-framework\/\" aria-label=\"Leer m\u00e1s sobre Brokenness to Wholeness Framework\">Leer m\u00e1s<\/a><\/p>","protected":false},"author":1,"featured_media":0,"parent":804,"menu_order":0,"comment_status":"closed","ping_status":"closed","template":"","meta":{"_acf_changed":false,"_seopress_robots_primary_cat":"","_seopress_titles_title":"","_seopress_titles_desc":"","_seopress_robots_index":"","footnotes":"","_links_to":"","_links_to_target":""},"categories":[],"class_list":["post-792","page","type-page","status-publish"],"acf":[],"_links":{"self":[{"href":"https:\/\/gcf.community\/es\/wp-json\/wp\/v2\/pages\/792","targetHints":{"allow":["GET"]}}],"collection":[{"href":"https:\/\/gcf.community\/es\/wp-json\/wp\/v2\/pages"}],"about":[{"href":"https:\/\/gcf.community\/es\/wp-json\/wp\/v2\/types\/page"}],"author":[{"embeddable":true,"href":"https:\/\/gcf.community\/es\/wp-json\/wp\/v2\/users\/1"}],"replies":[{"embeddable":true,"href":"https:\/\/gcf.community\/es\/wp-json\/wp\/v2\/comments?post=792"}],"version-history":[{"count":0,"href":"https:\/\/gcf.community\/es\/wp-json\/wp\/v2\/pages\/792\/revisions"}],"up":[{"embeddable":true,"href":"https:\/\/gcf.community\/es\/wp-json\/wp\/v2\/pages\/804"}],"wp:attachment":[{"href":"https:\/\/gcf.community\/es\/wp-json\/wp\/v2\/media?parent=792"}],"wp:term":[{"taxonomy":"category","embeddable":true,"href":"https:\/\/gcf.community\/es\/wp-json\/wp\/v2\/categories?post=792"}],"curies":[{"name":"wp","href":"https:\/\/api.w.org\/{rel}","templated":true}]}}