{"id":788,"date":"2023-03-14T14:52:26","date_gmt":"2023-03-14T14:52:26","guid":{"rendered":"https:\/\/gcf.community\/?page_id=788"},"modified":"2023-08-30T15:39:41","modified_gmt":"2023-08-30T14:39:41","slug":"writing-process","status":"publish","type":"page","link":"https:\/\/gcf.community\/es\/resources\/flashlab\/writing-process\/","title":{"rendered":"Proceso de escritura"},"content":{"rendered":"<h1>\n\t\tProceso de escritura de FlashLab\n\t<\/h1>\n\t<p>Cada equipo de trabajo comenzar\u00e1 desde un punto de partida diferente, por lo que cada uno tendr\u00e1 distintas tareas. Algunos equipos no tienen sesiones de capacitaci\u00f3n escritas sobre su tema principal, mientras que otros s\u00ed tienen la mayor\u00eda de las sesiones de capacitaci\u00f3n escritas. Sin embargo, dado que estamos creando nuevas herramientas adem\u00e1s de las sesiones de capacitaci\u00f3n, cada equipo tendr\u00e1 muchas tareas por realizar.<\/p>\n\t\t\t\t<img loading=\"lazy\" decoding=\"async\" src=\"https:\/\/gcf.community\/wp-content\/uploads\/2023\/03\/flashlab-process.png\" alt=\"flashlab process\" itemprop=\"image\" height=\"222\" width=\"900\" title=\"proceso de flashlab\" onerror=\"this.style.display='none'\">\n\t<p>This writing process below is indicative only. Each team&#8217;s facilitator will be shaping a process that will uniquely work for their team. Your team will need to:<\/p>\n<h5>Entender toda la tarea<\/h5>\n<p>Audite y comprenda el \u00e1rea de contenido en la que trabaja su equipo. Comprenda c\u00f3mo las sesiones\/partes se integran en el panorama general.<\/p>\n<ul>\n<li>\u00bfQu\u00e9 nuevos componentes est\u00e1n fabricando? \u00bfPor qu\u00e9?<\/li>\n<li>\u00bfCu\u00e1l es el problema que est\u00e1s intentando resolver?<\/li>\n<li>Comprenda las plantillas y c\u00f3mo encaja cada pieza.<\/li>\n<\/ul>\n<h5>Haz un plan<\/h5>\n<p>Al planificar, plant\u00e9ense estas preguntas:<\/p>\n<ul>\n<li>\u00bfQu\u00e9 podemos priorizar en este per\u00edodo de FlashLab?<\/li>\n<li>\u00bfCuales son las lagunas y tareas a completar?<\/li>\n<li>\u00bfCu\u00e1les ser\u00e1n los equipos y subequipos? \u00bfY sus roles?<\/li>\n<li>\u00bfQui\u00e9n realizar\u00e1 qu\u00e9 tareas?<\/li>\n<li>\u00bfC\u00f3mo podemos continuar despu\u00e9s de este FlashLab?<\/li>\n<\/ul>\n\t\t\t\t<img loading=\"lazy\" decoding=\"async\" src=\"https:\/\/gcf.community\/wp-content\/uploads\/2023\/03\/Stretch-play-choose.png\" alt=\"Stretch play choose\" itemprop=\"image\" height=\"258\" width=\"600\" title=\"Estirar juego elegir\" onerror=\"this.style.display='none'\">\n\t<h5>Lluvia de ideas, creaci\u00f3n, redacci\u00f3n y revisi\u00f3n<\/h5>\n<p>Vea el proceso del 1 al 7 a continuaci\u00f3n.<\/p>\n\t\t\t\t<a href=\"https:\/\/gcf.community\/wp-content\/uploads\/2023\/03\/brainstorm.png\" target=\"_self\" itemprop=\"url\" rel=\"noopener\">\n\t\t\t\t<img loading=\"lazy\" decoding=\"async\" src=\"https:\/\/gcf.community\/wp-content\/uploads\/2023\/03\/brainstorm.png\" alt=\"brainstorm\" itemprop=\"image\" height=\"781\" width=\"1200\" title=\"idea genial\" onerror=\"this.style.display='none'\">\n\t\t\t\t<\/a>\n\t<h5>Celebra todo lo que Dios ha hecho<\/h5>\n<p>Let&#8217;s see what God can do in our midst as we labor together.<\/p>","protected":false},"excerpt":{"rendered":"<p>FlashLab Writing Process Every work team will be starting from a different point, so each one will have different tasks to do. Some teams have no training sessions written in their broad topic, while other teams have most training sessions written. However, as we are creating new tools other than the training sessions, there will &#8230; <a title=\"Proceso de escritura\" class=\"read-more\" href=\"https:\/\/gcf.community\/es\/resources\/flashlab\/writing-process\/\" aria-label=\"Leer m\u00e1s sobre Writing Process\">Leer m\u00e1s<\/a><\/p>","protected":false},"author":1,"featured_media":0,"parent":1917,"menu_order":0,"comment_status":"closed","ping_status":"closed","template":"","meta":{"_acf_changed":false,"_seopress_robots_primary_cat":"","_seopress_titles_title":"","_seopress_titles_desc":"","_seopress_robots_index":"","footnotes":"","_links_to":"","_links_to_target":""},"categories":[91],"class_list":{"0":"post-788","1":"page","2":"type-page","3":"status-publish","5":"category-flashlab"},"acf":[],"_links":{"self":[{"href":"https:\/\/gcf.community\/es\/wp-json\/wp\/v2\/pages\/788","targetHints":{"allow":["GET"]}}],"collection":[{"href":"https:\/\/gcf.community\/es\/wp-json\/wp\/v2\/pages"}],"about":[{"href":"https:\/\/gcf.community\/es\/wp-json\/wp\/v2\/types\/page"}],"author":[{"embeddable":true,"href":"https:\/\/gcf.community\/es\/wp-json\/wp\/v2\/users\/1"}],"replies":[{"embeddable":true,"href":"https:\/\/gcf.community\/es\/wp-json\/wp\/v2\/comments?post=788"}],"version-history":[{"count":0,"href":"https:\/\/gcf.community\/es\/wp-json\/wp\/v2\/pages\/788\/revisions"}],"up":[{"embeddable":true,"href":"https:\/\/gcf.community\/es\/wp-json\/wp\/v2\/pages\/1917"}],"wp:attachment":[{"href":"https:\/\/gcf.community\/es\/wp-json\/wp\/v2\/media?parent=788"}],"wp:term":[{"taxonomy":"category","embeddable":true,"href":"https:\/\/gcf.community\/es\/wp-json\/wp\/v2\/categories?post=788"}],"curies":[{"name":"wp","href":"https:\/\/api.w.org\/{rel}","templated":true}]}}