{"id":784,"date":"2023-03-14T14:51:40","date_gmt":"2023-03-14T14:51:40","guid":{"rendered":"https:\/\/gcf.community\/?page_id=784"},"modified":"2023-08-30T06:18:42","modified_gmt":"2023-08-30T05:18:42","slug":"creative-thinking-process","status":"publish","type":"page","link":"https:\/\/gcf.community\/es\/tools\/creative-thinking-process\/","title":{"rendered":"Proceso de pensamiento creativo"},"content":{"rendered":"<h1>\n\t\tProceso de pensamiento creativo\n\t<\/h1>\n\t<p>Asistir a una reuni\u00f3n como esta es emocionante, pero tambi\u00e9n un poco aterrador. Quiz\u00e1s te preguntes:<\/p>\n<ul>\n<li>\u00bfTendr\u00e9 algo que valga la pena aportar?<\/li>\n<li>\u00bfQu\u00e9 pasar\u00e1 en el proceso creativo?<\/li>\n<li>What if we all have different ideas that don&#8217;t match up because we are all so diverse?<\/li>\n<\/ul>\n<p>Wonderfully, this is the work of the Holy Spirit. He was our first invited guest. In fact, He planned this whole gathering. Please pray for the Spirit&#8217;s continual guidance.<\/p>\n<p>El proceso creativo es muy din\u00e1mico y flexible. Un peque\u00f1o equipo de facilitadores nos guiar\u00e1 a trav\u00e9s del proceso para explorar las familias en misi\u00f3n. Lo analizaremos desde diferentes perspectivas, por lo que te asegurar\u00e1s de aportar importantes contribuciones desde tu experiencia y contexto. Trabajar en colaboraci\u00f3n es emocionante.<\/p>\n<p>Imagina el proceso as\u00ed (quiz\u00e1s cierra los ojos y deja volar tu imaginaci\u00f3n):<\/p>\n\t\t\t\t\n\t\t\t<p>The theme of Families on Mission is like a mountain &#8211; and we want to climb it.<\/p>\n\t<p>We can all see the mountain from a distance, simple and distinct, but when we get up close there are many aspects to consider &#8211; many valleys and challenges. There are many ways to climb it. The facilitators will be taking us all on an adventure to climb and understand this mountain &#8211; sometimes all together and sometimes in smaller climbing parties focused on a different path. Then our job is to make different types of tools and strategies to enable others to climb and enjoy the mountain.<\/p>","protected":false},"excerpt":{"rendered":"<p>Creative Thinking Process Coming to a gathering like this is exciting but also a bit frightening. You may be asking yourself: Will I have anything worthwhile to contribute? What will happen in the creative process? What if we all have different ideas that don&#8217;t match up because we are all so diverse? Wonderfully, this is &#8230; <a title=\"Proceso de pensamiento creativo\" class=\"read-more\" href=\"https:\/\/gcf.community\/es\/tools\/creative-thinking-process\/\" aria-label=\"Leer m\u00e1s sobre Creative Thinking Process\">Leer m\u00e1s<\/a><\/p>","protected":false},"author":1,"featured_media":0,"parent":849,"menu_order":0,"comment_status":"closed","ping_status":"closed","template":"","meta":{"_acf_changed":false,"_seopress_robots_primary_cat":"","_seopress_titles_title":"","_seopress_titles_desc":"","_seopress_robots_index":"","footnotes":"","_links_to":"","_links_to_target":""},"categories":[],"class_list":["post-784","page","type-page","status-publish"],"acf":[],"_links":{"self":[{"href":"https:\/\/gcf.community\/es\/wp-json\/wp\/v2\/pages\/784","targetHints":{"allow":["GET"]}}],"collection":[{"href":"https:\/\/gcf.community\/es\/wp-json\/wp\/v2\/pages"}],"about":[{"href":"https:\/\/gcf.community\/es\/wp-json\/wp\/v2\/types\/page"}],"author":[{"embeddable":true,"href":"https:\/\/gcf.community\/es\/wp-json\/wp\/v2\/users\/1"}],"replies":[{"embeddable":true,"href":"https:\/\/gcf.community\/es\/wp-json\/wp\/v2\/comments?post=784"}],"version-history":[{"count":0,"href":"https:\/\/gcf.community\/es\/wp-json\/wp\/v2\/pages\/784\/revisions"}],"up":[{"embeddable":true,"href":"https:\/\/gcf.community\/es\/wp-json\/wp\/v2\/pages\/849"}],"wp:attachment":[{"href":"https:\/\/gcf.community\/es\/wp-json\/wp\/v2\/media?parent=784"}],"wp:term":[{"taxonomy":"category","embeddable":true,"href":"https:\/\/gcf.community\/es\/wp-json\/wp\/v2\/categories?post=784"}],"curies":[{"name":"wp","href":"https:\/\/api.w.org\/{rel}","templated":true}]}}