{"id":780,"date":"2023-03-14T14:51:05","date_gmt":"2023-03-14T14:51:05","guid":{"rendered":"https:\/\/gcf.community\/?page_id=780"},"modified":"2023-03-15T08:35:58","modified_gmt":"2023-03-15T08:35:58","slug":"goals-and-outcomes","status":"publish","type":"page","link":"https:\/\/gcf.community\/es\/events\/brazil2023\/goals-and-outcomes\/","title":{"rendered":"Metas y resultados"},"content":{"rendered":"<h3>\n\t\tBrasil 2023\n\t<\/h3>\n\t\t\t<button tabindex=\"0\" role=\"button\" aria-label=\"Men\u00fa\">\n\t\t\t\t\t\t\t<\/button>\n\t<nav aria-label=\"Brazil\" itemscope=\"itemscope\" itemtype=\"https:\/\/schema.org\/SiteNavigationElement\">\n\t\t<ul id=\"menu-brazil\"><li id=\"menu-item-830\"><a href=\"https:\/\/gcf.community\/es\/events\/brazil2023\/welcome\/\" tabindex=\"0\" role=\"link\">Welcome<\/a><\/li><li id=\"menu-item-832\"><a href=\"https:\/\/gcf.community\/es\/events\/brazil2023\/preparation\/\" tabindex=\"0\" role=\"link\">Preparaci\u00f3n<\/a><\/li><li id=\"menu-item-835\"><a href=\"https:\/\/gcf.community\/es\/events\/brazil2023\/travel-information\/\" tabindex=\"0\" role=\"link\">Informaci\u00f3n de viaje<\/a><\/li><li id=\"menu-item-829\"><a href=\"https:\/\/gcf.community\/es\/events\/brazil2023\/venue-information\/\" tabindex=\"0\" role=\"link\">Informaci\u00f3n del lugar<\/a><\/li><li id=\"menu-item-831\"><a href=\"https:\/\/gcf.community\/es\/events\/brazil2023\/venue-map\/\" tabindex=\"0\" role=\"link\">Mapa del lugar<\/a><\/li><li id=\"menu-item-828\"><a href=\"https:\/\/gcf.community\/es\/events\/brazil2023\/goals-and-outcomes\/\" aria-current=\"page\" tabindex=\"0\" role=\"link\">Metas y resultados<\/a><\/li><li id=\"menu-item-833\"><a href=\"https:\/\/gcf.community\/es\/events\/brazil2023\/program\/\" tabindex=\"0\" role=\"link\">Programa<\/a><\/li><li id=\"menu-item-834\"><a href=\"https:\/\/gcf.community\/es\/events\/brazil2023\/resources\/\" tabindex=\"0\" role=\"link\">Recursos<\/a><\/li><li id=\"menu-item-981\"><a href=\"https:\/\/gcf.community\/es\/events\/brazil2023\/upload\/\" tabindex=\"0\" role=\"link\">Subir<\/a><\/li><li id=\"menu-item-873\"><a href=\"https:\/\/gcf.community\/es\/events\/brazil2023\/downloads\/\" tabindex=\"0\" role=\"link\">Descargas<\/a><\/li><li id=\"menu-item-874\"><a href=\"https:\/\/gcf.community\/es\/events\/brazil2023\/bios\/\" tabindex=\"0\" role=\"link\">Bios<\/a><\/li><\/ul>\n\t\t\t<\/nav>\n<h1>\n\t\tObjetivos y resultados de la conferencia\n\t<\/h1>\n\t<p>Informaci\u00f3n sobre los posibles grupos de trabajo y los resultados iniciales esperados:<\/p>\n<p>&nbsp;<\/p>\n<div id=\"footable_parent_968\"\n         class=\"footable_parent ninja_table_wrapper loading_ninja_table wp_table_data_press_parent semantic_ui\">\n                <table data-ninja_table_instance=\"ninja_table_instance_0\" data-footable_id=\"968\" data-filter-delay=\"1000\" aria-label=\"Objetivos y resultados de Brasil\"            id=\"footable_968\"\n           data-unique_identifier=\"ninja_table_unique_id_3148550429_968\"\n           class=\"foo-table ninja_footable foo_table_968 ninja_table_unique_id_3148550429_968 ui table  nt_type_legacy_table selectable striped vertical_centered  footable-paging-right ninja_table_search_disabled ninja_table_pro\">\n                <colgroup>\n                            <col class=\"ninja_column_0\">\n                            <col class=\"ninja_column_1\">\n                            <col class=\"ninja_column_2\">\n                    <\/colgroup>\n        <thead>\n<tr class=\"footable-header\">\n                                                        <th scope=\"col\"  class=\"ninja_column_0 ninja_clmn_nm_number\"><\/th><th scope=\"col\"  class=\"ninja_column_1 ninja_clmn_nm_goals\">Objetivos<\/th><th scope=\"col\"  class=\"ninja_column_2 ninja_clmn_nm_outcomes\">Resultados<\/th><\/tr>\n<\/thead>\n<tbody>\n\n        <tr data-row_id=\"1\" class=\"ninja_table_row_0 nt_row_id_1\">\n            <td>1<\/td><td><p><strong>Colaboraci\u00f3n del Reino<\/strong><br \/>Queremos ver movimientos y agencias que se centran en los ni\u00f1os y las familias dialogando y planificando lo que podemos hacer juntos que no podemos hacer cada uno solo.<\/p><\/td><td><ul>\n<li>Confianza y claridad<\/li>\n<li>Plan estrat\u00e9gico<\/li>\n<li>Mayor alcance\/impacto<\/li>\n<\/ul><\/td>        <\/tr>\n            <tr data-row_id=\"2\" class=\"ninja_table_row_1 nt_row_id_2\">\n            <td>2<\/td><td><p><strong>Familias en Misi\u00f3n (FOM)<\/strong> <br \/>Juntos imaginaremos el impacto de millones de familias que piensan y act\u00faan con vocaci\u00f3n. Dise\u00f1aremos maneras de capacitarlas, conectarlas y motivarlas.<\/p><\/td><td><ul>\n<li>Claridad en las definiciones, desaf\u00edos y estrategias para equipar a las familias para estar en misi\u00f3n a nivel local.<\/li>\n<\/ul><\/td>        <\/tr>\n            <tr data-row_id=\"3\" class=\"ninja_table_row_2 nt_row_id_3\">\n            <td>3<\/td><td><strong>Grupos de trabajo<\/strong> <br \/>De estas discusiones surgir\u00e1n grupos de trabajo pr\u00e1cticos para desarrollar planes y proyectos pr\u00e1cticos.<\/td><td><ul>\n<li>Un plan para que cada equipo de trabajo contin\u00fae el proceso despu\u00e9s del foro presencial.<\/li>\n<li>Cada equipo aporta contenido a una gu\u00eda FOM.<\/li>\n<\/ul><\/td>        <\/tr>\n            <tr data-row_id=\"4\" class=\"ninja_table_row_3 nt_row_id_4\">\n            <td>4<\/td><td><strong>Reuniones del movimiento<\/strong> <br \/>Cada uno de los movimientos representativos tendr\u00e1 su propia agenda, equipos y s\u00edntesis de FOM para trabajar. A continuaci\u00f3n se incluyen las notas de la agenda de cada movimiento. (GCF, GOPlay, GO Health &amp; Fitness, Generosity)<\/td><td><ul>\n<li>Se aclararon, delimitaron el alcance y avanzaron los puntos de la agenda de cada movimiento.<\/li>\n<\/ul><\/td>        <\/tr>\n            <tr data-row_id=\"5\" class=\"ninja_table_row_4 nt_row_id_5\">\n            <td>5<\/td><td><strong>Formas y etapas familiares<\/strong> <br \/>A trav\u00e9s de la conferencia nos reuniremos con otras personas en una etapa similar de la vida para luchar con las amenazas y oportunidades de esta etapa en relaci\u00f3n con la FOM.<\/td><td><ul>\n<li>Cada equipo aporta contenido a una gu\u00eda FOM.<\/li>\n<\/ul><\/td>        <\/tr>\n            <tr data-row_id=\"6\" class=\"ninja_table_row_5 nt_row_id_6\">\n            <td>6<\/td><td><p><strong>Comparte historias<\/strong> <br \/>Juntos compartiremos historias de familias en misi\u00f3n y nos inspiraremos.<\/p>\n<p><strong>Orar<\/strong> <br \/>Oremos por las familias de todo el mundo y oremos unos por otros en nuestros desaf\u00edos.<\/p><\/td><td><ul>\n<li>Confianza, alegr\u00eda y celebraci\u00f3n.<\/li>\n<li>Un banco de relatos como ejemplos de familias en misi\u00f3n (audiovisual y escrito).<\/li>\n<\/ul><\/td>        <\/tr>\n    <\/tbody><!--ninja_tobody_rendering_done-->\n    <\/table>\n    \n    \n    \n<\/div>","protected":false},"excerpt":{"rendered":"<p>Brazil 2023 Welcome Preparation Travel Information Venue Information Venue Map Goals and Outcomes Program Resources Upload Downloads Bios Conference Goals and Outcomes Information on the possible working groups and initial hoped-for outcomes: &nbsp;<\/p>","protected":false},"author":1,"featured_media":0,"parent":919,"menu_order":0,"comment_status":"closed","ping_status":"closed","template":"","meta":{"_acf_changed":false,"_seopress_robots_primary_cat":"","_seopress_titles_title":"","_seopress_titles_desc":"","_seopress_robots_index":"","footnotes":"","_links_to":"","_links_to_target":""},"categories":[],"class_list":["post-780","page","type-page","status-publish"],"acf":[],"_links":{"self":[{"href":"https:\/\/gcf.community\/es\/wp-json\/wp\/v2\/pages\/780","targetHints":{"allow":["GET"]}}],"collection":[{"href":"https:\/\/gcf.community\/es\/wp-json\/wp\/v2\/pages"}],"about":[{"href":"https:\/\/gcf.community\/es\/wp-json\/wp\/v2\/types\/page"}],"author":[{"embeddable":true,"href":"https:\/\/gcf.community\/es\/wp-json\/wp\/v2\/users\/1"}],"replies":[{"embeddable":true,"href":"https:\/\/gcf.community\/es\/wp-json\/wp\/v2\/comments?post=780"}],"version-history":[{"count":0,"href":"https:\/\/gcf.community\/es\/wp-json\/wp\/v2\/pages\/780\/revisions"}],"up":[{"embeddable":true,"href":"https:\/\/gcf.community\/es\/wp-json\/wp\/v2\/pages\/919"}],"wp:attachment":[{"href":"https:\/\/gcf.community\/es\/wp-json\/wp\/v2\/media?parent=780"}],"wp:term":[{"taxonomy":"category","embeddable":true,"href":"https:\/\/gcf.community\/es\/wp-json\/wp\/v2\/categories?post=780"}],"curies":[{"name":"wp","href":"https:\/\/api.w.org\/{rel}","templated":true}]}}