{"id":78,"date":"2021-03-12T11:50:35","date_gmt":"2021-03-12T11:50:35","guid":{"rendered":"https:\/\/gcf.community\/?page_id=78"},"modified":"2025-02-13T10:43:58","modified_gmt":"2025-02-13T10:43:58","slug":"home","status":"publish","type":"page","link":"https:\/\/gcf.community\/es\/","title":{"rendered":"Hogar"},"content":{"rendered":"<h1>\n\t\t\u00a1Bienvenido a la comunidad GCF!\n\t<\/h1>\n<h3>\n\t\t\u00a1Estamos encantados de que est\u00e9s aqu\u00ed!\n\t<\/h3>\n\t<p>Somos una comunidad global pionera de colaboradores que se esfuerza por ser m\u00e1s eficaces para llegar a los ni\u00f1os del mundo con el Evangelio de Jes\u00fas, haciendo juntos lo que no podemos hacer solos. El Foro Mundial de la Infancia (FMI) incluye a m\u00e1s de 100 organizaciones, grandes y peque\u00f1as, locales e internacionales, y comenz\u00f3 en 2008 para abordar estas preguntas fundamentales:<\/p>\n        <p>\u00bfC\u00f3mo podemos ser m\u00e1s eficaces juntos para alcanzar a los ni\u00f1os con la buena noticia de Jes\u00fas?<\/p>    \n        <p>\u00bfQu\u00e9 podemos hacer juntos que no podemos hacer solos?<\/p>    \n\t<p>La visi\u00f3n que nos une y nos impulsa es simple: ver a los ni\u00f1os de todas partes caminando con Jes\u00fas. Profundizar un poco m\u00e1s nos desaf\u00eda a verlos con los ojos de Dios, adentrarnos en su mundo, verlos crecer en su camino, prosperar a trav\u00e9s de las relaciones y llevar a Jes\u00fas a los dem\u00e1s.<\/p>\n<p>Mire el video a continuaci\u00f3n para ver un momento destacado de 60 segundos de nuestro reciente tiempo juntos en Brasil.<\/p>\n\t<iframe allowfullscreen allow=\"autoplay\" data-src=\"https:\/\/www.youtube.com\/embed\/jgoYYMbg5ic?feature=oembed&amp;start&amp;end&amp;wmode=opaque&amp;loop=0&amp;controls=1&amp;mute=0&amp;rel=0&amp;modestbranding=0\"><\/iframe>\t\t\n\t\t\t\t\tReproducir v\u00eddeo\n\t<a href=\"https:\/\/padlet.com\/valbygill\/gcf-updates-8f83jlwcigolbvj9\" target=\"_blank\" role=\"button\" rel=\"noopener\" aria-label=\"Haga clic aqu\u00ed para ver nuestras actualizaciones recientes\">\n\t\t\t\t\t\tHaga clic aqu\u00ed para ver nuestras actualizaciones recientes\n\t\t\t\t\t<\/a>\n<h2>\n\t\t\u00bfQuieres saber m\u00e1s?\n\t<\/h2>\n\t<p>Si desea ponerse en contacto con nosotros o tiene alguna pregunta, cont\u00e1ctenos. <a href=\"https:\/\/gcf.community\/es\/contact\/\">aqu\u00ed<\/a>.<\/p>\n<p>Si desea recibir actualizaciones sobre noticias y eventos, complete el formulario a continuaci\u00f3n.<\/p>\n\t<form action=\"https:\/\/gcf.community\/es\/wp-json\/ws-form\/v1\/submit\" class=\"wsf-form wsf-form-canvas\" id=\"ws-form-1\" data-id=\"28\" method=\"POST\" data-instance-id=\"1\" data-wsf-style-id=\"1\" data-trp-original-action=\"https:\/\/gcf.community\/es\/wp-json\/ws-form\/v1\/submit\"><input type=\"hidden\" name=\"trp-form-language\" value=\"es\"\/><\/form>","protected":false},"excerpt":{"rendered":"<p>\u00a1Bienvenidos a la Comunidad del FGC! \u00a1Nos alegra mucho tenerlos aqu\u00ed! Somos una comunidad global pionera en la colaboraci\u00f3n, que se esfuerza por ser m\u00e1s eficaces para llegar a los ni\u00f1os del mundo con el Evangelio de Jes\u00fas, haciendo juntos lo que no podemos hacer solos. El Foro Mundial de la Infancia (FGC) incluye a m\u00e1s de 100 organizaciones, grandes y peque\u00f1as,... <a title=\"Hogar\" class=\"read-more\" href=\"https:\/\/gcf.community\/es\/\" aria-label=\"Leer m\u00e1s sobre Inicio\">Leer m\u00e1s<\/a><\/p>","protected":false},"author":1,"featured_media":0,"parent":0,"menu_order":0,"comment_status":"closed","ping_status":"closed","template":"","meta":{"_acf_changed":false,"_seopress_robots_primary_cat":"","_seopress_titles_title":"","_seopress_titles_desc":"","_seopress_robots_index":"","footnotes":"","_links_to":"","_links_to_target":""},"categories":[],"class_list":["post-78","page","type-page","status-publish"],"acf":[],"_links":{"self":[{"href":"https:\/\/gcf.community\/es\/wp-json\/wp\/v2\/pages\/78","targetHints":{"allow":["GET"]}}],"collection":[{"href":"https:\/\/gcf.community\/es\/wp-json\/wp\/v2\/pages"}],"about":[{"href":"https:\/\/gcf.community\/es\/wp-json\/wp\/v2\/types\/page"}],"author":[{"embeddable":true,"href":"https:\/\/gcf.community\/es\/wp-json\/wp\/v2\/users\/1"}],"replies":[{"embeddable":true,"href":"https:\/\/gcf.community\/es\/wp-json\/wp\/v2\/comments?post=78"}],"version-history":[{"count":5,"href":"https:\/\/gcf.community\/es\/wp-json\/wp\/v2\/pages\/78\/revisions"}],"predecessor-version":[{"id":3125,"href":"https:\/\/gcf.community\/es\/wp-json\/wp\/v2\/pages\/78\/revisions\/3125"}],"wp:attachment":[{"href":"https:\/\/gcf.community\/es\/wp-json\/wp\/v2\/media?parent=78"}],"wp:term":[{"taxonomy":"category","embeddable":true,"href":"https:\/\/gcf.community\/es\/wp-json\/wp\/v2\/categories?post=78"}],"curies":[{"name":"wp","href":"https:\/\/api.w.org\/{rel}","templated":true}]}}