{"id":717,"date":"2023-02-23T07:22:21","date_gmt":"2023-02-23T07:22:21","guid":{"rendered":"https:\/\/gcf.community\/?page_id=717"},"modified":"2023-03-17T05:45:30","modified_gmt":"2023-03-17T05:45:30","slug":"travel-information","status":"publish","type":"page","link":"https:\/\/gcf.community\/es\/events\/brazil2023\/travel-information\/","title":{"rendered":"Informaci\u00f3n de viaje"},"content":{"rendered":"<h3>\n\t\tBrasil 2023\n\t<\/h3>\n<h1>\n\t\tInformaci\u00f3n de viaje\n\t<\/h1>\n\t<p>La siguiente informaci\u00f3n puede resultarle \u00fatil.<\/p>\n<p>Si desea descargar esta informaci\u00f3n en formato PDF puede hacerlo haciendo clic en el bot\u00f3n siguiente.<\/p>\n\t<a href=\"https:\/\/gcf.community\/wp-content\/uploads\/2023\/02\/Brazil-2023-Meetings-INFORMATION.pdf\" target=\"_self\" role=\"button\" download=\"Brazil-2023-Meetings-INFORMATION.pdf\" aria-label=\"Descargar PDF\" rel=\"noopener\">\n\t\t\t\t\t\tDescargar PDF\n\t\t\t\t\t<\/a>\n\t\t\t\tInformaci\u00f3n del contacto\n\t\t\t\t<p>La direcci\u00f3n del lugar es:<\/p>\n<p>Farol IBMAlphaville, Camino Concordia Salus 3100\/3500, Jacare\u00ed, SP 12334-080<\/p>\n<p>El enlace de Waze para obtener indicaciones es: <a href=\"https:\/\/waze.com\/ul\/h6gz78gccg\" target=\"_blank\" rel=\"noopener\">https:\/\/waze.com\/ul\/h6gz78gccg<\/a><\/p>\n<p>Tel\u00e9fono: <a href=\"tel:+5511947276718\">+55 11 94727-6718<\/a><\/p>\n\t\t\t\tEn caso de llegada\n\t\t\t\t<p><strong>Val<\/strong><br \/>Tel\u00e9fono: <a href=\"tel:+5511981120201\">+55 11 98112-0201<\/a> <br \/>Correo electr\u00f3nico: <a href=\"mailto:valbygill@gmail.com\">valbygill@gmail.com<\/a><\/p>\n<p><strong>Jaime<br \/><\/strong>Tel\u00e9fono: <a href=\"tel:+447506789420\">+44 7506 789420<\/a> <br \/>Correo electr\u00f3nico: <a href=\"mailto:james@perfectlydigital.net\">james@perfectlydigital.net<\/a><\/p>\n<p><strong>Pedro<br \/><\/strong>Tel\u00e9fono: <a href=\"tel:+351916686956\">+351 916 686 956<\/a> <br \/>Correo electr\u00f3nico: <a href=\"mailto:pedritomateus@gmail.com\">pedritomateus@gmail.com<\/a><\/p>\n\t\t\t\tTransporte desde el aeropuerto\n\t\t\t\t<p>Se ofrecen traslados desde el aeropuerto y viceversa. No es necesario que reserve su propio traslado. Nos encargaremos de los detalles y le informaremos cuando se acerque la fecha. Esto incluir\u00e1 d\u00f3nde encontrar al servicio de traslado y a cualquier otra persona que lo acompa\u00f1e al lugar.<\/p>\n\t\t\t\tClima en S\u00e3o Paulo\n\t\t\t\t<p>La temperatura promedio en S\u00e3o Paulo en marzo es de 20-28 \u00b0C. Es el final de la temporada de lluvias. Por ello, recomendamos encarecidamente llevar repelente de mosquitos. \u00a0<\/p>\n<p>The venue is located in the outskirts of the city (about an hour&#8217;s drive from S\u00e3o Paulo airport) in a wooded area.<\/p>\n\t\t\t\tQu\u00e9 ponerse\n\t\t\t\t<p>Nuestras reuniones se realizar\u00e1n con vestimenta informal. Se aceptan shorts, jeans, pantalones, camisetas y vestidos, cualquier prenda que sea c\u00f3moda. No se necesitan trajes, corbatas ni ropa formal.\u00a0<\/p>\n\t\t\t\tTiempo\n\t\t\t\t<p>The time in S\u00e3o Paulo is GMT &#8211; 3.<\/p>\n\t\t\t\tElectr\u00f3nica\n\t\t\t\t<p><img loading=\"lazy\" decoding=\"async\" src=\"https:\/\/gcf.community\/wp-content\/uploads\/2023\/02\/socket.png\" alt=\"\" width=\"193\" height=\"193\" \/>El voltaje en S\u00e3o Paulo es de 220 V, pero el enchufe es diferente. Los enchufes del local requieren tres clavijas, como se muestra en la imagen. Se llaman tipo N. Necesitar\u00e1 un adaptador.<\/p>\n\t\t\t\tIdioma\n\t\t\t\t<p>El ingl\u00e9s no es un idioma muy hablado. Si quieres impresionar a algunos lugare\u00f1os, aprende algunas palabras y expresiones portuguesas, como: \u00a0<\/p>\n<ul>\n<li>Bom dia (buenos d\u00edas)<\/li>\n<li>Buenas noches<\/li>\n<li>Obrigada (thank you &#8211; if you are female)<\/li>\n<li>Obrigado (thank you &#8211; if you are male)<\/li>\n<li>Legal (genial)<\/li>\n<\/ul>\n\t\t\t\tEfectivo\/tarjetas\n\t\t\t\t<p>La mayor\u00eda de los lugares aceptan tarjetas de cr\u00e9dito y d\u00e9bito (Visa y Mastercard). American Express no es tan aceptada. Si desea convertir a moneda local (REAL), puede retirar fondos en cajeros autom\u00e1ticos o en Cambio. Para cambiar fondos a d\u00f3lares, se le cobrar\u00e1n comisiones por la conversi\u00f3n a moneda local y una segunda comisi\u00f3n por la conversi\u00f3n a d\u00f3lares. Si ha acordado pagar una parte de sus gastos en efectivo, le recomendamos que realice el cambio a d\u00f3lares en su pa\u00eds. \u00a0<\/p>\n\t\t\t\tM\u00e9dico\n\t\t\t\t<p>Si tiene alguna condici\u00f3n m\u00e9dica preexistente, le rogamos que nos lo notifique, especialmente si tiene alergias alimentarias o ambientales. Disponemos de primeros auxilios en las instalaciones, pero cualquier problema de salud importante requerir\u00e1 una visita a un m\u00e9dico local. Aseg\u00farese de tener una copia impresa de los datos de contacto y el n\u00famero de p\u00f3liza de su seguro.<\/p>\n<p>Si toma medicamentos, debe llevar una copia de sus recetas. Tambi\u00e9n es recomendable llevar un suministro de sus medicamentos tanto en su equipaje de mano como en el facturado, por si alguno se pierde.<\/p>\n\t\t\t\tServicios del hotel\n\t\t\t\t<p>El establecimiento ofrece jab\u00f3n l\u00edquido, champ\u00fa, acondicionador y loci\u00f3n. Tambi\u00e9n hay tres secadores de pelo que se pueden pedir prestados y devolver en recepci\u00f3n despu\u00e9s de su uso. Tenga en cuenta que el papel higi\u00e9nico debe tirarse a la papelera, no al inodoro.<\/p>\n\t\t\t\tInternet\n\t\t\t\t<p>Habr\u00e1 internet en todo el recinto donde nos alojaremos y nos reuniremos. Tenga en cuenta que podr\u00eda ser m\u00e1s lento durante el tiempo libre, cuando la gente intenta conectarse.<\/p>\n\t\t\t\tSaludos culturales\n\t\t\t\t<p>Como probablemente sepas, los brasile\u00f1os son muy emp\u00e1ticos y les encanta el contacto personal cuando conectan contigo. Muchos querr\u00e1n abrazarte al saludarte, especialmente aquellos con quienes empiezas a conectar m\u00e1s de una o dos veces. Han sido m\u00e1s sensibles desde la COVID-19, pero encontrar\u00e1s algunos que a\u00fan querr\u00e1n saludarte con abrazos cada vez que se reencuentren contigo. Si prefieres mantener la distancia, aseg\u00farate de extender la mano para un apret\u00f3n de manos o usar mascarilla. Esto indicar\u00e1 que est\u00e1s siendo m\u00e1s cauteloso y prefieres evitar los toques cari\u00f1osos.\u00a0<\/p>\n\t\t\t\tCuando est\u00e9 fuera del recinto\n\t\t\t\t<p><strong>Haz copias de tus documentos<br \/><\/strong>En Brasil es obligatorio llevar un documento de identidad, y aunque nunca se le pida, en las raras ocasiones en que lo haga, se espera que lo tenga. En lugar de llevar consigo su pasaporte, licencia de conducir o cualquier otro documento de identidad, simplemente lleve fotocopias claras y limpias de su documento de identidad, asegur\u00e1ndose de que sea un documento de identidad con foto.<\/p>\n<p><strong>Monederos \/ bolsos<br \/><\/strong>A bag that crosses over your body is the best kind. Avoid carrying around larger, expensive handbags or bags with an open pocket which is easy for pick-pocketing. Don&#8217;t leave your bag unattended.<\/p>\n<p>Evite colgar sus bolsos en el respaldo de las sillas, ya que es f\u00e1cil que alguien los agarre y huya r\u00e1pidamente. Mantenga sus pertenencias cerca de su cuerpo o en la silla de al lado.<\/p>\n<p><strong>tel\u00e9fonos celulares<br \/><\/strong>Evite tener su celular a la vista al caminar al aire libre. No lo guarde en el bolsillo trasero ni en un bolsillo lateral de su bolso, donde sea f\u00e1cil de agarrar.<\/p>\n<p><strong>cruce de calle<br \/><\/strong>Double check EVEN if there is green man telling you are allowed to cross. It&#8217;s common for cars to start speeding up from far away when the light has turned yellow and go through as it turns red.<\/p>","protected":false},"excerpt":{"rendered":"<p>Brazil 2023 Travel Information You may find the following information useful. If you wish to download this information as a PDF you can do that by clicking on the button below. Download PDF Contact information The address of the venue is: Farol IBMAlphaville, Caminho Concordia Salus 3100\/3500, Jacare\u00ed, SP 12334-080 The Waze link for directions &#8230; <a title=\"Informaci\u00f3n de viaje\" class=\"read-more\" href=\"https:\/\/gcf.community\/es\/events\/brazil2023\/travel-information\/\" aria-label=\"Leer m\u00e1s sobre Travel Information\">Leer m\u00e1s<\/a><\/p>","protected":false},"author":1,"featured_media":0,"parent":919,"menu_order":0,"comment_status":"closed","ping_status":"closed","template":"","meta":{"_acf_changed":false,"_seopress_robots_primary_cat":"","_seopress_titles_title":"","_seopress_titles_desc":"","_seopress_robots_index":"","footnotes":"","_links_to":"","_links_to_target":""},"categories":[],"class_list":["post-717","page","type-page","status-publish"],"acf":[],"_links":{"self":[{"href":"https:\/\/gcf.community\/es\/wp-json\/wp\/v2\/pages\/717","targetHints":{"allow":["GET"]}}],"collection":[{"href":"https:\/\/gcf.community\/es\/wp-json\/wp\/v2\/pages"}],"about":[{"href":"https:\/\/gcf.community\/es\/wp-json\/wp\/v2\/types\/page"}],"author":[{"embeddable":true,"href":"https:\/\/gcf.community\/es\/wp-json\/wp\/v2\/users\/1"}],"replies":[{"embeddable":true,"href":"https:\/\/gcf.community\/es\/wp-json\/wp\/v2\/comments?post=717"}],"version-history":[{"count":0,"href":"https:\/\/gcf.community\/es\/wp-json\/wp\/v2\/pages\/717\/revisions"}],"up":[{"embeddable":true,"href":"https:\/\/gcf.community\/es\/wp-json\/wp\/v2\/pages\/919"}],"wp:attachment":[{"href":"https:\/\/gcf.community\/es\/wp-json\/wp\/v2\/media?parent=717"}],"wp:term":[{"taxonomy":"category","embeddable":true,"href":"https:\/\/gcf.community\/es\/wp-json\/wp\/v2\/categories?post=717"}],"curies":[{"name":"wp","href":"https:\/\/api.w.org\/{rel}","templated":true}]}}