{"id":683,"date":"2023-01-30T15:29:00","date_gmt":"2023-01-30T15:29:00","guid":{"rendered":"https:\/\/gcf.community\/?page_id=683"},"modified":"2023-03-14T17:07:32","modified_gmt":"2023-03-14T17:07:32","slug":"zoom","status":"publish","type":"page","link":"https:\/\/gcf.community\/es\/events\/brazil2023\/zoom\/","title":{"rendered":"Zoom"},"content":{"rendered":"<h1>\n\t\tReuni\u00f3n de Zoom previa al foro \n\t<\/h1>\n\t<p>Si asiste a las reuniones de marzo en Brasil, reg\u00edstrese a continuaci\u00f3n para una importante reuni\u00f3n en l\u00ednea por Zoom el jueves 23 de febrero. Hay dos opciones, as\u00ed que elija la que mejor se adapte a su zona horaria.<\/p>\n<h2>\n\t\tOpci\u00f3n 1\n\t<\/h2>\n<h3>\n\t\t23 de febrero\n\t<\/h3>\n<h3>\n\t\t10.00 a. m. (UTC)\n\t<\/h3>\n\t\n<h3>\n\t\tHorarios locales\n\t<\/h3>\n\t\t<h2>\n\t\t\tNueva York\n\t\t\t\t\t\t\t<img decoding=\"async\" src=\"https:\/\/gcf.community\/wp-content\/uploads\/2021\/03\/united-states-of-america-150x150.png\" alt=\"New York Thursday\" \/>\n\t\t\t\t\t\tJueves\n\t\t<\/h2>\n\t\t\t<p>5.00 a. m.<\/p>\t\t\n\t\t<h2>\n\t\t\tS\u00e3o Paulo\n\t\t\t\t\t\t\t<img decoding=\"async\" src=\"https:\/\/gcf.community\/wp-content\/uploads\/2021\/03\/brazil-150x150.png\" alt=\"S\u00e3o Paulo Thursday\" \/>\n\t\t\t\t\t\tJueves\n\t\t<\/h2>\n\t\t\t<p>7.00 a. m.<\/p>\t\t\n\t\t<h2>\n\t\t\tLondres\n\t\t\t\t\t\t\t<img decoding=\"async\" src=\"https:\/\/gcf.community\/wp-content\/uploads\/2021\/03\/united-kingdom-150x150.png\" alt=\"London Thursday\" \/>\n\t\t\t\t\t\tJueves\n\t\t<\/h2>\n\t\t\t<p>10.00 horas<\/p>\t\t\n\t\t<h2>\n\t\t\tNairobi\n\t\t\t\t\t\t\t<img decoding=\"async\" src=\"https:\/\/gcf.community\/wp-content\/uploads\/2021\/05\/kenya-150x150.png\" alt=\"Nairobi Thursday\" \/>\n\t\t\t\t\t\tJueves\n\t\t<\/h2>\n\t\t\t<p>13.00 horas<\/p>\t\t\n\t\t<h2>\n\t\t\tManila\n\t\t\t\t\t\t\t<img decoding=\"async\" src=\"https:\/\/gcf.community\/wp-content\/uploads\/2021\/03\/philippines-150x150.png\" alt=\"Manilla Thursday\" \/>\n\t\t\t\t\t\tJueves\n\t\t<\/h2>\n\t\t\t<p>6:00 p. m.<\/p>\t\t\n\t\t<h2>\n\t\t\tS\u00eddney\n\t\t\t\t\t\t\t<img decoding=\"async\" src=\"https:\/\/gcf.community\/wp-content\/uploads\/2021\/03\/australia-150x150.png\" alt=\"Sydney Thursday\" \/>\n\t\t\t\t\t\tJueves\n\t\t<\/h2>\n\t\t\t<p>21.00 horas<\/p>\t\t\n\t<a href=\"https:\/\/www.timeanddate.com\/worldclock\/fixedtime.html?msg=Pre+Forum+Call+Option+A&#038;iso=20230223T10&#038;p1=136&#038;ah=1\" target=\"_blank\" role=\"button\" rel=\"noopener\" aria-label=\"Ver el horario en tu hora local (se abre en una nueva ventana)\">\n\t\t\t\t\t\tVer el horario en tu hora local (se abre en una nueva ventana)\n\t\t\t<\/a>\n\t<p><strong>Si planea asistir en este momento, reg\u00edstrese utilizando el formulario a continuaci\u00f3n.<\/strong><\/p>\nForma in\u00e9dita\n<h2>\n\t\tOpci\u00f3n 2\n\t<\/h2>\n<h3>\n\t\t23 de febrero\n\t<\/h3>\n<h3>\n\t\t16.00 horas (UTC)\n\t<\/h3>\n\t\n<h3>\n\t\tHorarios locales\n\t<\/h3>\n\t\t<h2>\n\t\t\tLos \u00c1ngeles\n\t\t\t\t\t\t\t<img decoding=\"async\" src=\"https:\/\/gcf.community\/wp-content\/uploads\/2021\/03\/united-states-of-america-150x150.png\" alt=\"Los Angeles Thursday\" \/>\n\t\t\t\t\t\tJueves\n\t\t<\/h2>\n\t\t\t<p>8.00 a. m.<\/p>\t\t\n\t\t<h2>\n\t\t\tNueva York\n\t\t\t\t\t\t\t<img decoding=\"async\" src=\"https:\/\/gcf.community\/wp-content\/uploads\/2021\/03\/united-states-of-america-150x150.png\" alt=\"New York Thursday\" \/>\n\t\t\t\t\t\tJueves\n\t\t<\/h2>\n\t\t\t<p>11.00 horas<\/p>\t\t\n\t\t<h2>\n\t\t\tS\u00e3o Paulo\n\t\t\t\t\t\t\t<img decoding=\"async\" src=\"https:\/\/gcf.community\/wp-content\/uploads\/2021\/03\/brazil-150x150.png\" alt=\"S\u00e3o Paulo Thursday\" \/>\n\t\t\t\t\t\tJueves\n\t\t<\/h2>\n\t\t\t<p>13:00 horas<\/p>\t\t\n\t\t<h2>\n\t\t\tLondres\n\t\t\t\t\t\t\t<img decoding=\"async\" src=\"https:\/\/gcf.community\/wp-content\/uploads\/2021\/03\/united-kingdom-150x150.png\" alt=\"London Thursday\" \/>\n\t\t\t\t\t\tJueves\n\t\t<\/h2>\n\t\t\t<p>16.00 horas<\/p>\t\t\n\t\t<h2>\n\t\t\tNairobi\n\t\t\t\t\t\t\t<img decoding=\"async\" src=\"https:\/\/gcf.community\/wp-content\/uploads\/2021\/05\/kenya-150x150.png\" alt=\"Nairobi Thursday\" \/>\n\t\t\t\t\t\tJueves\n\t\t<\/h2>\n\t\t\t<p>19:00 horas<\/p>\t\t\n\t\t<h2>\n\t\t\tJacarta\n\t\t\t\t\t\t\t<img decoding=\"async\" src=\"https:\/\/gcf.community\/wp-content\/uploads\/2021\/05\/indonesia-150x150.png\" alt=\"Jakarta Thursday\" \/>\n\t\t\t\t\t\tJueves\n\t\t<\/h2>\n\t\t\t<p>23.00 horas<\/p>\t\t\n\t<a href=\"https:\/\/www.timeanddate.com\/worldclock\/fixedtime.html?msg=Pre+Forum+Call+Option+B&#038;iso=20230223T16&#038;p1=136&#038;ah=1\" target=\"_blank\" role=\"button\" rel=\"noopener\" aria-label=\"Ver el horario en tu hora local (se abre en una nueva ventana)\">\n\t\t\t\t\t\tVer el horario en tu hora local (se abre en una nueva ventana)\n\t\t\t<\/a>\n\t<p><strong>Si planea asistir en este momento, reg\u00edstrese utilizando el formulario a continuaci\u00f3n.<\/strong><\/p>\nForma in\u00e9dita","protected":false},"excerpt":{"rendered":"<p>Pre Forum Zoom Meeting If you are attending the March meetings in Brazil please sign up below for an important online Zoom meeting on Thursday 23rd February. There are two options to choose from, so please choose whichever fits your time zone best. Option 1 February 23rd 10.00 AM (UTC) Local timings New York Thursday &#8230; <a title=\"Zoom\" class=\"read-more\" href=\"https:\/\/gcf.community\/es\/events\/brazil2023\/zoom\/\" aria-label=\"Leer m\u00e1s sobre Zoom\">Leer m\u00e1s<\/a><\/p>","protected":false},"author":1,"featured_media":0,"parent":919,"menu_order":0,"comment_status":"closed","ping_status":"closed","template":"","meta":{"_acf_changed":false,"_seopress_robots_primary_cat":"","_seopress_titles_title":"","_seopress_titles_desc":"","_seopress_robots_index":"","footnotes":"","_links_to":"","_links_to_target":""},"categories":[],"class_list":["post-683","page","type-page","status-publish"],"acf":[],"_links":{"self":[{"href":"https:\/\/gcf.community\/es\/wp-json\/wp\/v2\/pages\/683","targetHints":{"allow":["GET"]}}],"collection":[{"href":"https:\/\/gcf.community\/es\/wp-json\/wp\/v2\/pages"}],"about":[{"href":"https:\/\/gcf.community\/es\/wp-json\/wp\/v2\/types\/page"}],"author":[{"embeddable":true,"href":"https:\/\/gcf.community\/es\/wp-json\/wp\/v2\/users\/1"}],"replies":[{"embeddable":true,"href":"https:\/\/gcf.community\/es\/wp-json\/wp\/v2\/comments?post=683"}],"version-history":[{"count":0,"href":"https:\/\/gcf.community\/es\/wp-json\/wp\/v2\/pages\/683\/revisions"}],"up":[{"embeddable":true,"href":"https:\/\/gcf.community\/es\/wp-json\/wp\/v2\/pages\/919"}],"wp:attachment":[{"href":"https:\/\/gcf.community\/es\/wp-json\/wp\/v2\/media?parent=683"}],"wp:term":[{"taxonomy":"category","embeddable":true,"href":"https:\/\/gcf.community\/es\/wp-json\/wp\/v2\/categories?post=683"}],"curies":[{"name":"wp","href":"https:\/\/api.w.org\/{rel}","templated":true}]}}