{"id":6726768,"date":"2026-04-08T00:53:18","date_gmt":"2026-04-07T23:53:18","guid":{"rendered":""},"modified":"-0001-11-30T00:00:00","modified_gmt":"-0001-11-29T23:00:00","slug":"term-login-6726768","status":"publish","type":"page","link":"https:\/\/gcf.community\/es\/term-login-6726768\/","title":{"rendered":"Se requiere iniciar sesi\u00f3n"},"content":{"rendered":"<div class=\"ppc-login-form-container\">\n<form id=\"ppc-login-form-1\" action=\"\/es\/directory\/\" class=\"ppc-login-form post-password-form\" method=\"post\" data-trp-original-action=\"\/es\/directory\/\">\n<p>Este contenido est\u00e1 protegido con contrase\u00f1a. Para verlo, introd\u00fazcala a continuaci\u00f3n:<\/p>\n<p>\n\t\t\t\t\t<label class=\"ppc-password-label\" for=\"pwbox-1\"><span class=\"ppc-login-form-label-text\">Contrase\u00f1a:<\/span><input type=\"password\" name=\"post_password\" id=\"pwbox-1\" class=\"ppc-login-form-password\" size=\"25\" placeholder=\"\" autofocus><\/label>\t\t\t\t\t<input type=\"submit\" name=\"Submit\" class=\"ppc-login-form-submit\" value=\"Acceso\" \/><br \/>\n\t\t\t\t\t<input type=\"hidden\" name=\"ppc_login\" value=\"1\" \/><br \/>\n\t\t\t\t\t<input type=\"hidden\" id=\"ppc_nonce\" name=\"ppc_nonce\" value=\"6cd939271e\" \/><input type=\"hidden\" name=\"_wp_http_referer\" value=\"\/es\/directory\/\" \/>\t\t\t\t\t\t\t\t\t<\/p>\n<\/p><input type=\"hidden\" name=\"trp-form-language\" value=\"es\"\/><\/form>\n<\/p><\/div>","protected":false},"excerpt":{"rendered":"<p>Este contenido est\u00e1 protegido con contrase\u00f1a. Para verlo, introduzca su contrase\u00f1a a continuaci\u00f3n: Contrase\u00f1a:<\/p>","protected":false},"author":1,"featured_media":0,"parent":0,"menu_order":0,"comment_status":"closed","ping_status":"closed","template":"","meta":{"_acf_changed":false,"_seopress_robots_primary_cat":"","_seopress_titles_title":"","_seopress_titles_desc":"","_seopress_robots_index":"","footnotes":"","_links_to":"","_links_to_target":""},"categories":[],"class_list":["post-6726768","page","type-page","status-publish"],"acf":[],"_links":{"self":[{"href":"https:\/\/gcf.community\/es\/wp-json\/wp\/v2\/pages\/6726768","targetHints":{"allow":["GET"]}}],"collection":[{"href":"https:\/\/gcf.community\/es\/wp-json\/wp\/v2\/pages"}],"about":[{"href":"https:\/\/gcf.community\/es\/wp-json\/wp\/v2\/types\/page"}],"author":[{"embeddable":true,"href":"https:\/\/gcf.community\/es\/wp-json\/wp\/v2\/users\/1"}],"replies":[{"embeddable":true,"href":"https:\/\/gcf.community\/es\/wp-json\/wp\/v2\/comments?post=6726768"}],"version-history":[{"count":0,"href":"https:\/\/gcf.community\/es\/wp-json\/wp\/v2\/pages\/6726768\/revisions"}],"wp:attachment":[{"href":"https:\/\/gcf.community\/es\/wp-json\/wp\/v2\/media?parent=6726768"}],"wp:term":[{"taxonomy":"category","embeddable":true,"href":"https:\/\/gcf.community\/es\/wp-json\/wp\/v2\/categories?post=6726768"}],"curies":[{"name":"wp","href":"https:\/\/api.w.org\/{rel}","templated":true}]}}