{"id":565,"date":"2022-11-09T14:06:17","date_gmt":"2022-11-09T14:06:17","guid":{"rendered":"https:\/\/gcf.community\/?page_id=565"},"modified":"2023-03-16T07:09:20","modified_gmt":"2023-03-16T07:09:20","slug":"registration","status":"publish","type":"page","link":"https:\/\/gcf.community\/es\/events\/brazil2023\/registration\/","title":{"rendered":"Registro"},"content":{"rendered":"<h1>\n\t\tFormulario de inscripci\u00f3n\n\t<\/h1>\n\t<p>Nos complace anunciar las reuniones de GCF \/ GoPlay \/ family.fit que se llevar\u00e1n a cabo en <em>Farol IBM Alphaville<\/em> en Brasil desde la hora del almuerzo <strong>Lunes 20 de marzo <\/strong>hasta el desayuno<strong> S\u00e1bado 25 de marzo de 2023<\/strong>.<\/p>\n\t\t\t\t\t<a href=\"#\" id=\"fl-accordion--label-0\" tabindex=\"0\" aria-controls=\"fl-accordion--panel-0\">\u00bfPor qu\u00e9 deber\u00eda venir?<\/a>\n\t\t\t\t\t\t\t\t\t\t\t<a href=\"#\" id=\"fl-accordion--icon-0\" tabindex=\"0\" aria-controls=\"fl-accordion--panel-0\"><i>Expand<\/i><\/a>\n\t\t\t\t\t<p>So much has happened over the last few years, where travel has not been possible and in many ways we are still adapting to how things have changed. Join us for a precious few days to pray, explore, learn and create together as we continue to seek God&#8217;s Kingdom, striving to see children everywhere walking with Jesus.<\/p>\n<p>El foro se llevar\u00e1 a cabo junto a los equipos de GoPlay y family.fit, ya que juntos atendemos a ni\u00f1os, j\u00f3venes y familias, y nos centramos especialmente en la inversi\u00f3n en l\u00edderes j\u00f3venes. Tambi\u00e9n exploraremos c\u00f3mo podemos construir juntos comunidades de aprendizaje, incubando ideas contagiosas y centr\u00e1ndonos especialmente en la inversi\u00f3n en l\u00edderes j\u00f3venes.<\/p>\n<p>Ha habido un creciente inter\u00e9s en las necesidades de las familias y en c\u00f3mo podemos servirles mejor junto con los ni\u00f1os. Debates recientes han planteado el reto de c\u00f3mo podr\u00edamos ver a un mill\u00f3n de familias abrazando lo que significa pensar y actuar con vocaci\u00f3n misional. Al observar las necesidades que nos rodean en el mundo y al unirnos como colaboradores del Reino, \u00bfpodr\u00edamos siquiera empezar a imaginar c\u00f3mo podr\u00edamos ver a Dios abrir el camino para equipar... <strong>100 millones de familias misionales<\/strong>?<\/p>\n<p>Tenemos la visi\u00f3n de que los ni\u00f1os de todo el mundo caminen con Jes\u00fas. Y nuestras reuniones en Brasil se basar\u00e1n en ella en el contexto de las siguientes \u00e1reas:<\/p>\n<ul>\n<li><strong>Liderazgo<\/strong>\n<ul>\n<li>Liberar a j\u00f3venes l\u00edderes para que sean pioneros en la pr\u00f3xima temporada<\/li>\n<li>Conectar mentores y aprendices, ampliando el desarrollo del liderazgo<\/li>\n<li>Desarrollar estrategias de multiplicaci\u00f3n para la Experiencia de Liderazgo<\/li>\n<\/ul>\n<\/li>\n<li><strong>Pilotos regionales de la comunidad de aprendizaje<\/strong>\n<ul>\n<li>Conectar y acelerar las comunidades regionales de aprendizaje en Am\u00e9rica Latina, \u00c1frica, Asia y Europa<\/li>\n<li>Integrar la Experiencia de Liderazgo como estrategia de multiplicaci\u00f3n del ADN del GCF<\/li>\n<\/ul>\n<\/li>\n<li><strong>Innovaci\u00f3n<\/strong>\n<ul>\n<li>Construir equipos h\u00edbridos de FlashLab para innovar en torno a proyectos clave (family.fit, Experiencia de liderazgo, Familia, Regiones, Academia)<\/li>\n<\/ul>\n<\/li>\n<li><strong>Colaboraci\u00f3n<\/strong>\n<ul>\n<li>Descubra c\u00f3mo GCF, GoPlay y family.fit pueden colaborar en m\u00faltiples iniciativas<\/li>\n<\/ul>\n<\/li>\n<\/ul>\n\t<p>Nuestras reuniones se llevar\u00e1n a cabo en el <a href=\"https:\/\/farol-ibma.org.br\/\" target=\"_blank\" rel=\"noopener\">Farol IBM Alphaville<\/a> Ubicado aqu\u00ed:<\/p>\n\t<iframe src=\"https:\/\/www.google.com\/maps\/embed?pb=!1m18!1m12!1m3!1d117310.12488170322!2d-46.07449136219149!3d-23.24521930779995!2m3!1f0!2f0!3f0!3m2!1i1024!2i768!4f13.1!3m3!1m2!1s0x94cc33c262e0a52f%3A0x6a588a0e1e8caf8d!2sFarol%20IBMAlphaville!5e0!3m2!1sen!2suk!4v1668003900645!5m2!1sen!2suk\" width=\"1020\" height=\"400\" allowfullscreen=\"\" loading=\"lazy\" referrerpolicy=\"no-referrer-when-downgrade\"><\/iframe>\n\t<p>El <em>Farol IBM Alphaville<\/em> est\u00e1 situado a 67 km del Aeropuerto Internacional de S\u0101o Paulo (GRU).<\/p>\n\t\t\t\t\t\t\t\t\t\t\t\t\t\t\t\t\t<a href=\"https:\/\/gcf.community\/wp-content\/uploads\/2022\/11\/WhatsApp-Image-2022-11-07-at-11.15.45-AM-copy.jpg\" target=\"_self\" data-caption=\"\" rel=\"noopener\">\n\t\t\t\t\t\t\t\t\t\t<\/a>\n\t\t\t\t\t\t\t\t\t\t\t\t\t\t\t\t\t<a href=\"https:\/\/gcf.community\/wp-content\/uploads\/2022\/11\/WhatsApp-Image-2022-11-07-at-11.15.40-AM-copy.jpg\" target=\"_self\" data-caption=\"\" rel=\"noopener\">\n\t\t\t\t\t\t\t\t\t\t<\/a>\n\t\t\t\t\t\t\t\t\t\t\t\t\t\t\t\t\t<a href=\"https:\/\/gcf.community\/wp-content\/uploads\/2022\/11\/WhatsApp-Image-2022-11-07-at-11.15.33-AM-copy.jpg\" target=\"_self\" data-caption=\"\" rel=\"noopener\">\n\t\t\t\t\t\t\t\t\t\t<\/a>\n\t\t\t\t\t\t\t\t\t\t\t\t\t\t\t\t\t<a href=\"https:\/\/gcf.community\/wp-content\/uploads\/2022\/11\/WhatsApp-Image-2022-11-07-at-11.15.48-AM-copy.jpg\" target=\"_self\" data-caption=\"\" rel=\"noopener\">\n\t\t\t\t\t\t\t\t\t\t<\/a>\n\t\t\t\t\t\t\t\t\t\t\t\t\t\t\t\t\t<a href=\"https:\/\/gcf.community\/wp-content\/uploads\/2022\/11\/WhatsApp-Image-2022-11-07-at-11.16.12-AM-copy.jpg\" target=\"_self\" data-caption=\"\" rel=\"noopener\">\n\t\t\t\t\t\t\t\t\t\t<\/a>\n\t\t\t\t\t\t\t\t\t\t\t\t\t\t\t\t\t<a href=\"https:\/\/gcf.community\/wp-content\/uploads\/2022\/11\/WhatsApp-Image-2022-11-07-at-11.16.05-AM-copy.jpg\" target=\"_self\" data-caption=\"\" rel=\"noopener\">\n\t\t\t\t\t\t\t\t\t\t<\/a>\n\t\t\t\t\t\t\t\t\t\t\t\t\t\t\t\t\t<a href=\"https:\/\/gcf.community\/wp-content\/uploads\/2022\/11\/WhatsApp-Image-2022-11-07-at-11.15.52-AM-copy.jpg\" target=\"_self\" data-caption=\"\" rel=\"noopener\">\n\t\t\t\t\t\t\t\t\t\t<\/a>\n\t\t\t\t\t\t\t\t\t\t\t\t\t\t\t\t\t<a href=\"https:\/\/gcf.community\/wp-content\/uploads\/2022\/11\/WhatsApp-Image-2022-11-07-at-11.16.09-AM-copy.jpg\" target=\"_self\" data-caption=\"\" rel=\"noopener\">\n\t\t\t\t\t\t\t\t\t\t<\/a>\n\t\t\t\t\t\t\t\t\t\t\t\t\t\t\t\t\t<a href=\"https:\/\/gcf.community\/wp-content\/uploads\/2022\/11\/WhatsApp-Image-2022-11-07-at-11.15.55-AM-copy.jpg\" target=\"_self\" data-caption=\"\" rel=\"noopener\">\n\t\t\t\t\t\t\t\t\t\t<\/a>\n\t\t\t\t\t\t\t\t\t\t\t\t\t\t\t\t\t<a href=\"https:\/\/gcf.community\/wp-content\/uploads\/2022\/11\/WhatsApp-Image-2022-11-07-at-11.15.58-AM-copy.jpg\" target=\"_self\" data-caption=\"\" rel=\"noopener\">\n\t\t\t\t\t\t\t\t\t\t<\/a>\n\t\t\t\t\t\t\t\t\t\t\t\t\t\t\t\t\t<a href=\"https:\/\/gcf.community\/wp-content\/uploads\/2022\/11\/WhatsApp-Image-2022-11-07-at-11.16.02-AM-copy.jpg\" target=\"_self\" data-caption=\"\" rel=\"noopener\">\n\t\t\t\t\t\t\t\t\t\t<\/a>\n\t\t\t\t\t\t\t\t\t\t\t\t\t\t\t\t\t<a href=\"https:\/\/gcf.community\/wp-content\/uploads\/2022\/11\/WhatsApp-Image-2022-11-07-at-11.15.36-AM-copy.jpg\" target=\"_self\" data-caption=\"\" rel=\"noopener\">\n\t\t\t\t\t\t\t\t\t\t<\/a>\n\t\t\t\t\t\t<!-- pagination -->\n\t<h3>Notas importantes<\/h3>\n<hr \/>\n<ul>\n<li>Todos los precios a continuaci\u00f3n est\u00e1n en d\u00f3lares estadounidenses.<\/li>\n<li>Nuestras reuniones comenzar\u00e1n a las 13:00 h el lunes 20 de marzo. Les rogamos que lleguen con tiempo.<\/li>\n<li>Nuestras reuniones finalizar\u00e1n a las 18:00 h del viernes 24 de marzo. Les rogamos que planeen quedarse durante las reuniones y organizar su viaje de regreso una vez finalizadas.<\/li>\n<\/ul>\n<p><strong>Para venir de fuera de Brasil:<\/strong><\/p>\n<ul>\n<li>Necesitar\u00e1 proporcionar evidencia de vacunaci\u00f3n contra la Covid-19 o un resultado negativo reciente de la prueba.<\/li>\n<li>Ser\u00e1 necesario que proporcione un seguro de viaje.<\/li>\n<li>Su pasaporte debe ser v\u00e1lido por seis meses despu\u00e9s de su fecha de entrada.<\/li>\n<\/ul>\n<p><strong>Transporte desde\/hacia el aeropuerto:<\/strong><\/p>\n<ul>\n<li>Ofrecemos transporte desde el Aeropuerto Internacional de S\u00e3o Paulo (GRU) hasta el lugar del evento para quienes lleguen el domingo 19 o el lunes 20. El aeropuerto est\u00e1 a aproximadamente una hora en coche del lugar. Si llega fuera de ese horario, es posible que deba organizar su propio transporte, como un Uber.<\/li>\n<li>Le proporcionaremos transporte de ida y vuelta al Aeropuerto Internacional de S\u00e3o Paulo (GRU) desde el lugar de celebraci\u00f3n para cualquier salida la noche del viernes 24 o del s\u00e1bado 25. Si su salida es fuera de ese horario, es posible que deba organizar su propio transporte, como un Uber.<\/li>\n<li>El transporte desde el aeropuerto se realizar\u00e1 en grupos de llegadas. Es posible que tenga que esperar un rato mientras llegan otros pasajeros. De igual forma, el transporte de regreso al aeropuerto se realizar\u00e1 en grupos de salidas.<\/li>\n<\/ul>\n\tForma in\u00e9dita","protected":false},"excerpt":{"rendered":"<p>Registration Form We are excited to announce the GCF \/ GoPlay \/ family.fit meetings which will take place in Farol IBMAlphaville in Brazil from lunchtime on Monday 20th March through to breakfast on Saturday 25th March 2023. Why should I come? Expand So much has happened over the last few years, where travel has not &#8230; <a title=\"Registro\" class=\"read-more\" href=\"https:\/\/gcf.community\/es\/events\/brazil2023\/registration\/\" aria-label=\"Leer m\u00e1s sobre Registration\">Leer m\u00e1s<\/a><\/p>","protected":false},"author":1,"featured_media":0,"parent":919,"menu_order":0,"comment_status":"closed","ping_status":"closed","template":"","meta":{"_acf_changed":false,"_seopress_robots_primary_cat":"","_seopress_titles_title":"","_seopress_titles_desc":"Registrations now open! We are excited to announce the GCF \/ GoPlay \/ family.fit meetings which will take place in Farol IBMAlphaville in Brazil.","_seopress_robots_index":"","footnotes":"","_links_to":"","_links_to_target":""},"categories":[],"class_list":["post-565","page","type-page","status-publish"],"acf":[],"_links":{"self":[{"href":"https:\/\/gcf.community\/es\/wp-json\/wp\/v2\/pages\/565","targetHints":{"allow":["GET"]}}],"collection":[{"href":"https:\/\/gcf.community\/es\/wp-json\/wp\/v2\/pages"}],"about":[{"href":"https:\/\/gcf.community\/es\/wp-json\/wp\/v2\/types\/page"}],"author":[{"embeddable":true,"href":"https:\/\/gcf.community\/es\/wp-json\/wp\/v2\/users\/1"}],"replies":[{"embeddable":true,"href":"https:\/\/gcf.community\/es\/wp-json\/wp\/v2\/comments?post=565"}],"version-history":[{"count":0,"href":"https:\/\/gcf.community\/es\/wp-json\/wp\/v2\/pages\/565\/revisions"}],"up":[{"embeddable":true,"href":"https:\/\/gcf.community\/es\/wp-json\/wp\/v2\/pages\/919"}],"wp:attachment":[{"href":"https:\/\/gcf.community\/es\/wp-json\/wp\/v2\/media?parent=565"}],"wp:term":[{"taxonomy":"category","embeddable":true,"href":"https:\/\/gcf.community\/es\/wp-json\/wp\/v2\/categories?post=565"}],"curies":[{"name":"wp","href":"https:\/\/api.w.org\/{rel}","templated":true}]}}