{"id":543,"date":"2022-09-22T08:55:55","date_gmt":"2022-09-22T07:55:55","guid":{"rendered":"https:\/\/gcf.community\/?page_id=543"},"modified":"2023-05-29T14:53:18","modified_gmt":"2023-05-29T13:53:18","slug":"share-your-story","status":"publish","type":"page","link":"https:\/\/gcf.community\/es\/participate\/share-your-story\/","title":{"rendered":"Comparte tu historia"},"content":{"rendered":"<h1>\n\t\tComparte tu historia\n\t<\/h1>\n\t<p>\u00bfTienes una historia que compartir sobre tu ministerio con ni\u00f1os? Nos encantar\u00eda escucharla. Si te animas a compartirla a continuaci\u00f3n, podremos usarla para animar e inspirar a otros en nuestra comunidad.<\/p>\n<p>Al enviarnos esta historia, nos da permiso para usar el texto y cualquier fotograf\u00eda que incluya en materiales impresos y en cualquier comunicaci\u00f3n digital, como art\u00edculos en un sitio web, mensajes de WhatsApp y publicaciones en las redes sociales.<\/p>\n<p>Aseg\u00farese de tener los permisos necesarios para cualquier foto que cargue.<\/p>\n\t<form action=\"https:\/\/gcf.community\/es\/wp-json\/ws-form\/v1\/submit\" class=\"wsf-form wsf-form-canvas\" id=\"ws-form-1\" data-id=\"13\" method=\"POST\" data-instance-id=\"1\" data-wsf-style-id=\"1\" data-trp-original-action=\"https:\/\/gcf.community\/es\/wp-json\/ws-form\/v1\/submit\"><input type=\"hidden\" name=\"trp-form-language\" value=\"es\"\/><\/form>","protected":false},"excerpt":{"rendered":"<p>Comparte tu historia. \u00bfTienes una historia que compartir sobre tu ministerio con ni\u00f1os? Nos encantar\u00eda escucharla. Si te complace compartirla a continuaci\u00f3n, podremos usarla para animar e inspirar a otros en nuestra comunidad. Al enviarnos esta historia, nos das permiso para usarla... <a title=\"Comparte tu historia\" class=\"read-more\" href=\"https:\/\/gcf.community\/es\/participate\/share-your-story\/\" aria-label=\"Leer m\u00e1s sobre Comparte tu historia\">Leer m\u00e1s<\/a><\/p>","protected":false},"author":1,"featured_media":0,"parent":1687,"menu_order":0,"comment_status":"closed","ping_status":"closed","template":"","meta":{"_acf_changed":false,"_seopress_robots_primary_cat":"","_seopress_titles_title":"","_seopress_titles_desc":"","_seopress_robots_index":"","footnotes":"","_links_to":"","_links_to_target":""},"categories":[],"class_list":["post-543","page","type-page","status-publish"],"acf":[],"_links":{"self":[{"href":"https:\/\/gcf.community\/es\/wp-json\/wp\/v2\/pages\/543","targetHints":{"allow":["GET"]}}],"collection":[{"href":"https:\/\/gcf.community\/es\/wp-json\/wp\/v2\/pages"}],"about":[{"href":"https:\/\/gcf.community\/es\/wp-json\/wp\/v2\/types\/page"}],"author":[{"embeddable":true,"href":"https:\/\/gcf.community\/es\/wp-json\/wp\/v2\/users\/1"}],"replies":[{"embeddable":true,"href":"https:\/\/gcf.community\/es\/wp-json\/wp\/v2\/comments?post=543"}],"version-history":[{"count":0,"href":"https:\/\/gcf.community\/es\/wp-json\/wp\/v2\/pages\/543\/revisions"}],"up":[{"embeddable":true,"href":"https:\/\/gcf.community\/es\/wp-json\/wp\/v2\/pages\/1687"}],"wp:attachment":[{"href":"https:\/\/gcf.community\/es\/wp-json\/wp\/v2\/media?parent=543"}],"wp:term":[{"taxonomy":"category","embeddable":true,"href":"https:\/\/gcf.community\/es\/wp-json\/wp\/v2\/categories?post=543"}],"curies":[{"name":"wp","href":"https:\/\/api.w.org\/{rel}","templated":true}]}}