{"id":349,"date":"2022-02-20T16:27:12","date_gmt":"2022-02-20T16:27:12","guid":{"rendered":"https:\/\/gcf.community\/?page_id=349"},"modified":"2022-02-20T16:37:09","modified_gmt":"2022-02-20T16:37:09","slug":"data-protection","status":"publish","type":"page","link":"https:\/\/gcf.community\/es\/data-protection\/","title":{"rendered":"Protecci\u00f3n de datos"},"content":{"rendered":"<h1>\n\t\tProtecci\u00f3n de datos\n\t<\/h1>\n\t<p><strong>Tus datos te pertenecen<\/strong>Puede solicitar recibir los datos que tenemos sobre usted o solicitar que los eliminemos mediante los formularios a continuaci\u00f3n.<\/p>\n\t\t\t\tSolicitud de exportaci\u00f3n de datos Solicitud de eliminaci\u00f3n de datos Solicitud de exportaci\u00f3n de datos\n\t\t\t\t<p>Si en alg\u00fan momento desea recibir una copia de los datos que tenemos sobre usted, simplemente proporcione su direcci\u00f3n de correo electr\u00f3nico a continuaci\u00f3n.<\/p>\n<form action=\"https:\/\/gcf.community\/es\/wp-json\/ws-form\/v1\/submit\" class=\"wsf-form wsf-form-canvas\" id=\"ws-form-1\" data-id=\"10\" method=\"POST\" data-instance-id=\"1\" data-wsf-style-id=\"1\" data-trp-original-action=\"https:\/\/gcf.community\/es\/wp-json\/ws-form\/v1\/submit\"><input type=\"hidden\" name=\"trp-form-language\" value=\"es\"\/><\/form>\n\t\t\t\t\t\t\tSolicitud de eliminaci\u00f3n de datos\n\t\t\t\t<p>Si en alg\u00fan momento desea eliminar sus datos de nuestro sitio, simplemente proporcione su direcci\u00f3n de correo electr\u00f3nico a continuaci\u00f3n.<\/p>\n<form action=\"https:\/\/gcf.community\/es\/wp-json\/ws-form\/v1\/submit\" class=\"wsf-form wsf-form-canvas\" id=\"ws-form-2\" data-id=\"9\" method=\"POST\" data-instance-id=\"2\" data-wsf-style-id=\"1\" data-trp-original-action=\"https:\/\/gcf.community\/es\/wp-json\/ws-form\/v1\/submit\"><input type=\"hidden\" name=\"trp-form-language\" value=\"es\"\/><\/form>","protected":false},"excerpt":{"rendered":"<p>Protecci\u00f3n de Datos. Sus datos le pertenecen. Puede solicitar recibir los datos que tenemos sobre usted o solicitar que los eliminemos mediante los formularios a continuaci\u00f3n. Solicitud de Exportaci\u00f3n de Datos. Solicitud de Eliminaci\u00f3n de Datos. Solicitud de Exportaci\u00f3n de Datos. Si en alg\u00fan momento desea recibir una copia de los datos que tenemos\u2026 <a title=\"Protecci\u00f3n de datos\" class=\"read-more\" href=\"https:\/\/gcf.community\/es\/data-protection\/\" aria-label=\"Leer m\u00e1s sobre Protecci\u00f3n de Datos\">Leer m\u00e1s<\/a><\/p>","protected":false},"author":1,"featured_media":0,"parent":0,"menu_order":0,"comment_status":"closed","ping_status":"closed","template":"","meta":{"_acf_changed":false,"_seopress_robots_primary_cat":"","_seopress_titles_title":"","_seopress_titles_desc":"","_seopress_robots_index":"","footnotes":"","_links_to":"","_links_to_target":""},"categories":[],"class_list":["post-349","page","type-page","status-publish"],"acf":[],"_links":{"self":[{"href":"https:\/\/gcf.community\/es\/wp-json\/wp\/v2\/pages\/349","targetHints":{"allow":["GET"]}}],"collection":[{"href":"https:\/\/gcf.community\/es\/wp-json\/wp\/v2\/pages"}],"about":[{"href":"https:\/\/gcf.community\/es\/wp-json\/wp\/v2\/types\/page"}],"author":[{"embeddable":true,"href":"https:\/\/gcf.community\/es\/wp-json\/wp\/v2\/users\/1"}],"replies":[{"embeddable":true,"href":"https:\/\/gcf.community\/es\/wp-json\/wp\/v2\/comments?post=349"}],"version-history":[{"count":0,"href":"https:\/\/gcf.community\/es\/wp-json\/wp\/v2\/pages\/349\/revisions"}],"wp:attachment":[{"href":"https:\/\/gcf.community\/es\/wp-json\/wp\/v2\/media?parent=349"}],"wp:term":[{"taxonomy":"category","embeddable":true,"href":"https:\/\/gcf.community\/es\/wp-json\/wp\/v2\/categories?post=349"}],"curies":[{"name":"wp","href":"https:\/\/api.w.org\/{rel}","templated":true}]}}