{"id":3157,"date":"2025-06-11T16:53:46","date_gmt":"2025-06-11T15:53:46","guid":{"rendered":"https:\/\/gcf.community\/?page_id=3157"},"modified":"2026-02-13T17:04:13","modified_gmt":"2026-02-13T17:04:13","slug":"resources","status":"publish","type":"page","link":"https:\/\/gcf.community\/es\/resources\/","title":{"rendered":"Recursos"},"content":{"rendered":"<h1>\n\t\t\tRecursos\t<\/h1>\n\t<p>Hemos recopilado una variedad de recursos y herramientas que pueden resultarle \u00fatiles. Algunas de estas herramientas son proporcionadas por terceros (como las herramientas de IA) y otras por la comunidad GCF (como los recursos de FlashLab y ThinkRamp). A\u00f1adiremos m\u00e1s recursos a medida que est\u00e9n disponibles.\u00a0<\/p>\n        <p>Herramientas de IA<\/p>\n            <a href=\"https:\/\/gcf.community\/es\/resources\/ai-tool-comparisons\/\" target=\"_self\"><\/a>\n        <p>Laboratorio Flash<\/p>\n            <a href=\"https:\/\/gcf.community\/es\/resources\/flashlab\/\" target=\"_self\"><\/a>\n        <p>ThinkRamp<\/p>\n            <a href=\"https:\/\/gcf.community\/es\/resources\/thinkramp\/\" target=\"_self\"><\/a>","protected":false},"excerpt":{"rendered":"<p>Resources We have collated a range of resources and tools which may be useful to you. Some of these tools are provided by others (such as the AI tools), and some are provided by those within the GCF Community (such as FlashLab resources and ThinkRamp). We will add more resources here as they become available.\u00a0 &#8230; <a title=\"Recursos\" class=\"read-more\" href=\"https:\/\/gcf.community\/es\/resources\/\" aria-label=\"Leer m\u00e1s sobre Recursos\">Leer m\u00e1s<\/a><\/p>","protected":false},"author":1,"featured_media":0,"parent":0,"menu_order":0,"comment_status":"closed","ping_status":"closed","template":"","meta":{"_acf_changed":false,"_seopress_robots_primary_cat":"","_seopress_titles_title":"","_seopress_titles_desc":"","_seopress_robots_index":"","footnotes":"","_links_to":"","_links_to_target":""},"categories":[],"class_list":["post-3157","page","type-page","status-publish"],"acf":[],"_links":{"self":[{"href":"https:\/\/gcf.community\/es\/wp-json\/wp\/v2\/pages\/3157","targetHints":{"allow":["GET"]}}],"collection":[{"href":"https:\/\/gcf.community\/es\/wp-json\/wp\/v2\/pages"}],"about":[{"href":"https:\/\/gcf.community\/es\/wp-json\/wp\/v2\/types\/page"}],"author":[{"embeddable":true,"href":"https:\/\/gcf.community\/es\/wp-json\/wp\/v2\/users\/1"}],"replies":[{"embeddable":true,"href":"https:\/\/gcf.community\/es\/wp-json\/wp\/v2\/comments?post=3157"}],"version-history":[{"count":2,"href":"https:\/\/gcf.community\/es\/wp-json\/wp\/v2\/pages\/3157\/revisions"}],"predecessor-version":[{"id":3230,"href":"https:\/\/gcf.community\/es\/wp-json\/wp\/v2\/pages\/3157\/revisions\/3230"}],"wp:attachment":[{"href":"https:\/\/gcf.community\/es\/wp-json\/wp\/v2\/media?parent=3157"}],"wp:term":[{"taxonomy":"category","embeddable":true,"href":"https:\/\/gcf.community\/es\/wp-json\/wp\/v2\/categories?post=3157"}],"curies":[{"name":"wp","href":"https:\/\/api.w.org\/{rel}","templated":true}]}}