{"id":313,"date":"2022-02-20T11:55:00","date_gmt":"2022-02-20T11:55:00","guid":{"rendered":"https:\/\/gcf.community\/?page_id=313"},"modified":"2026-02-13T16:55:40","modified_gmt":"2026-02-13T16:55:40","slug":"cookies","status":"publish","type":"page","link":"https:\/\/gcf.community\/es\/cookies\/","title":{"rendered":"Galletas"},"content":{"rendered":"<h1>\n\t\t\tGalletas\t<\/h1>\n\t<p>Utilizamos cookies en nuestro sitio web. Una cookie es un peque\u00f1o archivo de texto que se almacena en su ordenador para mejorar la experiencia del usuario.<\/p>\n<p>Generalmente, utilizamos cookies para administrar este sitio web y mejorar su usabilidad. Tambi\u00e9n podemos usar cookies para identificar qu\u00e9 p\u00e1ginas se est\u00e1n utilizando. Esto nos ayuda a analizar datos sobre el tr\u00e1fico web y a mejorar nuestro sitio web para adaptarlo a las necesidades de los visitantes. Solo utilizamos esta informaci\u00f3n con fines de an\u00e1lisis estad\u00edstico y, posteriormente, los datos se eliminan del sistema.<\/p>\n<p>En general, las cookies nos ayudan a ofrecerle un mejor sitio web, permiti\u00e9ndonos monitorear qu\u00e9 p\u00e1ginas encuentra \u00fatiles y cu\u00e1les no.<\/p>\n<p>Las cookies no contienen informaci\u00f3n que lo identifique personalmente. Una cookie no nos da acceso a su computadora ni a ninguna informaci\u00f3n sobre usted.<\/p>\n<p>Puede leer nuestra pol\u00edtica de privacidad completa en l\u00ednea\u00a0<a href=\"https:\/\/gcf.community\/es\/privacy\/\">aqu\u00ed<\/a>.<\/p>\n<p>Puede aceptar o rechazar las cookies. La mayor\u00eda de los navegadores web las aceptan autom\u00e1ticamente, pero normalmente puede modificar la configuraci\u00f3n de su navegador para rechazarlas si lo prefiere. Esto podr\u00eda impedirle aprovechar al m\u00e1ximo el sitio web.<\/p>\n<h4>Cookies en este sitio web<\/h4>\n<p>Existen dos tipos principales de cookies: las de sesi\u00f3n y las persistentes. Las de sesi\u00f3n solo duran mientras el usuario utiliza el sitio web y se eliminan del ordenador al cerrar el navegador. Las persistentes, por otro lado, duran m\u00e1s que la sesi\u00f3n del usuario y permanecen almacenadas en el ordenador hasta que se eliminan o alcanzan su fecha de caducidad.<\/p>\n<p>Utilizamos cookies de sesi\u00f3n y cookies persistentes en este sitio web.<\/p>\n<h4>Cookies de terceros<\/h4>\n<p>Tambi\u00e9n utilizamos cookies de terceros para realizar an\u00e1lisis estad\u00edsticos del uso del sitio. Generamos informes que utilizamos para optimizar el sistema y ofrecer una mejor interfaz al usuario final.<\/p>\n<p>Para ello, utilizamos Google Analytics para analizar el uso de este sitio web. Google Analytics genera informaci\u00f3n estad\u00edstica y de otro tipo sobre el uso del sitio web mediante cookies, que se almacenan en los ordenadores de los usuarios. La informaci\u00f3n generada en relaci\u00f3n con nuestro sitio web se utiliza para generar informes sobre el uso del mismo. Google almacenar\u00e1 y utilizar\u00e1 esta informaci\u00f3n. La pol\u00edtica de privacidad de Google est\u00e1 disponible en <a href=\"https:\/\/www.google.com\/policies\/privacy\/\" target=\"_blank\" rel=\"noopener\">https:\/\/www.google.com\/policies\/privacy\/<\/a>Si desea que Google Analytics no le rastree en todos los sitios web, visite: <a href=\"https:\/\/tools.google.com\/dlpage\/gaoptout\" target=\"_blank\" rel=\"noopener\">https:\/\/tools.google.com\/dlpage\/gaoptout<\/a>.<\/p>\n<p>La mayor\u00eda de los navegadores le permiten rechazar todas las cookies, mientras que algunos navegadores le permiten rechazar solo las cookies de terceros.<\/p>\n<h4>\u00bfC\u00f3mo cambio mi configuraci\u00f3n de cookies?<\/h4>\n<p>La mayor\u00eda de los navegadores web permiten controlar la mayor\u00eda de las cookies a trav\u00e9s de la configuraci\u00f3n del navegador. Para obtener m\u00e1s informaci\u00f3n sobre las cookies, incluyendo c\u00f3mo ver qu\u00e9 cookies se han configurado, visite\u00a0<a href=\"https:\/\/www.allaboutcookies.org\" target=\"_blank\" rel=\"noopener\">www.allaboutcookies.org<\/a>.<\/p>\n<p>Descubra c\u00f3mo administrar las cookies en los navegadores m\u00e1s populares:<\/p>\n<ul>\n<li><a href=\"https:\/\/support.google.com\/accounts\/answer\/61416?co=GENIE.Platform%3DDesktop&amp;hl=en\" target=\"_blank\" rel=\"noopener\">Google Chrome<\/a><\/li>\n<li><a href=\"https:\/\/support.microsoft.com\/en-us\/windows\/microsoft-edge-browsing-data-and-privacy-bb8174ba-9d73-dcf2-9b4a-c582b4e640dd\" target=\"_blank\" rel=\"noopener\">Microsoft Edge<\/a><\/li>\n<li><a href=\"https:\/\/support.mozilla.org\/en-US\/kb\/enhanced-tracking-protection-firefox-desktop?redirectslug=enable-and-disable-cookies-website-preferences&amp;redirectlocale=en-US\" target=\"_blank\" rel=\"noopener\">Mozilla Firefox<\/a><\/li>\n<li><a href=\"https:\/\/support.microsoft.com\/en-us\/windows\/delete-and-manage-cookies-168dab11-0753-043d-7c16-ede5947fc64d\" target=\"_blank\" rel=\"noopener\">Microsoft Internet Explorer<\/a><\/li>\n<li><a href=\"https:\/\/help.opera.com\/en\/latest\/web-preferences\/\" target=\"_blank\" rel=\"noopener\">\u00d3pera<\/a><\/li>\n<li><a href=\"https:\/\/support.apple.com\/en-gb\/guide\/safari\/sfri11471\/mac\" target=\"_blank\" rel=\"noopener\">Safari de Apple<\/a><\/li>\n<\/ul>\n<p>Para encontrar informaci\u00f3n relacionada con otros navegadores, visite el sitio web del desarrollador del navegador.<\/p>","protected":false},"excerpt":{"rendered":"<p>Cookies. Utilizamos cookies en nuestro sitio web. Una cookie es un peque\u00f1o archivo de texto que se almacena en su ordenador para mejorar la experiencia del usuario. Generalmente, utilizamos cookies para administrar este sitio web y mejorar su usabilidad. Tambi\u00e9n podemos utilizar cookies para identificar qu\u00e9 p\u00e1ginas son... <a title=\"Galletas\" class=\"read-more\" href=\"https:\/\/gcf.community\/es\/cookies\/\" aria-label=\"Leer m\u00e1s sobre Cookies\">Leer m\u00e1s<\/a><\/p>","protected":false},"author":1,"featured_media":0,"parent":0,"menu_order":0,"comment_status":"closed","ping_status":"closed","template":"","meta":{"_acf_changed":false,"_seopress_robots_primary_cat":"","_seopress_titles_title":"","_seopress_titles_desc":"","_seopress_robots_index":"","footnotes":"","_links_to":"","_links_to_target":""},"categories":[],"class_list":["post-313","page","type-page","status-publish"],"acf":[],"_links":{"self":[{"href":"https:\/\/gcf.community\/es\/wp-json\/wp\/v2\/pages\/313","targetHints":{"allow":["GET"]}}],"collection":[{"href":"https:\/\/gcf.community\/es\/wp-json\/wp\/v2\/pages"}],"about":[{"href":"https:\/\/gcf.community\/es\/wp-json\/wp\/v2\/types\/page"}],"author":[{"embeddable":true,"href":"https:\/\/gcf.community\/es\/wp-json\/wp\/v2\/users\/1"}],"replies":[{"embeddable":true,"href":"https:\/\/gcf.community\/es\/wp-json\/wp\/v2\/comments?post=313"}],"version-history":[{"count":1,"href":"https:\/\/gcf.community\/es\/wp-json\/wp\/v2\/pages\/313\/revisions"}],"predecessor-version":[{"id":3228,"href":"https:\/\/gcf.community\/es\/wp-json\/wp\/v2\/pages\/313\/revisions\/3228"}],"wp:attachment":[{"href":"https:\/\/gcf.community\/es\/wp-json\/wp\/v2\/media?parent=313"}],"wp:term":[{"taxonomy":"category","embeddable":true,"href":"https:\/\/gcf.community\/es\/wp-json\/wp\/v2\/categories?post=313"}],"curies":[{"name":"wp","href":"https:\/\/api.w.org\/{rel}","templated":true}]}}