{"id":311,"date":"2022-02-20T11:54:33","date_gmt":"2022-02-20T11:54:33","guid":{"rendered":"https:\/\/gcf.community\/?page_id=311"},"modified":"2026-02-13T16:55:13","modified_gmt":"2026-02-13T16:55:13","slug":"privacy","status":"publish","type":"page","link":"https:\/\/gcf.community\/es\/privacy\/","title":{"rendered":"Privacidad"},"content":{"rendered":"<h1>\n\t\t\tPrivacidad\t<\/h1>\n\t<p>La privacidad es importante, pero puede ser confusa. Esta p\u00e1gina explica nuestro enfoque en materia de privacidad y c\u00f3mo le afecta.<\/p>\n<h4>Versi\u00f3n corta<\/h4>\n<p>Recopilamos estad\u00edsticas an\u00f3nimas sobre su visita, como cu\u00e1les de nuestras p\u00e1ginas vio.<\/p>\n<p>Es posible que terceros, como Facebook, sepan que visitaste este sitio web si usas sus servicios. No podemos controlarlos, pero no creemos que este conocimiento suponga una amenaza para ti.<\/p>\n<p>Si se registra con nosotros, tendremos mucho cuidado de mantener su informaci\u00f3n segura y nunca la compartiremos con otros sin su permiso expreso.<\/p>\n<p>Nunca compartimos sus datos con terceros excepto para ayudarnos a prestar nuestros propios servicios.<\/p>\n<p>Estos son solo los puntos clave. Si necesitas m\u00e1s detalles, sigue leyendo.<\/p>\n<h4>Midiendo a nuestros visitantes<\/h4>\n<p>Medimos las visitas a nuestro sitio web mediante Google Analytics. Este sistema registra las p\u00e1ginas que visita, c\u00f3mo lleg\u00f3 a nuestro sitio e informaci\u00f3n b\u00e1sica sobre su ordenador. Toda esta informaci\u00f3n es an\u00f3nima, por lo que no sabemos qui\u00e9n es usted; solo que alguien visit\u00f3 nuestro sitio.<\/p>\n<p>La informaci\u00f3n que recopilamos mediante an\u00e1lisis nos ayuda a comprender qu\u00e9 partes de nuestros sitios web funcionan correctamente, c\u00f3mo llegan los usuarios a nuestro sitio, etc. Como la mayor\u00eda de los sitios web, utilizamos esta informaci\u00f3n para mejorar nuestro sitio web.<\/p>\n<p>Puede obtener m\u00e1s informaci\u00f3n sobre Google Analytics <a href=\"https:\/\/support.google.com\/analytics\/answer\/6004245\" target=\"_blank\" rel=\"noopener\">aqu\u00ed<\/a>.<\/p>\n<h4>Contenido incrustado de otros sitios web<\/h4>\n<p>El contenido de este sitio puede incluir contenido incrustado (p. ej., v\u00eddeos, im\u00e1genes, art\u00edculos, etc.). El contenido incrustado de otros sitios web se comporta exactamente igual que si el visitante hubiera visitado el sitio web original.<\/p>\n<p>Estos sitios web pueden recopilar datos sobre usted, utilizar cookies, incrustar un seguimiento adicional de terceros y supervisar su interacci\u00f3n con ese contenido incrustado, incluido el seguimiento de su interacci\u00f3n con el contenido incrustado si tiene una cuenta y est\u00e1 conectado a ese sitio web.<\/p>\n<h4>Anuncios y enlaces patrocinados<\/h4>\n<p>Este sitio web no contiene enlaces patrocinados ni publicidad.<\/p>\n<h4>Descargas y archivos multimedia<\/h4>\n<p>Cualquier documento, archivo o medio descargable disponible en este sitio web se proporciona bajo su propio riesgo. Si bien se han tomado todas las precauciones para garantizar que solo est\u00e9n disponibles descargas originales, se recomienda verificar su autenticidad mediante software antivirus de terceros o aplicaciones similares.<\/p>\n<p>No nos responsabilizamos de las descargas de terceros ni de las proporcionadas por sitios web externos. Le recomendamos verificar su autenticidad con un software antivirus de terceros o aplicaciones similares.<\/p>\n<h4>Facebook, Twitter y otras redes sociales<\/h4>\n<p>Estos servicios proporcionan botones sociales y funciones similares que utilizamos en nuestro sitio web, como los botones \u201cMe gusta\u201d y \u201cTweet\u201d.<\/p>\n<p>Para ello, integramos el c\u00f3digo que proporcionan y no tenemos control sobre ello. Para funcionar, sus botones suelen saber si has iniciado sesi\u00f3n; por ejemplo, Facebook lo usa para decir &quot;A x amigos tuyos les gusta esto&quot;. No tenemos acceso a esa informaci\u00f3n ni podemos controlar c\u00f3mo la usan esas redes.<\/p>\n<p>Por lo tanto, las redes sociales podr\u00edan saber que est\u00e1s visitando este sitio web si usas sus servicios. (Esto no significa que lo sepan, pero sus pol\u00edticas pueden cambiar).<\/p>\n<h4>Si te registras en un servicio<\/h4>\n<p>Cuando usted se registra en cualquiera de nuestros servicios (por ejemplo, al suscribirse a la lista de correo), registraremos informaci\u00f3n personal espec\u00edfica sobre usted, como su nombre y direcci\u00f3n de correo electr\u00f3nico.<\/p>\n<h4>Correos electr\u00f3nicos<\/h4>\n<p>Podr\u00edamos enviarle notificaciones por correo electr\u00f3nico que haya solicitado espec\u00edficamente (como boletines informativos o notificaciones). Puede cancelar su suscripci\u00f3n a estas comunicaciones en cualquier momento.<\/p>\n<p>Nunca proporcionaremos su informaci\u00f3n personal ni su direcci\u00f3n de correo electr\u00f3nico a terceros, excepto cuando sean empleados espec\u00edficamente para ayudarnos a brindar nuestros propios servicios, como se detalla anteriormente.<\/p>\n<h4>Seguridad<\/h4>\n<p>Tomamos numerosas precauciones para evitar la p\u00e9rdida, el uso indebido o la alteraci\u00f3n de su informaci\u00f3n personal. Estas precauciones incluyen:<\/p>\n<ul>\n<li>Uso de cifrado SSL para todo el contenido de la p\u00e1gina y cualquier dato recopilado<\/li>\n<li>Hardware almacenado en centros de datos seguros detr\u00e1s de firewalls<\/li>\n<li>Todo acceso a la informaci\u00f3n restringido mediante contrase\u00f1a y\/o clave segura<\/li>\n<li>Restricciones a la informaci\u00f3n a la que se puede acceder desde cualquier ubicaci\u00f3n<\/li>\n<\/ul>\n<p>Si bien tomamos grandes precauciones para garantizar que toda la informaci\u00f3n confidencial permanezca protegida, no podemos garantizar la seguridad de los datos enviados a trav\u00e9s de Internet.<\/p>\n<p>Si, durante el uso de este sitio web, se le solicita crear una cuenta de usuario, tenga en cuenta que es responsable de mantener la confidencialidad de su contrase\u00f1a y datos de usuario. Nunca le pediremos su contrase\u00f1a, as\u00ed que no conf\u00ede en nadie que se la pida.<\/p>\n<h4>B\u00fasqueda de datos<\/h4>\n<p>Hacemos uso de varios terceros <a href=\"https:\/\/en.wikipedia.org\/wiki\/API\" target=\"_blank\" rel=\"noopener\">API<\/a> En este sitio web para realizar ciertas tareas. Por ejemplo, utilizamos la API de Sendinblue para procesar suscripciones a listas de correo.<\/p>\n<h4>Tus datos<\/h4>\n<p>Sus datos le pertenecen. Si en alg\u00fan momento desea solicitar una copia de sus datos o que los eliminemos de nuestro sistema, puede hacerlo. <a href=\"https:\/\/gcf.community\/es\/data-protection\/\">aqu\u00ed<\/a>.<\/p>\n<h4>Actualizaciones de esta pol\u00edtica<\/h4>\n<p>Podemos actualizar esta pol\u00edtica de privacidad peri\u00f3dicamente, especialmente a medida que la tecnolog\u00eda cambia. Siempre puede consultar esta p\u00e1gina para ver la versi\u00f3n m\u00e1s reciente. Tambi\u00e9n podemos notificarle los cambios en nuestra pol\u00edtica de privacidad por correo electr\u00f3nico.<\/p>\n<h4>Contactarnos<\/h4>\n<p>Si tiene alguna pregunta sobre esta pol\u00edtica de privacidad, por favor\u00a0<a href=\"https:\/\/gcf.community\/es\/contact\/\">Cont\u00e1ctanos<\/a>.<\/p>","protected":false},"excerpt":{"rendered":"<p>Privacidad. La privacidad es importante, pero puede ser confusa. Esta p\u00e1gina explica nuestra pol\u00edtica de privacidad y c\u00f3mo te afecta. Versi\u00f3n corta: Recopilamos estad\u00edsticas an\u00f3nimas sobre tu visita, como cu\u00e1les de nuestras p\u00e1ginas visitaste. Algunos terceros, como Facebook, podr\u00edan saber que visitaste este sitio web si utilizas sus servicios. No podemos controlar... <a title=\"Privacidad\" class=\"read-more\" href=\"https:\/\/gcf.community\/es\/privacy\/\" aria-label=\"Leer m\u00e1s sobre Privacidad\">Leer m\u00e1s<\/a><\/p>","protected":false},"author":1,"featured_media":0,"parent":0,"menu_order":0,"comment_status":"closed","ping_status":"closed","template":"","meta":{"_acf_changed":false,"_seopress_robots_primary_cat":"","_seopress_titles_title":"","_seopress_titles_desc":"","_seopress_robots_index":"","footnotes":"","_links_to":"","_links_to_target":""},"categories":[],"class_list":["post-311","page","type-page","status-publish"],"acf":[],"_links":{"self":[{"href":"https:\/\/gcf.community\/es\/wp-json\/wp\/v2\/pages\/311","targetHints":{"allow":["GET"]}}],"collection":[{"href":"https:\/\/gcf.community\/es\/wp-json\/wp\/v2\/pages"}],"about":[{"href":"https:\/\/gcf.community\/es\/wp-json\/wp\/v2\/types\/page"}],"author":[{"embeddable":true,"href":"https:\/\/gcf.community\/es\/wp-json\/wp\/v2\/users\/1"}],"replies":[{"embeddable":true,"href":"https:\/\/gcf.community\/es\/wp-json\/wp\/v2\/comments?post=311"}],"version-history":[{"count":1,"href":"https:\/\/gcf.community\/es\/wp-json\/wp\/v2\/pages\/311\/revisions"}],"predecessor-version":[{"id":3227,"href":"https:\/\/gcf.community\/es\/wp-json\/wp\/v2\/pages\/311\/revisions\/3227"}],"wp:attachment":[{"href":"https:\/\/gcf.community\/es\/wp-json\/wp\/v2\/media?parent=311"}],"wp:term":[{"taxonomy":"category","embeddable":true,"href":"https:\/\/gcf.community\/es\/wp-json\/wp\/v2\/categories?post=311"}],"curies":[{"name":"wp","href":"https:\/\/api.w.org\/{rel}","templated":true}]}}