{"id":2952,"date":"2024-11-01T20:59:58","date_gmt":"2024-11-01T20:59:58","guid":{"rendered":"https:\/\/gcf.community\/?page_id=2952"},"modified":"2024-11-01T21:24:38","modified_gmt":"2024-11-01T21:24:38","slug":"survey","status":"publish","type":"page","link":"https:\/\/gcf.community\/es\/campaigns\/families-on-mission\/survey\/","title":{"rendered":"Survey"},"content":{"rendered":"<h1>\n\t\tEncuesta de Familias en Misi\u00f3n\n\t<\/h1>\n\t<p>Estar\u00edamos muy agradecidos si pudiera completar la encuesta a continuaci\u00f3n para brindarnos su opini\u00f3n sobre Familias en Misi\u00f3n.<\/p>\n<p>Muchas gracias.<\/p>\n\t<form action=\"https:\/\/gcf.community\/es\/wp-json\/ws-form\/v1\/submit\" class=\"wsf-form wsf-form-canvas\" id=\"ws-form-1\" data-id=\"45\" method=\"POST\" data-instance-id=\"1\" data-wsf-style-id=\"1\" data-trp-original-action=\"https:\/\/gcf.community\/es\/wp-json\/ws-form\/v1\/submit\"><input type=\"hidden\" name=\"trp-form-language\" value=\"es\"\/><\/form>","protected":false},"excerpt":{"rendered":"<p>Families on Mission Survey We would be very grateful if you could complete the survey below to give your input on Families on Mission. Thank you so much.<\/p>","protected":false},"author":1,"featured_media":0,"parent":1656,"menu_order":0,"comment_status":"closed","ping_status":"closed","template":"","meta":{"_acf_changed":false,"_seopress_robots_primary_cat":"","_seopress_titles_title":"","_seopress_titles_desc":"","_seopress_robots_index":"","footnotes":"","_links_to":"","_links_to_target":""},"categories":[],"class_list":["post-2952","page","type-page","status-publish"],"acf":[],"_links":{"self":[{"href":"https:\/\/gcf.community\/es\/wp-json\/wp\/v2\/pages\/2952","targetHints":{"allow":["GET"]}}],"collection":[{"href":"https:\/\/gcf.community\/es\/wp-json\/wp\/v2\/pages"}],"about":[{"href":"https:\/\/gcf.community\/es\/wp-json\/wp\/v2\/types\/page"}],"author":[{"embeddable":true,"href":"https:\/\/gcf.community\/es\/wp-json\/wp\/v2\/users\/1"}],"replies":[{"embeddable":true,"href":"https:\/\/gcf.community\/es\/wp-json\/wp\/v2\/comments?post=2952"}],"version-history":[{"count":4,"href":"https:\/\/gcf.community\/es\/wp-json\/wp\/v2\/pages\/2952\/revisions"}],"predecessor-version":[{"id":2963,"href":"https:\/\/gcf.community\/es\/wp-json\/wp\/v2\/pages\/2952\/revisions\/2963"}],"up":[{"embeddable":true,"href":"https:\/\/gcf.community\/es\/wp-json\/wp\/v2\/pages\/1656"}],"wp:attachment":[{"href":"https:\/\/gcf.community\/es\/wp-json\/wp\/v2\/media?parent=2952"}],"wp:term":[{"taxonomy":"category","embeddable":true,"href":"https:\/\/gcf.community\/es\/wp-json\/wp\/v2\/categories?post=2952"}],"curies":[{"name":"wp","href":"https:\/\/api.w.org\/{rel}","templated":true}]}}