{"id":2840,"date":"2024-10-21T14:13:57","date_gmt":"2024-10-21T13:13:57","guid":{"rendered":"https:\/\/gcf.community\/?page_id=2840"},"modified":"2024-10-22T14:18:08","modified_gmt":"2024-10-22T13:18:08","slug":"getting-ai-apps-set-up","status":"publish","type":"page","link":"https:\/\/gcf.community\/es\/events\/max7-ai-academy\/ai-manual\/getting-ai-apps-set-up\/","title":{"rendered":"Configuraci\u00f3n de aplicaciones de IA"},"content":{"rendered":"<button tabindex=\"0\" aria-label=\"Men\u00fa\">\n\t\t\t\t\t\t\t<\/button>\n\t<nav aria-label=\"AI\" itemscope=\"itemscope\" itemtype=\"https:\/\/schema.org\/SiteNavigationElement\">\n\t\t<ul id=\"menu-ai\"><li id=\"menu-item-2607\"><a href=\"https:\/\/gcf.community\/es\/events\/max7-ai-academy\/\">Academia de IA Max7<\/a><\/li><li id=\"menu-item-2604\"><a href=\"https:\/\/gcf.community\/es\/events\/max7-ai-academy\/dates-times\/\">Fechas \/ Horarios<\/a><\/li><li id=\"menu-item-2603\"><a href=\"https:\/\/gcf.community\/es\/events\/max7-ai-academy\/info-updates\/\">Actualizaciones de informaci\u00f3n<\/a><\/li><li id=\"menu-item-2606\"><a href=\"https:\/\/gcf.community\/es\/events\/max7-ai-academy\/faqs\/\">Preguntas frecuentes<\/a><\/li><li id=\"menu-item-2797\"><a href=\"https:\/\/gcf.community\/es\/events\/max7-ai-academy\/ai-glossary\/\">Glosario de IA<\/a><\/li><li id=\"menu-item-2798\"><a href=\"https:\/\/gcf.community\/es\/events\/max7-ai-academy\/tools\/\">Herramientas<\/a><\/li><li id=\"menu-item-2796\"><a href=\"https:\/\/gcf.community\/es\/events\/max7-ai-academy\/ai-manual\/\">Manual de IA<\/a><ul>\t<li id=\"menu-item-2866\"><a href=\"https:\/\/gcf.community\/es\/events\/max7-ai-academy\/ai-manual\/introduction\/\">Introducci\u00f3n<\/a><\/li>\t<li id=\"menu-item-2865\"><a href=\"https:\/\/gcf.community\/es\/events\/max7-ai-academy\/ai-manual\/what-is-ai\/\">\u00bfQu\u00e9 es la IA?<\/a><\/li>\t<li id=\"menu-item-2864\"><a href=\"https:\/\/gcf.community\/es\/events\/max7-ai-academy\/ai-manual\/ai-and-ministry-leaders\/\">IA y l\u00edderes ministeriales<\/a><\/li>\t<li id=\"menu-item-2863\"><a href=\"https:\/\/gcf.community\/es\/events\/max7-ai-academy\/ai-manual\/getting-ai-apps-set-up\/\" aria-current=\"page\">Configuraci\u00f3n de aplicaciones de IA<\/a><\/li>\t<li id=\"menu-item-2924\"><a href=\"https:\/\/gcf.community\/es\/events\/max7-ai-academy\/ai-manual\/types-of-prompts\/\">Tipos de indicaciones<\/a><\/li><\/ul><\/li><li id=\"menu-item-2795\"><a href=\"https:\/\/gcf.community\/es\/events\/max7-ai-academy\/videos\/\">V\u00eddeos<\/a><\/li><li id=\"menu-item-2825\"><a href=\"https:\/\/ai-academy.max7.org\/\">Academia de IA en Max7<\/a><\/li><\/ul>\n\t\t\t<\/nav>\n<h1>\n\t\tConfiguraci\u00f3n de aplicaciones de IA\n\t<\/h1>\n<h2>\n\t\tIntroducci\u00f3n\n\t<\/h2>\n\t<p>Nos gustar\u00eda ense\u00f1arte a usar la IA. Muchas de las aplicaciones que compartimos son gratuitas. Es importante que aprendas a acceder y configurar las aplicaciones de IA que quieras usar para que la capacitaci\u00f3n sea \u00fatil y pr\u00e1ctica.<\/p>\n<h2>\n\t\tConfigurar un chatbot\n\t<\/h2>\n\t<h3>\u00bfQu\u00e9 es un Chatbot?<\/h3>\n<p>Los chatbots est\u00e1n dise\u00f1ados para imitar la conversaci\u00f3n humana. El software est\u00e1 programado para permitir una conversaci\u00f3n bidireccional. Esto puede consistir en hacer o responder preguntas, ofrecer soluciones y resolver problemas. Los chatbots existen en modelos de texto y voz.<\/p>\n<h3>\u00bfQu\u00e9 pueden hacer los chatbots?<\/h3>\n<p>Los chatbots pueden ofrecer soluciones sencillas a los clientes en un sitio web y luego derivarlos a un agente humano cuando alcanzan el l\u00edmite de su capacidad de programaci\u00f3n. Sin embargo, pueden proporcionar respuestas mucho m\u00e1s complejas, como los que veremos en nuestros tutoriales y en Zoom. Podemos usarlos como ayudantes de redacci\u00f3n o editores de texto, como colaboradores de investigaci\u00f3n, como equipo de lluvia de ideas\u2026 \u00a1Sus aplicaciones son infinitas!<\/p>\n<h3>Configuraci\u00f3n de ChatGPT<\/h3>\n<ol>\n<li>Ir a <a href=\"https:\/\/chatgpt.com\/\" target=\"_blank\" rel=\"noopener\">https:\/\/chatgpt.com\/<\/a> y completa el proceso de registro o inicio de sesi\u00f3n. Descarga la aplicaci\u00f3n si planeas trabajar sin conexi\u00f3n.<\/li>\n<li>Una vez que haya iniciado sesi\u00f3n (puede usar su cuenta de Google, Microsoft, etc.), ver\u00e1 la barra de indicaciones, que parece una barra de b\u00fasqueda; ah\u00ed es donde puede escribir o pegar sus indicaciones.<\/li>\n<li>A la izquierda de la p\u00e1gina, ver\u00e1s el t\u00edtulo de tu primer mensaje. Si quieres iniciar un nuevo hilo de mensajes, haz clic en el icono de L\u00e1piz sobre Papel para abrir un nuevo tema de chat.<\/li>\n<li>ChatGPT guardar\u00e1 tus hilos de chat y les dar\u00e1 un t\u00edtulo \u00fatil y l\u00f3gico para que puedas identificarlos f\u00e1cilmente para usarlos nuevamente m\u00e1s tarde.<\/li>\n<li>Si usa ChatGPT sin iniciar sesi\u00f3n, ninguno de sus trabajos se guardar\u00e1 para su uso posterior.<\/li>\n<\/ol>\n<h3>Configuraci\u00f3n de Google Gemini<\/h3>\n<p>Google Gemini tambi\u00e9n es gratuito. Visita <a href=\"https:\/\/gemini.google.com\/\" target=\"_blank\" rel=\"noopener\">https:\/\/gemini.google.com\/<\/a> y iniciar sesi\u00f3n.<\/p>\n<h2>\n\t\tIntroducci\u00f3n al arte generativo\n\t<\/h2>\n        <p>El arte generativo de IA es una imagen creada por un programa de computadora que utiliza inteligencia artificial.<\/p>    \n\t<p>La computadora se entrena con una gran cantidad de datos de arte existente o puede crear arte nuevo desde cero. El arte generativo con IA permite crear diversos tipos de arte, como pinturas, dibujos, dise\u00f1o gr\u00e1fico, logotipos, esculturas y m\u00e1s.<\/p>\n<h3>Configuraci\u00f3n de Microsoft Designer<\/h3>\n<p>Hay sitios web de AI Art m\u00e1s avanzados en la parte posterior. Hemos usado Microsoft Designer porque es un punto de partida sencillo (o prueba Adobe Firefly). <a href=\"https:\/\/firefly.adobe.com\/\" target=\"_blank\" rel=\"noopener\">https:\/\/firefly.adobe.com\/<\/a>):<\/p>\n<ol>\n<li>Vaya a Microsoft Designer <a href=\"https:\/\/designer.microsoft.com\/\" target=\"_blank\" rel=\"noopener\">https:\/\/designer.microsoft.com\/<\/a><\/li>\n<li>Inicie sesi\u00f3n con su cuenta Microsoft.<\/li>\n<li>Busque \u201cCreador de im\u00e1genes\u201d.<\/li>\n<li>Escriba una indicaci\u00f3n o pregunta en el cuadro de texto.<\/li>\n<li>Haga clic en el bot\u00f3n \u201cGenerar\u201d.<\/li>\n<li>El dise\u00f1ador generar\u00e1 una imagen bas\u00e1ndose en su solicitud.<\/li>\n<\/ol>\n<p>Luego puedes guardar la imagen y usarla en tus recursos.<\/p>\n<h2>\n\t\tOtras aplicaciones de IA\n\t<\/h2>\n\t<p>M\u00e1s adelante en el manual analizaremos los videos, la m\u00fasica y la animaci\u00f3n de IA y c\u00f3mo acceder a ellos.<\/p>\n<p>Tambi\u00e9n puedes hacer clic <a href=\"https:\/\/gcf.community\/es\/events\/max7-ai-academy\/tools\/\">aqu\u00ed<\/a> Para una lista creciente de herramientas de IA y c\u00f3mo encontrarlas, tambi\u00e9n puedes a\u00f1adir tus sugerencias.<\/p>\n\t<a href=\"https:\/\/gcf.community\/es\/events\/max7-ai-academy\/ai-manual\/ai-and-ministry-leaders\/\" target=\"_self\" role=\"button\" aria-label=\"ANTERIOR\" rel=\"noopener\">\n\t\t\t\t\t\tANTERIOR\n\t\t\t\t\t<\/a>\n\t<a href=\"https:\/\/gcf.community\/es\/events\/max7-ai-academy\/ai-manual\/types-of-prompts\/\" target=\"_self\" role=\"button\" aria-label=\"PR\u00d3XIMO\" rel=\"noopener\">\n\t\t\t\t\t\tPR\u00d3XIMO\n\t\t\t<\/a>","protected":false},"excerpt":{"rendered":"<p>Academia de IA Max7 Fechas\/Horarios Informaci\u00f3n Actualizaciones Preguntas frecuentes Glosario de IA Herramientas Manual de IA Introducci\u00f3n \u00bfQu\u00e9 es la IA? IA y l\u00edderes ministeriales Obtener aplicaciones de IA Configuraci\u00f3n Tipos de indicaciones Videos Academia de IA en Max7 Obtener aplicaciones de IA Configuraci\u00f3n Introducci\u00f3n Nos gustar\u00eda ense\u00f1arte a usar la IA. Muchas de las aplicaciones\u2026 <a title=\"Configuraci\u00f3n de aplicaciones de IA\" class=\"read-more\" href=\"https:\/\/gcf.community\/es\/events\/max7-ai-academy\/ai-manual\/getting-ai-apps-set-up\/\" aria-label=\"Leer m\u00e1s sobre C\u00f3mo configurar aplicaciones de IA\">Leer m\u00e1s<\/a><\/p>","protected":false},"author":1,"featured_media":0,"parent":2632,"menu_order":0,"comment_status":"closed","ping_status":"closed","template":"","meta":{"_acf_changed":false,"_seopress_robots_primary_cat":"","_seopress_titles_title":"","_seopress_titles_desc":"","_seopress_robots_index":"","footnotes":"","_links_to":"","_links_to_target":""},"categories":[],"class_list":["post-2840","page","type-page","status-publish"],"acf":[],"_links":{"self":[{"href":"https:\/\/gcf.community\/es\/wp-json\/wp\/v2\/pages\/2840","targetHints":{"allow":["GET"]}}],"collection":[{"href":"https:\/\/gcf.community\/es\/wp-json\/wp\/v2\/pages"}],"about":[{"href":"https:\/\/gcf.community\/es\/wp-json\/wp\/v2\/types\/page"}],"author":[{"embeddable":true,"href":"https:\/\/gcf.community\/es\/wp-json\/wp\/v2\/users\/1"}],"replies":[{"embeddable":true,"href":"https:\/\/gcf.community\/es\/wp-json\/wp\/v2\/comments?post=2840"}],"version-history":[{"count":6,"href":"https:\/\/gcf.community\/es\/wp-json\/wp\/v2\/pages\/2840\/revisions"}],"predecessor-version":[{"id":2927,"href":"https:\/\/gcf.community\/es\/wp-json\/wp\/v2\/pages\/2840\/revisions\/2927"}],"up":[{"embeddable":true,"href":"https:\/\/gcf.community\/es\/wp-json\/wp\/v2\/pages\/2632"}],"wp:attachment":[{"href":"https:\/\/gcf.community\/es\/wp-json\/wp\/v2\/media?parent=2840"}],"wp:term":[{"taxonomy":"category","embeddable":true,"href":"https:\/\/gcf.community\/es\/wp-json\/wp\/v2\/categories?post=2840"}],"curies":[{"name":"wp","href":"https:\/\/api.w.org\/{rel}","templated":true}]}}