{"id":2836,"date":"2024-10-21T14:13:23","date_gmt":"2024-10-21T13:13:23","guid":{"rendered":"https:\/\/gcf.community\/?page_id=2836"},"modified":"2024-10-21T21:37:48","modified_gmt":"2024-10-21T20:37:48","slug":"ai-and-ministry-leaders","status":"publish","type":"page","link":"https:\/\/gcf.community\/es\/events\/max7-ai-academy\/ai-manual\/ai-and-ministry-leaders\/","title":{"rendered":"IA y l\u00edderes ministeriales"},"content":{"rendered":"<button tabindex=\"0\" aria-label=\"Men\u00fa\">\n\t\t\t\t\t\t\t<\/button>\n\t<nav aria-label=\"AI\" itemscope=\"itemscope\" itemtype=\"https:\/\/schema.org\/SiteNavigationElement\">\n\t\t<ul id=\"menu-ai\"><li id=\"menu-item-2607\"><a href=\"https:\/\/gcf.community\/es\/events\/max7-ai-academy\/\">Academia de IA Max7<\/a><\/li><li id=\"menu-item-2604\"><a href=\"https:\/\/gcf.community\/es\/events\/max7-ai-academy\/dates-times\/\">Fechas \/ Horarios<\/a><\/li><li id=\"menu-item-2603\"><a href=\"https:\/\/gcf.community\/es\/events\/max7-ai-academy\/info-updates\/\">Actualizaciones de informaci\u00f3n<\/a><\/li><li id=\"menu-item-2606\"><a href=\"https:\/\/gcf.community\/es\/events\/max7-ai-academy\/faqs\/\">Preguntas frecuentes<\/a><\/li><li id=\"menu-item-2797\"><a href=\"https:\/\/gcf.community\/es\/events\/max7-ai-academy\/ai-glossary\/\">Glosario de IA<\/a><\/li><li id=\"menu-item-2798\"><a href=\"https:\/\/gcf.community\/es\/events\/max7-ai-academy\/tools\/\">Herramientas<\/a><\/li><li id=\"menu-item-2796\"><a href=\"https:\/\/gcf.community\/es\/events\/max7-ai-academy\/ai-manual\/\">Manual de IA<\/a><ul>\t<li id=\"menu-item-2866\"><a href=\"https:\/\/gcf.community\/es\/events\/max7-ai-academy\/ai-manual\/introduction\/\">Introducci\u00f3n<\/a><\/li>\t<li id=\"menu-item-2865\"><a href=\"https:\/\/gcf.community\/es\/events\/max7-ai-academy\/ai-manual\/what-is-ai\/\">\u00bfQu\u00e9 es la IA?<\/a><\/li>\t<li id=\"menu-item-2864\"><a href=\"https:\/\/gcf.community\/es\/events\/max7-ai-academy\/ai-manual\/ai-and-ministry-leaders\/\" aria-current=\"page\">IA y l\u00edderes ministeriales<\/a><\/li>\t<li id=\"menu-item-2863\"><a href=\"https:\/\/gcf.community\/es\/events\/max7-ai-academy\/ai-manual\/getting-ai-apps-set-up\/\">Configuraci\u00f3n de aplicaciones de IA<\/a><\/li><\/ul><\/li><li id=\"menu-item-2795\"><a href=\"https:\/\/gcf.community\/es\/events\/max7-ai-academy\/videos\/\">V\u00eddeos<\/a><\/li><li id=\"menu-item-2825\"><a href=\"https:\/\/www.max7.org\/en\/resource\/aiacademy\">Academia de IA en Max7<\/a><\/li><\/ul>\n\t\t\t<\/nav>\n<h1>\n\t\tIA y l\u00edderes ministeriales\n\t<\/h1>\n<h2>\n\t\t\u00bfPor qu\u00e9 deber\u00eda utilizar IA en el ministerio b\u00edblico?\n\t<\/h2>\n\t<p>Quiz\u00e1s hayas venido a esta Academia de IA para descubrir por qu\u00e9 y c\u00f3mo la IA es \u00fatil en el \u00e1mbito ministerial. Muchas herramientas de IA son nuevas, e incluso quienes las desarrollan a\u00fan no han descubierto todo lo que pueden hacer. Existe mucho temor a que la IA ocupe puestos de trabajo, destruya la creatividad humana, se utilice para crear videos falsos e incluso se apodere del mundo.<\/p>\n<p>Por lo tanto, preguntar qu\u00e9 papel desempe\u00f1a en un ministerio centrado en Jes\u00fas es una pregunta especialmente v\u00e1lida.<\/p>\n<p>Para los l\u00edderes ministeriales, la IA ofrece nuevas maneras de servir a las comunidades, difundir el Evangelio y promover la obra de Dios. La IA puede ayudar en todo, desde automatizar tareas administrativas hasta generar nuevas ideas para el ministerio y la difusi\u00f3n, lo que permite dedicar m\u00e1s tiempo al discipulado y a la conexi\u00f3n personal.<\/p>\n<p>Sin embargo, como cualquier herramienta, debe abordarse con discernimiento y sabidur\u00eda. La IA puede ayudar en gran medida, pero es un servidor, no el amo. Abordaremos algunos de estos temas en un cap\u00edtulo posterior de este manual.<\/p>\n<h3>Algunas cosas nunca cambian<\/h3>\n<p>Podemos considerar qu\u00e9 es el ministerio y cu\u00e1les creemos que son los cimientos inmutables de nuestra vida de servicio y fe. Esto es lo que creemos:<\/p>\n<ul>\n<li>La Palabra de Dios nunca cambia. \u00abTu palabra, Se\u00f1or, es eterna; permanece firme en los cielos\u00bb. Salmo 119:89 (NVI)<\/li>\n<li>La Buena Nueva (el evangelio) de Jes\u00fas nunca cambia. \u00abJesucristo es el mismo ayer, hoy y por los siglos\u00bb. Hebreos 13:8 (NVI)<\/li>\n<li>El mandato y la comisi\u00f3n de Jes\u00fas es amar a Dios, amar a los dem\u00e1s y hacer disc\u00edpulos, cada uno de los cuales tiene que ver con las personas y las relaciones.<\/li>\n<li>Jes\u00fas vivi\u00f3, muri\u00f3 y resucit\u00f3 por la gente.<\/li>\n<\/ul>\n<p>Podr\u00edamos a\u00f1adir m\u00e1s, pero este es un comienzo \u00fatil.<\/p>\n<p>Entonces, \u00bfqu\u00e9 papel desempe\u00f1a la IA en nuestro ministerio? \u2026 \u00bfal obedecer el Gran Mandamiento y permitirnos participar plenamente en la Gran Comisi\u00f3n?<\/p>\n<h3>\u00bfQu\u00e9 nos puede ense\u00f1ar la historia?<\/h3>\n<p>A lo largo de la historia, la tecnolog\u00eda y la innovaci\u00f3n han desempe\u00f1ado papeles importantes en el plan de salvaci\u00f3n de Dios.<\/p>\n\t\t\t\t<img loading=\"lazy\" decoding=\"async\" src=\"https:\/\/gcf.community\/wp-content\/uploads\/2024\/10\/ai-blue.png\" alt=\"ai blue\" itemprop=\"image\" height=\"87\" width=\"81\" title=\"azul ai\" onerror=\"this.style.display='none'\"  \/>\n\t<p><strong>Idea de aviso<\/strong>:Preg\u00fantele a ChatGPT: \u00bfPuede enumerar inventos o innovaciones clave desde el tiempo de Jes\u00fas hasta hoy que han marcado una diferencia significativa en la misi\u00f3n positiva de la iglesia?<\/p>\n\t<p>Quiz\u00e1s descubras que la misi\u00f3n de Jes\u00fas se ha beneficiado de:<\/p>\n<ul>\n<li><strong>El C\u00f3dice<\/strong> \u2013 La adopci\u00f3n de una nueva innovaci\u00f3n romana: los c\u00f3dices (o codex, pergaminos que se encuadernaban como libros) para difundir las Escrituras en los siglos I y II.<\/li>\n<li><strong>Papel<\/strong> \u2013 un invento chino tra\u00eddo a Europa en el siglo XII y utilizado para difundir la literatura cristiana.<\/li>\n<li><strong>La imprenta<\/strong> La invenci\u00f3n de la imprenta por Johannes Gutenberg en 1440 revolucion\u00f3 la capacidad de la Iglesia para difundir la Biblia y la literatura cristiana. La producci\u00f3n masiva de Biblias (en particular, la Biblia de Gutenberg) facilit\u00f3 el acceso generalizado a las Escrituras, impulsando la Reforma y la educaci\u00f3n generalizada.<\/li>\n<\/ul>\n<p>A lo largo de la historia, cada nueva innovaci\u00f3n tecnol\u00f3gica (por ejemplo, el transporte m\u00e1s r\u00e1pido, el peri\u00f3dico, el tel\u00e9fono, los aviones, la radio, el cine, la televisi\u00f3n, las computadoras, internet y los tel\u00e9fonos m\u00f3viles) ha sido utilizada por los seguidores de Jes\u00fas para llevar a cabo su labor de servicio. Cada tecnolog\u00eda puede contribuir al bien com\u00fan y, lamentablemente, puede utilizarse para promover el mal.<\/p>\n<p>La IA es otra tecnolog\u00eda en esta extensa l\u00ednea que puede asistir en las tareas ministeriales. No elimina la necesidad de que los humanos hagan lo que solo ellos pueden hacer. Puede ayudar a agilizar y simplificar ciertas tareas, dejando m\u00e1s tiempo para las relaciones y el ministerio. Pero, como descubrir\u00e1s en esta Academia de IA, hay muchas cosas que la IA puede hacer y que podr\u00edan serte \u00fatiles.<\/p>\n<h2>\n\t\t\u00bfQu\u00e9 puede hacer la IA para ayudarme con el ministerio?\n\t<\/h2>\n\t<p>Para los l\u00edderes ministeriales, la Biblia es la herramienta m\u00e1s importante que tenemos y la \u00daNICA herramienta necesaria para lograr los prop\u00f3sitos de Dios. Sin embargo, la IA es como un miembro m\u00e1s del equipo con habilidades que podr\u00edan ser \u00fatiles. Imagina tener un miembro del equipo que pudiera ayudarte:<\/p>\n<div id=\"footable_parent_2893\"\n         class=\"footable_parent ninja_table_wrapper loading_ninja_table wp_table_data_press_parent semantic_ui\">\n                <table data-ninja_table_instance=\"ninja_table_instance_0\" data-footable_id=\"2893\" data-filter-delay=\"1000\" aria-label=\"Manual T5 de la AIA\"            id=\"footable_2893\"\n           data-unique_identifier=\"ninja_table_unique_id_1965238605_2893\"\n           class=\"foo-table ninja_footable foo_table_2893 ninja_table_unique_id_1965238605_2893 ui table  nt_type_legacy_table selectable striped vertical_centered  footable-paging-right ninjatable_hide_header_row ninja_table_search_disabled ninja_table_pro\">\n                <colgroup>\n                            <col class=\"ninja_column_0\">\n                            <col class=\"ninja_column_1\">\n                    <\/colgroup>\n        <thead>\n<tr class=\"footable-header\">\n                                        <th scope=\"col\"  class=\"ninja_column_0 ninja_clmn_nm_1\">1<\/th><th scope=\"col\"  class=\"ninja_column_1 ninja_clmn_nm_2\">2<\/th><\/tr>\n<\/thead>\n<tbody>\n\n        <tr data-row_id=\"62\" class=\"ninja_table_row_0 nt_row_id_62\">\n            <td>Lluvia de ideas para tus charlas<\/td><td>Explicar cu\u00e1les son las palabras griegas originales en un pasaje de la Biblia y qu\u00e9 significan.<\/td>        <\/tr>\n            <tr data-row_id=\"63\" class=\"ninja_table_row_1 nt_row_id_63\">\n            <td>Dise\u00f1o de im\u00e1genes y obras de arte<\/td><td>Traducir texto o v\u00eddeo<\/td>        <\/tr>\n            <tr data-row_id=\"64\" class=\"ninja_table_row_2 nt_row_id_64\">\n            <td>Leer documentos largos y darle un resumen simple<\/td><td>Elabora un programa de campamento para 3, 5 o 10 d\u00edas (los que necesites)<\/td>        <\/tr>\n            <tr data-row_id=\"65\" class=\"ninja_table_row_3 nt_row_id_65\">\n            <td>Grabar reuniones y redactar el resumen<\/td><td>Ayudarle a planificar la comunicaci\u00f3n con los padres.<\/td>        <\/tr>\n            <tr data-row_id=\"66\" class=\"ninja_table_row_4 nt_row_id_66\">\n            <td>Crea una canci\u00f3n con la letra que escribiste basada en tu charla.<\/td><td>Leer un documento legal y explicarlo en un lenguaje sencillo<\/td>        <\/tr>\n            <tr data-row_id=\"67\" class=\"ninja_table_row_5 nt_row_id_67\">\n            <td>Toma tu escrito y corr\u00edgelo, simplif\u00edcalo, ed\u00edtalo y termina tu escritura.<\/td><td>Explica un concepto complejo o un tema que no est\u00e1s seguro de c\u00f3mo comunicar con palabras que un ni\u00f1o de 8 a\u00f1os pueda entender.<\/td>        <\/tr>\n            <tr data-row_id=\"68\" class=\"ninja_table_row_6 nt_row_id_68\">\n            <td>Le ayudar\u00e1 a pensar en preguntas basadas en su serm\u00f3n \/ charla b\u00edblica.<\/td><td>Explicar cu\u00e1les son las palabras griegas originales en un pasaje de la Biblia y qu\u00e9 significan.<\/td>        <\/tr>\n    <\/tbody><!--ninja_tobody_rendering_done-->\n    <\/table>\n    \n    \n    \n<\/div>\n\n<p>\u00a1Esto es solo el comienzo! Todos necesitamos miembros del equipo que nos ayuden a realizar nuestro trabajo. La IA puede ser una bendici\u00f3n en \u00e1reas donde te faltan habilidades, tiempo o ideas.<\/p>\n<h2>\n\t\tEstudio de caso: Im\u00e1genes de IA en una aldea tribal\n\t<\/h2>\n\t<p>El FlashLab Mundial 2023. Durante una de nuestras llamadas de Zoom, un asistente pidi\u00f3 ayuda para crear arte. Estaban implementando una misi\u00f3n para ni\u00f1os y necesitaban obras de arte. El problema era que el artista contratado ya no pod\u00eda realizar el trabajo. No ten\u00edan a nadie m\u00e1s que los ayudara, \u00a1y el tiempo se agotaba!<\/p>\n<p>Utilizando software gratuito (BING image create), se pudieron completar tarjetas did\u00e1cticas importantes para la narraci\u00f3n. Esta fue la forma m\u00e1s pr\u00e1ctica de contar historias en esta cultura. Nuestros alumnos de FlashLab pudieron obtener lo que necesitaban con urgencia para completar su curr\u00edculo y compartirlo en la capacitaci\u00f3n de l\u00edderes.<\/p>\n<p>Adem\u00e1s de llegar a tiempo, estas im\u00e1genes fueron importantes porque:<\/p>\n<ul>\n<li>Se parec\u00edan a los ni\u00f1os de aquellos pueblos.<\/li>\n<li>No se utilizaron fotograf\u00edas de ni\u00f1os vulnerables.<\/li>\n<li>Levantaron a los ni\u00f1os y les reflejaron una imagen positiva de ellos.<\/li>\n<li>El Ministerio pudo disponer de estas im\u00e1genes sin coste alguno.<\/li>\n<\/ul>\n\t\t\t\t<img loading=\"lazy\" decoding=\"async\" src=\"https:\/\/gcf.community\/wp-content\/uploads\/2024\/10\/1.jpg\" alt=\"1\" itemprop=\"image\" height=\"435\" width=\"435\" title=\"1\" onerror=\"this.style.display='none'\"  \/>\n\t\t\t\t<img loading=\"lazy\" decoding=\"async\" src=\"https:\/\/gcf.community\/wp-content\/uploads\/2024\/10\/2.jpg\" alt=\"2\" itemprop=\"image\" height=\"435\" width=\"435\" title=\"2\" onerror=\"this.style.display='none'\"  \/>\n\t\t\t\t<img loading=\"lazy\" decoding=\"async\" src=\"https:\/\/gcf.community\/wp-content\/uploads\/2024\/10\/3.jpg\" alt=\"3\" itemprop=\"image\" height=\"435\" width=\"435\" title=\"3\" onerror=\"this.style.display='none'\"  \/>\n\t\t\t\t<img loading=\"lazy\" decoding=\"async\" src=\"https:\/\/gcf.community\/wp-content\/uploads\/2024\/10\/4.jpg\" alt=\"4\" itemprop=\"image\" height=\"435\" width=\"435\" title=\"4\" onerror=\"this.style.display='none'\"  \/>\n\t<a href=\"https:\/\/gcf.community\/es\/events\/max7-ai-academy\/ai-manual\/what-is-ai\/\" target=\"_self\" role=\"button\" aria-label=\"ANTERIOR\" rel=\"noopener\">\n\t\t\t\t\t\tANTERIOR\n\t\t\t\t\t<\/a>\n\t<a href=\"https:\/\/gcf.community\/es\/events\/max7-ai-academy\/ai-manual\/getting-ai-apps-set-up\/\" target=\"_self\" role=\"button\" aria-label=\"PR\u00d3XIMO\" rel=\"noopener\">\n\t\t\t\t\t\tPR\u00d3XIMO\n\t\t\t<\/a>","protected":false},"excerpt":{"rendered":"<p>Academia de IA Max7 Fechas\/Horarios Informaci\u00f3n Actualizaciones Preguntas frecuentes Glosario de IA Herramientas Manual de IA Introducci\u00f3n \u00bfQu\u00e9 es la IA? IA y l\u00edderes ministeriales Obtener aplicaciones de IA Configurar Videos Academia de IA en Max7 IA y l\u00edderes ministeriales \u00bfPor qu\u00e9 usar la IA en el ministerio b\u00edblico? Quiz\u00e1s hayas venido a esta Academia de IA para descubrir por qu\u00e9\u2026 <a title=\"IA y l\u00edderes ministeriales\" class=\"read-more\" href=\"https:\/\/gcf.community\/es\/events\/max7-ai-academy\/ai-manual\/ai-and-ministry-leaders\/\" aria-label=\"Leer m\u00e1s sobre IA y l\u00edderes ministeriales\">Leer m\u00e1s<\/a><\/p>","protected":false},"author":1,"featured_media":0,"parent":2632,"menu_order":0,"comment_status":"closed","ping_status":"closed","template":"","meta":{"_acf_changed":false,"_seopress_robots_primary_cat":"","_seopress_titles_title":"","_seopress_titles_desc":"","_seopress_robots_index":"","footnotes":"","_links_to":"","_links_to_target":""},"categories":[],"class_list":["post-2836","page","type-page","status-publish"],"acf":[],"_links":{"self":[{"href":"https:\/\/gcf.community\/es\/wp-json\/wp\/v2\/pages\/2836","targetHints":{"allow":["GET"]}}],"collection":[{"href":"https:\/\/gcf.community\/es\/wp-json\/wp\/v2\/pages"}],"about":[{"href":"https:\/\/gcf.community\/es\/wp-json\/wp\/v2\/types\/page"}],"author":[{"embeddable":true,"href":"https:\/\/gcf.community\/es\/wp-json\/wp\/v2\/users\/1"}],"replies":[{"embeddable":true,"href":"https:\/\/gcf.community\/es\/wp-json\/wp\/v2\/comments?post=2836"}],"version-history":[{"count":5,"href":"https:\/\/gcf.community\/es\/wp-json\/wp\/v2\/pages\/2836\/revisions"}],"predecessor-version":[{"id":2905,"href":"https:\/\/gcf.community\/es\/wp-json\/wp\/v2\/pages\/2836\/revisions\/2905"}],"up":[{"embeddable":true,"href":"https:\/\/gcf.community\/es\/wp-json\/wp\/v2\/pages\/2632"}],"wp:attachment":[{"href":"https:\/\/gcf.community\/es\/wp-json\/wp\/v2\/media?parent=2836"}],"wp:term":[{"taxonomy":"category","embeddable":true,"href":"https:\/\/gcf.community\/es\/wp-json\/wp\/v2\/categories?post=2836"}],"curies":[{"name":"wp","href":"https:\/\/api.w.org\/{rel}","templated":true}]}}