{"id":2828,"date":"2024-10-21T13:52:37","date_gmt":"2024-10-21T12:52:37","guid":{"rendered":"https:\/\/gcf.community\/?page_id=2828"},"modified":"2024-10-21T21:35:08","modified_gmt":"2024-10-21T20:35:08","slug":"introduction","status":"publish","type":"page","link":"https:\/\/gcf.community\/es\/events\/max7-ai-academy\/ai-manual\/introduction\/","title":{"rendered":"Introducci\u00f3n"},"content":{"rendered":"<button tabindex=\"0\" aria-label=\"Men\u00fa\">\n\t\t\t\t\t\t\t<\/button>\n\t<nav aria-label=\"AI\" itemscope=\"itemscope\" itemtype=\"https:\/\/schema.org\/SiteNavigationElement\">\n\t\t<ul id=\"menu-ai\"><li id=\"menu-item-2607\"><a href=\"https:\/\/gcf.community\/es\/events\/max7-ai-academy\/\">Academia de IA Max7<\/a><\/li><li id=\"menu-item-2604\"><a href=\"https:\/\/gcf.community\/es\/events\/max7-ai-academy\/dates-times\/\">Fechas \/ Horarios<\/a><\/li><li id=\"menu-item-2603\"><a href=\"https:\/\/gcf.community\/es\/events\/max7-ai-academy\/info-updates\/\">Actualizaciones de informaci\u00f3n<\/a><\/li><li id=\"menu-item-2606\"><a href=\"https:\/\/gcf.community\/es\/events\/max7-ai-academy\/faqs\/\">Preguntas frecuentes<\/a><\/li><li id=\"menu-item-2797\"><a href=\"https:\/\/gcf.community\/es\/events\/max7-ai-academy\/ai-glossary\/\">Glosario de IA<\/a><\/li><li id=\"menu-item-2798\"><a href=\"https:\/\/gcf.community\/es\/events\/max7-ai-academy\/tools\/\">Herramientas<\/a><\/li><li id=\"menu-item-2796\"><a href=\"https:\/\/gcf.community\/es\/events\/max7-ai-academy\/ai-manual\/\">Manual de IA<\/a><ul>\t<li id=\"menu-item-2866\"><a href=\"https:\/\/gcf.community\/es\/events\/max7-ai-academy\/ai-manual\/introduction\/\" aria-current=\"page\">Introducci\u00f3n<\/a><\/li>\t<li id=\"menu-item-2865\"><a href=\"https:\/\/gcf.community\/es\/events\/max7-ai-academy\/ai-manual\/what-is-ai\/\">\u00bfQu\u00e9 es la IA?<\/a><\/li>\t<li id=\"menu-item-2864\"><a href=\"https:\/\/gcf.community\/es\/events\/max7-ai-academy\/ai-manual\/ai-and-ministry-leaders\/\">IA y l\u00edderes ministeriales<\/a><\/li>\t<li id=\"menu-item-2863\"><a href=\"https:\/\/gcf.community\/es\/events\/max7-ai-academy\/ai-manual\/getting-ai-apps-set-up\/\">Configuraci\u00f3n de aplicaciones de IA<\/a><\/li><\/ul><\/li><li id=\"menu-item-2795\"><a href=\"https:\/\/gcf.community\/es\/events\/max7-ai-academy\/videos\/\">V\u00eddeos<\/a><\/li><li id=\"menu-item-2825\"><a href=\"https:\/\/www.max7.org\/en\/resource\/aiacademy\">Academia de IA en Max7<\/a><\/li><\/ul>\n\t\t\t<\/nav>\n<h1>\n\t\tIntroducci\u00f3n a la Academia de IA\n\t<\/h1>\n<h2>\n\t\tAcerca de la Academia de IA\n\t<\/h2>\n\t<p>Bienvenido a la Academia Max7 AI 2024. \u00a1Nos alegra mucho que est\u00e9s aqu\u00ed! Te has unido a una comunidad de aprendizaje global \u00fanica y experimental, centrada en c\u00f3mo aprovechar la creatividad que Dios nos ha dado de maneras innovadoras.<\/p>\n<p>La Academia de IA est\u00e1 dise\u00f1ada para emplear la creatividad humana en el proceso de exploraci\u00f3n de la IA. Creemos, y seguimos descubriendo, que se necesita M\u00c1S creatividad para usar la IA eficazmente, no menos. La IA puede realizar ciertas tareas con mayor rapidez y precisi\u00f3n que los humanos. Sin embargo, en muchas tareas de IA, la participaci\u00f3n humana es esencial para definir el alcance de la tarea, verificar los datos, configurar los comandos y garantizar que los resultados sean apropiados para el p\u00fablico objetivo. En muchos sentidos, el cerebro y la creatividad humanos siguen siendo muy superiores a la IA. La IA nos ayuda a descubrir, recordar y utilizar datos\/informaci\u00f3n de la forma en que se lo solicitamos.<\/p>\n<p>\u00a1La combinaci\u00f3n de la creatividad humana y la IA, cuando se utiliza con discernimiento, abre una mir\u00edada de nuevas aplicaciones y posibilidades ministeriales!<\/p>\n        <p>Les espera una gran sorpresa\u2026 la primera es que el MANUAL DE LA ACADEMIA DE IA no est\u00e1 terminado. No porque seamos perezosos, sino porque queremos que USTEDES nos ayuden a terminarlo. Contin\u00faen leyendo para saber m\u00e1s.<\/p>    \n<h2>\n\t\tCelebraci\u00f3n y Adoraci\u00f3n\n\t<\/h2>\n\t<p>Queremos que esta sea una celebraci\u00f3n de la abundante creatividad de los seguidores de Jes\u00fas de todo el mundo. \u00a1Le damos la bienvenida a cualquiera que a\u00fan no conozca a Jes\u00fas y quiera aprender tambi\u00e9n!<\/p>\n<p>El jubiloso Salmo 98 de David captura parte de la esencia de esta Academia, comenzando con:<\/p>\n\t\t\t\t<p>Cantad al Se\u00f1or un c\u00e1ntico nuevo, porque ha hecho maravillas\u2026<\/p>\n\t\t\t\t<h4>Salmo 98:1a (NVI)<\/h4>\n\t<p>Cantaremos nuevas canciones, escribiremos nuevas ideas, crearemos nuevas im\u00e1genes y aprenderemos a crear nuevas animaciones, todo para glorificar a nuestro Dios inmutable. Con estas nuevas habilidades, esperamos que muchas m\u00e1s personas descubran a este Dios maravilloso que nos ama y a quien servimos.<\/p>\n<h2>\n\t\tLa IA es una herramienta\n\t<\/h2>\n        <p>En esta Academia, consideramos que la Inteligencia Artificial (IA) es simplemente una herramienta. Al igual que los inventos que la precedieron, como la imprenta, la computadora, internet y el tel\u00e9fono m\u00f3vil, cada uno puede aprovecharse para fines buenos (y malos).<\/p>    \n\t<p>Esperamos que aprendas nuevas habilidades, comprendas mejor la IA y te animes a probar cosas nuevas. Sobre todo, buscamos animarnos mutuamente a perseverar en la tarea de servir a Jes\u00fas en nuestras familias, iglesias, comunidades, escuelas y lugares de trabajo.<\/p>\n<p>Esperamos compartir juntos esta experiencia de aprendizaje pr\u00e1ctica.<\/p>\n<h2>\n\t\t\u00bfQu\u00e9 vamos a aprender?\n\t<\/h2>\n\t<p>La Academia de IA durar\u00e1 cinco semanas, aunque el material compartido permanecer\u00e1 activo y en l\u00ednea, por lo que, ya sea que est\u00e9 leyendo este Manual durante la Academia de IA o despu\u00e9s, aprenderemos de diversas maneras:<\/p>\n        <ol><li>Vamos a aprender sobre diferentes herramientas de IA y c\u00f3mo podemos sacarles el m\u00e1ximo partido.<\/li><li>Repasaremos paso a paso c\u00f3mo configurar diferentes herramientas de IA.<\/li><li>Se nos proporcionar\u00e1n gu\u00edas y tareas para principiantes que nos mostrar\u00e1n c\u00f3mo utilizar estas herramientas.<\/li><li>Se nos asignar\u00e1n tareas m\u00e1s avanzadas y desafiantes para ampliar nuestro pensamiento y ayudarnos a descubrir m\u00e1s que podemos hacer con la IA.<\/li><li>Seremos guiados con un enfoque del Reino; c\u00f3mo usar estas herramientas de manera que sirvan a la misi\u00f3n de Jes\u00fas en el mundo.<\/li><li>Se nos proporcionar\u00e1n tutoriales semanales de Zoom, gu\u00edas pr\u00e1cticas, ejemplos y un manual de apoyo para que podamos realizar un aprendizaje m\u00e1s autodirigido en las \u00e1reas que m\u00e1s nos interesan.<\/li><li>Tendremos una comunidad de discusi\u00f3n moderada de WhatsApp donde podremos compartir preguntas, nuestros resultados e inspirarnos unos a otros con ideas.<\/li><li>Podremos ense\u00f1arnos unos a otros compartiendo el manual, en nuestro foro de discusi\u00f3n de WhatsApp y a trav\u00e9s de sesiones de preguntas y respuestas en nuestras llamadas semanales de Zoom.<\/li><\/ol>    \n<h2>\n\t\tPr\u00e1ctico y divertido\n\t<\/h2>\n\t<p>Esta Academia de IA est\u00e1 dise\u00f1ada para probar cosas nuevas y divertirse aprendiendo. Lo haremos mediante:<\/p>\n<ol>\n<li>Te ofrecemos nuevos videos y documentos para leer cada d\u00eda de la semana en la Academia. T\u00fa decides cu\u00e1nto quieres ver y cu\u00e1nto tiempo le dedicas.<\/li>\n<li>Todo se mantendr\u00e1 en l\u00ednea, por lo que podr\u00e1s tomarte m\u00e1s tiempo que las cinco semanas para aprender y explorar.<\/li>\n<li>Las llamadas de Zoom y el grupo de WhatsApp est\u00e1n dise\u00f1ados para ser interactivos, lo que le permite hacer preguntas y aprender de los dem\u00e1s.<\/li>\n<li>Cada documento que enviemos tendr\u00e1 ideas sugerentes en un cuadro amarillo, que podr\u00e1s copiar y pegar en tu aplicaci\u00f3n de IA para ver c\u00f3mo funciona y aprender de los resultados.<\/li>\n<\/ol>\n\t\t\t\t<img loading=\"lazy\" decoding=\"async\" src=\"https:\/\/gcf.community\/wp-content\/uploads\/2024\/10\/ai-blue.png\" alt=\"ai blue\" itemprop=\"image\" height=\"87\" width=\"81\" title=\"azul ai\" onerror=\"this.style.display='none'\"  \/>\n\t<p>El \u00edcono azul ser\u00e1 un mensaje para un chatbot.<\/p>\n\t\t\t\t<img loading=\"lazy\" decoding=\"async\" src=\"https:\/\/gcf.community\/wp-content\/uploads\/2024\/10\/ai-yellow.png\" alt=\"ai yellow\" itemprop=\"image\" height=\"92\" width=\"85\" title=\"amarillo ai\" onerror=\"this.style.display='none'\"  \/>\n\t<p>El \u00edcono amarillo ser\u00e1 un recordatorio para arte generativo, video o m\u00fasica.<\/p>\n\t<h3>Por ejemplo<\/h3>\n<p>Intenta copiar esto en tu Chatbot (ChatGPT o Google Gemini, por ejemplo):<\/p>\n\t\t\t\t<img loading=\"lazy\" decoding=\"async\" src=\"https:\/\/gcf.community\/wp-content\/uploads\/2024\/10\/ai-blue.png\" alt=\"ai blue\" itemprop=\"image\" height=\"87\" width=\"81\" title=\"azul ai\" onerror=\"this.style.display='none'\"  \/>\n\t<p><strong>Idea de aviso<\/strong>\u00bfPodr\u00edas darme una lista de cinco maneras sorprendentes de aprender algo nuevo hoy? No quiero gastar dinero ni usar tecnolog\u00eda.<\/p>\n\t<p>Si nunca has utilizado un chatbot de IA te explicaremos c\u00f3mo hacerlo.<\/p>\n<h2>\n\t\tDescripci\u00f3n general de la academia\n\t<\/h2>\n\t<h3>Documentos del Manual de IA<\/h3>\n<p>Este manual est\u00e1 en desarrollo y se compartir\u00e1 en segmentos durante las cinco semanas que compartiremos. Compartiremos archivos PDF en el canal de noticias e informaci\u00f3n de WhatsApp AI Academy. Tambi\u00e9n compartiremos un enlace de descarga para que puedas descargar la versi\u00f3n en Word si lo prefieres.<\/p>\n<ul>\n<li>Descargue el Manual y todos los archivos de la Academia desde el Canal AI Academy en Max7.org.<\/li>\n<li>Lea el Manual en l\u00ednea en el sitio web gcf.community.<\/li>\n<\/ul>\n<h3>Canal de YouTube de AI Academy<\/h3>\n<p>\u00a1El canal de YouTube de AI Academy crece cada d\u00eda! Les informaremos de los nuevos recursos que subamos en el grupo de WhatsApp NOTICIAS E INFORMACI\u00d3N.<\/p>\n<p>Esto es lo que est\u00e1 previsto durante las cinco semanas en cada una de las listas de reproducci\u00f3n:<\/p>\n<div id=\"footable_parent_2873\"\n         class=\"footable_parent ninja_table_wrapper loading_ninja_table wp_table_data_press_parent semantic_ui\">\n                <table data-ninja_table_instance=\"ninja_table_instance_0\" data-footable_id=\"2873\" data-filter-delay=\"1000\" aria-label=\"Manual T1 de la AIA\"            id=\"footable_2873\"\n           data-unique_identifier=\"ninja_table_unique_id_4272841367_2873\"\n           class=\"foo-table ninja_footable foo_table_2873 ninja_table_unique_id_4272841367_2873 ui table  nt_type_legacy_table selectable striped vertical_centered  footable-paging-right ninjatable_hide_header_row ninja_table_search_disabled ninja_table_pro\">\n                <colgroup>\n                            <col class=\"ninja_column_0\">\n                            <col class=\"ninja_column_1\">\n                    <\/colgroup>\n        <thead>\n<tr class=\"footable-header\">\n                                        <th scope=\"col\"  class=\"ninja_column_0 ninja_clmn_nm_week_subject\">Tema de la semana<\/th><th scope=\"col\"  class=\"ninja_column_1 ninja_clmn_nm_week_content\">Contenido de la semana<\/th><\/tr>\n<\/thead>\n<tbody>\n\n        <tr data-row_id=\"32\" class=\"ninja_table_row_0 nt_row_id_32\">\n            <td>C\u00f3mo utilizar...<\/td><td>Chatbots, arte generativo, video y animaci\u00f3n con IA, m\u00fasica con IA y otras aplicaciones de IA.<\/td>        <\/tr>\n            <tr data-row_id=\"33\" class=\"ninja_table_row_1 nt_row_id_33\">\n            <td>Impulsa tu creatividad<\/td><td>V\u00eddeos que ayudan a desarrollar tus habilidades de pensamiento creativo y aplicarlas a la IA.<\/td>        <\/tr>\n            <tr data-row_id=\"34\" class=\"ninja_table_row_2 nt_row_id_34\">\n            <td>La Biblia y la IA<\/td><td>Creaci\u00f3n de im\u00e1genes b\u00edblicas, ejemplos de historias b\u00edblicas<\/td>        <\/tr>\n            <tr data-row_id=\"35\" class=\"ninja_table_row_3 nt_row_id_35\">\n            <td>C\u00f3mo lo hice...<\/td><td>Una serie de videos que explican c\u00f3mo se cre\u00f3 un recurso. Esto te ayudar\u00e1 a aprender de otros y de lo que hicieron.<\/td>        <\/tr>\n            <tr data-row_id=\"36\" class=\"ninja_table_row_4 nt_row_id_36\">\n            <td>Mi historia<\/td><td>Aqu\u00ed es donde queremos compartir historias de lo que has hecho en el ministerio y c\u00f3mo la IA ayud\u00f3 o perjudic\u00f3.<\/td>        <\/tr>\n    <\/tbody><!--ninja_tobody_rendering_done-->\n    <\/table>\n    \n    \n    \n<\/div>\n\n<h3>Llamadas de Zoom de AI Academy<\/h3>\n<p>Hay dos videollamadas semanales los jueves (o viernes por la ma\u00f1ana en algunas partes del mundo, como Australia y el Pac\u00edfico). La segunda videollamada es repetitiva para cubrir todas las zonas horarias.<\/p>\n<p>Ir <a href=\"https:\/\/gcf.community\/es\/events\/max7-ai-academy\/dates-times\/\">aqu\u00ed<\/a> para registrarse y encontrar horarios de llamadas de zoom en su parte del mundo.<\/p>\n<h2>\n\t\tTipos de IA que abordar\u00e1 esta Academia\n\t<\/h2>\n\t<p>Existen muchos tipos de herramientas de IA, y se lanzan o actualizan constantemente. La siguiente lista contiene las que abordaremos en esta Academia de IA:<\/p>\n<div id=\"footable_parent_2874\"\n         class=\"footable_parent ninja_table_wrapper loading_ninja_table wp_table_data_press_parent semantic_ui\">\n                <table data-ninja_table_instance=\"ninja_table_instance_1\" data-footable_id=\"2874\" data-filter-delay=\"1000\" aria-label=\"Manual T2 de la AIA\"            id=\"footable_2874\"\n           data-unique_identifier=\"ninja_table_unique_id_3813643687_2874\"\n           class=\"foo-table ninja_footable foo_table_2874 ninja_table_unique_id_3813643687_2874 ui table  nt_type_legacy_table selectable striped vertical_centered  footable-paging-right ninja_table_search_disabled ninja_table_pro\">\n                <colgroup>\n                            <col class=\"ninja_column_0\">\n                            <col class=\"ninja_column_1\">\n                    <\/colgroup>\n        <thead>\n<tr class=\"footable-header\">\n                                        <th scope=\"col\"  class=\"ninja_column_0 ninja_clmn_nm_type_of_ai\">Tipo de IA<\/th><th scope=\"col\"  class=\"ninja_column_1 ninja_clmn_nm_what_does_it_do\">\u00bfQue hace?<\/th><\/tr>\n<\/thead>\n<tbody>\n\n        <tr data-row_id=\"37\" class=\"ninja_table_row_0 nt_row_id_37\">\n            <td>Chatbots (IA conversacional)<\/td><td>IA que comprende y responde al lenguaje humano de forma natural mediante texto o voz. Se utiliza para atenci\u00f3n al cliente, respuesta a preguntas o asistencia personalizada.<\/td>        <\/tr>\n            <tr data-row_id=\"38\" class=\"ninja_table_row_1 nt_row_id_38\">\n            <td>Arte generativo (arte de IA)<\/td><td>IA que crea obras de arte visuales originales a partir de indicaciones o sugerencias de los usuarios. Puede generar pinturas, ilustraciones e incluso modelos 3D.<\/td>        <\/tr>\n            <tr data-row_id=\"39\" class=\"ninja_table_row_2 nt_row_id_39\">\n            <td>Generaci\u00f3n de v\u00eddeo con IA<\/td><td>IA que ayuda a crear y editar v\u00eddeos, a veces incluso generando v\u00eddeos a partir de descripciones de texto o animaciones.<\/td>        <\/tr>\n            <tr data-row_id=\"40\" class=\"ninja_table_row_3 nt_row_id_40\">\n            <td>Generaci\u00f3n de m\u00fasica con IA<\/td><td>IA que compone m\u00fasica o ayuda en la creaci\u00f3n musical generando melod\u00edas, armon\u00edas o incluso pistas completas.<\/td>        <\/tr>\n            <tr data-row_id=\"41\" class=\"ninja_table_row_4 nt_row_id_41\">\n            <td>Asistentes de escritura de IA<\/td><td>IA que ayuda a escribir, ofrece sugerencias, corrige la gram\u00e1tica o incluso genera texto completo a partir de la entrada.<\/td>        <\/tr>\n            <tr data-row_id=\"42\" class=\"ninja_table_row_5 nt_row_id_42\">\n            <td>Herramientas de traducci\u00f3n de IA<\/td><td>IA que traduce texto o voz de un idioma a otro, a menudo de forma instant\u00e1nea y con buena precisi\u00f3n.<\/td>        <\/tr>\n            <tr data-row_id=\"43\" class=\"ninja_table_row_6 nt_row_id_43\">\n            <td>IA para la traducci\u00f3n de v\u00eddeos y audio<\/td><td>IA que traduce el lenguaje hablado en v\u00eddeos o archivos de audio y, a menudo, sincroniza el texto o la voz traducidos con las im\u00e1genes.<\/td>        <\/tr>\n            <tr data-row_id=\"44\" class=\"ninja_table_row_7 nt_row_id_44\">\n            <td>Generaci\u00f3n de voz con IA<\/td><td>IA que crea voz con sonido natural a partir de texto. Se utiliza a menudo para asistentes virtuales, audiolibros, podcasts y m\u00e1s.<\/td>        <\/tr>\n            <tr data-row_id=\"45\" class=\"ninja_table_row_8 nt_row_id_45\">\n            <td>Mejora de audio con IA<\/td><td>IA que mejora la calidad del sonido en las grabaciones, eliminando ruido o mejorando la claridad.<\/td>        <\/tr>\n    <\/tbody><!--ninja_tobody_rendering_done-->\n    <\/table>\n    \n    \n    \n<\/div>\n\n<p>Luego hay muchos m\u00e1s que probablemente no podremos cubrir.<\/p>\n<h2>\n\t\tAportando tu aprendizaje a todos\n\t<\/h2>\n\t<p>\u00a1Esta ser\u00e1 una experiencia de aprendizaje compartida!<\/p>\n<p>Dijimos antes que este manual no est\u00e1 terminado. Expliquemos...<\/p>\n<p>Parte de la singularidad de esta Academia de IA reside en que es una comunidad de aprendizaje (donde aprendemos unos de otros). En el grupo hay personas con experiencias, habilidades, aprendizajes y ejemplos muy diversos de uso de la IA:<\/p>\n<ul>\n<li>\u00a1Sabemos que se celebran campamentos para ni\u00f1os con inteligencia artificial y digital en una zona de guerra!<\/li>\n<li>Conocemos recursos fabulosos y nuevos que se han creado \u00edntegramente con IA.<\/li>\n<\/ul>\n<p>Tenemos cinco semanas en esta Academia y nos encantar\u00eda recopilar sus historias, sus ideas, lo que han aprendido al usarlo en su contexto local, las habilidades que han desarrollado al usar IA y mucho m\u00e1s.<\/p>\n<p>Durante las cinco semanas, recopilaremos sus aportaciones, las utilizaremos para editar este manual y les entregaremos una versi\u00f3n revisada al finalizar nuestro tiempo juntos. Al final, nuestro aprendizaje ser\u00e1 mucho m\u00e1s enriquecedor gracias al aprendizaje conjunto.<\/p>\n<h2>\n\t\tC\u00f3mo compartir tus ideas\n\t<\/h2>\n\t<p>Puedes compartir ideas de dos maneras:<\/p>\n<ol>\n<li><strong>Academia de IA DISCUSI\u00d3N WhatsApp<\/strong>: <a href=\"https:\/\/chat.whatsapp.com\/JCI5YZ0erTjEJgiLdgDnB4\" target=\"_blank\" rel=\"noopener\">https:\/\/chat.whatsapp.com\/JCI5YZ0erTjEJgiLdgDnB4<\/a><\/li>\n<li><strong>Este formulario de Google<\/strong> \u2013 donde puedes compartir respuestas m\u00e1s detalladas que creas que ser\u00eda bueno compartir con los participantes de la Academia de IA \u2013 <a href=\"https:\/\/forms.gle\/x6hWpMuTboixsVzJ6\" target=\"_blank\" rel=\"noopener\">https:\/\/forms.gle\/x6hWpMuTboixsVzJ6<\/a><\/li>\n<\/ol>\n<h2>\n\t\t\u00bfQui\u00e9n dirige esta Academia de IA?\n\t<\/h2>\n\t<p>Esta Academia Max7 de IA llega a ti gracias a un grupo de movimientos dedicados a compartir la buena nueva de Jes\u00fas y a hacer disc\u00edpulos para \u00c9l. Estos incluyen:<\/p>\n        <p>Foro Mundial de la Infancia; GO Play y el movimiento deportivo; Generaciones Generosas; Movimiento 4\/14; Asociaci\u00f3n Evang\u00e9lica Mundial y m\u00e1s. Podr\u00e1s conocer al equipo en nuestras llamadas y videos de Zoom y aprender m\u00e1s.<\/p>    \n\t<p><strong>Max7.org<\/strong> es una biblioteca compartida de recursos ministeriales gratuitos que ha servido a todos estos movimientos desde su lanzamiento en 2007. Visita <a href=\"https:\/\/www.max7.org\/\" target=\"_blank\" rel=\"noopener\">max7.org<\/a> para encontrar miles de herramientas y recursos maravillosos que puedes usar o adaptar sin costo alguno.<\/p>\n\t<a href=\"https:\/\/gcf.community\/es\/events\/max7-ai-academy\/ai-manual\/what-is-ai\/\" target=\"_self\" role=\"button\" aria-label=\"PR\u00d3XIMO\" rel=\"noopener\">\n\t\t\t\t\t\tPR\u00d3XIMO\n\t\t\t<\/a>","protected":false},"excerpt":{"rendered":"<p>Academia de IA Max7 Fechas\/Horarios Informaci\u00f3n Actualizaciones Preguntas frecuentes Glosario de IA Herramientas Manual de IA Introducci\u00f3n \u00bfQu\u00e9 es la IA? IA y l\u00edderes ministeriales Obtener aplicaciones de IA Configuraci\u00f3n Videos Academia de IA en Max7 Introducci\u00f3n a la Academia de IA Acerca de la Academia de IA Bienvenido a la Academia de IA Max7 2024. \u00a1Nos alegra mucho que est\u00e9s aqu\u00ed! <a title=\"Introducci\u00f3n\" class=\"read-more\" href=\"https:\/\/gcf.community\/es\/events\/max7-ai-academy\/ai-manual\/introduction\/\" aria-label=\"Leer m\u00e1s sobre Introducci\u00f3n\">Leer m\u00e1s<\/a><\/p>","protected":false},"author":1,"featured_media":0,"parent":2632,"menu_order":0,"comment_status":"closed","ping_status":"closed","template":"","meta":{"_acf_changed":false,"_seopress_robots_primary_cat":"","_seopress_titles_title":"","_seopress_titles_desc":"","_seopress_robots_index":"","footnotes":"","_links_to":"","_links_to_target":""},"categories":[],"class_list":["post-2828","page","type-page","status-publish"],"acf":[],"_links":{"self":[{"href":"https:\/\/gcf.community\/es\/wp-json\/wp\/v2\/pages\/2828","targetHints":{"allow":["GET"]}}],"collection":[{"href":"https:\/\/gcf.community\/es\/wp-json\/wp\/v2\/pages"}],"about":[{"href":"https:\/\/gcf.community\/es\/wp-json\/wp\/v2\/types\/page"}],"author":[{"embeddable":true,"href":"https:\/\/gcf.community\/es\/wp-json\/wp\/v2\/users\/1"}],"replies":[{"embeddable":true,"href":"https:\/\/gcf.community\/es\/wp-json\/wp\/v2\/comments?post=2828"}],"version-history":[{"count":6,"href":"https:\/\/gcf.community\/es\/wp-json\/wp\/v2\/pages\/2828\/revisions"}],"predecessor-version":[{"id":2903,"href":"https:\/\/gcf.community\/es\/wp-json\/wp\/v2\/pages\/2828\/revisions\/2903"}],"up":[{"embeddable":true,"href":"https:\/\/gcf.community\/es\/wp-json\/wp\/v2\/pages\/2632"}],"wp:attachment":[{"href":"https:\/\/gcf.community\/es\/wp-json\/wp\/v2\/media?parent=2828"}],"wp:term":[{"taxonomy":"category","embeddable":true,"href":"https:\/\/gcf.community\/es\/wp-json\/wp\/v2\/categories?post=2828"}],"curies":[{"name":"wp","href":"https:\/\/api.w.org\/{rel}","templated":true}]}}