{"id":2632,"date":"2024-10-09T20:10:57","date_gmt":"2024-10-09T19:10:57","guid":{"rendered":"https:\/\/gcf.community\/?page_id=2632"},"modified":"2024-11-21T19:44:42","modified_gmt":"2024-11-21T19:44:42","slug":"ai-manual","status":"publish","type":"page","link":"https:\/\/gcf.community\/es\/events\/max7-ai-academy\/ai-manual\/","title":{"rendered":"Manual de IA"},"content":{"rendered":"<button tabindex=\"0\" aria-label=\"Men\u00fa\">\n\t\t\t\t\t\t\t<\/button>\n\t<nav aria-label=\"AI\" itemscope=\"itemscope\" itemtype=\"https:\/\/schema.org\/SiteNavigationElement\">\n\t\t<ul id=\"menu-ai\"><li id=\"menu-item-2607\"><a href=\"https:\/\/gcf.community\/es\/events\/max7-ai-academy\/\">Academia de IA Max7<\/a><\/li><li id=\"menu-item-2604\"><a href=\"https:\/\/gcf.community\/es\/events\/max7-ai-academy\/dates-times\/\">Fechas \/ Horarios<\/a><\/li><li id=\"menu-item-2606\"><a href=\"https:\/\/gcf.community\/es\/events\/max7-ai-academy\/faqs\/\">Preguntas frecuentes<\/a><\/li><li id=\"menu-item-2797\"><a href=\"https:\/\/gcf.community\/es\/events\/max7-ai-academy\/ai-glossary\/\">Glosario de IA<\/a><\/li><li id=\"menu-item-2798\"><a href=\"https:\/\/gcf.community\/es\/events\/max7-ai-academy\/tools\/\">Herramientas<\/a><\/li><li id=\"menu-item-2796\"><a href=\"https:\/\/gcf.community\/es\/events\/max7-ai-academy\/ai-manual\/\" aria-current=\"page\">Manual de IA<\/a><ul>\t<li id=\"menu-item-2866\"><a href=\"https:\/\/gcf.community\/es\/events\/max7-ai-academy\/ai-manual\/introduction\/\">Introducci\u00f3n<\/a><\/li>\t<li id=\"menu-item-2865\"><a href=\"https:\/\/gcf.community\/es\/events\/max7-ai-academy\/ai-manual\/what-is-ai\/\">\u00bfQu\u00e9 es la IA?<\/a><\/li>\t<li id=\"menu-item-2864\"><a href=\"https:\/\/gcf.community\/es\/events\/max7-ai-academy\/ai-manual\/ai-and-ministry-leaders\/\">IA y l\u00edderes ministeriales<\/a><\/li>\t<li id=\"menu-item-2863\"><a href=\"https:\/\/gcf.community\/es\/events\/max7-ai-academy\/ai-manual\/getting-ai-apps-set-up\/\">Configuraci\u00f3n de aplicaciones de IA<\/a><\/li>\t<li id=\"menu-item-2924\"><a href=\"https:\/\/gcf.community\/es\/events\/max7-ai-academy\/ai-manual\/types-of-prompts\/\">Tipos de indicaciones<\/a><\/li>\t<li id=\"menu-item-2944\"><a href=\"https:\/\/gcf.community\/es\/events\/max7-ai-academy\/ai-manual\/chatbot-ministry-examples-to-try\/\">Ejemplos de ministerios de chatbot para probar<\/a><\/li><\/ul><\/li><li id=\"menu-item-2795\"><a href=\"https:\/\/gcf.community\/es\/events\/max7-ai-academy\/videos\/\">V\u00eddeos<\/a><\/li><li id=\"menu-item-2825\"><a href=\"https:\/\/ai-academy.max7.org\/\">Academia de IA en Max7<\/a><\/li><\/ul>\n\t\t\t<\/nav>\n<h1>\n\t\tManual de IA\n\t<\/h1>\n\t<p>Puede acceder al Manual de AI Academy a trav\u00e9s del acceso en l\u00ednea navegando por los cap\u00edtulos enumerados a continuaci\u00f3n o descargando las versiones PDF del Manual.<\/p>\n<h2>\n\t\tAcceso en l\u00ednea\n\t<\/h2>\n\t\t\t<a href=\"https:\/\/gcf.community\/es\/events\/max7-ai-academy\/ai-manual\/introduction\/\" target=\"_self\">\n\t\t<h4>Introducci\u00f3n a la Academia de IA<\/h4>\n\t\t<\/a>\n\t\t\t<a href=\"https:\/\/gcf.community\/es\/events\/max7-ai-academy\/ai-manual\/what-is-ai\/\" target=\"_self\">\n\t\t<h4>\u00bfQu\u00e9 es la IA?<\/h4>\n\t\t<\/a>\n\t\t\t<a href=\"https:\/\/gcf.community\/es\/events\/max7-ai-academy\/ai-manual\/ai-and-ministry-leaders\/\" target=\"_self\">\n\t\t<h4>IA y l\u00edderes ministeriales<\/h4>\n\t\t<\/a>\n\t\t\t<a href=\"https:\/\/gcf.community\/es\/events\/max7-ai-academy\/ai-manual\/getting-ai-apps-set-up\/\" target=\"_self\">\n\t\t<h4>Configurar aplicaciones de IA<\/h4>\n\t\t<\/a>\n\t\t\t<a href=\"https:\/\/gcf.community\/es\/events\/max7-ai-academy\/ai-manual\/types-of-prompts\/\" target=\"_self\">\n\t\t<h4>Tipos de indicaciones<\/h4>\n\t\t<\/a>\n\t\t\t<a href=\"https:\/\/gcf.community\/es\/events\/max7-ai-academy\/ai-manual\/types-of-prompts\/\" target=\"_self\">\n\t\t<h4>Ejemplos de ministerios de chatbots para probar<\/h4>\n\t\t<\/a>\n<h2>\n\t\tPDF\n\t<\/h2>\n<h3>\n\t\tManual \u2013 Parte 1\n\t<\/h3>\n\t<a href=\"https:\/\/ai-academy.max7.org\/en\/resource\/aiacademymanualintroduction01\" target=\"_blank\" role=\"button\" rel=\"noopener\" aria-label=\"Descargar Parte 1 (PDF)\">\n\t\t\t\t\t\tDescargar Parte 1 (PDF)\n\t\t\t<\/a>\n\t        <div class=\"embedpress-document-embed ose-document ep-doc-d7fcf3f3b136871a304a78937b86779c\" style=\"width: 730px; height: 450px;; max-width:100%; display: block\">\n                                    <iframe title=\"Manual de capacitaci\u00f3n de AI Academy, parte 1\" allowfullscreen=\"true\" mozallowfullscreen=\"true\" webkitallowfullscreen=\"true\" style=\"width: 730px; height: 450px;; max-width:100%; display: inline-block\" data-emsrc=\"https:\/\/gcf.community\/wp-content\/uploads\/2024\/10\/AI-Academy-Training-Manual-Part-1.pdf\" data-emid=\"embedpress-pdf-shortcode\" class=\"embedpress-embed-document-pdf embedpress-pdf-shortcode\" src=\"https:\/\/gcf.community\/wp-admin\/admin-ajax.php?action=get_viewer&#038;file=https%3A%2F%2Fgcf.community%2Fwp-content%2Fuploads%2F2024%2F10%2FAI-Academy-Training-Manual-Part-1.pdf#key=dGhlbWVNb2RlPWRlZmF1bHQmdG9vbGJhcj10cnVlJmxhenlMb2FkPWZhbHNlJnBvc2l0aW9uPXRvcCZwcmVzZW50YXRpb249dHJ1ZSZkb3dubG9hZD10cnVlJmNvcHlfdGV4dD10cnVlJmFkZF90ZXh0PXRydWUmZHJhdz10cnVlJmRvY19yb3RhdGlvbj10cnVlJmFkZF9pbWFnZT10cnVlJmRvY19kZXRhaWxzPXRydWUmc2VsZWN0aW9uX3Rvb2w9MCZzY3JvbGxpbmc9LTEmc3ByZWFkcz0tMSZ6b29tX2luPXRydWUmem9vbV9vdXQ9dHJ1ZSZmaXRfdmlldz10cnVlJmJvb2ttYXJrPXRydWUmc291bmQ9dHJ1ZSZmbGlwYm9va190b29sYmFyX3Bvc2l0aW9uPWJvdHRvbQ==\" frameborder=\"0\">\n                        <\/iframe>\n                            <\/div>\n\n\n<h3>\n\t\tManual \u2013 Parte 2\n\t<\/h3>\n\t<a href=\"https:\/\/ai-academy.max7.org\/en\/resource\/aiacademymanualpart02prompting\" target=\"_blank\" role=\"button\" rel=\"noopener\" aria-label=\"Descargar Parte 2 (PDF)\">\n\t\t\t\t\t\tDescargar Parte 2 (PDF)\n\t\t\t<\/a>\n\t        <div class=\"embedpress-document-embed ose-document ep-doc-d7fcf3f3b136871a304a78937b86779c\" style=\"width: 730px; height: 450px;; max-width:100%; display: block\">\n                                    <iframe title=\"Manual de capacitaci\u00f3n de AI Academy, parte 2\" allowfullscreen=\"true\" mozallowfullscreen=\"true\" webkitallowfullscreen=\"true\" style=\"width: 730px; height: 450px;; max-width:100%; display: inline-block\" data-emsrc=\"https:\/\/gcf.community\/wp-content\/uploads\/2024\/10\/AI-Academy-Training-Manual-Part-2.pdf\" data-emid=\"embedpress-pdf-shortcode\" class=\"embedpress-embed-document-pdf embedpress-pdf-shortcode\" src=\"https:\/\/gcf.community\/wp-admin\/admin-ajax.php?action=get_viewer&#038;file=https%3A%2F%2Fgcf.community%2Fwp-content%2Fuploads%2F2024%2F10%2FAI-Academy-Training-Manual-Part-2.pdf#key=dGhlbWVNb2RlPWRlZmF1bHQmdG9vbGJhcj10cnVlJmxhenlMb2FkPWZhbHNlJnBvc2l0aW9uPXRvcCZwcmVzZW50YXRpb249dHJ1ZSZkb3dubG9hZD10cnVlJmNvcHlfdGV4dD10cnVlJmFkZF90ZXh0PXRydWUmZHJhdz10cnVlJmRvY19yb3RhdGlvbj10cnVlJmFkZF9pbWFnZT10cnVlJmRvY19kZXRhaWxzPXRydWUmc2VsZWN0aW9uX3Rvb2w9MCZzY3JvbGxpbmc9LTEmc3ByZWFkcz0tMSZ6b29tX2luPXRydWUmem9vbV9vdXQ9dHJ1ZSZmaXRfdmlldz10cnVlJmJvb2ttYXJrPXRydWUmc291bmQ9dHJ1ZSZmbGlwYm9va190b29sYmFyX3Bvc2l0aW9uPWJvdHRvbQ==\" frameborder=\"0\">\n                        <\/iframe>\n                            <\/div>\n\n\n<h3>\n\t\tManual \u2013 Parte 3\n\t<\/h3>\n\t<a href=\"https:\/\/ai-academy.max7.org\/en\/resource\/aiacademymanualpart3\" target=\"_blank\" role=\"button\" rel=\"noopener\" aria-label=\"Descargar Parte 3 (PDF)\">\n\t\t\t\t\t\tDescargar Parte 3 (PDF)\n\t\t\t<\/a>\n\t        <div class=\"embedpress-document-embed ose-document ep-doc-d7fcf3f3b136871a304a78937b86779c\" style=\"width: 730px; height: 450px;; max-width:100%; display: block\">\n                                    <iframe title=\"manual de la academia aia parte 3_a4_es\" allowfullscreen=\"true\" mozallowfullscreen=\"true\" webkitallowfullscreen=\"true\" style=\"width: 730px; height: 450px;; max-width:100%; display: inline-block\" data-emsrc=\"https:\/\/gcf.community\/wp-content\/uploads\/2024\/10\/aiacademymanualpart3_a4_en.pdf\" data-emid=\"embedpress-pdf-shortcode\" class=\"embedpress-embed-document-pdf embedpress-pdf-shortcode\" src=\"https:\/\/gcf.community\/wp-admin\/admin-ajax.php?action=get_viewer&#038;file=https%3A%2F%2Fgcf.community%2Fwp-content%2Fuploads%2F2024%2F10%2Faiacademymanualpart3_a4_en.pdf#key=dGhlbWVNb2RlPWRlZmF1bHQmdG9vbGJhcj10cnVlJmxhenlMb2FkPWZhbHNlJnBvc2l0aW9uPXRvcCZwcmVzZW50YXRpb249dHJ1ZSZkb3dubG9hZD10cnVlJmNvcHlfdGV4dD10cnVlJmFkZF90ZXh0PXRydWUmZHJhdz10cnVlJmRvY19yb3RhdGlvbj10cnVlJmFkZF9pbWFnZT10cnVlJmRvY19kZXRhaWxzPXRydWUmc2VsZWN0aW9uX3Rvb2w9MCZzY3JvbGxpbmc9LTEmc3ByZWFkcz0tMSZ6b29tX2luPXRydWUmem9vbV9vdXQ9dHJ1ZSZmaXRfdmlldz10cnVlJmJvb2ttYXJrPXRydWUmc291bmQ9dHJ1ZSZmbGlwYm9va190b29sYmFyX3Bvc2l0aW9uPWJvdHRvbQ==\" frameborder=\"0\">\n                        <\/iframe>\n                            <\/div>\n\n\n<h3>\n\t\tManual \u2013 Parte 4\n\t<\/h3>\n\t<a href=\"https:\/\/ai-academy.max7.org\/en\/resource\/aiacademymanualpart4generativeart\" target=\"_blank\" role=\"button\" rel=\"noopener\" aria-label=\"Descargar la Parte 4 (PDF)\">\n\t\t\t\t\t\tDescargar la Parte 4 (PDF)\n\t\t\t<\/a>\n\t        <div class=\"embedpress-document-embed ose-document ep-doc-d7fcf3f3b136871a304a78937b86779c\" style=\"width: 730px; height: 450px;; max-width:100%; display: block\">\n                                    <iframe title=\"manual de la academia aia parte 4 manual de arte generativo a4\" allowfullscreen=\"true\" mozallowfullscreen=\"true\" webkitallowfullscreen=\"true\" style=\"width: 730px; height: 450px;; max-width:100%; display: inline-block\" data-emsrc=\"https:\/\/gcf.community\/wp-content\/uploads\/2024\/10\/aiacademymanualpart4generativeart_manual_a4_en.pdf\" data-emid=\"embedpress-pdf-shortcode\" class=\"embedpress-embed-document-pdf embedpress-pdf-shortcode\" src=\"https:\/\/gcf.community\/wp-admin\/admin-ajax.php?action=get_viewer&#038;file=https%3A%2F%2Fgcf.community%2Fwp-content%2Fuploads%2F2024%2F10%2Faiacademymanualpart4generativeart_manual_a4_en.pdf#key=dGhlbWVNb2RlPWRlZmF1bHQmdG9vbGJhcj10cnVlJmxhenlMb2FkPWZhbHNlJnBvc2l0aW9uPXRvcCZwcmVzZW50YXRpb249dHJ1ZSZkb3dubG9hZD10cnVlJmNvcHlfdGV4dD10cnVlJmFkZF90ZXh0PXRydWUmZHJhdz10cnVlJmRvY19yb3RhdGlvbj10cnVlJmFkZF9pbWFnZT10cnVlJmRvY19kZXRhaWxzPXRydWUmc2VsZWN0aW9uX3Rvb2w9MCZzY3JvbGxpbmc9LTEmc3ByZWFkcz0tMSZ6b29tX2luPXRydWUmem9vbV9vdXQ9dHJ1ZSZmaXRfdmlldz10cnVlJmJvb2ttYXJrPXRydWUmc291bmQ9dHJ1ZSZmbGlwYm9va190b29sYmFyX3Bvc2l0aW9uPWJvdHRvbQ==\" frameborder=\"0\">\n                        <\/iframe>\n                            <\/div>\n\n\n<h3>\n\t\tManual \u2013 Parte 5\n\t<\/h3>\n\t<a href=\"https:\/\/ai-academy.max7.org\/en\/resource\/aiacademymanualpart5biblehandling\" target=\"_blank\" role=\"button\" rel=\"noopener\" aria-label=\"Descargar la Parte 5 (PDF)\">\n\t\t\t\t\t\tDescargar la Parte 5 (PDF)\n\t\t\t<\/a>\n\t        <div class=\"embedpress-document-embed ose-document ep-doc-d7fcf3f3b136871a304a78937b86779c\" style=\"width: 730px; height: 450px;; max-width:100%; display: block\">\n                                    <iframe title=\"aiacademymanualpart5biblehandling_a4_en\" allowfullscreen=\"true\" mozallowfullscreen=\"true\" webkitallowfullscreen=\"true\" style=\"width: 730px; height: 450px;; max-width:100%; display: inline-block\" data-emsrc=\"https:\/\/gcf.community\/wp-content\/uploads\/2024\/10\/aiacademymanualpart5biblehandling_a4_en.pdf\" data-emid=\"embedpress-pdf-shortcode\" class=\"embedpress-embed-document-pdf embedpress-pdf-shortcode\" src=\"https:\/\/gcf.community\/wp-admin\/admin-ajax.php?action=get_viewer&#038;file=https%3A%2F%2Fgcf.community%2Fwp-content%2Fuploads%2F2024%2F10%2Faiacademymanualpart5biblehandling_a4_en.pdf#key=dGhlbWVNb2RlPWRlZmF1bHQmdG9vbGJhcj10cnVlJmxhenlMb2FkPWZhbHNlJnBvc2l0aW9uPXRvcCZwcmVzZW50YXRpb249dHJ1ZSZkb3dubG9hZD10cnVlJmNvcHlfdGV4dD10cnVlJmFkZF90ZXh0PXRydWUmZHJhdz10cnVlJmRvY19yb3RhdGlvbj10cnVlJmFkZF9pbWFnZT10cnVlJmRvY19kZXRhaWxzPXRydWUmc2VsZWN0aW9uX3Rvb2w9MCZzY3JvbGxpbmc9LTEmc3ByZWFkcz0tMSZ6b29tX2luPXRydWUmem9vbV9vdXQ9dHJ1ZSZmaXRfdmlldz10cnVlJmJvb2ttYXJrPXRydWUmc291bmQ9dHJ1ZSZmbGlwYm9va190b29sYmFyX3Bvc2l0aW9uPWJvdHRvbQ==\" frameborder=\"0\">\n                        <\/iframe>\n                            <\/div>\n\n\n<h3>\n\t\tManual \u2013 Parte 6\n\t<\/h3>\n\t<a href=\"https:\/\/ai-academy.max7.org\/en\/resource\/aiacademymanualpart6creativityquestions\" target=\"_blank\" role=\"button\" rel=\"noopener\" aria-label=\"Descargar la Parte 6 (PDF)\">\n\t\t\t\t\t\tDescargar la Parte 6 (PDF)\n\t\t\t<\/a>\n\t        <div class=\"embedpress-document-embed ose-document ep-doc-d7fcf3f3b136871a304a78937b86779c\" style=\"width: 730px; height: 450px;; max-width:100%; display: block\">\n                                    <iframe title=\"Manual de la Academia AIA, parte 6, preguntas sobre creatividad, A4, es\" allowfullscreen=\"true\" mozallowfullscreen=\"true\" webkitallowfullscreen=\"true\" style=\"width: 730px; height: 450px;; max-width:100%; display: inline-block\" data-emsrc=\"https:\/\/gcf.community\/wp-content\/uploads\/2024\/11\/aiacademymanualpart6creativityquestions_a4_en.pdf\" data-emid=\"embedpress-pdf-shortcode\" class=\"embedpress-embed-document-pdf embedpress-pdf-shortcode\" src=\"https:\/\/gcf.community\/wp-admin\/admin-ajax.php?action=get_viewer&#038;file=https%3A%2F%2Fgcf.community%2Fwp-content%2Fuploads%2F2024%2F11%2Faiacademymanualpart6creativityquestions_a4_en.pdf#key=dGhlbWVNb2RlPWRlZmF1bHQmdG9vbGJhcj10cnVlJmxhenlMb2FkPWZhbHNlJnBvc2l0aW9uPXRvcCZwcmVzZW50YXRpb249dHJ1ZSZkb3dubG9hZD10cnVlJmNvcHlfdGV4dD10cnVlJmFkZF90ZXh0PXRydWUmZHJhdz10cnVlJmRvY19yb3RhdGlvbj10cnVlJmFkZF9pbWFnZT10cnVlJmRvY19kZXRhaWxzPXRydWUmc2VsZWN0aW9uX3Rvb2w9MCZzY3JvbGxpbmc9LTEmc3ByZWFkcz0tMSZ6b29tX2luPXRydWUmem9vbV9vdXQ9dHJ1ZSZmaXRfdmlldz10cnVlJmJvb2ttYXJrPXRydWUmc291bmQ9dHJ1ZSZmbGlwYm9va190b29sYmFyX3Bvc2l0aW9uPWJvdHRvbQ==\" frameborder=\"0\">\n                        <\/iframe>\n                            <\/div>\n\n\n<h3>\n\t\tManual \u2013 Parte 7\n\t<\/h3>\n\t<a href=\"https:\/\/ai-academy.max7.org\/en\/resource\/aiacademymanualpart7aivideoaimusic\" target=\"_blank\" role=\"button\" rel=\"noopener\" aria-label=\"Descargar la Parte 7 (PDF)\">\n\t\t\t\t\t\tDescargar la Parte 7 (PDF)\n\t\t\t<\/a>\n\t        <div class=\"embedpress-document-embed ose-document ep-doc-d7fcf3f3b136871a304a78937b86779c\" style=\"width: 730px; height: 450px;; max-width:100%; display: block\">\n                                    <iframe title=\"manual de la academia de aia, parte 7, video de aia, manual de m\u00fasica de aia, a4, es\" allowfullscreen=\"true\" mozallowfullscreen=\"true\" webkitallowfullscreen=\"true\" style=\"width: 730px; height: 450px;; max-width:100%; display: inline-block\" data-emsrc=\"https:\/\/gcf.community\/wp-content\/uploads\/2024\/11\/aiacademymanualpart7aivideoaimusic_manual_a4_en.pdf\" data-emid=\"embedpress-pdf-shortcode\" class=\"embedpress-embed-document-pdf embedpress-pdf-shortcode\" src=\"https:\/\/gcf.community\/wp-admin\/admin-ajax.php?action=get_viewer&#038;file=https%3A%2F%2Fgcf.community%2Fwp-content%2Fuploads%2F2024%2F11%2Faiacademymanualpart7aivideoaimusic_manual_a4_en.pdf#key=dGhlbWVNb2RlPWRlZmF1bHQmdG9vbGJhcj10cnVlJmxhenlMb2FkPWZhbHNlJnBvc2l0aW9uPXRvcCZwcmVzZW50YXRpb249dHJ1ZSZkb3dubG9hZD10cnVlJmNvcHlfdGV4dD10cnVlJmFkZF90ZXh0PXRydWUmZHJhdz10cnVlJmRvY19yb3RhdGlvbj10cnVlJmFkZF9pbWFnZT10cnVlJmRvY19kZXRhaWxzPXRydWUmc2VsZWN0aW9uX3Rvb2w9MCZzY3JvbGxpbmc9LTEmc3ByZWFkcz0tMSZ6b29tX2luPXRydWUmem9vbV9vdXQ9dHJ1ZSZmaXRfdmlldz10cnVlJmJvb2ttYXJrPXRydWUmc291bmQ9dHJ1ZSZmbGlwYm9va190b29sYmFyX3Bvc2l0aW9uPWJvdHRvbQ==\" frameborder=\"0\">\n                        <\/iframe>\n                            <\/div>\n\n\n<h3>\n\t\tManual \u2013 Parte 8\n\t<\/h3>\n\t<a href=\"https:\/\/ai-academy.max7.org\/en\/resource\/aiacademymanualpart8theologicalconsiderations\" target=\"_blank\" role=\"button\" rel=\"noopener\" aria-label=\"Descargar la Parte 8 (PDF)\">\n\t\t\t\t\t\tDescargar la Parte 8 (PDF)\n\t\t\t<\/a>\n\t        <div class=\"embedpress-document-embed ose-document ep-doc-d7fcf3f3b136871a304a78937b86779c\" style=\"width: 730px; height: 450px;; max-width:100%; display: block\">\n                                    <iframe title=\"Manual de capacitaci\u00f3n de AI Academy, parte 8\" allowfullscreen=\"true\" mozallowfullscreen=\"true\" webkitallowfullscreen=\"true\" style=\"width: 730px; height: 450px;; max-width:100%; display: inline-block\" data-emsrc=\"https:\/\/gcf.community\/wp-content\/uploads\/2024\/11\/AI-Academy-Training-Manual-Part-8.pdf\" data-emid=\"embedpress-pdf-shortcode\" class=\"embedpress-embed-document-pdf embedpress-pdf-shortcode\" src=\"https:\/\/gcf.community\/wp-admin\/admin-ajax.php?action=get_viewer&#038;file=https%3A%2F%2Fgcf.community%2Fwp-content%2Fuploads%2F2024%2F11%2FAI-Academy-Training-Manual-Part-8.pdf#key=dGhlbWVNb2RlPWRlZmF1bHQmdG9vbGJhcj10cnVlJmxhenlMb2FkPWZhbHNlJnBvc2l0aW9uPXRvcCZwcmVzZW50YXRpb249dHJ1ZSZkb3dubG9hZD10cnVlJmNvcHlfdGV4dD10cnVlJmFkZF90ZXh0PXRydWUmZHJhdz10cnVlJmRvY19yb3RhdGlvbj10cnVlJmFkZF9pbWFnZT10cnVlJmRvY19kZXRhaWxzPXRydWUmc2VsZWN0aW9uX3Rvb2w9MCZzY3JvbGxpbmc9LTEmc3ByZWFkcz0tMSZ6b29tX2luPXRydWUmem9vbV9vdXQ9dHJ1ZSZmaXRfdmlldz10cnVlJmJvb2ttYXJrPXRydWUmc291bmQ9dHJ1ZSZmbGlwYm9va190b29sYmFyX3Bvc2l0aW9uPWJvdHRvbQ==\" frameborder=\"0\">\n                        <\/iframe>\n                            <\/div>\n\n\n<h3>\n\t\tManual \u2013 Parte 9\n\t<\/h3>\n\t<a href=\"https:\/\/ai-academy.max7.org\/en\/resource\/aiacademymanualpart9dangersandethicsinai\" target=\"_blank\" role=\"button\" rel=\"noopener\" aria-label=\"Descargar la Parte 7 (PDF)\">\n\t\t\t\t\t\tDescargar la Parte 7 (PDF)\n\t\t\t<\/a>\n\t        <div class=\"embedpress-document-embed ose-document ep-doc-d7fcf3f3b136871a304a78937b86779c\" style=\"width: 730px; height: 450px;; max-width:100%; display: block\">\n                                    <iframe title=\"Manual de capacitaci\u00f3n de AI Academy, parte 9\" allowfullscreen=\"true\" mozallowfullscreen=\"true\" webkitallowfullscreen=\"true\" style=\"width: 730px; height: 450px;; max-width:100%; display: inline-block\" data-emsrc=\"https:\/\/gcf.community\/wp-content\/uploads\/2024\/11\/AI-Academy-Training-Manual-Part-9.pdf\" data-emid=\"embedpress-pdf-shortcode\" class=\"embedpress-embed-document-pdf embedpress-pdf-shortcode\" src=\"https:\/\/gcf.community\/wp-admin\/admin-ajax.php?action=get_viewer&#038;file=https%3A%2F%2Fgcf.community%2Fwp-content%2Fuploads%2F2024%2F11%2FAI-Academy-Training-Manual-Part-9.pdf#key=dGhlbWVNb2RlPWRlZmF1bHQmdG9vbGJhcj10cnVlJmxhenlMb2FkPWZhbHNlJnBvc2l0aW9uPXRvcCZwcmVzZW50YXRpb249dHJ1ZSZkb3dubG9hZD10cnVlJmNvcHlfdGV4dD10cnVlJmFkZF90ZXh0PXRydWUmZHJhdz10cnVlJmRvY19yb3RhdGlvbj10cnVlJmFkZF9pbWFnZT10cnVlJmRvY19kZXRhaWxzPXRydWUmc2VsZWN0aW9uX3Rvb2w9MCZzY3JvbGxpbmc9LTEmc3ByZWFkcz0tMSZ6b29tX2luPXRydWUmem9vbV9vdXQ9dHJ1ZSZmaXRfdmlldz10cnVlJmJvb2ttYXJrPXRydWUmc291bmQ9dHJ1ZSZmbGlwYm9va190b29sYmFyX3Bvc2l0aW9uPWJvdHRvbQ==\" frameborder=\"0\">\n                        <\/iframe>\n                            <\/div>","protected":false},"excerpt":{"rendered":"<p>Academia de IA Max7 Fechas y horarios Preguntas frecuentes Glosario de IA Herramientas Manual de IA Introducci\u00f3n \u00bfQu\u00e9 es la IA? IA y l\u00edderes ministeriales Obtener aplicaciones de IA Configurar tipos de indicaciones Ejemplos de ministerio de chatbots para probar Videos Academia de IA en Max7 Manual de IA Puede acceder al Manual de la Academia de IA a trav\u00e9s del acceso en l\u00ednea o navegando por los cap\u00edtulos... <a title=\"Manual de IA\" class=\"read-more\" href=\"https:\/\/gcf.community\/es\/events\/max7-ai-academy\/ai-manual\/\" aria-label=\"Leer m\u00e1s sobre Manual de IA\">Leer m\u00e1s<\/a><\/p>","protected":false},"author":1,"featured_media":0,"parent":2379,"menu_order":0,"comment_status":"closed","ping_status":"closed","template":"","meta":{"_acf_changed":false,"_seopress_robots_primary_cat":"","_seopress_titles_title":"","_seopress_titles_desc":"","_seopress_robots_index":"","footnotes":"","_links_to":"","_links_to_target":""},"categories":[],"class_list":["post-2632","page","type-page","status-publish"],"acf":[],"_links":{"self":[{"href":"https:\/\/gcf.community\/es\/wp-json\/wp\/v2\/pages\/2632","targetHints":{"allow":["GET"]}}],"collection":[{"href":"https:\/\/gcf.community\/es\/wp-json\/wp\/v2\/pages"}],"about":[{"href":"https:\/\/gcf.community\/es\/wp-json\/wp\/v2\/types\/page"}],"author":[{"embeddable":true,"href":"https:\/\/gcf.community\/es\/wp-json\/wp\/v2\/users\/1"}],"replies":[{"embeddable":true,"href":"https:\/\/gcf.community\/es\/wp-json\/wp\/v2\/comments?post=2632"}],"version-history":[{"count":17,"href":"https:\/\/gcf.community\/es\/wp-json\/wp\/v2\/pages\/2632\/revisions"}],"predecessor-version":[{"id":3118,"href":"https:\/\/gcf.community\/es\/wp-json\/wp\/v2\/pages\/2632\/revisions\/3118"}],"up":[{"embeddable":true,"href":"https:\/\/gcf.community\/es\/wp-json\/wp\/v2\/pages\/2379"}],"wp:attachment":[{"href":"https:\/\/gcf.community\/es\/wp-json\/wp\/v2\/media?parent=2632"}],"wp:term":[{"taxonomy":"category","embeddable":true,"href":"https:\/\/gcf.community\/es\/wp-json\/wp\/v2\/categories?post=2632"}],"curies":[{"name":"wp","href":"https:\/\/api.w.org\/{rel}","templated":true}]}}