{"id":2627,"date":"2024-10-09T20:10:10","date_gmt":"2024-10-09T19:10:10","guid":{"rendered":"https:\/\/gcf.community\/?page_id=2627"},"modified":"2024-10-21T14:16:32","modified_gmt":"2024-10-21T13:16:32","slug":"ai-glossary","status":"publish","type":"page","link":"https:\/\/gcf.community\/es\/events\/max7-ai-academy\/ai-glossary\/","title":{"rendered":"Glosario de IA"},"content":{"rendered":"<button tabindex=\"0\" aria-label=\"Men\u00fa\">\n\t\t\t\t\t\t\t<\/button>\n\t<nav aria-label=\"AI\" itemscope=\"itemscope\" itemtype=\"https:\/\/schema.org\/SiteNavigationElement\">\n\t\t<ul id=\"menu-ai\"><li id=\"menu-item-2607\"><a href=\"https:\/\/gcf.community\/es\/events\/max7-ai-academy\/\">Academia de IA Max7<\/a><\/li><li id=\"menu-item-2604\"><a href=\"https:\/\/gcf.community\/es\/events\/max7-ai-academy\/dates-times\/\">Fechas \/ Horarios<\/a><\/li><li id=\"menu-item-2603\"><a href=\"https:\/\/gcf.community\/es\/events\/max7-ai-academy\/info-updates\/\">Actualizaciones de informaci\u00f3n<\/a><\/li><li id=\"menu-item-2606\"><a href=\"https:\/\/gcf.community\/es\/events\/max7-ai-academy\/faqs\/\">Preguntas frecuentes<\/a><\/li><li id=\"menu-item-2797\"><a href=\"https:\/\/gcf.community\/es\/events\/max7-ai-academy\/ai-glossary\/\" aria-current=\"page\">Glosario de IA<\/a><\/li><li id=\"menu-item-2798\"><a href=\"https:\/\/gcf.community\/es\/events\/max7-ai-academy\/tools\/\">Herramientas<\/a><\/li><li id=\"menu-item-2796\"><a href=\"https:\/\/gcf.community\/es\/events\/max7-ai-academy\/ai-manual\/\">Manual de IA<\/a><\/li><li id=\"menu-item-2795\"><a href=\"https:\/\/gcf.community\/es\/events\/max7-ai-academy\/videos\/\">V\u00eddeos<\/a><\/li><li id=\"menu-item-2825\"><a href=\"https:\/\/www.max7.org\/en\/resource\/aiacademy\">Academia de IA en Max7<\/a><\/li><\/ul>\n\t\t\t<\/nav>\n<h1>\n\t\tGlosario de IA\n\t<\/h1>\n\t<p>\u00a1La IA es un campo con muchas palabras nuevas! \u00bfNo sabes qu\u00e9 significa algo? Puedes usar el buscador de abajo para filtrar el glosario.<\/p>\n\t<div class=\"wpgb-facet wpgb-loading wpgb-facet-12\" data-facet=\"12\" data-grid=\"6\">\t<fieldset>\n\t\t<legend class=\"wpgb-facet-title wpgb-sr-only\">B\u00fasqueda (t\u00e9rminos de IA)<\/legend>\n\t\t<div class=\"wpgb-search-facet\"><label>\n\t\t\t\t<span class=\"wpgb-sr-only\">Buscar contenido<\/span>\n\t\t\t\t<input class=\"wpgb-input\" type=\"search\" name=\"search_faqs_2\" placeholder=\"Busque en el glosario para filtrar los resultados\" value=\"\" autocomplete=\"off\">\n\t\t\t\t<svg class=\"wpgb-input-icon\" viewbox=\"0 0 24 24\" height=\"16\" width=\"16\" aria-hidden=\"true\" focusable=\"false\"><path d=\"M17.5 17.5 23 23Zm-16-7a9 9 0 1 1 9 9 9 9 0 0 1-9-9Z\"\/><\/svg>\n\t\t\t<\/label><button type=\"button\" class=\"wpgb-clear-button\" hidden><span class=\"wpgb-sr-only\">Claro<\/span><svg viewbox=\"0 0 24 24\" height=\"24\" width=\"24\" aria-hidden=\"true\" focusable=\"false\"><path d=\"m12 12-4.25 4.75L12.001 12 7.75 7.25 12.001 12l4.249-4.75L12 12l4.25 4.75Z\"\/><\/svg><\/button><\/div>\t<\/fieldset>\n\t<\/div>\n\t<!-- Gridbuilder \u1d42\u1d3e Plugin (https:\/\/wpgridbuilder.com) -->\n<div class=\"wp-grid-builder wpgb-grid-6\" data-options=\"{&quot;id&quot;:6,&quot;type&quot;:&quot;masonry&quot;,&quot;source&quot;:&quot;post_type&quot;,&quot;loader&quot;:false,&quot;layout&quot;:&quot;vertical&quot;,&quot;reveal&quot;:0,&quot;isMainQuery&quot;:0,&quot;lazyLoad&quot;:false,&quot;cardSizes&quot;:{&quot;9999&quot;:{&quot;columns&quot;:1,&quot;height&quot;:240,&quot;gutter&quot;:16,&quot;ratio&quot;:&quot;1.33333&quot;},&quot;1280&quot;:{&quot;columns&quot;:1,&quot;height&quot;:220,&quot;gutter&quot;:16,&quot;ratio&quot;:&quot;1.33333&quot;},&quot;1024&quot;:{&quot;columns&quot;:1,&quot;height&quot;:200,&quot;gutter&quot;:16,&quot;ratio&quot;:&quot;1.33333&quot;},&quot;640&quot;:{&quot;columns&quot;:1,&quot;height&quot;:200,&quot;gutter&quot;:16,&quot;ratio&quot;:&quot;1.33333&quot;}},&quot;fitRows&quot;:false,&quot;equalRows&quot;:0,&quot;equalColumns&quot;:false,&quot;fillLastRow&quot;:0,&quot;centerLastRow&quot;:0,&quot;horizontalOrder&quot;:false,&quot;fullWidth&quot;:false,&quot;transitionDelay&quot;:100,&quot;gallerySlideshow&quot;:false,&quot;rowsNumber&quot;:1,&quot;slideAlign&quot;:&quot;left&quot;,&quot;groupCells&quot;:1,&quot;draggable&quot;:true,&quot;initialIndex&quot;:0,&quot;contain&quot;:false,&quot;freeScroll&quot;:false,&quot;freeFriction&quot;:&quot;0.075&quot;,&quot;friction&quot;:&quot;0.285&quot;,&quot;attraction&quot;:&quot;0.025&quot;,&quot;autoPlay&quot;:0,&quot;pageDotAriaLabel&quot;:&quot;Page dot %d&quot;,&quot;isPreview&quot;:false,&quot;isGutenberg&quot;:false,&quot;rightToLeft&quot;:false}\"><div class=\"wpgb-svg-icons\" hidden>\n\t<svg viewbox=\"0 0 120 24\" width=\"0\" height=\"0\">\n\t<defs>\n        <polygon id=\"wpgb-star-svg\" points=\"12 2.5 15.1 8.8 22 9.8 17 14.6 18.2 21.5 12 18.3 5.8 21.5 7 14.6 2 9.8 8.9 8.8\"><\/polygon>\n    <\/defs>\n    <symbol id=\"wpgb-rating-stars-svg\">\n        <use xlink:href=\"#wpgb-star-svg\"><\/use>\n        <use xlink:href=\"#wpgb-star-svg\" x=\"24\"><\/use>\n        <use xlink:href=\"#wpgb-star-svg\" x=\"48\"><\/use>\n        <use xlink:href=\"#wpgb-star-svg\" x=\"72\"><\/use>\n        <use xlink:href=\"#wpgb-star-svg\" x=\"96\"><\/use>\n    <\/symbol>\n<\/svg>\n<\/div>\n<div class=\"wpgb-wrapper\">\n\t<div class=\"wpgb-main\">\n\t<div class=\"wpgb-layout\">\n\t<div class=\"wpgb-viewport\">\n\t\t<div class=\"wpgb-masonry\">\n\t\t\t<article class=\"wpgb-card wpgb-card-28 wpgb-post-2708\" data-col=\"1\" data-row=\"1\" data-format=\"standard\"><div class=\"wpgb-card-wrapper\"><div class=\"wpgb-card-inner\"><div class=\"wpgb-card-content wpgb-scheme-dark\"><div class=\"wpgb-card-body\"><h3 class=\"wpgb-block-1\">Agente de IA<\/h3><div class=\"wpgb-block-2\"><\/div><div class=\"wpgb-block-5\"><p>Un sistema impulsado por IA que puede actuar en un entorno. Por ejemplo, un LLM que tiene acceso a un conjunto de herramientas y debe decidir cu\u00e1l usar para realizar una tarea que se le ha encomendado.<\/p><\/div><\/div><\/div><\/div><\/div><\/article><article class=\"wpgb-card wpgb-card-28 wpgb-post-2644\" data-col=\"1\" data-row=\"1\" data-format=\"standard\"><div class=\"wpgb-card-wrapper\"><div class=\"wpgb-card-inner\"><div class=\"wpgb-card-content wpgb-scheme-dark\"><div class=\"wpgb-card-body\"><h3 class=\"wpgb-block-1\">Algoritmo<\/h3><div class=\"wpgb-block-2\"><\/div><div class=\"wpgb-block-5\"><p>Un conjunto de instrucciones o reglas dise\u00f1adas para resolver un problema o realizar una tarea.<\/p><\/div><\/div><\/div><\/div><\/div><\/article><article class=\"wpgb-card wpgb-card-28 wpgb-post-2693\" data-col=\"1\" data-row=\"1\" data-format=\"standard\"><div class=\"wpgb-card-wrapper\"><div class=\"wpgb-card-inner\"><div class=\"wpgb-card-content wpgb-scheme-dark\"><div class=\"wpgb-card-body\"><h3 class=\"wpgb-block-1\">API (Interfaz de programaci\u00f3n de aplicaciones)<\/h3><div class=\"wpgb-block-2\"><\/div><div class=\"wpgb-block-5\"><p>Un conjunto de reglas y herramientas para crear aplicaciones de software. En IA, las API permiten a los desarrolladores acceder y utilizar modelos o servicios preentrenados.<\/p><\/div><\/div><\/div><\/div><\/div><\/article><article class=\"wpgb-card wpgb-card-28 wpgb-post-2705\" data-col=\"1\" data-row=\"1\" data-format=\"standard\"><div class=\"wpgb-card-wrapper\"><div class=\"wpgb-card-inner\"><div class=\"wpgb-card-content wpgb-scheme-dark\"><div class=\"wpgb-card-body\"><h3 class=\"wpgb-block-1\">Inteligencia artificial general (AGI):<\/h3><div class=\"wpgb-block-2\"><\/div><div class=\"wpgb-block-5\"><p>Un t\u00e9rmino utilizado para describir m\u00e1quinas futuras que podr\u00edan igualar y luego superar la gama completa de la capacidad cognitiva humana.<\/p><\/div><\/div><\/div><\/div><\/div><\/article><article class=\"wpgb-card wpgb-card-28 wpgb-post-2641\" data-col=\"1\" data-row=\"1\" data-format=\"standard\"><div class=\"wpgb-card-wrapper\"><div class=\"wpgb-card-inner\"><div class=\"wpgb-card-content wpgb-scheme-dark\"><div class=\"wpgb-card-body\"><h3 class=\"wpgb-block-1\">Inteligencia artificial (IA)<\/h3><div class=\"wpgb-block-2\"><\/div><div class=\"wpgb-block-5\"><p>Campo de la inform\u00e1tica que se centra en la creaci\u00f3n de sistemas capaces de realizar tareas que suelen requerir inteligencia humana. Estas tareas incluyen el aprendizaje, el razonamiento, la resoluci\u00f3n de problemas y la comprensi\u00f3n del lenguaje.<\/p><\/div><\/div><\/div><\/div><\/div><\/article><article class=\"wpgb-card wpgb-card-28 wpgb-post-2675\" data-col=\"1\" data-row=\"1\" data-format=\"standard\"><div class=\"wpgb-card-wrapper\"><div class=\"wpgb-card-inner\"><div class=\"wpgb-card-content wpgb-scheme-dark\"><div class=\"wpgb-card-body\"><h3 class=\"wpgb-block-1\">Chatbot<\/h3><div class=\"wpgb-block-2\"><\/div><div class=\"wpgb-block-5\"><p>Un programa de computadora dise\u00f1ado para simular una conversaci\u00f3n con usuarios humanos, a menudo a trav\u00e9s de interacciones de texto o voz.<\/p><\/div><\/div><\/div><\/div><\/div><\/article><article class=\"wpgb-card wpgb-card-28 wpgb-post-2690\" data-col=\"1\" data-row=\"1\" data-format=\"standard\"><div class=\"wpgb-card-wrapper\"><div class=\"wpgb-card-inner\"><div class=\"wpgb-card-content wpgb-scheme-dark\"><div class=\"wpgb-card-body\"><h3 class=\"wpgb-block-1\">Visi\u00f3n por computadora<\/h3><div class=\"wpgb-block-2\"><\/div><div class=\"wpgb-block-5\"><p>Un campo de la IA centrado en permitir que las m\u00e1quinas interpreten y comprendan informaci\u00f3n visual del mundo, como reconocer objetos en im\u00e1genes.<\/p><\/div><\/div><\/div><\/div><\/div><\/article><article class=\"wpgb-card wpgb-card-28 wpgb-post-2699\" data-col=\"1\" data-row=\"1\" data-format=\"standard\"><div class=\"wpgb-card-wrapper\"><div class=\"wpgb-card-inner\"><div class=\"wpgb-card-content wpgb-scheme-dark\"><div class=\"wpgb-card-body\"><h3 class=\"wpgb-block-1\">DALL-E<\/h3><div class=\"wpgb-block-2\"><\/div><div class=\"wpgb-block-5\"><p>Un modelo de IA desarrollado por OpenAI dise\u00f1ado espec\u00edficamente para generar im\u00e1genes a partir de descripciones textuales.<\/p><\/div><\/div><\/div><\/div><\/div><\/article><article class=\"wpgb-card wpgb-card-28 wpgb-post-2663\" data-col=\"1\" data-row=\"1\" data-format=\"standard\"><div class=\"wpgb-card-wrapper\"><div class=\"wpgb-card-inner\"><div class=\"wpgb-card-content wpgb-scheme-dark\"><div class=\"wpgb-card-body\"><h3 class=\"wpgb-block-1\">Conjunto de datos<\/h3><div class=\"wpgb-block-2\"><\/div><div class=\"wpgb-block-5\"><p>Una colecci\u00f3n estructurada de datos. En el contexto de la IA y el aprendizaje autom\u00e1tico, los conjuntos de datos se utilizan para entrenar, validar y probar modelos.<\/p><\/div><\/div><\/div><\/div><\/div><\/article><article class=\"wpgb-card wpgb-card-28 wpgb-post-2657\" data-col=\"1\" data-row=\"1\" data-format=\"standard\"><div class=\"wpgb-card-wrapper\"><div class=\"wpgb-card-inner\"><div class=\"wpgb-card-content wpgb-scheme-dark\"><div class=\"wpgb-card-body\"><h3 class=\"wpgb-block-1\">Aprendizaje profundo<\/h3><div class=\"wpgb-block-2\"><\/div><div class=\"wpgb-block-5\"><p>Un enfoque de la IA inspirado en c\u00f3mo las neuronas del cerebro reconocen patrones complejos en los datos. El t\u00e9rmino &quot;profundo&quot; se refiere a las m\u00faltiples capas de neuronas presentes en los modelos actuales que ayudan a aprender representaciones ricas de los datos para lograr un mayor rendimiento.<\/p><\/div><\/div><\/div><\/div><\/div><\/article>\t\t<\/div>\n\t<\/div>\n\t<\/div>\n\t<\/div>\n\t\t<\/div>\n<\/div>\n\n\t<div class=\"wpgb-facet wpgb-loading wpgb-facet-11\" data-facet=\"11\" data-grid=\"6\"><nav class=\"wpgb-pagination-facet\" aria-label=\"Navegaci\u00f3n de p\u00e1gina\"><ul class=\"wpgb-pagination\"><li class=\"wpgb-page\"><a href=\"https:\/\/gcf.community\/es\/events\/max7-ai-academy\/ai-glossary\/?_pagination_faqs=1\" aria-current=\"true\" aria-label=\"P\u00e1gina actual, P\u00e1gina 1\" data-page=\"1\">1<\/a><\/li><li class=\"wpgb-page\"><a href=\"https:\/\/gcf.community\/es\/events\/max7-ai-academy\/ai-glossary\/?_pagination_faqs=2\" aria-label=\"Ir a la p\u00e1gina 2\" data-page=\"2\">2<\/a><\/li><li class=\"wpgb-page\"><a href=\"https:\/\/gcf.community\/es\/events\/max7-ai-academy\/ai-glossary\/?_pagination_faqs=3\" aria-label=\"Ir a la p\u00e1gina 3\" data-page=\"3\">3<\/a><\/li><li class=\"wpgb-page\"><a href=\"https:\/\/gcf.community\/es\/events\/max7-ai-academy\/ai-glossary\/?_pagination_faqs=4\" aria-label=\"Ir a la p\u00e1gina 4\" data-page=\"4\">4<\/a><\/li><li class=\"wpgb-page wpgb-page-next\"><a href=\"https:\/\/gcf.community\/es\/events\/max7-ai-academy\/ai-glossary\/?_pagination_faqs=2\" aria-label=\"Ir a la p\u00e1gina 2\" data-page=\"2\">Pr\u00f3ximo &quot;<\/a><\/li><\/ul><\/nav><\/div>","protected":false},"excerpt":{"rendered":"<p>Un enfoque de la IA inspirado en c\u00f3mo las neuronas del cerebro reconocen patrones complejos en los datos. El t\u00e9rmino &quot;profundo&quot; se refiere a las m\u00faltiples capas de neuronas presentes en los modelos actuales que ayudan a aprender representaciones ricas de los datos para lograr un mayor rendimiento.<\/p>","protected":false},"author":1,"featured_media":0,"parent":2379,"menu_order":0,"comment_status":"closed","ping_status":"closed","template":"","meta":{"_acf_changed":false,"_seopress_robots_primary_cat":"","_seopress_titles_title":"","_seopress_titles_desc":"","_seopress_robots_index":"","footnotes":"","_links_to":"","_links_to_target":""},"categories":[],"class_list":["post-2627","page","type-page","status-publish","hentry"],"acf":[],"_links":{"self":[{"href":"https:\/\/gcf.community\/es\/wp-json\/wp\/v2\/pages\/2627","targetHints":{"allow":["GET"]}}],"collection":[{"href":"https:\/\/gcf.community\/es\/wp-json\/wp\/v2\/pages"}],"about":[{"href":"https:\/\/gcf.community\/es\/wp-json\/wp\/v2\/types\/page"}],"author":[{"embeddable":true,"href":"https:\/\/gcf.community\/es\/wp-json\/wp\/v2\/users\/1"}],"replies":[{"embeddable":true,"href":"https:\/\/gcf.community\/es\/wp-json\/wp\/v2\/comments?post=2627"}],"version-history":[{"count":5,"href":"https:\/\/gcf.community\/es\/wp-json\/wp\/v2\/pages\/2627\/revisions"}],"predecessor-version":[{"id":2850,"href":"https:\/\/gcf.community\/es\/wp-json\/wp\/v2\/pages\/2627\/revisions\/2850"}],"up":[{"embeddable":true,"href":"https:\/\/gcf.community\/es\/wp-json\/wp\/v2\/pages\/2379"}],"wp:attachment":[{"href":"https:\/\/gcf.community\/es\/wp-json\/wp\/v2\/media?parent=2627"}],"wp:term":[{"taxonomy":"category","embeddable":true,"href":"https:\/\/gcf.community\/es\/wp-json\/wp\/v2\/categories?post=2627"}],"curies":[{"name":"wp","href":"https:\/\/api.w.org\/{rel}","templated":true}]}}