{"id":2612,"date":"2024-10-09T17:37:59","date_gmt":"2024-10-09T16:37:59","guid":{"rendered":"https:\/\/gcf.community\/?page_id=2612"},"modified":"2024-11-08T10:36:59","modified_gmt":"2024-11-08T10:36:59","slug":"tools","status":"publish","type":"page","link":"https:\/\/gcf.community\/es\/events\/max7-ai-academy\/tools\/","title":{"rendered":"Herramientas"},"content":{"rendered":"<button tabindex=\"0\" aria-label=\"Men\u00fa\">\n\t\t\t\t\t\t\t<\/button>\n\t<nav aria-label=\"AI\" itemscope=\"itemscope\" itemtype=\"https:\/\/schema.org\/SiteNavigationElement\">\n\t\t<ul id=\"menu-ai\"><li id=\"menu-item-2607\"><a href=\"https:\/\/gcf.community\/es\/events\/max7-ai-academy\/\">Academia de IA Max7<\/a><\/li><li id=\"menu-item-2604\"><a href=\"https:\/\/gcf.community\/es\/events\/max7-ai-academy\/dates-times\/\">Fechas \/ Horarios<\/a><\/li><li id=\"menu-item-2603\"><a href=\"https:\/\/gcf.community\/es\/events\/max7-ai-academy\/info-updates\/\">Actualizaciones de informaci\u00f3n<\/a><\/li><li id=\"menu-item-2606\"><a href=\"https:\/\/gcf.community\/es\/events\/max7-ai-academy\/faqs\/\">Preguntas frecuentes<\/a><\/li><li id=\"menu-item-2797\"><a href=\"https:\/\/gcf.community\/es\/events\/max7-ai-academy\/ai-glossary\/\">Glosario de IA<\/a><\/li><li id=\"menu-item-2798\"><a href=\"https:\/\/gcf.community\/es\/events\/max7-ai-academy\/tools\/\" aria-current=\"page\">Herramientas<\/a><\/li><li id=\"menu-item-2796\"><a href=\"https:\/\/gcf.community\/es\/events\/max7-ai-academy\/ai-manual\/\">Manual de IA<\/a><ul>\t<li id=\"menu-item-2866\"><a href=\"https:\/\/gcf.community\/es\/events\/max7-ai-academy\/ai-manual\/introduction\/\">Introducci\u00f3n<\/a><\/li>\t<li id=\"menu-item-2865\"><a href=\"https:\/\/gcf.community\/es\/events\/max7-ai-academy\/ai-manual\/what-is-ai\/\">\u00bfQu\u00e9 es la IA?<\/a><\/li>\t<li id=\"menu-item-2864\"><a href=\"https:\/\/gcf.community\/es\/events\/max7-ai-academy\/ai-manual\/ai-and-ministry-leaders\/\">IA y l\u00edderes ministeriales<\/a><\/li>\t<li id=\"menu-item-2863\"><a href=\"https:\/\/gcf.community\/es\/events\/max7-ai-academy\/ai-manual\/getting-ai-apps-set-up\/\">Configuraci\u00f3n de aplicaciones de IA<\/a><\/li>\t<li id=\"menu-item-2924\"><a href=\"https:\/\/gcf.community\/es\/events\/max7-ai-academy\/ai-manual\/types-of-prompts\/\">Tipos de indicaciones<\/a><\/li>\t<li id=\"menu-item-2944\"><a href=\"https:\/\/gcf.community\/es\/events\/max7-ai-academy\/ai-manual\/chatbot-ministry-examples-to-try\/\">Ejemplos de ministerios de chatbot para probar<\/a><\/li><\/ul><\/li><li id=\"menu-item-2795\"><a href=\"https:\/\/gcf.community\/es\/events\/max7-ai-academy\/videos\/\">V\u00eddeos<\/a><\/li><li id=\"menu-item-2825\"><a href=\"https:\/\/ai-academy.max7.org\/\">Academia de IA en Max7<\/a><\/li><\/ul>\n\t\t\t<\/nav>\n<h1>\n\t\tHerramientas de IA\n\t<\/h1>\n\t<p>A continuaci\u00f3n, se muestra una lista de recursos y herramientas de IA que hemos recopilado. Est\u00e1n organizados en diferentes categor\u00edas.<\/p>\n<p>Puede utilizar las casillas de verificaci\u00f3n para filtrar las herramientas por categor\u00eda, o puede utilizar el cuadro de b\u00fasqueda a continuaci\u00f3n para filtrar las herramientas.<\/p>\n<p>Si encuentra un enlace roto, o si la informaci\u00f3n es incorrecta, o si encuentra un recurso que cree que ser\u00eda \u00fatil que agreguemos a esta lista, utilice el formulario en esta p\u00e1gina para informarnos.<\/p>\n<h4>\n\t\tBuscar herramientas de IA\n\t<\/h4>\n\t<div class=\"wpgb-facet wpgb-loading wpgb-facet-14\" data-facet=\"14\" data-grid=\"4\">\t<fieldset>\n\t\t<legend class=\"wpgb-facet-title wpgb-sr-only\">B\u00fasqueda (herramientas de IA)<\/legend>\n\t\t<div class=\"wpgb-search-facet\"><label>\n\t\t\t\t<span class=\"wpgb-sr-only\" data-no-translation=\"\" data-trp-gettext=\"\">Rechercher<\/span>\n\t\t\t\t<input class=\"wpgb-input\" type=\"search\" name=\"search_faqs_3\" placeholder=\"Herramientas de b\u00fasqueda para filtrar resultados\" value=\"\" autocomplete=\"off\">\n\t\t\t\t<svg class=\"wpgb-input-icon\" viewbox=\"0 0 24 24\" height=\"16\" width=\"16\" aria-hidden=\"true\" focusable=\"false\"><path d=\"M17.5 17.5 23 23Zm-16-7a9 9 0 1 1 9 9 9 9 0 0 1-9-9Z\"\/><\/svg>\n\t\t\t<\/label><button type=\"button\" class=\"wpgb-clear-button\" hidden><span class=\"wpgb-sr-only\" data-no-translation=\"\" data-trp-gettext=\"\">Effacer<\/span><svg viewbox=\"0 0 24 24\" height=\"24\" width=\"24\" aria-hidden=\"true\" focusable=\"false\"><path d=\"m12 12-4.25 4.75L12.001 12 7.75 7.25 12.001 12l4.249-4.75L12 12l4.25 4.75Z\"\/><\/svg><\/button><\/div>\t<\/fieldset>\n\t<\/div>\n<h4>\n\t\tCategor\u00edas de herramientas\n\t<\/h4>\n\t<div class=\"wpgb-facet wpgb-loading wpgb-facet-13\" data-facet=\"13\" data-grid=\"4\">\t<fieldset>\n\t\t<legend class=\"wpgb-facet-title wpgb-sr-only\">Categor\u00edas (herramientas de IA)<\/legend>\n\t\t<div class=\"wpgb-checkbox-facet\"><ul class=\"wpgb-hierarchical-list\"><li><div class=\"wpgb-checkbox\" role=\"button\" aria-pressed=\"false\" tabindex=\"0\"><input type=\"hidden\" name=\"categories_faqs_2[]\" value=\"ai\"><span class=\"wpgb-checkbox-control\"><\/span><span class=\"wpgb-checkbox-label\">AI&nbsp;<span>(35)<\/span><\/span><\/div><\/li><li><div class=\"wpgb-checkbox\" role=\"button\" aria-pressed=\"false\" tabindex=\"0\"><input type=\"hidden\" name=\"categories_faqs_2[]\" value=\"animation\"><span class=\"wpgb-checkbox-control\"><\/span><span class=\"wpgb-checkbox-label\">Animaci\u00f3n&nbsp;<span>(3)<\/span><\/span><\/div><\/li><li><div class=\"wpgb-checkbox\" role=\"button\" aria-pressed=\"false\" tabindex=\"0\"><input type=\"hidden\" name=\"categories_faqs_2[]\" value=\"art\"><span class=\"wpgb-checkbox-control\"><\/span><span class=\"wpgb-checkbox-label\">Arte&nbsp;<span>(15)<\/span><\/span><\/div><\/li><li><div class=\"wpgb-checkbox\" role=\"button\" aria-pressed=\"false\" tabindex=\"0\"><input type=\"hidden\" name=\"categories_faqs_2[]\" value=\"audio\"><span class=\"wpgb-checkbox-control\"><\/span><span class=\"wpgb-checkbox-label\">Audio&nbsp;<span>(4)<\/span><\/span><\/div><\/li><li><div class=\"wpgb-checkbox\" role=\"button\" aria-pressed=\"false\" tabindex=\"0\"><input type=\"hidden\" name=\"categories_faqs_2[]\" value=\"chatbots\"><span class=\"wpgb-checkbox-control\"><\/span><span class=\"wpgb-checkbox-label\">Chatbots&nbsp;<span>(6)<\/span><\/span><\/div><\/li><li><div class=\"wpgb-checkbox\" role=\"button\" aria-pressed=\"false\" tabindex=\"0\"><input type=\"hidden\" name=\"categories_faqs_2[]\" value=\"free\"><span class=\"wpgb-checkbox-control\"><\/span><span class=\"wpgb-checkbox-label\">Gratis&nbsp;<span>(10)<\/span><\/span><\/div><\/li><li><div class=\"wpgb-checkbox\" role=\"button\" aria-pressed=\"false\" tabindex=\"0\"><input type=\"hidden\" name=\"categories_faqs_2[]\" value=\"freemium\"><span class=\"wpgb-checkbox-control\"><\/span><span class=\"wpgb-checkbox-label\">Freemium&nbsp;<span>(22)<\/span><\/span><\/div><\/li><li><div class=\"wpgb-checkbox\" role=\"button\" aria-pressed=\"false\" tabindex=\"0\"><input type=\"hidden\" name=\"categories_faqs_2[]\" value=\"music\"><span class=\"wpgb-checkbox-control\"><\/span><span class=\"wpgb-checkbox-label\">M\u00fasica&nbsp;<span>(5)<\/span><\/span><\/div><\/li><li><div class=\"wpgb-checkbox\" role=\"button\" aria-pressed=\"false\" tabindex=\"0\"><input type=\"hidden\" name=\"categories_faqs_2[]\" value=\"news-hub\"><span class=\"wpgb-checkbox-control\"><\/span><span class=\"wpgb-checkbox-label\">Noticias \/ Centro&nbsp;<span>(4)<\/span><\/span><\/div><\/li><li><div class=\"wpgb-checkbox\" role=\"button\" aria-pressed=\"false\" tabindex=\"0\"><input type=\"hidden\" name=\"categories_faqs_2[]\" value=\"premium\"><span class=\"wpgb-checkbox-control\"><\/span><span class=\"wpgb-checkbox-label\">De primera calidad&nbsp;<span>(6)<\/span><\/span><\/div><\/li><li><div class=\"wpgb-checkbox\" role=\"button\" aria-pressed=\"false\" tabindex=\"0\"><input type=\"hidden\" name=\"categories_faqs_2[]\" value=\"special-effects\"><span class=\"wpgb-checkbox-control\"><\/span><span class=\"wpgb-checkbox-label\">Efectos especiales&nbsp;<span>(3)<\/span><\/span><\/div><\/li><li><div class=\"wpgb-checkbox\" role=\"button\" aria-pressed=\"false\" tabindex=\"0\"><input type=\"hidden\" name=\"categories_faqs_2[]\" value=\"speech-to-text\"><span class=\"wpgb-checkbox-control\"><\/span><span class=\"wpgb-checkbox-label\">Voz a texto&nbsp;<span>(6)<\/span><\/span><\/div><\/li><li><div class=\"wpgb-checkbox\" role=\"button\" aria-pressed=\"false\" tabindex=\"0\"><input type=\"hidden\" name=\"categories_faqs_2[]\" value=\"subtitles\"><span class=\"wpgb-checkbox-control\"><\/span><span class=\"wpgb-checkbox-label\">Subt\u00edtulos&nbsp;<span>(1)<\/span><\/span><\/div><\/li><li><div class=\"wpgb-checkbox\" role=\"button\" aria-pressed=\"false\" tabindex=\"0\"><input type=\"hidden\" name=\"categories_faqs_2[]\" value=\"text-to-speech\"><span class=\"wpgb-checkbox-control\"><\/span><span class=\"wpgb-checkbox-label\">Texto a voz&nbsp;<span>(7)<\/span><\/span><\/div><\/li><li><div class=\"wpgb-checkbox\" role=\"button\" aria-pressed=\"false\" tabindex=\"0\"><input type=\"hidden\" name=\"categories_faqs_2[]\" value=\"translation\"><span class=\"wpgb-checkbox-control\"><\/span><span class=\"wpgb-checkbox-label\">Traducci\u00f3n&nbsp;<span>(8)<\/span><\/span><\/div><\/li><li><div class=\"wpgb-checkbox\" role=\"button\" aria-pressed=\"false\" tabindex=\"0\"><input type=\"hidden\" name=\"categories_faqs_2[]\" value=\"video\"><span class=\"wpgb-checkbox-control\"><\/span><span class=\"wpgb-checkbox-label\">Video&nbsp;<span>(15)<\/span><\/span><\/div><\/li><\/ul><\/div>\t<\/fieldset>\n\t<\/div>\n\t<div class=\"wpgb-facet wpgb-loading wpgb-facet-4\" data-facet=\"4\" data-grid=\"4\"><button type=\"button\" class=\"wpgb-button wpgb-reset\" name=\"reset\">Reiniciar<\/button><\/div>\n<h4>\n\t\tResultados de las herramientas de IA\n\t<\/h4>\n\t<!-- Gridbuilder \u1d42\u1d3e Plugin (https:\/\/wpgridbuilder.com) -->\n<div class=\"wp-grid-builder wpgb-grid-4\" data-options=\"{&quot;id&quot;:4,&quot;type&quot;:&quot;masonry&quot;,&quot;source&quot;:&quot;post_type&quot;,&quot;loader&quot;:false,&quot;layout&quot;:&quot;vertical&quot;,&quot;reveal&quot;:0,&quot;isMainQuery&quot;:0,&quot;lazyLoad&quot;:false,&quot;cardSizes&quot;:{&quot;9999&quot;:{&quot;columns&quot;:3,&quot;height&quot;:240,&quot;gutter&quot;:16,&quot;ratio&quot;:&quot;1.33333&quot;},&quot;1280&quot;:{&quot;columns&quot;:3,&quot;height&quot;:240,&quot;gutter&quot;:16,&quot;ratio&quot;:&quot;1.33333&quot;},&quot;1024&quot;:{&quot;columns&quot;:2,&quot;height&quot;:220,&quot;gutter&quot;:16,&quot;ratio&quot;:&quot;1.33333&quot;},&quot;640&quot;:{&quot;columns&quot;:1,&quot;height&quot;:220,&quot;gutter&quot;:16,&quot;ratio&quot;:&quot;1.33333&quot;}},&quot;fitRows&quot;:false,&quot;equalRows&quot;:0,&quot;equalColumns&quot;:false,&quot;fillLastRow&quot;:0,&quot;centerLastRow&quot;:0,&quot;horizontalOrder&quot;:false,&quot;fullWidth&quot;:false,&quot;transitionDelay&quot;:100,&quot;gallerySlideshow&quot;:false,&quot;rowsNumber&quot;:1,&quot;slideAlign&quot;:&quot;left&quot;,&quot;groupCells&quot;:1,&quot;draggable&quot;:true,&quot;initialIndex&quot;:0,&quot;contain&quot;:false,&quot;freeScroll&quot;:false,&quot;freeFriction&quot;:&quot;0.075&quot;,&quot;friction&quot;:&quot;0.285&quot;,&quot;attraction&quot;:&quot;0.025&quot;,&quot;autoPlay&quot;:0,&quot;pageDotAriaLabel&quot;:&quot;Page dot %d&quot;,&quot;isPreview&quot;:false,&quot;isGutenberg&quot;:false,&quot;rightToLeft&quot;:false}\"><div class=\"wpgb-svg-icons\" hidden>\n\t<svg viewbox=\"0 0 120 24\" width=\"0\" height=\"0\">\n\t<defs>\n        <polygon id=\"wpgb-star-svg\" points=\"12 2.5 15.1 8.8 22 9.8 17 14.6 18.2 21.5 12 18.3 5.8 21.5 7 14.6 2 9.8 8.9 8.8\"><\/polygon>\n    <\/defs>\n    <symbol id=\"wpgb-rating-stars-svg\">\n        <use xlink:href=\"#wpgb-star-svg\"><\/use>\n        <use xlink:href=\"#wpgb-star-svg\" x=\"24\"><\/use>\n        <use xlink:href=\"#wpgb-star-svg\" x=\"48\"><\/use>\n        <use xlink:href=\"#wpgb-star-svg\" x=\"72\"><\/use>\n        <use xlink:href=\"#wpgb-star-svg\" x=\"96\"><\/use>\n    <\/symbol>\n<\/svg>\n<\/div>\n<div class=\"wpgb-wrapper\">\n\t<div class=\"wpgb-main\">\n\t<div class=\"wpgb-layout\">\n\t<div class=\"wpgb-viewport\">\n\t\t<div class=\"wpgb-masonry\">\n\t\t\t<article class=\"wpgb-card wpgb-card-29 wpgb-post-2781\" data-col=\"1\" data-row=\"1\" data-format=\"standard\"><div class=\"wpgb-card-wrapper\"><div class=\"wpgb-card-inner\"><div class=\"wpgb-card-content wpgb-scheme-dark\"><div class=\"wpgb-card-body\"><h3 class=\"wpgb-block-1\">Claude<\/h3><div class=\"wpgb-block-2\"><\/div><div class=\"wpgb-block-5\"><p>Claude AI es un modelo de lenguaje avanzado desarrollado por Anthropic, dise\u00f1ado para generar texto con un dise\u00f1o similar al humano a partir de la informaci\u00f3n que recibe. Fomenta la interacci\u00f3n segura y beneficiosa mediante la incorporaci\u00f3n de directrices para reducir el contenido da\u00f1ino y mejorar la comprensi\u00f3n.<\/p><\/div><a class=\"wpgb-block-3\" target=\"_blank\" rel=\"external noopener noreferrer\" href=\"https:\/\/claude.ai\/\">https:\/\/claude.ai\/<\/a><\/div><\/div><\/div><\/div><\/article><article class=\"wpgb-card wpgb-card-29 wpgb-post-3023\" data-col=\"1\" data-row=\"1\" data-format=\"standard\"><div class=\"wpgb-card-wrapper\"><div class=\"wpgb-card-inner\"><div class=\"wpgb-card-content wpgb-scheme-dark\"><div class=\"wpgb-card-body\"><h3 class=\"wpgb-block-1\">OnceLabs<\/h3><div class=\"wpgb-block-2\"><\/div><div class=\"wpgb-block-5\"><p>Herramienta pionera de texto a voz y generaci\u00f3n de voz con IA. Incluye conversi\u00f3n de texto a efectos especiales y clonaci\u00f3n de voz.<\/p><\/div><a class=\"wpgb-block-3\" target=\"_blank\" rel=\"external noopener noreferrer\" href=\"https:\/\/elevenlabs.io\/\">https:\/\/elevenlabs.io\/<\/a><\/div><\/div><\/div><\/div><\/article><article class=\"wpgb-card wpgb-card-29 wpgb-post-2973\" data-col=\"1\" data-row=\"1\" data-format=\"standard\"><div class=\"wpgb-card-wrapper\"><div class=\"wpgb-card-inner\"><div class=\"wpgb-card-content wpgb-scheme-dark\"><div class=\"wpgb-card-body\"><h3 class=\"wpgb-block-1\">Rehacer<\/h3><div class=\"wpgb-block-2\"><\/div><div class=\"wpgb-block-5\"><p>Herramienta premium de generaci\u00f3n y edici\u00f3n de im\u00e1genes. Guarda y comparte tus propios estilos, crea, perfecciona, mejora y perfecciona tus im\u00e1genes.<\/p><\/div><a class=\"wpgb-block-3\" target=\"_blank\" rel=\"external noopener noreferrer\" href=\"https:\/\/www.recraft.ai\/\">https:\/\/www.recraft.ai\/<\/a><\/div><\/div><\/div><\/div><\/article><article class=\"wpgb-card wpgb-card-29 wpgb-post-3014\" data-col=\"1\" data-row=\"1\" data-format=\"standard\"><div class=\"wpgb-card-wrapper\"><div class=\"wpgb-card-inner\"><div class=\"wpgb-card-content wpgb-scheme-dark\"><div class=\"wpgb-card-body\"><h3 class=\"wpgb-block-1\">Speechelo<\/h3><div class=\"wpgb-block-2\"><\/div><div class=\"wpgb-block-5\"><p>Software de texto a voz (pago \u00fanico en lugar de suscripci\u00f3n)<\/p><\/div><a class=\"wpgb-block-3\" target=\"_blank\" rel=\"external noopener noreferrer\" href=\"https:\/\/speechelo.com\/\">https:\/\/speechelo.com\/<\/a><\/div><\/div><\/div><\/div><\/article><article class=\"wpgb-card wpgb-card-29 wpgb-post-3040\" data-col=\"1\" data-row=\"1\" data-format=\"standard\"><div class=\"wpgb-card-wrapper\"><div class=\"wpgb-card-inner\"><div class=\"wpgb-card-content wpgb-scheme-dark\"><div class=\"wpgb-card-body\"><h3 class=\"wpgb-block-1\">Leonardo AI<\/h3><div class=\"wpgb-block-2\"><\/div><div class=\"wpgb-block-5\"><p>Cree recursos visuales con calidad de producci\u00f3n para sus proyectos con muy buena calidad, velocidad y consistencia de estilo.<\/p><\/p><\/div><a class=\"wpgb-block-3\" target=\"_blank\" rel=\"external noopener noreferrer\" href=\"https:\/\/leonardo.ai\/\">https:\/\/leonardo.ai\/<\/a><\/div><\/div><\/div><\/div><\/article><article class=\"wpgb-card wpgb-card-29 wpgb-post-3173\" data-col=\"1\" data-row=\"1\" data-format=\"standard\"><div class=\"wpgb-card-wrapper\"><div class=\"wpgb-card-inner\"><div class=\"wpgb-card-content wpgb-scheme-dark\"><div class=\"wpgb-card-body\"><h3 class=\"wpgb-block-1\">GoogleOne<\/h3><div class=\"wpgb-block-2\"><\/div><a class=\"wpgb-block-3\" target=\"_blank\" rel=\"external noopener noreferrer\" href=\"https:\/\/one.google.com\/\">https:\/\/one.google.com\/<\/a><\/div><\/div><\/div><\/div><\/article><article class=\"wpgb-card wpgb-card-29 wpgb-post-2991\" data-col=\"1\" data-row=\"1\" data-format=\"standard\"><div class=\"wpgb-card-wrapper\"><div class=\"wpgb-card-inner\"><div class=\"wpgb-card-content wpgb-scheme-dark\"><div class=\"wpgb-card-body\"><h3 class=\"wpgb-block-1\">Imagen con IA<\/h3><div class=\"wpgb-block-2\"><\/div><div class=\"wpgb-block-5\"><p>Mejora tus im\u00e1genes f\u00e1cilmente. Mejora la escala, elimina fondos, borra residuos y mucho m\u00e1s.<\/p><\/div><a class=\"wpgb-block-3\" target=\"_blank\" rel=\"external noopener noreferrer\" href=\"https:\/\/www.imagewith.ai\/\">https:\/\/www.imagewith.ai\/<\/a><\/div><\/div><\/div><\/div><\/article><article class=\"wpgb-card wpgb-card-29 wpgb-post-2227\" data-col=\"1\" data-row=\"1\" data-format=\"standard\"><div class=\"wpgb-card-wrapper\"><div class=\"wpgb-card-inner\"><div class=\"wpgb-card-content wpgb-scheme-dark\"><div class=\"wpgb-card-body\"><h3 class=\"wpgb-block-1\">ChatGPT<\/h3><div class=\"wpgb-block-2\"><\/div><div class=\"wpgb-block-5\"><p>ChatGPT es un modelo de lenguaje avanzado desarrollado por OpenAI que puede comprender y generar texto con una estructura similar a la humana a partir de la informaci\u00f3n que recibe. Est\u00e1 dise\u00f1ado para una amplia gama de aplicaciones, como la conversaci\u00f3n, la generaci\u00f3n de contenido y la resoluci\u00f3n de problemas.<\/p><\/div><a class=\"wpgb-block-3\" target=\"_blank\" rel=\"external noopener noreferrer\" href=\"https:\/\/chatgpt.com\/\">https:\/\/chatgpt.com\/<\/a><\/div><\/div><\/div><\/div><\/article><article class=\"wpgb-card wpgb-card-29 wpgb-post-2778\" data-col=\"1\" data-row=\"1\" data-format=\"standard\"><div class=\"wpgb-card-wrapper\"><div class=\"wpgb-card-inner\"><div class=\"wpgb-card-content wpgb-scheme-dark\"><div class=\"wpgb-card-body\"><h3 class=\"wpgb-block-1\">A mitad de viaje<\/h3><div class=\"wpgb-block-2\"><\/div><div class=\"wpgb-block-5\"><p>Midjourney es un programa que crea im\u00e1genes a partir de descripciones de texto mediante tecnolog\u00eda inform\u00e1tica. Ayuda a crear im\u00e1genes art\u00edsticas f\u00e1cilmente escribiendo lo que imaginan.<\/p><\/div><a class=\"wpgb-block-3\" target=\"_blank\" rel=\"external noopener noreferrer\" href=\"https:\/\/www.midjourney.com\/\">https:\/\/www.midjourney.com\/<\/a><\/div><\/div><\/div><\/div><\/article><article class=\"wpgb-card wpgb-card-29 wpgb-post-2994\" data-col=\"1\" data-row=\"1\" data-format=\"standard\"><div class=\"wpgb-card-wrapper\"><div class=\"wpgb-card-inner\"><div class=\"wpgb-card-content wpgb-scheme-dark\"><div class=\"wpgb-card-body\"><h3 class=\"wpgb-block-1\">Picsart<\/h3><div class=\"wpgb-block-2\"><\/div><div class=\"wpgb-block-5\"><p>Picsart te ayuda a acelerar tus proyectos creativos. Edita tus fotos, elimina fondos y genera nuevos.<\/p><\/div><a class=\"wpgb-block-3\" target=\"_blank\" rel=\"external noopener noreferrer\" href=\"https:\/\/picsart.com\/\">https:\/\/picsart.com\/<\/a><\/div><\/div><\/div><\/div><\/article>\t\t<\/div>\n\t<\/div>\n\t<\/div>\n\t<\/div>\n\t\t<\/div>\n<\/div>\n\n\t<div class=\"wpgb-facet wpgb-loading wpgb-facet-11\" data-facet=\"11\" data-grid=\"4\"><nav class=\"wpgb-pagination-facet\" aria-label=\"Navigation\" data-no-translation-aria-label=\"\"><ul class=\"wpgb-pagination\"><li class=\"wpgb-page\"><a href=\"https:\/\/gcf.community\/fr\/events\/max7-ai-academy\/tools\/?_pagination_faqs=1\" aria-current=\"true\" aria-label=\"Page courante, Page 1\" data-page=\"1\" data-no-translation-aria-label=\"\">1<\/a><\/li><li class=\"wpgb-page\"><a href=\"https:\/\/gcf.community\/fr\/events\/max7-ai-academy\/tools\/?_pagination_faqs=2\" aria-label=\"Aller \u00e0 la page 2\" data-page=\"2\" data-no-translation-aria-label=\"\">2<\/a><\/li><li class=\"wpgb-page\"><a href=\"https:\/\/gcf.community\/fr\/events\/max7-ai-academy\/tools\/?_pagination_faqs=3\" aria-label=\"Aller \u00e0 la page 3\" data-page=\"3\" data-no-translation-aria-label=\"\">3<\/a><\/li><li class=\"wpgb-page\"><span class=\"wpgb-dots-page\">\u2026<\/span><\/li><li class=\"wpgb-page\"><a href=\"https:\/\/gcf.community\/fr\/events\/max7-ai-academy\/tools\/?_pagination_faqs=5\" aria-label=\"Aller \u00e0 la page 5\" data-page=\"5\" data-no-translation-aria-label=\"\">5<\/a><\/li><li class=\"wpgb-page\"><a href=\"https:\/\/gcf.community\/fr\/events\/max7-ai-academy\/tools\/?_pagination_faqs=6\" aria-label=\"Aller \u00e0 la page 6\" data-page=\"6\" data-no-translation-aria-label=\"\">6<\/a><\/li><li class=\"wpgb-page wpgb-page-next\"><a href=\"https:\/\/gcf.community\/fr\/events\/max7-ai-academy\/tools\/?_pagination_faqs=2\" aria-label=\"Aller \u00e0 la page 2\" data-page=\"2\" data-no-translation-aria-label=\"\">Pr\u00f3ximo &quot;<\/a><\/li><\/ul><\/nav><\/div>\n<h2>\n\t\tCont\u00e1ctanos sobre nuevos recursos y herramientas\n\t<\/h2>\n\t<p>\u00bfTienes ideas sobre recursos y herramientas que deber\u00edamos a\u00f1adir a la lista anterior? Env\u00edanoslas mediante el formulario a continuaci\u00f3n.<\/p>\n\t<form action=\"https:\/\/gcf.community\/es\/wp-json\/ws-form\/v1\/submit\" class=\"wsf-form wsf-form-canvas\" id=\"ws-form-1\" data-id=\"36\" method=\"POST\" data-instance-id=\"1\" data-wsf-style-id=\"1\" data-trp-original-action=\"https:\/\/gcf.community\/es\/wp-json\/ws-form\/v1\/submit\"><input type=\"hidden\" name=\"trp-form-language\" value=\"es\"\/><\/form>","protected":false},"excerpt":{"rendered":"<p>Picsart te ayuda a acelerar tus proyectos creativos. Edita tus fotos, elimina fondos y genera nuevos.<\/p>","protected":false},"author":1,"featured_media":0,"parent":2379,"menu_order":0,"comment_status":"closed","ping_status":"closed","template":"","meta":{"_acf_changed":false,"_seopress_robots_primary_cat":"","_seopress_titles_title":"","_seopress_titles_desc":"","_seopress_robots_index":"","footnotes":"","_links_to":"","_links_to_target":""},"categories":[],"class_list":["post-2612","page","type-page","status-publish","hentry"],"acf":[],"_links":{"self":[{"href":"https:\/\/gcf.community\/es\/wp-json\/wp\/v2\/pages\/2612","targetHints":{"allow":["GET"]}}],"collection":[{"href":"https:\/\/gcf.community\/es\/wp-json\/wp\/v2\/pages"}],"about":[{"href":"https:\/\/gcf.community\/es\/wp-json\/wp\/v2\/types\/page"}],"author":[{"embeddable":true,"href":"https:\/\/gcf.community\/es\/wp-json\/wp\/v2\/users\/1"}],"replies":[{"embeddable":true,"href":"https:\/\/gcf.community\/es\/wp-json\/wp\/v2\/comments?post=2612"}],"version-history":[{"count":24,"href":"https:\/\/gcf.community\/es\/wp-json\/wp\/v2\/pages\/2612\/revisions"}],"predecessor-version":[{"id":2985,"href":"https:\/\/gcf.community\/es\/wp-json\/wp\/v2\/pages\/2612\/revisions\/2985"}],"up":[{"embeddable":true,"href":"https:\/\/gcf.community\/es\/wp-json\/wp\/v2\/pages\/2379"}],"wp:attachment":[{"href":"https:\/\/gcf.community\/es\/wp-json\/wp\/v2\/media?parent=2612"}],"wp:term":[{"taxonomy":"category","embeddable":true,"href":"https:\/\/gcf.community\/es\/wp-json\/wp\/v2\/categories?post=2612"}],"curies":[{"name":"wp","href":"https:\/\/api.w.org\/{rel}","templated":true}]}}