{"id":2433,"date":"2024-10-08T16:11:53","date_gmt":"2024-10-08T15:11:53","guid":{"rendered":"https:\/\/gcf.community\/?page_id=2433"},"modified":"2024-10-21T14:16:04","modified_gmt":"2024-10-21T13:16:04","slug":"info-updates","status":"publish","type":"page","link":"https:\/\/gcf.community\/es\/events\/max7-ai-academy\/info-updates\/","title":{"rendered":"Actualizaciones de informaci\u00f3n"},"content":{"rendered":"<button tabindex=\"0\" aria-label=\"Men\u00fa\">\n\t\t\t\t\t\t\t<\/button>\n\t<nav aria-label=\"AI\" itemscope=\"itemscope\" itemtype=\"https:\/\/schema.org\/SiteNavigationElement\">\n\t\t<ul id=\"menu-ai\"><li id=\"menu-item-2607\"><a href=\"https:\/\/gcf.community\/es\/events\/max7-ai-academy\/\">Academia de IA Max7<\/a><\/li><li id=\"menu-item-2604\"><a href=\"https:\/\/gcf.community\/es\/events\/max7-ai-academy\/dates-times\/\">Fechas \/ Horarios<\/a><\/li><li id=\"menu-item-2603\"><a href=\"https:\/\/gcf.community\/es\/events\/max7-ai-academy\/info-updates\/\" aria-current=\"page\">Actualizaciones de informaci\u00f3n<\/a><\/li><li id=\"menu-item-2606\"><a href=\"https:\/\/gcf.community\/es\/events\/max7-ai-academy\/faqs\/\">Preguntas frecuentes<\/a><\/li><li id=\"menu-item-2797\"><a href=\"https:\/\/gcf.community\/es\/events\/max7-ai-academy\/ai-glossary\/\">Glosario de IA<\/a><\/li><li id=\"menu-item-2798\"><a href=\"https:\/\/gcf.community\/es\/events\/max7-ai-academy\/tools\/\">Herramientas<\/a><\/li><li id=\"menu-item-2796\"><a href=\"https:\/\/gcf.community\/es\/events\/max7-ai-academy\/ai-manual\/\">Manual de IA<\/a><\/li><li id=\"menu-item-2795\"><a href=\"https:\/\/gcf.community\/es\/events\/max7-ai-academy\/videos\/\">V\u00eddeos<\/a><\/li><li id=\"menu-item-2825\"><a href=\"https:\/\/www.max7.org\/en\/resource\/aiacademy\">Academia de IA en Max7<\/a><\/li><\/ul>\n\t\t\t<\/nav>\n<h1>\n\t\tActualizaciones de informaci\u00f3n\n\t<\/h1>\n\t\t\t\tActualizaci\u00f3n de informaci\u00f3n 01\n\t\t\t\t<p><img loading=\"lazy\" decoding=\"async\" src=\"https:\/\/gcf.community\/wp-content\/uploads\/2024\/10\/Update-1-1024x303.jpeg\" alt=\"\" width=\"1024\" height=\"303\" \/><\/p>\n<p>Hola amigos<\/p>\n<p>Esta IMAGEN roja de ACTUALIZACI\u00d3N DE INFORMACI\u00d3N te ayudar\u00e1 a ver informaci\u00f3n importante. Numeraremos las actualizaciones por si necesitamos compartirlas de nuevo cuando haya m\u00e1s personas en el grupo.<\/p>\n<ol>\n<li><strong>APLICACIONES PARA COMPARTIR<\/strong> &#8211; If you have an AI app you would like to share with the group, please click here <a href=\"https:\/\/gcf.community\/es\/tools\/resources\/\">https:\/\/gcf.community\/tools\/resources\/<\/a> and add your suggestion into the form there (plus you&#8217;ll see links to AI tools). We will be collating everything to share in the Academy Manual you will receive.<\/li>\n<li><strong>PREGUNTAS Y RESPUESTAS<\/strong> &#8211; In a few days time we will be emailing updated details of dates, times and answers to the questions people have sent in the Google registration form.<\/li>\n<li><strong>PREPARACI\u00d3N<\/strong> &#8211; Please be in prayer for this unique AI Academy. Pray also about what you want to make in the Academy, as this will help you learn and use AI by doing it. (Pray also for the admin team who are all volunteers!)<\/li>\n<\/ol>\n<p>Esta Academia ser\u00e1 \u00fanica, ya que buscamos aprender juntos. Representamos a m\u00e1s de 70 naciones y a todas las regiones del mundo. \u00a1Ya se han inscrito 442 personas!<\/p>\n<p>Oramos para que este tiempo sea pr\u00e1ctico, ampl\u00ede nuestro pensamiento de maneras \u00fatiles sobre el uso de la IA en nuestro ministerio, nos ayude a ser m\u00e1s creativos y brinde perspectivas \u00fanicas sobre c\u00f3mo se utiliza la IA en diferentes lugares.<\/p>\n<p>Nuestro objetivo es atender tanto a principiantes que nunca han usado IA como a usuarios avanzados que la utilizan a diario. Adem\u00e1s, queremos ofrecerte maneras de contribuir con tu aprendizaje. \u00a1Nadie lo sabe todo sobre IA! Ser\u00e1 una experiencia emocionante y desafiante.<\/p>\n<p>Por favor oren y p\u00eddanle al Se\u00f1or que nos prepare a todos para aprender y crecer.<\/p>\n\t\t\t\tActualizaci\u00f3n de informaci\u00f3n 02\n\t\t\t\t<p><img loading=\"lazy\" decoding=\"async\" src=\"https:\/\/gcf.community\/wp-content\/uploads\/2024\/10\/Update-2-1024x303.jpeg\" alt=\"\" width=\"1024\" height=\"303\" \/><\/p>\n<p>We will be sending everyone an email in the next few days with important information about the AI Academy. Please look out for it, as it will come from the Global Children&#8217;s Forum email system.<\/p>\n<p>This will be a long email attempting to answer everyone&#8217;s questions! So please take a few minutes to read it when it comes.<\/p>\n<h3>Resumen r\u00e1pido de fechas y horas<\/h3>\n<ol>\n<li><strong>LANZAMIENTO EL 19 DE OCTUBRE<\/strong>El 19 de octubre enviaremos la primera etapa de materiales y videos de capacitaci\u00f3n. Esto les dar\u00e1 tiempo para revisarlos antes de la primera convocatoria. <strong>NO vamos a tener una llamada de Zoom el 19 de octubre ahora<\/strong>Sabemos que necesitar\u00e1s algo de tiempo para revisar los materiales y que las videollamadas valgan la pena.<\/li>\n<li><strong>LLAMADAS DE ZOOM SEMANALES<\/strong>Las videollamadas de la Academia de IA comenzar\u00e1n el jueves 24 de octubre a las 10:00 GMT\/UTC y se repetir\u00e1n a las 22:00 GMT\/UTC (m\u00e1s informaci\u00f3n aqu\u00ed). Se realizar\u00e1n cinco jueves consecutivos y finalizar\u00e1n el 21 de noviembre. Estas videollamadas son para debatir y aprender juntos, bas\u00e1ndose en el material de formaci\u00f3n y los v\u00eddeos de la Academia. Las videollamadas se grabar\u00e1n y se compartir\u00e1n con todos.<\/li>\n<\/ol>\n<p>Tengan en cuenta que esta Academia de IA se centra en desarrollar nuestra creatividad, aprender a usar bien la Biblia (con IA), desarrollar habilidades ministeriales y conocer mejor a Jes\u00fas, a la vez que descubrimos c\u00f3mo funciona la IA y c\u00f3mo puede ayudarnos. Por favor, sigan orando por este tiempo juntos.<\/p>\n<p>\u00a1Gracias!<\/p>\n\t\t\t\tActualizaci\u00f3n de informaci\u00f3n 03\n\t\t\t\t<p>Hello everyone! I just wanted to let you know that we sent out an email on Saturday to everyone who has registered for the AI Academy. Do please look out for that in your email inbox. If you haven&#8217;t received it do please check your &#8216;Promotions&#8217; folder and your Spam folder.<\/p>\n<p>El correo electr\u00f3nico contiene mucha informaci\u00f3n \u00fatil, incluyendo:<\/p>\n<ul>\n<li>Informaci\u00f3n clave sobre la Academia<\/li>\n<li>Fechas y horarios de las llamadas de Zoom<\/li>\n<li>El enlace para registrarse para las llamadas de Zoom<\/li>\n<li>Respuestas a todas las preguntas realizadas en el formulario de registro.<\/li>\n<\/ul>\n<p><strong>Si no has recibido el correo electr\u00f3nico<\/strong> Por favor env\u00ede un correo electr\u00f3nico a <a href=\"mailto:info@gcf.community\">info@gcf.community<\/a>.<\/p>\n<p><strong>Si tienes alguna pregunta<\/strong> Entonces por favor agregalos aqu\u00ed tambi\u00e9n.<\/p>\n<p>Si planea asistir a las llamadas de Zoom, aseg\u00farese de lo siguiente:<\/p>\n<ul>\n<li>Te has registrado para las llamadas de Zoom. Puedes hacerlo aqu\u00ed:<\/li>\n<li>Ha a\u00f1adido las fechas y horas de las llamadas a su calendario. Tenga en cuenta que en muchas partes del mundo se cambiar\u00e1 la hora en alg\u00fan momento durante los pr\u00f3ximos meses. Puede ver las horas y a\u00f1adir autom\u00e1ticamente las llamadas a su calendario haciendo clic en los enlaces a continuaci\u00f3n:<\/li>\n<\/ul>\n<p>Haga clic en los enlaces a continuaci\u00f3n para ver la hora de cada reuni\u00f3n de Zoom en su zona horaria local. Puede hacer clic en &quot;<strong>A\u00f1adir al calendario<\/strong>&#039; para agregar cada reuni\u00f3n a la que desea asistir<\/p>\n<p>Tenga en cuenta que el enlace &quot;Agregar al calendario&quot; en el correo electr\u00f3nico de confirmaci\u00f3n de registro de Zoom que recibir\u00e1, <strong>Es posible que no se agreguen las reuniones en los momentos adecuados<\/strong>Por favor, utilice los enlaces. <strong>abajo<\/strong> para agregar estas reuniones a su calendario.<\/p>\n<p>Tenga en cuenta que muchas partes del mundo cambiar\u00e1n sus relojes en alg\u00fan momento durante los pr\u00f3ximos meses.<\/p>\n<h4>Jueves 24 de octubre<\/h4>\n<ul>\n<li>10 a. m. (GMT\/UTC) <a href=\"https:\/\/www.timeanddate.com\/worldclock\/fixedtime.html?msg=AI+Academy+Session+1A+%2810am+UTC%29&amp;iso=20241024T10&amp;p1=1440&amp;ah=2\" target=\"_blank\" rel=\"noopener\">Ver la hora en su zona horaria<\/a> | <a href=\"https:\/\/gcf.community\/wp-content\/uploads\/2024\/10\/AI-Academy-Session-1A-10am-UTC.ics\" target=\"_blank\" rel=\"noopener\">A\u00f1adir al calendario<\/a><\/li>\n<li>22:00 (GMT\/UTC) <a href=\"https:\/\/www.timeanddate.com\/worldclock\/fixedtime.html?msg=AI+Academy+Session+1B+%2810pm+UTC%29&amp;iso=20241024T22&amp;p1=1440&amp;ah=2\" target=\"_blank\" rel=\"noopener\">Ver la hora en su zona horaria<\/a> | <a href=\"https:\/\/gcf.community\/wp-content\/uploads\/2024\/10\/AI-Academy-Session-1B-10pm-UTC.ics\" target=\"_blank\" rel=\"noopener\">A\u00f1adir al calendario<\/a><\/li>\n<\/ul>\n<h4>Jueves 31 de octubre<\/h4>\n<ul>\n<li>10 a. m. (GMT\/UTC) <a href=\"https:\/\/www.timeanddate.com\/worldclock\/fixedtime.html?msg=AI+Academy+Session+2A+%2810am+UTC%29&amp;iso=20241031T10&amp;p1=1440&amp;ah=2\" target=\"_blank\" rel=\"noopener\">Ver la hora en su zona horaria<\/a> | <a href=\"https:\/\/gcf.community\/wp-content\/uploads\/2024\/10\/AI-Academy-Session-2A-10am-UTC.ics\" target=\"_blank\" rel=\"noopener\">A\u00f1adir al calendario<\/a><\/li>\n<li>22:00 (GMT\/UTC) <a href=\"https:\/\/www.timeanddate.com\/worldclock\/fixedtime.html?msg=AI+Academy+Session+2B+%2810pm+UTC%29&amp;iso=20241031T22&amp;p1=1440&amp;ah=2\" target=\"_blank\" rel=\"noopener\">Ver la hora en su zona horaria<\/a> | <a href=\"https:\/\/gcf.community\/wp-content\/uploads\/2024\/10\/AI-Academy-Session-2B-10pm-UTC.ics\" target=\"_blank\" rel=\"noopener\">A\u00f1adir al calendario<\/a><\/li>\n<\/ul>\n<h4>Jueves 7 de noviembre<\/h4>\n<ul>\n<li>10 a. m. (GMT\/UTC) <a href=\"https:\/\/www.timeanddate.com\/worldclock\/fixedtime.html?msg=AI+Academy+Session+3A+%2810am+UTC%29&amp;iso=20241107T10&amp;p1=1440&amp;ah=2\" target=\"_blank\" rel=\"noopener\">Ver la hora en su zona horaria<\/a> | <a href=\"https:\/\/gcf.community\/wp-content\/uploads\/2024\/10\/AI-Academy-Session-3A-10am-UTC.ics\" target=\"_blank\" rel=\"noopener\">A\u00f1adir al calendario<\/a><\/li>\n<li>22:00 (GMT\/UTC) <a href=\"https:\/\/www.timeanddate.com\/worldclock\/fixedtime.html?msg=AI+Academy+Session+3B+%2810pm+UTC%29&amp;iso=20241107T22&amp;p1=1440&amp;ah=2\" target=\"_blank\" rel=\"noopener\">Ver la hora en su zona horaria<\/a> | <a href=\"https:\/\/gcf.community\/wp-content\/uploads\/2024\/10\/AI-Academy-Session-3B-10pm-UTC.ics\" target=\"_blank\" rel=\"noopener\">A\u00f1adir al calendario<\/a><\/li>\n<\/ul>\n<h4>Jueves 14 de noviembre<\/h4>\n<ul>\n<li>10 a. m. (GMT\/UTC) <a href=\"https:\/\/www.timeanddate.com\/worldclock\/fixedtime.html?msg=AI+Academy+Session+4A+%2810am+UTC%29&amp;iso=20241114T10&amp;p1=1440&amp;ah=2\" target=\"_blank\" rel=\"noopener\">Ver la hora en su zona horaria<\/a> | <a href=\"https:\/\/gcf.community\/wp-content\/uploads\/2024\/10\/AI-Academy-Session-4A-10am-UTC.ics\" target=\"_blank\" rel=\"noopener\">A\u00f1adir al calendario<\/a><\/li>\n<li>22:00 (GMT\/UTC) <a href=\"https:\/\/www.timeanddate.com\/worldclock\/fixedtime.html?msg=AI+Academy+Session+4B+%2810pm+UTC%29&amp;iso=20241114T22&amp;p1=1440&amp;ah=2\" target=\"_blank\" rel=\"noopener\">Ver la hora en su zona horaria<\/a> | <a href=\"https:\/\/gcf.community\/wp-content\/uploads\/2024\/10\/AI-Academy-Session-4B-10pm-UTC.ics\" target=\"_blank\" rel=\"noopener\">A\u00f1adir al calendario<\/a><\/li>\n<\/ul>\n<h4>Jueves 21 de noviembre<\/h4>\n<ul>\n<li>10 a. m. (GMT\/UTC) <a href=\"https:\/\/www.timeanddate.com\/worldclock\/fixedtime.html?msg=AI+Academy+Session+5A+%2810am+UTC%29&amp;iso=20241121T10&amp;p1=1440&amp;ah=2\" target=\"_blank\" rel=\"noopener\">Ver la hora en su zona horaria<\/a> | <a href=\"https:\/\/gcf.community\/wp-content\/uploads\/2024\/10\/AI-Academy-Session-5A-10am-UTC.ics\" target=\"_blank\" rel=\"noopener\">A\u00f1adir al calendario<\/a><\/li>\n<li>22:00 (GMT\/UTC) <a href=\"https:\/\/www.timeanddate.com\/worldclock\/fixedtime.html?msg=AI+Academy+Session+5B+%2810pm+UTC%29&amp;iso=20241121T22&amp;p1=1440&amp;ah=2\" target=\"_blank\" rel=\"noopener\">Ver la hora en su zona horaria<\/a> | <a href=\"https:\/\/gcf.community\/wp-content\/uploads\/2024\/10\/AI-Academy-Session-5B-10pm-UTC.ics\" target=\"_blank\" rel=\"noopener\">A\u00f1adir al calendario<\/a><\/li>\n<\/ul>\n<p>Gracias<\/p>\n\t\t\t\tActualizaci\u00f3n de informaci\u00f3n 04\n\t\t\t\t<p><img loading=\"lazy\" decoding=\"async\" src=\"https:\/\/gcf.community\/wp-content\/uploads\/2024\/10\/Update-4-1024x303.jpeg\" alt=\"\" width=\"1024\" height=\"303\" \/><\/p>\n<h3>ADVERTENCIAS Y DIRECTRICES<\/h3>\n<p>Lamentamos mucho anunciar que algunas personas han utilizado la informaci\u00f3n de este grupo para enviarnos mensajes spam y unirse a grupos.<\/p>\n<p><strong>SI TE INVITARON A UN GRUPO QUE NO SEA OFICIAL DE AI ACADEMY<\/strong> Por favor, bloqu\u00e9alo y elim\u00ednalo. Sabr\u00e1s que un grupo es oficial si es de Simon Hood o James Burden.<\/p>\n<p>This AI Academy is going to be wonderful celebration of Jesus, the Bible, human creativity and learning AI Tools. It involves so many remarkable leaders from 90+ countries. It is about learning together is an environment of love, joy and encouragement. We value everyone&#8217;s precious time and involvement.<\/p>\n<p>Para proteger a todos, tenemos pautas estrictas y solo permitimos mensajes relacionados con la Academia de IA. <strong>You may not use anyone&#8217;s WhatsApp numbers<\/strong> o detalles para cualquier otro prop\u00f3sito.<\/p>\n<p>Cualquiera que infrinja esta norma ser\u00e1 expulsado inmediatamente del grupo de AI Academy.<\/p>\n<p>Gracias por comprender y disfrutar con total integridad esta capacitaci\u00f3n sobre IA ofrecida gratuitamente.<\/p>","protected":false},"excerpt":{"rendered":"<p>Max7 AI Academy Dates \/ Times Info Updates FAQs AI Glossary Tools AI Manual Videos AI Academy on Max7 Info Updates Info Update 01 Hi friends This red INFO UPDATE IMAGE above will help you see important information. We will number the updates in case we have to share again once more people are in &#8230; <a title=\"Actualizaciones de informaci\u00f3n\" class=\"read-more\" href=\"https:\/\/gcf.community\/es\/events\/max7-ai-academy\/info-updates\/\" aria-label=\"Leer m\u00e1s sobre Info Updates\">Leer m\u00e1s<\/a><\/p>","protected":false},"author":1,"featured_media":0,"parent":2379,"menu_order":0,"comment_status":"closed","ping_status":"closed","template":"","meta":{"_acf_changed":false,"_seopress_robots_primary_cat":"","_seopress_titles_title":"","_seopress_titles_desc":"","_seopress_robots_index":"","footnotes":"","_links_to":"","_links_to_target":""},"categories":[],"class_list":["post-2433","page","type-page","status-publish"],"acf":[],"_links":{"self":[{"href":"https:\/\/gcf.community\/es\/wp-json\/wp\/v2\/pages\/2433","targetHints":{"allow":["GET"]}}],"collection":[{"href":"https:\/\/gcf.community\/es\/wp-json\/wp\/v2\/pages"}],"about":[{"href":"https:\/\/gcf.community\/es\/wp-json\/wp\/v2\/types\/page"}],"author":[{"embeddable":true,"href":"https:\/\/gcf.community\/es\/wp-json\/wp\/v2\/users\/1"}],"replies":[{"embeddable":true,"href":"https:\/\/gcf.community\/es\/wp-json\/wp\/v2\/comments?post=2433"}],"version-history":[{"count":5,"href":"https:\/\/gcf.community\/es\/wp-json\/wp\/v2\/pages\/2433\/revisions"}],"predecessor-version":[{"id":2848,"href":"https:\/\/gcf.community\/es\/wp-json\/wp\/v2\/pages\/2433\/revisions\/2848"}],"up":[{"embeddable":true,"href":"https:\/\/gcf.community\/es\/wp-json\/wp\/v2\/pages\/2379"}],"wp:attachment":[{"href":"https:\/\/gcf.community\/es\/wp-json\/wp\/v2\/media?parent=2433"}],"wp:term":[{"taxonomy":"category","embeddable":true,"href":"https:\/\/gcf.community\/es\/wp-json\/wp\/v2\/categories?post=2433"}],"curies":[{"name":"wp","href":"https:\/\/api.w.org\/{rel}","templated":true}]}}