{"id":2426,"date":"2024-10-08T16:11:02","date_gmt":"2024-10-08T15:11:02","guid":{"rendered":"https:\/\/gcf.community\/?page_id=2426"},"modified":"2024-11-08T10:40:13","modified_gmt":"2024-11-08T10:40:13","slug":"dates-times","status":"publish","type":"page","link":"https:\/\/gcf.community\/es\/events\/max7-ai-academy\/dates-times\/","title":{"rendered":"Fechas \/ Horarios"},"content":{"rendered":"<button tabindex=\"0\" aria-label=\"Men\u00fa\">\n\t\t\t\t\t\t\t<\/button>\n\t<nav aria-label=\"AI\" itemscope=\"itemscope\" itemtype=\"https:\/\/schema.org\/SiteNavigationElement\">\n\t\t<ul id=\"menu-ai\"><li id=\"menu-item-2607\"><a href=\"https:\/\/gcf.community\/es\/events\/max7-ai-academy\/\">Academia de IA Max7<\/a><\/li><li id=\"menu-item-2604\"><a href=\"https:\/\/gcf.community\/es\/events\/max7-ai-academy\/dates-times\/\" aria-current=\"page\">Fechas \/ Horarios<\/a><\/li><li id=\"menu-item-2603\"><a href=\"https:\/\/gcf.community\/es\/events\/max7-ai-academy\/info-updates\/\">Actualizaciones de informaci\u00f3n<\/a><\/li><li id=\"menu-item-2606\"><a href=\"https:\/\/gcf.community\/es\/events\/max7-ai-academy\/faqs\/\">Preguntas frecuentes<\/a><\/li><li id=\"menu-item-2797\"><a href=\"https:\/\/gcf.community\/es\/events\/max7-ai-academy\/ai-glossary\/\">Glosario de IA<\/a><\/li><li id=\"menu-item-2798\"><a href=\"https:\/\/gcf.community\/es\/events\/max7-ai-academy\/tools\/\">Herramientas<\/a><\/li><li id=\"menu-item-2796\"><a href=\"https:\/\/gcf.community\/es\/events\/max7-ai-academy\/ai-manual\/\">Manual de IA<\/a><ul>\t<li id=\"menu-item-2866\"><a href=\"https:\/\/gcf.community\/es\/events\/max7-ai-academy\/ai-manual\/introduction\/\">Introducci\u00f3n<\/a><\/li>\t<li id=\"menu-item-2865\"><a href=\"https:\/\/gcf.community\/es\/events\/max7-ai-academy\/ai-manual\/what-is-ai\/\">\u00bfQu\u00e9 es la IA?<\/a><\/li>\t<li id=\"menu-item-2864\"><a href=\"https:\/\/gcf.community\/es\/events\/max7-ai-academy\/ai-manual\/ai-and-ministry-leaders\/\">IA y l\u00edderes ministeriales<\/a><\/li>\t<li id=\"menu-item-2863\"><a href=\"https:\/\/gcf.community\/es\/events\/max7-ai-academy\/ai-manual\/getting-ai-apps-set-up\/\">Configuraci\u00f3n de aplicaciones de IA<\/a><\/li>\t<li id=\"menu-item-2924\"><a href=\"https:\/\/gcf.community\/es\/events\/max7-ai-academy\/ai-manual\/types-of-prompts\/\">Tipos de indicaciones<\/a><\/li>\t<li id=\"menu-item-2944\"><a href=\"https:\/\/gcf.community\/es\/events\/max7-ai-academy\/ai-manual\/chatbot-ministry-examples-to-try\/\">Ejemplos de ministerios de chatbot para probar<\/a><\/li><\/ul><\/li><li id=\"menu-item-2795\"><a href=\"https:\/\/gcf.community\/es\/events\/max7-ai-academy\/videos\/\">V\u00eddeos<\/a><\/li><li id=\"menu-item-2825\"><a href=\"https:\/\/ai-academy.max7.org\/\">Academia de IA en Max7<\/a><\/li><\/ul>\n\t\t\t<\/nav>\n<h1>\n\t\tFechas \/ Horarios\n\t<\/h1>\n\t<p>\u00bfPlaneas asistir a las sesiones de Zoom? Si es as\u00ed, debes registrarte. Haz clic en el bot\u00f3n de abajo para hacerlo. Solo necesitas hacerlo una vez y eso te cubre para cualquier sesi\u00f3n de Zoom a la que desees asistir.<\/p>\n\t<a href=\"https:\/\/us02web.zoom.us\/meeting\/register\/tZEvceGtqz4qG9W2MJODRe7PPmCTlWHeM3CD#\/registration\" target=\"_blank\" role=\"button\" rel=\"noopener\" aria-label=\"Reg\u00edstrate para las sesiones de Zoom\">\n\t\t\t\t\t\tReg\u00edstrate para las sesiones de Zoom\n\t\t\t\t\t<\/a>\n\t<p>Haga clic en los enlaces a continuaci\u00f3n para ver la hora de cada reuni\u00f3n de Zoom en su zona horaria local. Puede hacer clic en &quot;<strong>A\u00f1adir al calendario<\/strong>&#039; para agregar cada reuni\u00f3n a la que desea asistir<\/p>\n<p>Tenga en cuenta que el enlace &quot;Agregar al calendario&quot; en el correo electr\u00f3nico de confirmaci\u00f3n de registro de Zoom que recibir\u00e1, <strong>Es posible que no se agreguen las reuniones en los momentos adecuados<\/strong>Por favor, utilice los enlaces. <strong>abajo<\/strong> para agregar estas reuniones a su calendario.<\/p>\n<p>Tenga en cuenta que muchas partes del mundo cambiar\u00e1n sus relojes en alg\u00fan momento durante los pr\u00f3ximos meses.<\/p>\n<p>Tenga en cuenta: estamos en funcionamiento <strong>cinco<\/strong> Sesiones de Zoom: una vez a la semana durante cinco semanas. Cada sesi\u00f3n de Zoom se repetir\u00e1 12 horas despu\u00e9s. Cada semana, la llamada de las 22:00 (GMT\/UTC) es una repetici\u00f3n de la llamada de las 10:00 (GMT\/UTC). Simplemente elija una de las dos llamadas del d\u00eda, la que mejor se adapte a su zona horaria. <strong>No es necesario que asistas a dos llamadas de Zoom en la misma semana<\/strong>.<\/p>\n<h4>Jueves 24 de octubre<\/h4>\n<ul>\n<li>10 a. m. (GMT\/UTC) <a href=\"https:\/\/www.timeanddate.com\/worldclock\/fixedtime.html?msg=AI+Academy+Session+1A+%2810am+UTC%29&amp;iso=20241024T10&amp;p1=1440&amp;ah=2\" target=\"_blank\" rel=\"noopener\">Ver la hora en su zona horaria<\/a> | <a href=\"https:\/\/gcf.community\/wp-content\/uploads\/2024\/10\/AI-Academy-Session-1A-10am-UTC.ics\" target=\"_blank\" rel=\"noopener\">A\u00f1adir al calendario<\/a><\/li>\n<li>22:00 (GMT\/UTC) <a href=\"https:\/\/www.timeanddate.com\/worldclock\/fixedtime.html?msg=AI+Academy+Session+1B+%2810pm+UTC%29&amp;iso=20241024T22&amp;p1=1440&amp;ah=2\" target=\"_blank\" rel=\"noopener\">Ver la hora en su zona horaria<\/a> | <a href=\"https:\/\/gcf.community\/wp-content\/uploads\/2024\/10\/AI-Academy-Session-1B-10pm-UTC.ics\" target=\"_blank\" rel=\"noopener\">A\u00f1adir al calendario<\/a><\/li>\n<\/ul>\n<h4>Jueves 31 de octubre<\/h4>\n<ul>\n<li>10 a. m. (GMT\/UTC) <a href=\"https:\/\/www.timeanddate.com\/worldclock\/fixedtime.html?msg=AI+Academy+Session+2A+%2810am+UTC%29&amp;iso=20241031T10&amp;p1=1440&amp;ah=2\" target=\"_blank\" rel=\"noopener\">Ver la hora en su zona horaria<\/a> | <a href=\"https:\/\/gcf.community\/wp-content\/uploads\/2024\/10\/AI-Academy-Session-2A-10am-UTC.ics\" target=\"_blank\" rel=\"noopener\">A\u00f1adir al calendario<\/a><\/li>\n<li>22:00 (GMT\/UTC) <a href=\"https:\/\/www.timeanddate.com\/worldclock\/fixedtime.html?msg=AI+Academy+Session+2B+%2810pm+UTC%29&amp;iso=20241031T22&amp;p1=1440&amp;ah=2\" target=\"_blank\" rel=\"noopener\">Ver la hora en su zona horaria<\/a> | <a href=\"https:\/\/gcf.community\/wp-content\/uploads\/2024\/10\/AI-Academy-Session-2B-10pm-UTC.ics\" target=\"_blank\" rel=\"noopener\">A\u00f1adir al calendario<\/a><\/li>\n<\/ul>\n<h4>Jueves 7 de noviembre<\/h4>\n<ul>\n<li>10 a. m. (GMT\/UTC) <a href=\"https:\/\/www.timeanddate.com\/worldclock\/fixedtime.html?msg=AI+Academy+Session+3A+%2810am+UTC%29&amp;iso=20241107T10&amp;p1=1440&amp;ah=2\" target=\"_blank\" rel=\"noopener\">Ver la hora en su zona horaria<\/a> | <a href=\"https:\/\/gcf.community\/wp-content\/uploads\/2024\/10\/AI-Academy-Session-3A-10am-UTC.ics\" target=\"_blank\" rel=\"noopener\">A\u00f1adir al calendario<\/a><\/li>\n<li>22:00 (GMT\/UTC) <a href=\"https:\/\/www.timeanddate.com\/worldclock\/fixedtime.html?msg=AI+Academy+Session+3B+%2810pm+UTC%29&amp;iso=20241107T22&amp;p1=1440&amp;ah=2\" target=\"_blank\" rel=\"noopener\">Ver la hora en su zona horaria<\/a> | <a href=\"https:\/\/gcf.community\/wp-content\/uploads\/2024\/10\/AI-Academy-Session-3B-10pm-UTC.ics\" target=\"_blank\" rel=\"noopener\">A\u00f1adir al calendario<\/a><\/li>\n<\/ul>\n<h4>Jueves 14 de noviembre<\/h4>\n<ul>\n<li>10 a. m. (GMT\/UTC) <a href=\"https:\/\/www.timeanddate.com\/worldclock\/fixedtime.html?msg=AI+Academy+Session+4A+%2810am+UTC%29&amp;iso=20241114T10&amp;p1=1440&amp;ah=2\" target=\"_blank\" rel=\"noopener\">Ver la hora en su zona horaria<\/a> | <a href=\"https:\/\/gcf.community\/wp-content\/uploads\/2024\/10\/AI-Academy-Session-4A-10am-UTC.ics\" target=\"_blank\" rel=\"noopener\">A\u00f1adir al calendario<\/a><\/li>\n<li>22:00 (GMT\/UTC) <a href=\"https:\/\/www.timeanddate.com\/worldclock\/fixedtime.html?msg=AI+Academy+Session+4B+%2810pm+UTC%29&amp;iso=20241114T22&amp;p1=1440&amp;ah=2\" target=\"_blank\" rel=\"noopener\">Ver la hora en su zona horaria<\/a> | <a href=\"https:\/\/gcf.community\/wp-content\/uploads\/2024\/10\/AI-Academy-Session-4B-10pm-UTC.ics\" target=\"_blank\" rel=\"noopener\">A\u00f1adir al calendario<\/a><\/li>\n<\/ul>\n<h4>Jueves 21 de noviembre<\/h4>\n<ul>\n<li>10 a. m. (GMT\/UTC) <a href=\"https:\/\/www.timeanddate.com\/worldclock\/fixedtime.html?msg=AI+Academy+Session+5A+%2810am+UTC%29&amp;iso=20241121T10&amp;p1=1440&amp;ah=2\" target=\"_blank\" rel=\"noopener\">Ver la hora en su zona horaria<\/a> | <a href=\"https:\/\/gcf.community\/wp-content\/uploads\/2024\/10\/AI-Academy-Session-5A-10am-UTC.ics\" target=\"_blank\" rel=\"noopener\">A\u00f1adir al calendario<\/a><\/li>\n<li>22:00 (GMT\/UTC) <a href=\"https:\/\/www.timeanddate.com\/worldclock\/fixedtime.html?msg=AI+Academy+Session+5B+%2810pm+UTC%29&amp;iso=20241121T22&amp;p1=1440&amp;ah=2\" target=\"_blank\" rel=\"noopener\">Ver la hora en su zona horaria<\/a> | <a href=\"https:\/\/gcf.community\/wp-content\/uploads\/2024\/10\/AI-Academy-Session-5B-10pm-UTC.ics\" target=\"_blank\" rel=\"noopener\">A\u00f1adir al calendario<\/a><\/li>\n<\/ul>\n<h2>\n\t\tTiempo hasta la pr\u00f3xima llamada de Zoom\n\t<\/h2>\n\t\t\t\tD\u00eda Hora Minuto Segundo","protected":false},"excerpt":{"rendered":"<p>Academia de IA Max7 Fechas y horarios Informaci\u00f3n Actualizaciones Preguntas frecuentes Glosario de IA Herramientas Manual de IA Introducci\u00f3n \u00bfQu\u00e9 es la IA? IA y l\u00edderes ministeriales Obtener aplicaciones de IA Configuraci\u00f3n Tipos de indicaciones Ejemplos de ministerio de chatbots para probar Videos Academia de IA en Max7 Fechas y horarios \u00bfPlaneas asistir a las sesiones de Zoom? Si es as\u00ed, debes\u2026 <a title=\"Fechas \/ Horarios\" class=\"read-more\" href=\"https:\/\/gcf.community\/es\/events\/max7-ai-academy\/dates-times\/\" aria-label=\"Leer m\u00e1s sobre Fechas \/ Horarios\">Leer m\u00e1s<\/a><\/p>","protected":false},"author":1,"featured_media":0,"parent":2379,"menu_order":0,"comment_status":"closed","ping_status":"closed","template":"","meta":{"_acf_changed":false,"_seopress_robots_primary_cat":"","_seopress_titles_title":"","_seopress_titles_desc":"","_seopress_robots_index":"","footnotes":"","_links_to":"","_links_to_target":""},"categories":[],"class_list":["post-2426","page","type-page","status-publish"],"acf":[],"_links":{"self":[{"href":"https:\/\/gcf.community\/es\/wp-json\/wp\/v2\/pages\/2426","targetHints":{"allow":["GET"]}}],"collection":[{"href":"https:\/\/gcf.community\/es\/wp-json\/wp\/v2\/pages"}],"about":[{"href":"https:\/\/gcf.community\/es\/wp-json\/wp\/v2\/types\/page"}],"author":[{"embeddable":true,"href":"https:\/\/gcf.community\/es\/wp-json\/wp\/v2\/users\/1"}],"replies":[{"embeddable":true,"href":"https:\/\/gcf.community\/es\/wp-json\/wp\/v2\/comments?post=2426"}],"version-history":[{"count":8,"href":"https:\/\/gcf.community\/es\/wp-json\/wp\/v2\/pages\/2426\/revisions"}],"predecessor-version":[{"id":2987,"href":"https:\/\/gcf.community\/es\/wp-json\/wp\/v2\/pages\/2426\/revisions\/2987"}],"up":[{"embeddable":true,"href":"https:\/\/gcf.community\/es\/wp-json\/wp\/v2\/pages\/2379"}],"wp:attachment":[{"href":"https:\/\/gcf.community\/es\/wp-json\/wp\/v2\/media?parent=2426"}],"wp:term":[{"taxonomy":"category","embeddable":true,"href":"https:\/\/gcf.community\/es\/wp-json\/wp\/v2\/categories?post=2426"}],"curies":[{"name":"wp","href":"https:\/\/api.w.org\/{rel}","templated":true}]}}