{"id":2411,"date":"2024-10-08T15:59:58","date_gmt":"2024-10-08T14:59:58","guid":{"rendered":"https:\/\/gcf.community\/?page_id=2411"},"modified":"2024-11-08T10:37:02","modified_gmt":"2024-11-08T10:37:02","slug":"faqs","status":"publish","type":"page","link":"https:\/\/gcf.community\/es\/events\/max7-ai-academy\/faqs\/","title":{"rendered":"Preguntas frecuentes"},"content":{"rendered":"<button tabindex=\"0\" aria-label=\"Men\u00fa\">\n\t\t\t\t\t\t\t<\/button>\n\t<nav aria-label=\"AI\" itemscope=\"itemscope\" itemtype=\"https:\/\/schema.org\/SiteNavigationElement\">\n\t\t<ul id=\"menu-ai\"><li id=\"menu-item-2607\"><a href=\"https:\/\/gcf.community\/es\/events\/max7-ai-academy\/\">Academia de IA Max7<\/a><\/li><li id=\"menu-item-2604\"><a href=\"https:\/\/gcf.community\/es\/events\/max7-ai-academy\/dates-times\/\">Fechas \/ Horarios<\/a><\/li><li id=\"menu-item-2603\"><a href=\"https:\/\/gcf.community\/es\/events\/max7-ai-academy\/info-updates\/\">Actualizaciones de informaci\u00f3n<\/a><\/li><li id=\"menu-item-2606\"><a href=\"https:\/\/gcf.community\/es\/events\/max7-ai-academy\/faqs\/\" aria-current=\"page\">Preguntas frecuentes<\/a><\/li><li id=\"menu-item-2797\"><a href=\"https:\/\/gcf.community\/es\/events\/max7-ai-academy\/ai-glossary\/\">Glosario de IA<\/a><\/li><li id=\"menu-item-2798\"><a href=\"https:\/\/gcf.community\/es\/events\/max7-ai-academy\/tools\/\">Herramientas<\/a><\/li><li id=\"menu-item-2796\"><a href=\"https:\/\/gcf.community\/es\/events\/max7-ai-academy\/ai-manual\/\">Manual de IA<\/a><ul>\t<li id=\"menu-item-2866\"><a href=\"https:\/\/gcf.community\/es\/events\/max7-ai-academy\/ai-manual\/introduction\/\">Introducci\u00f3n<\/a><\/li>\t<li id=\"menu-item-2865\"><a href=\"https:\/\/gcf.community\/es\/events\/max7-ai-academy\/ai-manual\/what-is-ai\/\">\u00bfQu\u00e9 es la IA?<\/a><\/li>\t<li id=\"menu-item-2864\"><a href=\"https:\/\/gcf.community\/es\/events\/max7-ai-academy\/ai-manual\/ai-and-ministry-leaders\/\">IA y l\u00edderes ministeriales<\/a><\/li>\t<li id=\"menu-item-2863\"><a href=\"https:\/\/gcf.community\/es\/events\/max7-ai-academy\/ai-manual\/getting-ai-apps-set-up\/\">Configuraci\u00f3n de aplicaciones de IA<\/a><\/li>\t<li id=\"menu-item-2924\"><a href=\"https:\/\/gcf.community\/es\/events\/max7-ai-academy\/ai-manual\/types-of-prompts\/\">Tipos de indicaciones<\/a><\/li>\t<li id=\"menu-item-2944\"><a href=\"https:\/\/gcf.community\/es\/events\/max7-ai-academy\/ai-manual\/chatbot-ministry-examples-to-try\/\">Ejemplos de ministerios de chatbot para probar<\/a><\/li><\/ul><\/li><li id=\"menu-item-2795\"><a href=\"https:\/\/gcf.community\/es\/events\/max7-ai-academy\/videos\/\">V\u00eddeos<\/a><\/li><li id=\"menu-item-2825\"><a href=\"https:\/\/ai-academy.max7.org\/\">Academia de IA en Max7<\/a><\/li><\/ul>\n\t\t\t<\/nav>\n<h1>\n\t\tPreguntas frecuentes\n\t<\/h1>\n\t<p>\u00bfTienes alguna pregunta? \u00a1Estamos aqu\u00ed para ayudarte!<\/p>\n<p>Puede usar el buscador a continuaci\u00f3n para filtrar las preguntas frecuentes. Tambi\u00e9n puede usar los botones a continuaci\u00f3n para filtrarlas por categor\u00eda.<\/p>\n<h4>\n\t\tB\u00fasqueda de preguntas frecuentes\n\t<\/h4>\n\t<div class=\"wpgb-facet wpgb-loading wpgb-facet-10\" data-facet=\"10\" data-grid=\"5\">\t<fieldset>\n\t\t<legend class=\"wpgb-facet-title wpgb-sr-only\">Buscar (Preguntas frecuentes)<\/legend>\n\t\t<div class=\"wpgb-search-facet\"><label>\n\t\t\t\t<span class=\"wpgb-sr-only\">Buscar contenido<\/span>\n\t\t\t\t<input class=\"wpgb-input\" type=\"search\" name=\"search_faqs\" placeholder=\"Buscar preguntas frecuentes para filtrar resultados\" value=\"\" autocomplete=\"off\">\n\t\t\t\t<svg class=\"wpgb-input-icon\" viewbox=\"0 0 24 24\" height=\"16\" width=\"16\" aria-hidden=\"true\" focusable=\"false\"><path d=\"M17.5 17.5 23 23Zm-16-7a9 9 0 1 1 9 9 9 9 0 0 1-9-9Z\"\/><\/svg>\n\t\t\t<\/label><button type=\"button\" class=\"wpgb-clear-button\" hidden><span class=\"wpgb-sr-only\">Claro<\/span><svg viewbox=\"0 0 24 24\" height=\"24\" width=\"24\" aria-hidden=\"true\" focusable=\"false\"><path d=\"m12 12-4.25 4.75L12.001 12 7.75 7.25 12.001 12l4.249-4.75L12 12l4.25 4.75Z\"\/><\/svg><\/button><\/div>\t<\/fieldset>\n\t<\/div>\n<h4>\n\t\tCategor\u00edas de preguntas frecuentes\n\t<\/h4>\n\t<div class=\"wpgb-facet wpgb-loading wpgb-facet-9\" data-facet=\"9\" data-grid=\"5\">\t<fieldset>\n\t\t<legend class=\"wpgb-facet-title wpgb-sr-only\">Categor\u00edas (Preguntas frecuentes)<\/legend>\n\t\t<div class=\"wpgb-checkbox-facet\"><ul class=\"wpgb-hierarchical-list\"><li><div class=\"wpgb-checkbox\" role=\"button\" aria-pressed=\"false\" tabindex=\"0\"><input type=\"hidden\" name=\"categories_faqs[]\" value=\"technical-and-logistical\"><span class=\"wpgb-checkbox-control\"><\/span><span class=\"wpgb-checkbox-label\">T\u00e9cnico y Log\u00edstico&nbsp;<span>(9)<\/span><\/span><\/div><\/li><li><div class=\"wpgb-checkbox\" role=\"button\" aria-pressed=\"false\" tabindex=\"0\"><input type=\"hidden\" name=\"categories_faqs[]\" value=\"preparation-and-pre-training\"><span class=\"wpgb-checkbox-control\"><\/span><span class=\"wpgb-checkbox-label\">Preparaci\u00f3n y pre-entrenamiento&nbsp;<span>(4)<\/span><\/span><\/div><\/li><li><div class=\"wpgb-checkbox\" role=\"button\" aria-pressed=\"false\" tabindex=\"0\"><input type=\"hidden\" name=\"categories_faqs[]\" value=\"personal-commitments-and-flexibility\"><span class=\"wpgb-checkbox-control\"><\/span><span class=\"wpgb-checkbox-label\">Compromisos personales y flexibilidad&nbsp;<span>(2)<\/span><\/span><\/div><\/li><li><div class=\"wpgb-checkbox\" role=\"button\" aria-pressed=\"false\" tabindex=\"0\"><input type=\"hidden\" name=\"categories_faqs[]\" value=\"participation-and-collaboration\"><span class=\"wpgb-checkbox-control\"><\/span><span class=\"wpgb-checkbox-label\">Participaci\u00f3n y colaboraci\u00f3n&nbsp;<span>(4)<\/span><\/span><\/div><\/li><li><div class=\"wpgb-checkbox\" role=\"button\" aria-pressed=\"false\" tabindex=\"0\"><input type=\"hidden\" name=\"categories_faqs[]\" value=\"ministry-impact-and-ai-application\"><span class=\"wpgb-checkbox-control\"><\/span><span class=\"wpgb-checkbox-label\">Impacto del Ministerio y Aplicaci\u00f3n de la IA&nbsp;<span>(2)<\/span><\/span><\/div><\/li><li><div class=\"wpgb-checkbox\" role=\"button\" aria-pressed=\"false\" tabindex=\"0\"><input type=\"hidden\" name=\"categories_faqs[]\" value=\"language-and-regional-support\"><span class=\"wpgb-checkbox-control\"><\/span><span class=\"wpgb-checkbox-label\">Soporte de idiomas y regiones&nbsp;<span>(7)<\/span><\/span><\/div><\/li><li><div class=\"wpgb-checkbox\" role=\"button\" aria-pressed=\"false\" tabindex=\"0\"><input type=\"hidden\" name=\"categories_faqs[]\" value=\"academy-and-course-expectations\"><span class=\"wpgb-checkbox-control\"><\/span><span class=\"wpgb-checkbox-label\">Expectativas de la academia y del curso&nbsp;<span>(7)<\/span><\/span><\/div><\/li><\/ul><\/div>\t<\/fieldset>\n\t<\/div>\n\t<div class=\"wpgb-facet wpgb-loading wpgb-facet-4\" data-facet=\"4\" data-grid=\"5\"><button type=\"button\" class=\"wpgb-button wpgb-reset\" name=\"reset\">Reiniciar<\/button><\/div>\n<h4>\n\t\tResultados de las preguntas frecuentes\n\t<\/h4>\n\t<!-- Gridbuilder \u1d42\u1d3e Plugin (https:\/\/wpgridbuilder.com) -->\n<div class=\"wp-grid-builder wpgb-grid-5\" data-options=\"{&quot;id&quot;:5,&quot;type&quot;:&quot;masonry&quot;,&quot;source&quot;:&quot;post_type&quot;,&quot;loader&quot;:false,&quot;layout&quot;:&quot;vertical&quot;,&quot;reveal&quot;:0,&quot;isMainQuery&quot;:0,&quot;lazyLoad&quot;:false,&quot;cardSizes&quot;:{&quot;9999&quot;:{&quot;columns&quot;:3,&quot;height&quot;:240,&quot;gutter&quot;:16,&quot;ratio&quot;:&quot;1.33333&quot;},&quot;1280&quot;:{&quot;columns&quot;:3,&quot;height&quot;:220,&quot;gutter&quot;:16,&quot;ratio&quot;:&quot;1.33333&quot;},&quot;1024&quot;:{&quot;columns&quot;:2,&quot;height&quot;:200,&quot;gutter&quot;:16,&quot;ratio&quot;:&quot;1.33333&quot;},&quot;640&quot;:{&quot;columns&quot;:1,&quot;height&quot;:200,&quot;gutter&quot;:16,&quot;ratio&quot;:&quot;1.33333&quot;}},&quot;fitRows&quot;:false,&quot;equalRows&quot;:0,&quot;equalColumns&quot;:false,&quot;fillLastRow&quot;:0,&quot;centerLastRow&quot;:0,&quot;horizontalOrder&quot;:false,&quot;fullWidth&quot;:false,&quot;transitionDelay&quot;:100,&quot;gallerySlideshow&quot;:false,&quot;rowsNumber&quot;:1,&quot;slideAlign&quot;:&quot;left&quot;,&quot;groupCells&quot;:1,&quot;draggable&quot;:true,&quot;initialIndex&quot;:0,&quot;contain&quot;:false,&quot;freeScroll&quot;:false,&quot;freeFriction&quot;:&quot;0.075&quot;,&quot;friction&quot;:&quot;0.285&quot;,&quot;attraction&quot;:&quot;0.025&quot;,&quot;autoPlay&quot;:0,&quot;pageDotAriaLabel&quot;:&quot;Page dot %d&quot;,&quot;isPreview&quot;:false,&quot;isGutenberg&quot;:false,&quot;rightToLeft&quot;:false}\"><div class=\"wpgb-svg-icons\" hidden>\n\t<svg viewbox=\"0 0 120 24\" width=\"0\" height=\"0\">\n\t<defs>\n        <polygon id=\"wpgb-star-svg\" points=\"12 2.5 15.1 8.8 22 9.8 17 14.6 18.2 21.5 12 18.3 5.8 21.5 7 14.6 2 9.8 8.9 8.8\"><\/polygon>\n    <\/defs>\n    <symbol id=\"wpgb-rating-stars-svg\">\n        <use xlink:href=\"#wpgb-star-svg\"><\/use>\n        <use xlink:href=\"#wpgb-star-svg\" x=\"24\"><\/use>\n        <use xlink:href=\"#wpgb-star-svg\" x=\"48\"><\/use>\n        <use xlink:href=\"#wpgb-star-svg\" x=\"72\"><\/use>\n        <use xlink:href=\"#wpgb-star-svg\" x=\"96\"><\/use>\n    <\/symbol>\n<\/svg>\n<\/div>\n<div class=\"wpgb-wrapper\">\n\t<div class=\"wpgb-main\">\n\t<div class=\"wpgb-layout\">\n\t<div class=\"wpgb-viewport\">\n\t\t<div class=\"wpgb-masonry\">\n\t\t\t<article class=\"wpgb-card wpgb-card-27 wpgb-post-2539\" data-col=\"1\" data-row=\"1\" data-format=\"standard\"><div class=\"wpgb-card-wrapper\"><div class=\"wpgb-card-inner\"><div class=\"wpgb-card-content wpgb-scheme-dark\"><div class=\"wpgb-card-body\"><h3 class=\"wpgb-block-1\">\u00bfHay \u00e1reas de la IA que necesitan m\u00e1s exploraci\u00f3n en el plan de estudios?<\/h3><div class=\"wpgb-block-2\"><\/div><div class=\"wpgb-block-5\"><p>La IA es un campo en constante evoluci\u00f3n. Esperamos brindarte las herramientas necesarias para que te sean \u00fatiles durante mucho tiempo. Pero tambi\u00e9n sabemos que cada semana se har\u00e1n posibles m\u00e1s cosas. Por eso, nuestro objetivo es ayudarte a empezar, a desarrollar tu pensamiento y a darte la confianza para seguir aprendiendo despu\u00e9s de la Academia.<\/p><\/div><\/div><\/div><\/div><\/div><\/article><article class=\"wpgb-card wpgb-card-27 wpgb-post-2496\" data-col=\"1\" data-row=\"1\" data-format=\"standard\"><div class=\"wpgb-card-wrapper\"><div class=\"wpgb-card-inner\"><div class=\"wpgb-card-content wpgb-scheme-dark\"><div class=\"wpgb-card-body\"><h3 class=\"wpgb-block-1\">\u00bfHabr\u00e1 una cohorte espec\u00edfica para mi pa\u00eds\/regi\u00f3n?<\/h3><div class=\"wpgb-block-2\"><\/div><div class=\"wpgb-block-5\"><p>Operamos como un grupo global y no a trav\u00e9s de peque\u00f1os grupos.\u00a0<\/p><\/div><\/div><\/div><\/div><\/div><\/article><article class=\"wpgb-card wpgb-card-27 wpgb-post-2527\" data-col=\"1\" data-row=\"1\" data-format=\"standard\"><div class=\"wpgb-card-wrapper\"><div class=\"wpgb-card-inner\"><div class=\"wpgb-card-content wpgb-scheme-dark\"><div class=\"wpgb-card-body\"><h3 class=\"wpgb-block-1\">\u00bfPuedo unirme al Nivel 2 o al Nivel 3 en un momento posterior?<\/h3><div class=\"wpgb-block-2\"><\/div><div class=\"wpgb-block-5\"><p>Debido al gran n\u00famero de inscritos, hemos modificado los niveles para que todos puedan acceder a todo. Recibir\u00e1n toda la informaci\u00f3n y podr\u00e1n elegir cu\u00e1nto desean interactuar con ella.<\/p><\/div><\/div><\/div><\/div><\/div><\/article><article class=\"wpgb-card wpgb-card-27 wpgb-post-2560\" data-col=\"1\" data-row=\"1\" data-format=\"standard\"><div class=\"wpgb-card-wrapper\"><div class=\"wpgb-card-inner\"><div class=\"wpgb-card-content wpgb-scheme-dark\"><div class=\"wpgb-card-body\"><h3 class=\"wpgb-block-1\">No hablo ingl\u00e9s con fluidez. \u00bfSer\u00e1 esto un problema en las reuniones de Zoom?<\/h3><div class=\"wpgb-block-2\"><\/div><div class=\"wpgb-block-5\"><p>Ser\u00e1 dif\u00edcil entender todo si no hablas ingl\u00e9s, aunque tenemos hablantes de otros idiomas que pueden estar dispuestos a ayudarte.<\/p><\/div><\/div><\/div><\/div><\/div><\/article><article class=\"wpgb-card wpgb-card-27 wpgb-post-2520\" data-col=\"1\" data-row=\"1\" data-format=\"standard\"><div class=\"wpgb-card-wrapper\"><div class=\"wpgb-card-inner\"><div class=\"wpgb-card-content wpgb-scheme-dark\"><div class=\"wpgb-card-body\"><h3 class=\"wpgb-block-1\">\u00bfExiste alguna certificaci\u00f3n para esto?<\/h3><div class=\"wpgb-block-2\"><\/div><div class=\"wpgb-block-5\"><p>Este no es un curso con reconocimiento acad\u00e9mico. Sin embargo, es un curso de capacitaci\u00f3n ministerial muy pr\u00e1ctico, impartido por profesionales. Al finalizar, le entregaremos un Certificado de Participaci\u00f3n si completa un cuestionario.<\/p><\/div><\/div><\/div><\/div><\/div><\/article><article class=\"wpgb-card wpgb-card-27 wpgb-post-2536\" data-col=\"1\" data-row=\"1\" data-format=\"standard\"><div class=\"wpgb-card-wrapper\"><div class=\"wpgb-card-inner\"><div class=\"wpgb-card-content wpgb-scheme-dark\"><div class=\"wpgb-card-body\"><h3 class=\"wpgb-block-1\">\u00bfC\u00f3mo planea el equipo abordar las diversas necesidades de aprendizaje?<\/h3><div class=\"wpgb-block-2\"><\/div><div class=\"wpgb-block-5\"><p>Haremos lo mejor que podamos y estamos interesados en conocer m\u00e1s sobre lo que le gustar\u00eda que sucediera para apoyar esto.<\/p><\/div><\/div><\/div><\/div><\/div><\/article><article class=\"wpgb-card wpgb-card-27 wpgb-post-2508\" data-col=\"1\" data-row=\"1\" data-format=\"standard\"><div class=\"wpgb-card-wrapper\"><div class=\"wpgb-card-inner\"><div class=\"wpgb-card-content wpgb-scheme-dark\"><div class=\"wpgb-card-body\"><h3 class=\"wpgb-block-1\">\u00bfEstar\u00e1 en l\u00ednea?<\/h3><div class=\"wpgb-block-2\"><\/div><div class=\"wpgb-block-5\"><p>S\u00ed, todo est\u00e1 en l\u00ednea y se comparte libremente.<\/p><\/div><\/div><\/div><\/div><\/div><\/article><article class=\"wpgb-card wpgb-card-27 wpgb-post-2511\" data-col=\"1\" data-row=\"1\" data-format=\"standard\"><div class=\"wpgb-card-wrapper\"><div class=\"wpgb-card-inner\"><div class=\"wpgb-card-content wpgb-scheme-dark\"><div class=\"wpgb-card-body\"><h3 class=\"wpgb-block-1\">\u00bfCu\u00e1nto dura este compromiso?<\/h3><div class=\"wpgb-block-2\"><\/div><div class=\"wpgb-block-5\"><p>La Academia de IA dura cinco semanas. Pero el tiempo que le dediques es totalmente tuya. Te brindaremos la mejor capacitaci\u00f3n y las mejores herramientas posibles, y podr\u00e1s dedicarle todo el tiempo y participar tanto como te resulte \u00fatil.\u00a0<\/p><\/div><\/div><\/div><\/div><\/div><\/article><article class=\"wpgb-card wpgb-card-27 wpgb-post-2557\" data-col=\"1\" data-row=\"1\" data-format=\"standard\"><div class=\"wpgb-card-wrapper\"><div class=\"wpgb-card-inner\"><div class=\"wpgb-card-content wpgb-scheme-dark\"><div class=\"wpgb-card-body\"><h3 class=\"wpgb-block-1\">\u00bfPuede la Academia extenderse a partes del mundo sin acceso a computadoras?<\/h3><div class=\"wpgb-block-2\"><\/div><div class=\"wpgb-block-5\"><p>La IA requiere una computadora para funcionar. Por lo tanto, en esta etapa, la capacitaci\u00f3n se centra en las personas que pueden acceder a ella. Sin embargo, ya contamos con excelentes ejemplos de recursos creados con IA que ayudan a quienes no tienen computadoras ni tel\u00e9fonos.<\/p><\/div><\/div><\/div><\/div><\/div><\/article>\t\t<\/div>\n\t<\/div>\n\t<\/div>\n\t<\/div>\n\t\t<\/div>\n<\/div>\n\n\t<div class=\"wpgb-facet wpgb-loading wpgb-facet-11\" data-facet=\"11\" data-grid=\"5\"><nav class=\"wpgb-pagination-facet\" aria-label=\"Navegaci\u00f3n de p\u00e1gina\"><ul class=\"wpgb-pagination\"><li class=\"wpgb-page\"><a href=\"https:\/\/gcf.community\/es\/events\/max7-ai-academy\/faqs\/?_pagination_faqs=1\" aria-current=\"true\" aria-label=\"P\u00e1gina actual, P\u00e1gina 1\" data-page=\"1\">1<\/a><\/li><li class=\"wpgb-page\"><a href=\"https:\/\/gcf.community\/es\/events\/max7-ai-academy\/faqs\/?_pagination_faqs=2\" aria-label=\"Ir a la p\u00e1gina 2\" data-page=\"2\">2<\/a><\/li><li class=\"wpgb-page\"><a href=\"https:\/\/gcf.community\/es\/events\/max7-ai-academy\/faqs\/?_pagination_faqs=3\" aria-label=\"Ir a la p\u00e1gina 3\" data-page=\"3\">3<\/a><\/li><li class=\"wpgb-page\"><a href=\"https:\/\/gcf.community\/es\/events\/max7-ai-academy\/faqs\/?_pagination_faqs=4\" aria-label=\"Ir a la p\u00e1gina 4\" data-page=\"4\">4<\/a><\/li><li class=\"wpgb-page wpgb-page-next\"><a href=\"https:\/\/gcf.community\/es\/events\/max7-ai-academy\/faqs\/?_pagination_faqs=2\" aria-label=\"Ir a la p\u00e1gina 2\" data-page=\"2\">Pr\u00f3ximo &quot;<\/a><\/li><\/ul><\/nav><\/div>\n<h2>\n\t\t\u00bfA\u00fan tienes preguntas?\n\t<\/h2>\n\t<p>\u00bfTiene alguna pregunta que no est\u00e9 respondida arriba? \u00a1Nos encantar\u00eda saber de usted! Utilice el formulario a continuaci\u00f3n para hacer su pregunta y nos pondremos en contacto con usted lo antes posible.<\/p>\n\t<form action=\"https:\/\/gcf.community\/es\/wp-json\/ws-form\/v1\/submit\" class=\"wsf-form wsf-form-canvas\" id=\"ws-form-1\" data-id=\"44\" method=\"POST\" data-instance-id=\"1\" data-wsf-style-id=\"1\" data-trp-original-action=\"https:\/\/gcf.community\/es\/wp-json\/ws-form\/v1\/submit\"><input type=\"hidden\" name=\"trp-form-language\" value=\"es\"\/><\/form>","protected":false},"excerpt":{"rendered":"<p>La IA requiere una computadora para funcionar. Por lo tanto, en esta etapa, la capacitaci\u00f3n se centra en las personas que pueden acceder a ella. Sin embargo, ya contamos con excelentes ejemplos de recursos creados con IA que ayudan a quienes no tienen computadoras ni tel\u00e9fonos.<\/p>","protected":false},"author":1,"featured_media":0,"parent":2379,"menu_order":0,"comment_status":"closed","ping_status":"closed","template":"","meta":{"_acf_changed":false,"_seopress_robots_primary_cat":"","_seopress_titles_title":"","_seopress_titles_desc":"","_seopress_robots_index":"","footnotes":"","_links_to":"","_links_to_target":""},"categories":[],"class_list":["post-2411","page","type-page","status-publish","hentry"],"acf":[],"_links":{"self":[{"href":"https:\/\/gcf.community\/es\/wp-json\/wp\/v2\/pages\/2411","targetHints":{"allow":["GET"]}}],"collection":[{"href":"https:\/\/gcf.community\/es\/wp-json\/wp\/v2\/pages"}],"about":[{"href":"https:\/\/gcf.community\/es\/wp-json\/wp\/v2\/types\/page"}],"author":[{"embeddable":true,"href":"https:\/\/gcf.community\/es\/wp-json\/wp\/v2\/users\/1"}],"replies":[{"embeddable":true,"href":"https:\/\/gcf.community\/es\/wp-json\/wp\/v2\/comments?post=2411"}],"version-history":[{"count":13,"href":"https:\/\/gcf.community\/es\/wp-json\/wp\/v2\/pages\/2411\/revisions"}],"predecessor-version":[{"id":2986,"href":"https:\/\/gcf.community\/es\/wp-json\/wp\/v2\/pages\/2411\/revisions\/2986"}],"up":[{"embeddable":true,"href":"https:\/\/gcf.community\/es\/wp-json\/wp\/v2\/pages\/2379"}],"wp:attachment":[{"href":"https:\/\/gcf.community\/es\/wp-json\/wp\/v2\/media?parent=2411"}],"wp:term":[{"taxonomy":"category","embeddable":true,"href":"https:\/\/gcf.community\/es\/wp-json\/wp\/v2\/categories?post=2411"}],"curies":[{"name":"wp","href":"https:\/\/api.w.org\/{rel}","templated":true}]}}