{"id":2379,"date":"2024-08-22T16:33:00","date_gmt":"2024-08-22T15:33:00","guid":{"rendered":"https:\/\/gcf.community\/?page_id=2379"},"modified":"2026-02-05T19:57:28","modified_gmt":"2026-02-05T19:57:28","slug":"max7-ai-academy","status":"publish","type":"page","link":"https:\/\/gcf.community\/es\/events\/max7-ai-academy\/","title":{"rendered":"Academia de IA Max7"},"content":{"rendered":"<button tabindex=\"0\" aria-label=\"Men\u00fa\" aria-expanded=\"false\">\n\t\t\t\t\t\t\t<\/button>\n\t<nav aria-label=\"Men\u00fa\" itemscope=\"itemscope\" itemtype=\"https:\/\/schema.org\/SiteNavigationElement\">\n\t\t<ul id=\"menu-ai\"><li id=\"menu-item-2607\"><a href=\"https:\/\/gcf.community\/es\/events\/max7-ai-academy\/\" aria-current=\"page\">Academia de IA Max7<\/a><\/li><li id=\"menu-item-2606\"><a href=\"https:\/\/gcf.community\/es\/events\/max7-ai-academy\/faqs\/\">Preguntas frecuentes<\/a><\/li><li id=\"menu-item-2797\"><a href=\"https:\/\/gcf.community\/es\/events\/max7-ai-academy\/ai-glossary\/\">Glosario de IA<\/a><\/li><li id=\"menu-item-2798\"><a href=\"https:\/\/gcf.community\/es\/events\/max7-ai-academy\/tools\/\">Herramientas<\/a><\/li><li id=\"menu-item-2796\"><a href=\"https:\/\/gcf.community\/es\/events\/max7-ai-academy\/ai-manual\/\">Manual de IA<\/a><ul>\t<li id=\"menu-item-2866\"><a href=\"https:\/\/gcf.community\/es\/events\/max7-ai-academy\/ai-manual\/introduction\/\">Introducci\u00f3n<\/a><\/li>\t<li id=\"menu-item-2865\"><a href=\"https:\/\/gcf.community\/es\/events\/max7-ai-academy\/ai-manual\/what-is-ai\/\">\u00bfQu\u00e9 es la IA?<\/a><\/li>\t<li id=\"menu-item-2864\"><a href=\"https:\/\/gcf.community\/es\/events\/max7-ai-academy\/ai-manual\/ai-and-ministry-leaders\/\">IA y l\u00edderes ministeriales<\/a><\/li>\t<li id=\"menu-item-2863\"><a href=\"https:\/\/gcf.community\/es\/events\/max7-ai-academy\/ai-manual\/getting-ai-apps-set-up\/\">Configuraci\u00f3n de aplicaciones de IA<\/a><\/li>\t<li id=\"menu-item-2924\"><a href=\"https:\/\/gcf.community\/es\/events\/max7-ai-academy\/ai-manual\/types-of-prompts\/\">Tipos de indicaciones<\/a><\/li>\t<li id=\"menu-item-2944\"><a href=\"https:\/\/gcf.community\/es\/events\/max7-ai-academy\/ai-manual\/chatbot-ministry-examples-to-try\/\">Ejemplos de ministerios de chatbot para probar<\/a><\/li><\/ul><\/li><li id=\"menu-item-2795\"><a href=\"https:\/\/gcf.community\/es\/events\/max7-ai-academy\/videos\/\">V\u00eddeos<\/a><\/li><li id=\"menu-item-2825\"><a href=\"https:\/\/ai-academy.max7.org\/en\/library\/ai-academy\">Academia de IA en Max7<\/a><\/li><\/ul>\t<\/nav>\n<h1>\n\t\t\tAcademia de IA Max7\t<\/h1>\n\t<iframe allowfullscreen allow=\"autoplay\" data-src=\"https:\/\/www.youtube.com\/embed\/3F_9QiHMYUQ?feature=oembed&amp;start&amp;end&amp;wmode=opaque&amp;loop=0&amp;controls=1&amp;mute=0&amp;rel=0&amp;modestbranding=0\"><\/iframe>\t\t\n\t\t\t\t\tReproducir v\u00eddeo\n\t<p><img loading=\"lazy\" decoding=\"async\" src=\"https:\/\/gcf.community\/wp-content\/uploads\/2024\/08\/Max7-AI-Academy-logo-v2-236x300.png\" alt=\"\" width=\"236\" height=\"300\" \/>La Academia de IA Max7 ofrece la oportunidad de aprender lo \u00faltimo en herramientas de IA de la mano de l\u00edderes ministeriales globales que las utilizan a diario. Esta Academia busca ofrecer una experiencia pr\u00e1ctica y actualizada de aprendizaje en el uso de chatbots de IA, arte y m\u00fasica generativos, video y animaci\u00f3n con IA. Adem\u00e1s, se basa en las habilidades y el dinamismo del equipo de medios y animaci\u00f3n de Max7.org y en las animaciones de Max7, vistas por decenas de millones de personas. La Academia se basa en d\u00e9cadas de experiencia en el desarrollo de medios previo a la IA.<\/p>\n<p>Si tienes pasi\u00f3n por servir a Jes\u00fas, est\u00e1s listo para desarrollar tu creatividad humana dada por Dios y est\u00e1s listo para aprovechar la \u00faltima tecnolog\u00eda de inteligencia artificial, \u00a1entonces participa!<\/p>\n<h2>\u00bfOMS?<\/h2>\n<p>Este curso es para cualquier persona de cualquier edad que desee crear herramientas ministeriales para su iglesia, familia, escuela u organizaci\u00f3n. Lea a continuaci\u00f3n las tres maneras de participar y los requisitos.<\/p>\n<h2>\u00bfCu\u00e1nto cuesta?<\/h2>\n<p>La capacitaci\u00f3n que ofrecemos vale miles de d\u00f3lares. Podemos brindarla gratuitamente a quienes est\u00e9n dispuestos a participar plenamente y la utilicen para servir al Reino de Jes\u00fas.<\/p>\n<h2>\u00bfQue aprender\u00e1s?<\/h2>\n<p>La formaci\u00f3n cubre:<\/p>\n<p><strong>creatividad humana<\/strong> Creemos que la IA requiere m\u00e1s creatividad humana, \u00a1y no menos! Gran parte de esta Academia de IA se centra en desarrollar tus habilidades creativas y aprovechar la creatividad al servicio de Jes\u00fas. Al aprovechar la tecnolog\u00eda m\u00e1s avanzada, nos inspiraremos en Jes\u00fas y la Biblia.<\/p>\n<p><strong>Habilidades humanas en los medios<\/strong> &#8211; we look at storytelling, comedy, animation principles and other media skills that will be invaluable as you use AI tools.<\/p>\n<p><strong>Chatbots de IA<\/strong> M\u00e9todos sencillos y avanzados para crear contenido. El objetivo es ayudarte a crear una herramienta ministerial que puedas usar y compartir. Curr\u00edculos y lecciones, guiones, materiales de capacitaci\u00f3n, juegos, etc.<\/p>\n<p><strong>V\u00eddeo y animaci\u00f3n con IA<\/strong> C\u00f3mo crear videos con las \u00faltimas herramientas de IA. El objetivo es crear un video o animaci\u00f3n b\u00edblica, o contar una historia que te ayude en tu ministerio. C\u00f3mo aprovechar diferentes estilos visuales, movimientos de c\u00e1mara, t\u00e9cnicas de narraci\u00f3n visual, etc.<\/p>\n<p><strong>M\u00fasica de IA<\/strong> \u2013 c\u00f3mo crear canciones y m\u00fasica instrumental para tu ministerio, para tus videos y m\u00e1s.<\/p>\n<h2>\u00bfQui\u00e9n est\u00e1 organizando esto?<\/h2>\n<p>This AI Academy is hosted by the leadership teams of GO Play, the Global Children&#8217;s Forum, Generous Generations, the sports movement, Families on Mission and Max7.org. These are all global Kingdom-minded movements who love and follow Jesus and believe the Bible is God&#8217;s Word for the world.<\/p>\n<figure itemscope itemtype=\"https:\/\/schema.org\/ImageObject\">\n\t\t\t\t<img decoding=\"async\" src=\"https:\/\/gcf.community\/wp-content\/uploads\/2024\/10\/goplay-500.png\" alt=\"goplay 500\" height=\"500\" width=\"500\" title=\"GoPlay 500\" onerror=\"this.style.display='none'\" loading=\"lazy\" \/>\n\t<\/figure>\n<figure itemscope itemtype=\"https:\/\/schema.org\/ImageObject\">\n\t\t\t\t<img decoding=\"async\" src=\"https:\/\/gcf.community\/wp-content\/uploads\/2024\/10\/GCF-500.png\" alt=\"GCF 500\" height=\"500\" width=\"500\" title=\"Fondo com\u00fan de capital fijo 500\" onerror=\"this.style.display='none'\" loading=\"lazy\" \/>\n\t<\/figure>\n<figure itemscope itemtype=\"https:\/\/schema.org\/ImageObject\">\n\t\t\t\t<img decoding=\"async\" src=\"https:\/\/gcf.community\/wp-content\/uploads\/2024\/10\/rsg-500.png\" alt=\"rsg 500\" height=\"500\" width=\"500\" title=\"rsg 500\" onerror=\"this.style.display='none'\" loading=\"lazy\" \/>\n\t<\/figure>\n<figure itemscope itemtype=\"https:\/\/schema.org\/ImageObject\">\n\t\t\t\t<img decoding=\"async\" src=\"https:\/\/gcf.community\/wp-content\/uploads\/2024\/10\/fom-500.jpg\" alt=\"Community people, social community, human family logo abstract d\" height=\"500\" width=\"500\" title=\"Comunidad de personas, comunidad social, logotipo de familia humana abstracto d\" onerror=\"this.style.display='none'\" loading=\"lazy\" \/>\n\t<\/figure>\n<figure itemscope itemtype=\"https:\/\/schema.org\/ImageObject\">\n\t\t\t\t<img decoding=\"async\" src=\"https:\/\/gcf.community\/wp-content\/uploads\/2024\/10\/max7-500.jpg\" alt=\"max7 500\" height=\"500\" width=\"500\" title=\"m\u00e1ximo 7 500\" onerror=\"this.style.display='none'\" loading=\"lazy\" \/>\n\t<\/figure>\n<figure itemscope itemtype=\"https:\/\/schema.org\/ImageObject\">\n\t\t\t\t<img decoding=\"async\" src=\"https:\/\/gcf.community\/wp-content\/uploads\/2024\/10\/GG-500.jpg\" alt=\"GG 500\" height=\"500\" width=\"500\" title=\"GG 500\" onerror=\"this.style.display='none'\" loading=\"lazy\" \/>\n\t<\/figure>\n<figure itemscope itemtype=\"https:\/\/schema.org\/ImageObject\">\n\t\t\t\t<img decoding=\"async\" src=\"https:\/\/gcf.community\/wp-content\/uploads\/2024\/10\/414-500.jpg\" alt=\"414 500\" height=\"500\" width=\"500\" title=\"414 500\" onerror=\"this.style.display='none'\" loading=\"lazy\" \/>\n\t<\/figure>\n<figure itemscope itemtype=\"https:\/\/schema.org\/ImageObject\">\n\t\t\t\t<img decoding=\"async\" src=\"https:\/\/gcf.community\/wp-content\/uploads\/2024\/10\/wea-500.jpg\" alt=\"wea 500\" height=\"500\" width=\"500\" title=\"ropa 500\" onerror=\"this.style.display='none'\" loading=\"lazy\" \/>\n\t<\/figure>","protected":false},"excerpt":{"rendered":"<p>Max7 AI Academy FAQs AI Glossary Tools AI Manual Introduction What is AI? AI and Ministry Leaders Getting AI Apps Set Up Types of Prompts Chatbot ministry examples to try Videos AI Academy on Max7 Max7 AI Academy Play Video The Max7 AI Academy is an opportunity to learn the latest about AI tools from &#8230; <a title=\"Academia de IA Max7\" class=\"read-more\" href=\"https:\/\/gcf.community\/es\/events\/max7-ai-academy\/\" aria-label=\"Leer m\u00e1s sobre Academia de IA Max7\">Leer m\u00e1s<\/a><\/p>","protected":false},"author":1,"featured_media":0,"parent":629,"menu_order":0,"comment_status":"closed","ping_status":"closed","template":"","meta":{"_acf_changed":false,"_seopress_robots_primary_cat":"","_seopress_titles_title":"","_seopress_titles_desc":"","_seopress_robots_index":"","footnotes":"","_links_to":"","_links_to_target":""},"categories":[],"class_list":["post-2379","page","type-page","status-publish"],"acf":[],"_links":{"self":[{"href":"https:\/\/gcf.community\/es\/wp-json\/wp\/v2\/pages\/2379","targetHints":{"allow":["GET"]}}],"collection":[{"href":"https:\/\/gcf.community\/es\/wp-json\/wp\/v2\/pages"}],"about":[{"href":"https:\/\/gcf.community\/es\/wp-json\/wp\/v2\/types\/page"}],"author":[{"embeddable":true,"href":"https:\/\/gcf.community\/es\/wp-json\/wp\/v2\/users\/1"}],"replies":[{"embeddable":true,"href":"https:\/\/gcf.community\/es\/wp-json\/wp\/v2\/comments?post=2379"}],"version-history":[{"count":11,"href":"https:\/\/gcf.community\/es\/wp-json\/wp\/v2\/pages\/2379\/revisions"}],"predecessor-version":[{"id":3206,"href":"https:\/\/gcf.community\/es\/wp-json\/wp\/v2\/pages\/2379\/revisions\/3206"}],"up":[{"embeddable":true,"href":"https:\/\/gcf.community\/es\/wp-json\/wp\/v2\/pages\/629"}],"wp:attachment":[{"href":"https:\/\/gcf.community\/es\/wp-json\/wp\/v2\/media?parent=2379"}],"wp:term":[{"taxonomy":"category","embeddable":true,"href":"https:\/\/gcf.community\/es\/wp-json\/wp\/v2\/categories?post=2379"}],"curies":[{"name":"wp","href":"https:\/\/api.w.org\/{rel}","templated":true}]}}