{"id":2318,"date":"2023-11-02T10:56:25","date_gmt":"2023-11-02T10:56:25","guid":{"rendered":"https:\/\/gcf.community\/?page_id=2318"},"modified":"2023-11-02T12:24:12","modified_gmt":"2023-11-02T12:24:12","slug":"local-information","status":"publish","type":"page","link":"https:\/\/gcf.community\/es\/events\/ethiopia2023\/local-information\/","title":{"rendered":"Informaci\u00f3n local"},"content":{"rendered":"<h1>\n\t\tFondo Verde para el Clima de Etiop\u00eda 2023\n\t<\/h1>\n\t\t\t<button tabindex=\"0\" aria-label=\"Men\u00fa\">\n\t\t\t\t\t\t\t<\/button>\n\t<nav aria-label=\"Etiop\u00eda\" itemscope=\"itemscope\" itemtype=\"https:\/\/schema.org\/SiteNavigationElement\">\n\t\t<ul id=\"menu-ethiopia\"><li id=\"menu-item-1790\"><a href=\"https:\/\/gcf.community\/es\/events\/ethiopia2023\/registration\/\">Registro<\/a><\/li><li id=\"menu-item-2277\"><a href=\"https:\/\/gcf.community\/es\/events\/ethiopia2023\/confirmation\/\">Confirmaci\u00f3n<\/a><\/li><li id=\"menu-item-1797\"><a href=\"https:\/\/gcf.community\/es\/events\/ethiopia2023\/payment\/\">Pago<\/a><\/li><li id=\"menu-item-2310\"><a href=\"https:\/\/gcf.community\/es\/events\/ethiopia2023\/program\/\">Programa<\/a><\/li><li id=\"menu-item-2328\"><a href=\"https:\/\/gcf.community\/es\/events\/ethiopia2023\/local-information\/\" aria-current=\"page\">Informaci\u00f3n local<\/a><\/li><li id=\"menu-item-2292\"><a href=\"https:\/\/gcf.community\/es\/events\/ethiopia2023\/faq\/\">Preguntas frecuentes<\/a><\/li><\/ul>\n\t\t\t<\/nav>\n<h2>\n\t\tInformaci\u00f3n local\n\t<\/h2>\n\t<p>Vea a continuaci\u00f3n informaci\u00f3n importante sobre nuestro tiempo juntos en Addis Abeba.<\/p>\n<h3>\n\t\tInformaci\u00f3n local para el Fondo Verde para el Clima de Ad\u00eds Abeba 2023\n\t<\/h3>\n\t        <div class=\"embedpress-document-embed ose-document ep-doc-d7fcf3f3b136871a304a78937b86779c\" style=\"width: 730px; height: 450px;; max-width:100%; display: block\">\n                                    <iframe title=\"Reuniones de Etiop\u00eda 2023: Informaci\u00f3n local\" allowfullscreen=\"true\" mozallowfullscreen=\"true\" webkitallowfullscreen=\"true\" style=\"width: 730px; height: 450px;; max-width:100%; display: inline-block\" data-emsrc=\"https:\/\/gcf.community\/wp-content\/uploads\/2023\/11\/Ethiopia-2023-Meetings-Local-Information.pdf\" data-emid=\"embedpress-pdf-shortcode\" class=\"embedpress-embed-document-pdf embedpress-pdf-shortcode\" src=\"https:\/\/gcf.community\/wp-admin\/admin-ajax.php?action=get_viewer&#038;file=https%3A%2F%2Fgcf.community%2Fwp-content%2Fuploads%2F2023%2F11%2FEthiopia-2023-Meetings-Local-Information.pdf#key=dGhlbWVNb2RlPWRlZmF1bHQmdG9vbGJhcj10cnVlJmxhenlMb2FkPWZhbHNlJnBvc2l0aW9uPXRvcCZwcmVzZW50YXRpb249dHJ1ZSZkb3dubG9hZD10cnVlJmNvcHlfdGV4dD10cnVlJmFkZF90ZXh0PXRydWUmZHJhdz10cnVlJmRvY19yb3RhdGlvbj10cnVlJmFkZF9pbWFnZT10cnVlJmRvY19kZXRhaWxzPXRydWUmc2VsZWN0aW9uX3Rvb2w9MCZzY3JvbGxpbmc9LTEmc3ByZWFkcz0tMSZ6b29tX2luPXRydWUmem9vbV9vdXQ9dHJ1ZSZmaXRfdmlldz10cnVlJmJvb2ttYXJrPXRydWUmc291bmQ9dHJ1ZSZmbGlwYm9va190b29sYmFyX3Bvc2l0aW9uPWJvdHRvbSZwYWdlTnVtYmVyPTEmd2F0ZXJtYXJrX3RleHQ9JndhdGVybWFya19mb250X3NpemU9NDgmd2F0ZXJtYXJrX2NvbG9yPSUyMzAwMDAwMCZ3YXRlcm1hcmtfb3BhY2l0eT0xNSZ3YXRlcm1hcmtfc3R5bGU9Y2VudGVy\" frameborder=\"0\">\n                        <\/iframe>\n                            <\/div>\n\n\n\t<a href=\"https:\/\/gcf.community\/wp-content\/uploads\/2023\/11\/Ethiopia-2023-Meetings-Local-Information.pdf\" target=\"_self\" role=\"button\" download=\"Ethiopia-2023-Meetings-Local-Information.pdf\" aria-label=\"Descargar informaci\u00f3n local\" rel=\"noopener\">\n\t\t\t\t\t\tDescargar informaci\u00f3n local\n\t\t\t\t\t<\/a>","protected":false},"excerpt":{"rendered":"<p>GCF Etiop\u00eda 2023 Confirmaci\u00f3n de inscripci\u00f3n Programa de pagos Informaci\u00f3n local Preguntas frecuentes Informaci\u00f3n local A continuaci\u00f3n, encontrar\u00e1 informaci\u00f3n importante sobre nuestro tiempo juntos en Ad\u00eds Abeba. Informaci\u00f3n local para GCF Ad\u00eds Abeba 2023 Descargar informaci\u00f3n local<\/p>","protected":false},"author":1,"featured_media":0,"parent":1574,"menu_order":0,"comment_status":"closed","ping_status":"closed","template":"","meta":{"_acf_changed":false,"_seopress_robots_primary_cat":"","_seopress_titles_title":"","_seopress_titles_desc":"","_seopress_robots_index":"","footnotes":"","_links_to":"","_links_to_target":""},"categories":[],"class_list":["post-2318","page","type-page","status-publish"],"acf":[],"_links":{"self":[{"href":"https:\/\/gcf.community\/es\/wp-json\/wp\/v2\/pages\/2318","targetHints":{"allow":["GET"]}}],"collection":[{"href":"https:\/\/gcf.community\/es\/wp-json\/wp\/v2\/pages"}],"about":[{"href":"https:\/\/gcf.community\/es\/wp-json\/wp\/v2\/types\/page"}],"author":[{"embeddable":true,"href":"https:\/\/gcf.community\/es\/wp-json\/wp\/v2\/users\/1"}],"replies":[{"embeddable":true,"href":"https:\/\/gcf.community\/es\/wp-json\/wp\/v2\/comments?post=2318"}],"version-history":[{"count":4,"href":"https:\/\/gcf.community\/es\/wp-json\/wp\/v2\/pages\/2318\/revisions"}],"predecessor-version":[{"id":2336,"href":"https:\/\/gcf.community\/es\/wp-json\/wp\/v2\/pages\/2318\/revisions\/2336"}],"up":[{"embeddable":true,"href":"https:\/\/gcf.community\/es\/wp-json\/wp\/v2\/pages\/1574"}],"wp:attachment":[{"href":"https:\/\/gcf.community\/es\/wp-json\/wp\/v2\/media?parent=2318"}],"wp:term":[{"taxonomy":"category","embeddable":true,"href":"https:\/\/gcf.community\/es\/wp-json\/wp\/v2\/categories?post=2318"}],"curies":[{"name":"wp","href":"https:\/\/api.w.org\/{rel}","templated":true}]}}