{"id":2264,"date":"2023-10-04T18:01:02","date_gmt":"2023-10-04T17:01:02","guid":{"rendered":"https:\/\/gcf.community\/?page_id=2264"},"modified":"2023-10-05T12:59:20","modified_gmt":"2023-10-05T11:59:20","slug":"confirmation","status":"publish","type":"page","link":"https:\/\/gcf.community\/es\/events\/ethiopia2023\/confirmation\/","title":{"rendered":"Confirmaci\u00f3n"},"content":{"rendered":"<h1>\n\t\tFondo Verde para el Clima de Etiop\u00eda 2023\n\t<\/h1>\n\t\t\t<button tabindex=\"0\" role=\"button\" aria-label=\"Men\u00fa\">\n\t\t\t\t\t\t\t<\/button>\n\t<nav aria-label=\"Etiop\u00eda\" itemscope=\"itemscope\" itemtype=\"https:\/\/schema.org\/SiteNavigationElement\">\n\t\t<ul id=\"menu-ethiopia\"><li id=\"menu-item-1790\"><a href=\"https:\/\/gcf.community\/es\/events\/ethiopia2023\/registration\/\">Registro<\/a><\/li><li id=\"menu-item-1797\"><a href=\"https:\/\/gcf.community\/es\/events\/ethiopia2023\/payment\/\">Pago<\/a><\/li><\/ul>\n\t\t\t<\/nav>\n<h2>\n\t\tConfirmaci\u00f3n\n\t<\/h2>\n\t<p>Esperamos darle la bienvenida al pr\u00f3ximo foro del FVC en Etiop\u00eda dentro de unas semanas. Es fundamental que complete el formulario a continuaci\u00f3n para confirmar su asistencia.<\/p>\n<h3>Una nota importante sobre las visas<\/h3>\n<p>Si necesita una visa para viajar a Etiop\u00eda (y la mayor\u00eda de la gente la necesita), entonces <strong>Deber\u00edas hacer esto lo antes posible<\/strong>Le recomendamos encarecidamente que su visa sea emitida <strong>al menos tres d\u00edas antes de viajar<\/strong>. De lo contrario corre el riesgo de ser retenido en el aeropuerto hasta que pasen esos tres d\u00edas.<\/p>\n<p>Tambi\u00e9n es recomendable solicitar y pagar la visa en l\u00ednea (incluso si puede comprarla a su llegada). Las colas en el aeropuerto para comprar una visa pueden ser muy largas.<\/p>\n\t<form action=\"https:\/\/gcf.community\/es\/wp-json\/ws-form\/v1\/submit\" class=\"wsf-form wsf-form-canvas\" id=\"ws-form-1\" data-id=\"35\" method=\"POST\" data-instance-id=\"1\" data-wsf-style-id=\"1\" data-trp-original-action=\"https:\/\/gcf.community\/es\/wp-json\/ws-form\/v1\/submit\"><input type=\"hidden\" name=\"trp-form-language\" value=\"es\"\/><\/form>","protected":false},"excerpt":{"rendered":"<p>GCF Ethiopia 2023 Registration Payment Confirmation We look forward to welcoming you to the next GCF forum in Ethiopia in just a few weeks time.\u00a0It is really important that you complete the details in the form below to confirm your attendance. An important note about visas If you need a visa for travel to Ethiopia &#8230; <a title=\"Confirmaci\u00f3n\" class=\"read-more\" href=\"https:\/\/gcf.community\/es\/events\/ethiopia2023\/confirmation\/\" aria-label=\"Leer m\u00e1s sobre Confirmation\">Leer m\u00e1s<\/a><\/p>","protected":false},"author":1,"featured_media":0,"parent":1574,"menu_order":0,"comment_status":"closed","ping_status":"closed","template":"","meta":{"_acf_changed":false,"_seopress_robots_primary_cat":"","_seopress_titles_title":"","_seopress_titles_desc":"Registrations now open! We are excited to announce the GCF \/ GoPlay \/ family.fit meetings which will take place in Farol IBMAlphaville in Brazil.","_seopress_robots_index":"","footnotes":"","_links_to":"","_links_to_target":""},"categories":[],"class_list":["post-2264","page","type-page","status-publish"],"acf":[],"_links":{"self":[{"href":"https:\/\/gcf.community\/es\/wp-json\/wp\/v2\/pages\/2264","targetHints":{"allow":["GET"]}}],"collection":[{"href":"https:\/\/gcf.community\/es\/wp-json\/wp\/v2\/pages"}],"about":[{"href":"https:\/\/gcf.community\/es\/wp-json\/wp\/v2\/types\/page"}],"author":[{"embeddable":true,"href":"https:\/\/gcf.community\/es\/wp-json\/wp\/v2\/users\/1"}],"replies":[{"embeddable":true,"href":"https:\/\/gcf.community\/es\/wp-json\/wp\/v2\/comments?post=2264"}],"version-history":[{"count":5,"href":"https:\/\/gcf.community\/es\/wp-json\/wp\/v2\/pages\/2264\/revisions"}],"predecessor-version":[{"id":2271,"href":"https:\/\/gcf.community\/es\/wp-json\/wp\/v2\/pages\/2264\/revisions\/2271"}],"up":[{"embeddable":true,"href":"https:\/\/gcf.community\/es\/wp-json\/wp\/v2\/pages\/1574"}],"wp:attachment":[{"href":"https:\/\/gcf.community\/es\/wp-json\/wp\/v2\/media?parent=2264"}],"wp:term":[{"taxonomy":"category","embeddable":true,"href":"https:\/\/gcf.community\/es\/wp-json\/wp\/v2\/categories?post=2264"}],"curies":[{"name":"wp","href":"https:\/\/api.w.org\/{rel}","templated":true}]}}