{"id":2230,"date":"2023-10-03T23:04:09","date_gmt":"2023-10-03T22:04:09","guid":{"rendered":"https:\/\/gcf.community\/?page_id=2230"},"modified":"2023-11-15T21:15:50","modified_gmt":"2023-11-15T21:15:50","slug":"resources","status":"publish","type":"page","link":"https:\/\/gcf.community\/es\/tools\/resources\/","title":{"rendered":"Recursos"},"content":{"rendered":"<h1>\n\t\tRecursos\n\t<\/h1>\n\t<p>A continuaci\u00f3n, encontrar\u00e1 una lista de recursos y herramientas que hemos recopilado. Est\u00e1n organizados en diferentes \u00e1reas. Simplemente haga clic en la barra azul para ver los enlaces de esa secci\u00f3n.<\/p>\n<p>Si encuentra un enlace roto, informaci\u00f3n incorrecta o alg\u00fan recurso que considere \u00fatil para a\u00f1adir a esta lista, utilice el formulario de esta p\u00e1gina para informarnos. Gracias.<\/p>\n\t\t\t\tChatbots\n\t\t\t\t<p><strong>Bardo<\/strong> (<a href=\"https:\/\/bard.google.com\/\" target=\"_blank\" rel=\"noopener\">https:\/\/bard.google.com\/<\/a>)<\/p>\n<p><strong>ChatGPT<\/strong> (<a href=\"https:\/\/chat.openai.com\/chat\" target=\"_blank\" rel=\"noopener\">https:\/\/chat.openai.com\/chat<\/a>)<\/p>\n<p><strong>Poe.com<\/strong> (<a href=\"https:\/\/poe.com\/\" target=\"_blank\" rel=\"noopener\">https:\/\/poe.com\/<\/a>)<\/p>\n\t\t\t\tArte generativo\n\t\t\t\t<p><strong>Bing Create<\/strong> (<a href=\"https:\/\/www.bing.com\/create\" target=\"_blank\" rel=\"noopener\">https:\/\/www.bing.com\/create<\/a>)<\/p>\n<p><b>Sauce azul <\/b>(<a href=\"https:\/\/www.bluewillow.ai\/\" target=\"_blank\" rel=\"noopener\">https:\/\/www.bluewillow.ai\/<\/a>)<\/p>\n<p><strong>IA estelar<\/strong> (<a href=\"https:\/\/starryai.com\/\" target=\"_blank\" rel=\"noopener\">https:\/\/starryai.com\/<\/a>)<\/p>\n<p><strong>A mitad de viaje <\/strong>(<a href=\"https:\/\/www.midjourney.com\/\" target=\"_blank\" rel=\"noopener\">https:\/\/www.midjourney.com\/<\/a>)<\/p>\n\t\t\t\tV\u00eddeo generativo\n\t\t\t\t<p><strong>Kaiber<\/strong> (<a href=\"https:\/\/kaiber.ai\/\" target=\"_blank\" rel=\"noopener\">https:\/\/kaiber.ai\/<\/a>)<\/p>\n<p><strong>HeyGen<\/strong> (<a href=\"https:\/\/www.heygen.com\/\" target=\"_blank\" rel=\"noopener\">https:\/\/www.heygen.com\/<\/a>)<\/p>\n\t\t\t\tM\u00fasica generativa\n\t\t\t\t<p><strong>Aiva<\/strong> (<a href=\"https:\/\/www.aiva.ai\/\" target=\"_blank\" rel=\"noopener\">https:\/\/www.aiva.ai\/<\/a>)<\/p>\n<p><strong>Sonoro<\/strong> (<a href=\"https:\/\/soundful.com\/\" target=\"_blank\" rel=\"noopener\">https:\/\/soundful.com\/<\/a>)<\/p>\n<p><strong>M\u00fasica secreta<\/strong> (<a href=\"https:\/\/ecrettmusic.com\/\" target=\"_blank\" rel=\"noopener\">https:\/\/ecrettmusic.com\/<\/a>)<\/p>\n<p><strong>Sonido crudo<\/strong> (<a href=\"https:\/\/soundraw.io\/\" target=\"_blank\" rel=\"noopener\">https:\/\/soundraw.io\/<\/a>)<\/p>\n<p><strong>Fuerte<\/strong> (<a href=\"https:\/\/www.loudly.com\/music\/\" target=\"_blank\" rel=\"noopener\">https:\/\/www.loudly.com\/music\/<\/a>)<\/p>\n\t\t\t\tTranscripci\u00f3n y resumen de IA\n\t\t\t\t<p><strong>Braza<\/strong> (<a href=\"https:\/\/fathom.video\/\" target=\"_blank\" rel=\"noopener\">https:\/\/fathom.video\/<\/a>)<\/p>\n\t\t\t\tIm\u00e1genes de stock\n\t\t\t\t<p><strong>Unsplash<\/strong> (<a href=\"https:\/\/unsplash.com\/\" target=\"_blank\" rel=\"noopener\">https:\/\/unsplash.com\/<\/a>)<\/p>\n<p><strong>Pexels<\/strong> (<a href=\"https:\/\/www.pexels.com\/\" target=\"_blank\" rel=\"noopener\">https:\/\/www.pexels.com\/<\/a>)<\/p>\n<p><strong>Im\u00e1genes gratis<\/strong> (<a href=\"https:\/\/www.freeimages.com\/\" target=\"_blank\" rel=\"noopener\">https:\/\/www.freeimages.com\/<\/a>)<\/p>\n<p><strong>Gratisograf\u00eda<\/strong> (<a href=\"https:\/\/gratisography.com\/\" target=\"_blank\" rel=\"noopener\">https:\/\/gratisography.com\/<\/a>)<\/p>\n<p><strong>Intercambio de creaci\u00f3n<\/strong> (<a href=\"https:\/\/www.creationswap.com\/\" target=\"_blank\" rel=\"noopener\">https:\/\/www.creationswap.com\/<\/a>)<\/p>\n<p><strong>Fotos gratis<\/strong> (<a href=\"https:\/\/www.freelyphotos.com\" target=\"_blank\" rel=\"noopener\">https:\/\/www.freelyphotos.com<\/a>)<\/p>\n<p><strong>Christian Lightstock<\/strong> (<a href=\"https:\/\/www.lightstock.com\/\" target=\"_blank\" rel=\"noopener\">https:\/\/www.lightstock.com\/<\/a>)<\/p>\n\t<h2>Kit de herramientas de IA<\/h2>\n<p>Este kit de capacitaci\u00f3n ofrece una visi\u00f3n general del uso de la IA (Inteligencia Artificial) en el ministerio. Se cre\u00f3 en octubre de 2023 para ayudar a l\u00edderes ministeriales de todo el mundo en sus labores en los \u00e1mbitos de la infancia, la juventud, la familia, el deporte, la generosidad, el acondicionamiento f\u00edsico y otras \u00e1reas. Es una introducci\u00f3n pr\u00e1ctica y sencilla al uso de la IA en el ministerio. Este folleto se centra en c\u00f3mo usar la IA, en lugar de analizar todos los posibles peligros y problemas \u00e9ticos que la rodean.<\/p>\n<p>La IA se est\u00e1 desarrollando tan r\u00e1pido que gran parte de este folleto podr\u00eda estar desactualizado para cuando lo lea. Sin embargo, gran parte del contenido es pr\u00e1ctico y sencillo, y probablemente se aplique de alguna manera a diversas aplicaciones de IA.<\/p>\n<p>Puede descargar este kit de herramientas utilizando el bot\u00f3n a continuaci\u00f3n.<\/p>\n\t<a href=\"https:\/\/gcf.community\/wp-content\/uploads\/2023\/10\/AI-Toolkit.pdf\" target=\"_self\" role=\"button\" download=\"AI-Toolkit.pdf\" aria-label=\"Kit de herramientas de IA\" rel=\"noopener\">\n\t\t\t\t\t\tKit de herramientas de IA\n\t\t\t\t\t<\/a>\n\t<h3>Cont\u00e1ctanos sobre nuevos recursos y herramientas<\/h3>\n<p>\u00bfTienes ideas sobre recursos y herramientas que deber\u00edamos a\u00f1adir a la lista anterior? Env\u00edanoslas mediante el formulario a continuaci\u00f3n.<\/p>\n\t<form action=\"https:\/\/gcf.community\/es\/wp-json\/ws-form\/v1\/submit\" class=\"wsf-form wsf-form-canvas\" id=\"ws-form-1\" data-id=\"36\" method=\"POST\" data-instance-id=\"1\" data-wsf-style-id=\"1\" data-trp-original-action=\"https:\/\/gcf.community\/es\/wp-json\/ws-form\/v1\/submit\"><input type=\"hidden\" name=\"trp-form-language\" value=\"es\"\/><\/form>\n<h2>\n\t\tMira la sesi\u00f3n de capacitaci\u00f3n sobre IA a continuaci\u00f3n\n\t<\/h2>\n\t\t\t<img decoding=\"async\" src=\"https:\/\/i.ytimg.com\/vi\/u14_ivnVcH8\/hqdefault.jpg\" alt=\"Video\" \/>\t\t\t\t\t\t\t\n\t\t\t\t\tReproducir v\u00eddeo\n\t<h3>\u00bfTe gustar\u00eda unirte a nuestra Comunidad de Aprendizaje de IA en WhatsApp?<\/h3>\n<p>Si desea unirse a este grupo, complete sus datos a continuaci\u00f3n y recibir\u00e1 un correo electr\u00f3nico con un enlace para unirse al grupo.<\/p>\n<p>Tenga en cuenta que este grupo tiene como \u00fanico objetivo aprender y compartir ideas sobre IA. Cualquier otro contenido publicado ser\u00e1 eliminado. Gracias por su comprensi\u00f3n.<\/p>\n\t<form action=\"https:\/\/gcf.community\/es\/wp-json\/ws-form\/v1\/submit\" class=\"wsf-form wsf-form-canvas\" id=\"ws-form-2\" data-id=\"37\" method=\"POST\" data-instance-id=\"2\" data-wsf-style-id=\"1\" data-trp-original-action=\"https:\/\/gcf.community\/es\/wp-json\/ws-form\/v1\/submit\"><input type=\"hidden\" name=\"trp-form-language\" value=\"es\"\/><\/form>\n\t<h3>Precios<\/h3>\n<p>Estas herramientas y recursos siguen tres modelos de precios b\u00e1sicos:<\/p>\n<p><strong>Gratis<\/strong>Puedes usar libremente la herramienta y cualquier recurso que generes con ella. Lee atentamente los t\u00e9rminos y condiciones de cada sitio web para comprobar si existen restricciones de uso. Por ejemplo, podr\u00edas tener que dar cr\u00e9dito o no poder vender el contenido que has creado.<\/p>\n<p><strong>Freemium<\/strong>: You can use the tool for free. But your usage will be limited &#8211; either by time (e.g. you can create 10 images a month), or by functionality (e.g. you can only download your images as low resolution jpegs). If you pay for the tool then these restrictions are lifted.<\/p>\n<p><strong>De primera calidad<\/strong>No puedes usar la herramienta gratis; tendr\u00e1s que pagar una tarifa \u00fanica o una suscripci\u00f3n. Las herramientas premium a veces ofrecen pruebas gratuitas para que puedas decidir si quieres pagar.<\/p>\n\t<h3>Advertencias<\/h3>\n<p>Las herramientas mencionadas anteriormente se encuentran en sitios web externos. Estos enlaces se proporcionan solo para su informaci\u00f3n y su uso es bajo su propia responsabilidad. Hemos incluido estas herramientas porque creemos que pueden ser \u00fatiles. Esto no significa que respaldemos todo el contenido que pueda encontrar en estos sitios web. Como en cualquier sitio web, el contenido puede modificarse o eliminarse.<\/p>\n<p>Tenga en cuenta que no tenemos control sobre estos sitios o recursos, ni sobre su contenido. \u00a1Por favor, sea precavido y prudente!<\/p>","protected":false},"excerpt":{"rendered":"<p>Resources Below is a list of resources and tools that we have collected. They are organised into different areas. Simply click on the blue bar to view the links in that section. If you find a link is broken, or if the information is incorrect, or if you find a resource that you think would &#8230; <a title=\"Recursos\" class=\"read-more\" href=\"https:\/\/gcf.community\/es\/tools\/resources\/\" aria-label=\"Leer m\u00e1s sobre Recursos\">Leer m\u00e1s<\/a><\/p>","protected":false},"author":1,"featured_media":0,"parent":849,"menu_order":0,"comment_status":"closed","ping_status":"closed","template":"","meta":{"_acf_changed":false,"_seopress_robots_primary_cat":"","_seopress_titles_title":"","_seopress_titles_desc":"","_seopress_robots_index":"","footnotes":"","_links_to":"","_links_to_target":""},"categories":[],"class_list":["post-2230","page","type-page","status-publish"],"acf":[],"_links":{"self":[{"href":"https:\/\/gcf.community\/es\/wp-json\/wp\/v2\/pages\/2230","targetHints":{"allow":["GET"]}}],"collection":[{"href":"https:\/\/gcf.community\/es\/wp-json\/wp\/v2\/pages"}],"about":[{"href":"https:\/\/gcf.community\/es\/wp-json\/wp\/v2\/types\/page"}],"author":[{"embeddable":true,"href":"https:\/\/gcf.community\/es\/wp-json\/wp\/v2\/users\/1"}],"replies":[{"embeddable":true,"href":"https:\/\/gcf.community\/es\/wp-json\/wp\/v2\/comments?post=2230"}],"version-history":[{"count":22,"href":"https:\/\/gcf.community\/es\/wp-json\/wp\/v2\/pages\/2230\/revisions"}],"predecessor-version":[{"id":2345,"href":"https:\/\/gcf.community\/es\/wp-json\/wp\/v2\/pages\/2230\/revisions\/2345"}],"up":[{"embeddable":true,"href":"https:\/\/gcf.community\/es\/wp-json\/wp\/v2\/pages\/849"}],"wp:attachment":[{"href":"https:\/\/gcf.community\/es\/wp-json\/wp\/v2\/media?parent=2230"}],"wp:term":[{"taxonomy":"category","embeddable":true,"href":"https:\/\/gcf.community\/es\/wp-json\/wp\/v2\/categories?post=2230"}],"curies":[{"name":"wp","href":"https:\/\/api.w.org\/{rel}","templated":true}]}}