{"id":221,"date":"2021-10-27T10:10:20","date_gmt":"2021-10-27T10:10:20","guid":{"rendered":"https:\/\/gcf.community\/terms-of-service\/"},"modified":"2022-02-20T16:24:51","modified_gmt":"2022-02-20T16:24:51","slug":"terms-of-service","status":"publish","type":"page","link":"https:\/\/gcf.community\/es\/terms-of-service\/","title":{"rendered":"Condiciones de servicio"},"content":{"rendered":"<h1>\n\t\tCondiciones de servicio\n\t<\/h1>\n\t<p>Lea atentamente estos t\u00e9rminos y condiciones antes de utilizar este sitio.<\/p>\n<h3>\u00bfQu\u00e9 hay en estos t\u00e9rminos?<\/h3>\n<p>Estos t\u00e9rminos le indican las reglas para utilizar nuestro sitio web. <a href=\"https:\/\/gcf.community\/es\/\">https:\/\/gcf.community<\/a> (nuestro sitio).<\/p>\n<h3>Quienes somos y c\u00f3mo contactarnos<\/h3>\n<p><a href=\"https:\/\/gcf.community\/es\/\">https:\/\/gcf.community<\/a> Es un sitio web operado por XX. Estamos registrados en XX con el n\u00famero de empresa XX y tenemos nuestro domicilio social en XX.<\/p>\n<p>Estamos registrados en la Oficina del Comisionado de Informaci\u00f3n (ref: XX).<\/p>\n<h3>Al utilizar nuestro sitio, acepta estos t\u00e9rminos.<\/h3>\n<p>Al utilizar nuestro sitio, usted confirma que acepta estos t\u00e9rminos y que se compromete a cumplirlos.<\/p>\n<p>Si no est\u00e1 de acuerdo con estos t\u00e9rminos, no debe utilizar nuestro sitio.<\/p>\n<h3>Existen otros t\u00e9rminos que se aplican a usted<\/h3>\n<p>Estos t\u00e9rminos se refieren a los siguientes t\u00e9rminos adicionales, que tambi\u00e9n se aplican a su uso de nuestro sitio:<\/p>\n<ul>\n<li>Nuestro <a href=\"https:\/\/gcf.community\/es\/privacy\/\">pol\u00edtica de privacidad<\/a> (ver m\u00e1s adelante c\u00f3mo podemos utilizar su informaci\u00f3n personal).<\/li>\n<li>Nuestro <a href=\"https:\/\/gcf.community\/es\/cookies\/\">Pol\u00edtica de cookies<\/a> (aqu\u00ed se establece informaci\u00f3n sobre las cookies en nuestro sitio).<\/li>\n<\/ul>\n<h3>Podemos realizar cambios a estos t\u00e9rminos.<\/h3>\n<p>Modificamos estos t\u00e9rminos peri\u00f3dicamente. Cada vez que desee utilizar nuestro sitio, le rogamos que los revise para asegurarse de comprender los t\u00e9rminos aplicables en ese momento.<\/p>\n<h3>Podemos realizar cambios en nuestro sitio.<\/h3>\n<p>Es posible que actualicemos y cambiemos nuestro sitio de vez en cuando.<\/p>\n<h3>Podemos suspender o retirar nuestro sitio<\/h3>\n<p>Nuestro sitio est\u00e1 disponible de forma gratuita.<\/p>\n<p>No garantizamos que nuestro sitio web, ni ninguno de sus contenidos, est\u00e9 siempre disponible o no sufra interrupciones. Podremos suspender, retirar o restringir la disponibilidad de todo o parte de nuestro sitio web por razones operativas.<\/p>\n<p>Usted tambi\u00e9n es responsable de garantizar que todas las personas que accedan a nuestro sitio a trav\u00e9s de su conexi\u00f3n a Internet conozcan estos t\u00e9rminos y otros t\u00e9rminos y condiciones aplicables, y que los cumplan.<\/p>\n<h3>Debes mantener seguros los datos de tu cuenta<\/h3>\n<p>Si elige o se le proporciona un nombre de usuario, un c\u00f3digo de identificaci\u00f3n, una contrase\u00f1a o cualquier otra informaci\u00f3n como parte de nuestros procedimientos de seguridad, deber\u00e1 tratar dicha informaci\u00f3n como confidencial. No deber\u00e1 divulgarla a terceros.<\/p>\n<p>Tenemos el derecho de deshabilitar cualquier nombre de usuario, c\u00f3digo de identificaci\u00f3n o contrase\u00f1a, ya sea elegido por usted o asignado por nosotros, en cualquier momento, si en nuestra opini\u00f3n razonable usted no ha cumplido con alguna de las disposiciones de estos t\u00e9rminos.<\/p>\n<p>Si sabe o sospecha que alguien m\u00e1s conoce su nombre de usuario, c\u00f3digo de identificaci\u00f3n o contrase\u00f1a, deber\u00e1 notificarnos de inmediato.<\/p>\n<h3>No respaldamos los materiales a los que hacemos referencia.<\/h3>\n<p>Cuando nuestro sitio web hace referencia o cita materiales de terceros, esta informaci\u00f3n se proporciona \u00fanicamente para su informaci\u00f3n. Dichas referencias no deben interpretarse como una aprobaci\u00f3n o respaldo por nuestra parte de dichos materiales y no representan nuestras opiniones ni valores.<\/p>\n<h3>No somos responsables de los sitios web a los que enlazamos.<\/h3>\n<p>Si nuestro sitio contiene enlaces a otros sitios y recursos de terceros, estos se proporcionan \u00fanicamente para su informaci\u00f3n. Dichos enlaces no deben interpretarse como una aprobaci\u00f3n por nuestra parte de dichos sitios web enlazados ni de la informaci\u00f3n que pueda obtener de ellos.<\/p>\n<p>No tenemos control sobre el contenido de esos sitios o recursos.<\/p>\n<h3>C\u00f3mo podemos utilizar su informaci\u00f3n personal<\/h3>\n<p>Solo utilizaremos su informaci\u00f3n personal como se establece en nuestra <a href=\"https:\/\/gcf.community\/es\/privacy\/\">pol\u00edtica de privacidad<\/a>.<\/p>\n<h3>No somos responsables de los virus y no debes introducirlos.<\/h3>\n<p>No garantizamos que nuestro sitio sea seguro o est\u00e9 libre de errores o virus.<\/p>\n<p>Usted es responsable de configurar su tecnolog\u00eda inform\u00e1tica, sus programas inform\u00e1ticos y su plataforma para acceder a nuestro sitio. Debe utilizar su propio software de protecci\u00f3n antivirus.<\/p>\n<p>No debe hacer un uso indebido de nuestro sitio introduciendo deliberadamente virus, troyanos, gusanos, bombas l\u00f3gicas u otro material malicioso o tecnol\u00f3gicamente da\u00f1ino. No debe intentar obtener acceso no autorizado a nuestro sitio, al servidor donde se almacena ni a ning\u00fan servidor, ordenador o base de datos conectado a \u00e9l. No debe atacar nuestro sitio mediante ataques de denegaci\u00f3n de servicio (DDS) ni ataques distribuidos de DDS. Incumplir esta disposici\u00f3n implicar\u00eda un delito penal seg\u00fan la Ley de Uso Indebido de Computadoras de 1990. Informaremos de cualquier incumplimiento a las autoridades policiales pertinentes y cooperaremos con ellas revel\u00e1ndoles su identidad. En caso de incumplimiento, su derecho a usar nuestro sitio cesar\u00e1 inmediatamente.<\/p>\n<h3>Reglas sobre los enlaces a nuestro sitio<\/h3>\n<p>Puede vincularse a nuestra p\u00e1gina de inicio, siempre que lo haga de manera justa y legal y no da\u00f1e nuestra reputaci\u00f3n ni se aproveche de ella.<\/p>\n<p>No debe establecer un enlace de tal manera que sugiera cualquier forma de asociaci\u00f3n, aprobaci\u00f3n o respaldo de nuestra parte cuando no exista ninguno.<\/p>\n<p>No debe establecer un enlace a nuestro sitio en ning\u00fan sitio web que no sea de su propiedad.<\/p>\n<p>Nuestro sitio no debe estar enmarcado en ning\u00fan otro sitio, ni tampoco puede crear un enlace a ninguna parte de nuestro sitio que no sea la p\u00e1gina de inicio.<\/p>\n<p>Nos reservamos el derecho de retirar el permiso de enlace sin previo aviso.<\/p>","protected":false},"excerpt":{"rendered":"<p>Terms of Service Please read these terms and conditions carefully before using this site What is in these terms? These terms tell you the rules for using our website https:\/\/gcf.community (our site). Who we are and how to contact us https:\/\/gcf.community is a site operated by XX. We are registered in XX under company number &#8230; <a title=\"Condiciones de servicio\" class=\"read-more\" href=\"https:\/\/gcf.community\/es\/terms-of-service\/\" aria-label=\"Leer m\u00e1s sobre Terms of Service\">Leer m\u00e1s<\/a><\/p>","protected":false},"author":1,"featured_media":0,"parent":0,"menu_order":0,"comment_status":"closed","ping_status":"closed","template":"","meta":{"_acf_changed":false,"_seopress_robots_primary_cat":"","_seopress_titles_title":"","_seopress_titles_desc":"","_seopress_robots_index":"","footnotes":"","_links_to":"","_links_to_target":""},"categories":[],"class_list":["post-221","page","type-page","status-publish"],"acf":[],"_links":{"self":[{"href":"https:\/\/gcf.community\/es\/wp-json\/wp\/v2\/pages\/221","targetHints":{"allow":["GET"]}}],"collection":[{"href":"https:\/\/gcf.community\/es\/wp-json\/wp\/v2\/pages"}],"about":[{"href":"https:\/\/gcf.community\/es\/wp-json\/wp\/v2\/types\/page"}],"author":[{"embeddable":true,"href":"https:\/\/gcf.community\/es\/wp-json\/wp\/v2\/users\/1"}],"replies":[{"embeddable":true,"href":"https:\/\/gcf.community\/es\/wp-json\/wp\/v2\/comments?post=221"}],"version-history":[{"count":0,"href":"https:\/\/gcf.community\/es\/wp-json\/wp\/v2\/pages\/221\/revisions"}],"wp:attachment":[{"href":"https:\/\/gcf.community\/es\/wp-json\/wp\/v2\/media?parent=221"}],"wp:term":[{"taxonomy":"category","embeddable":true,"href":"https:\/\/gcf.community\/es\/wp-json\/wp\/v2\/categories?post=221"}],"curies":[{"name":"wp","href":"https:\/\/api.w.org\/{rel}","templated":true}]}}