{"id":2197,"date":"2023-09-11T15:22:52","date_gmt":"2023-09-11T14:22:52","guid":{"rendered":"https:\/\/gcf.community\/?page_id=2197"},"modified":"2023-09-11T15:47:30","modified_gmt":"2023-09-11T14:47:30","slug":"upload","status":"publish","type":"page","link":"https:\/\/gcf.community\/es\/campaigns\/families-on-mission\/resources\/upload\/","title":{"rendered":"Subir"},"content":{"rendered":"<h1>\n\t\tSubir\n\t<\/h1>\n\t<p>Puede subir sus archivos a continuaci\u00f3n. Utilice esta herramienta \u00fanicamente para compartir recursos como PDF, documentos de Office, im\u00e1genes, etc. El tama\u00f1o m\u00e1ximo de archivo es de 100 MB. Si lo desea, puede subir una carpeta con recursos o archivos.<\/p>\n<p><strong>Por favor, no suba ning\u00fan video a esta p\u00e1gina. En su lugar, le pedimos que se una al grupo de WhatsApp a trav\u00e9s del bot\u00f3n al final de esta p\u00e1gina y suba sus videos all\u00ed.<\/strong>.<\/p>\n\t<div id='wpcp-820248c13c31f82ea5eb6da1b6399427' class='wpcp-container'><div id='OutoftheBox' class='upload  wpcp-has-scroll-to-top' data-module-id='wpcp-820248c13c31f82ea5eb6da1b6399427' style='display:none'><noscript><div class='OutoftheBox-nojsmessage'>Para ver este contenido, necesita tener activado JavaScript en su navegador.<br\/><a href='http:\/\/www.enable-javascript.com\/' target='_blank'>Para hacerlo, siga las siguientes instrucciones.<\/a>.<\/div><\/noscript><div class='wpcp-module OutoftheBox upload jsdisabled'  id='OutoftheBox-820248c13c31f82ea5eb6da1b6399427' data-token='820248c13c31f82ea5eb6da1b6399427' data-account-id='dbid:AAB2dTcGQmrzZtKegNrHODwdwEKSkvgz8y4' data-org-id='' data-path='' data-org-path='%2F' data-source='5e8698da324cdd20ff2e47bcf068c73e' data-sort='name:asc'>\r\n<div class=\"fileupload-box   auto_upload\" style=\"width:100%;max-width:100%;\" data-preprocess=\"\">\r\n    <!-- FORM ELEMENTS -->\r\n    <div id=\"fileupload-820248c13c31f82ea5eb6da1b6399427\" class=\"fileupload-form\" data-token='820248c13c31f82ea5eb6da1b6399427'>\r\n        <input type=\"hidden\" name=\"acceptfiletypes\" value=\".(.)$\">\r\n        <input type=\"hidden\" name=\"minfilesize\" value=\"0\">\r\n        <input type=\"hidden\" name=\"maxfilesize\" data-limit=\"1\" value=\"104857600\">\r\n        <input type=\"hidden\" name=\"maxnumberofuploads\" value=\"-1\">\r\n        <input type=\"hidden\" name=\"listtoken\" value=\"820248c13c31f82ea5eb6da1b6399427\">\r\n        <input type='hidden' name='fileupload-filelist_820248c13c31f82ea5eb6da1b6399427' class='fileupload-filelist' value=''>\r\n        <input type=\"file\" name=\"files[]\" class='upload-input upload-input-files' multiple accept=\"\">\r\n                <input type=\"file\" name=\"files[]\" class='upload-input upload-input-folder' multiple directory webkitdirectory>\r\n            <\/div>\r\n    <!-- END FORM ELEMENTS -->\r\n\r\n    <!-- UPLOAD BOX HEADER -->\r\n    <div class=\"fileupload-header\">\r\n        <div class=\"fileupload-header-title\">\r\n            <div class=\"fileupload-empty\">\r\n                <div class=\"fileupload-header-text-title upload-add-file\">Agrega tus archivos<\/div>\r\n                                <div class=\"fileupload-header-text-subtitle upload-add-folder\"><a title=\"O seleccione una carpeta\">O seleccione una carpeta<\/a>\r\n                <\/div>\r\n                            <\/div>\r\n            <div class=\"fileupload-not-empty\">\r\n                <div class=\"fileupload-header-text-title fileupload-items\"><\/div>\r\n                <div class=\"fileupload-header-text-subtitle fileupload-items-size\"><\/div>\r\n            <\/div>\r\n        <\/div>\r\n        <div class=\"fileupload-header-button\">\r\n            <button class='fileupload-requirements-button button button-round-icon secondary' type=\"button\" title=\"Subir requisitos\"><i class=\"eva eva-list eva-lg\"><\/i><\/button>\r\n            <div class='tippy-content-holder'>\r\n                <div class='tippy-content'>\r\n                    <div class=\"upload-requirements-content-subtitle\">\r\n                        <div class=\"upload-requirements-size\">Tama\u00f1o m\u00e1ximo: <em><span class='max-file-size'>100 MB<\/span><\/em><\/div>                    <\/div>\r\n                <\/div>\r\n            <\/div>\r\n        <\/div>\r\n        <div class=\"fileupload-header-button\">\r\n            <button class='fileupload-add-button button button-round-icon' type=\"button\" title=\"Agrega tus archivos\"><i class=\"eva eva-plus-outline eva-lg\"><\/i><\/button>\r\n            <div class='tippy-content-holder'>\r\n                <div class='tippy-content'>\r\n                    <ul>\r\n                        <li class=\"upload-add-file\">\r\n                            <a title=\"Archivos\">\r\n                                <i class=\"eva eva-file-add-outline eva-lg\"><\/i> Archivos                            <\/a>\r\n                        <\/li>\r\n                                                <li class=\"upload-add-folder\">\r\n                            <a title=\"Carpetas\">\r\n                                <i class=\"eva eva-folder-add-outline eva-lg\"><\/i> Carpetas                            <\/a>\r\n                        <\/li>\r\n                                            <\/ul>\r\n                <\/div>\r\n            <\/div>\r\n        <\/div>\r\n    <\/div>\r\n    <!-- END UPLOAD BOX HEADER -->\r\n\r\n    <!-- UPLOAD PROGRESS -->\r\n    <div class=\"fileupload-global-progress\">\r\n        <div class=\"fileupload-global-progress-bar\"><\/div>\r\n    <\/div>\r\n    <!-- END UPLOAD PROGRESS -->\r\n\r\n    <!-- UPLOAD BOX LIST -->\r\n    <div class=\"fileupload-list\" style=\"\">\r\n        <table role=\"table\" class=\"fileupload-table\">\r\n            <tbody class=\"fileupload-table-body\">\r\n\r\n                <!-- UPLOAD BOX TEMPLATE ROW -->\r\n                <tr class=\"fileupload-table-row fileupload-table-row-template\" role=\"row\">\r\n                    <td class=\"fileupload-table-cell\" role=\"cell\" style=\"flex: 1 1 100%;\">\r\n                        <div class=\"fileupload-table-cell-icon\"><img decoding=\"async\" class=\"\" src=\"\" loading=\"lazy\" \/><\/div>\r\n                        <div class=\"fileupload-table-cell-content\">\r\n                            <div class=\"fileupload-table-cell-text fileupload-table-text-title\"><\/div>\r\n                            <div class=\"fileupload-table-cell-text fileupload-table-text-subtitle\"><\/div>\r\n                        <\/div>\r\n                    <\/td>\r\n\r\n                    <td class=\"fileupload-table-cell fileupload-table-cell-action\" role=\"cell\" style=\"flex: 1 0 auto;\">\r\n                                                <button type=\"button\" title=\"Descargar fichero\" class=\"upload-download\"><i class=\"eva eva-download-outline eva-lg\"><\/i><span> Descargar fichero<\/span><\/button>\r\n                                                <button type=\"button\" title=\"Intenta subir el archivo de nuevo\" class=\"upload-redo\"><i class=\"eva eva-refresh eva-lg\"><\/i><\/button>\r\n                    <\/td>\r\n\r\n                    <td class=\"fileupload-table-cell fileupload-table-cell-result\" role=\"cell\" style=\"flex: 0 0 64px;\">\r\n                        <i title=\"Eliminar de la cola\" aria-label=\"Eliminar de la cola\" class=\"upload-remove eva eva-close eva-lg\"><\/i>\r\n                        <i title=\"Abortar la carga\" aria-label=\"Abortar la carga\" class=\"upload-stop eva eva-stop-circle eva-lg\"><\/i>\r\n                        <i class=\"upload-waiting eva eva-pause-circle-outline eva-lg\"><\/i>\r\n                        <i class=\"upload-success eva eva-checkmark eva-lg\"><\/i>\r\n                        <i class=\"upload-fail eva eva-alert-triangle-outline eva-lg\"><\/i>\r\n                        <i class=\"upload-convert eva eva-settings-outline eva-lg eva-spin\"><\/i>\r\n                    <\/td>\r\n\r\n                    <td class=\"fileupload-table-cell fileupload-table-cell-progress\" role=\"cell\" style=\"flex: 0 0 80px;\">\r\n                        <div class=\"fileupload-loading-bar label-center\" data-preset=\"circle\" data-value=\"0\"><\/div>\r\n                    <\/td>\r\n\r\n\r\n                <\/tr>\r\n                <!-- UPLOAD BOX END TEMPLATE ROW -->\r\n            <\/tbody>\r\n        <\/table>\r\n    <\/div>\r\n    <!-- END UPLOAD BOX LIST -->\r\n\r\n    <!-- UPLOAD BOX FOOTER -->\r\n    <div class=\"fileupload-footer\">\r\n        <div class=\"fileupload-footer-content\">\r\n            <button class=\"fileupload-start-button button\" disabled>Comenzar Subida<\/button>\r\n        <\/div>\r\n    <\/div>\r\n    <!-- END UPLOAD BOX FOOTER -->\r\n\r\n<\/div>\r\n\r\n<!-- UPLOAD BOX DRAG & DROP -->\r\n<div class=\"fileupload-drag-drop\"><\/div>\r\n<!-- END UPLOAD DRAG & DROP --><\/div><\/div><div class='wpcp-module-script'><script type='text\/javascript'>if (typeof(jQuery) !== 'undefined' && typeof(jQuery.cp) !== 'undefined' && typeof(jQuery.cp.OutoftheBox) === 'function') { jQuery('#OutoftheBox-820248c13c31f82ea5eb6da1b6399427').OutoftheBox(OutoftheBox_vars); };<\/script><\/div><\/div>\n<h4>\n\t\tSubidas de v\u00eddeo\n\t<\/h4>\n\t<p>Si desea compartir un video, comp\u00e1rtalo con nuestro grupo de WhatsApp GCF Video al que puede unirse a trav\u00e9s del bot\u00f3n a continuaci\u00f3n.<\/p>\n\t<a href=\"https:\/\/chat.whatsapp.com\/Kj0tpSATv0EG6i8C8sqfRn\" target=\"_blank\" role=\"button\" rel=\"noopener\" aria-label=\"\u00danase al grupo de WhatsApp de GCF Media\">\n\t\t\t\t\t\t\u00danase al grupo de WhatsApp de GCF Media\n\t\t\t\t\t<\/a>","protected":false},"excerpt":{"rendered":"<p>Upload You can upload your files below. Please only use this tool to share resources such as PDFs, Office documents, Images etc. The maximum file size is 100MB. If you wish you can upload a folder of resources \/ files. Please do not upload any videos to this page. Instead we ask that you join &#8230; <a title=\"Subir\" class=\"read-more\" href=\"https:\/\/gcf.community\/es\/campaigns\/families-on-mission\/resources\/upload\/\" aria-label=\"Leer m\u00e1s sobre Upload\">Leer m\u00e1s<\/a><\/p>","protected":false},"author":1,"featured_media":0,"parent":1870,"menu_order":0,"comment_status":"closed","ping_status":"closed","template":"","meta":{"_acf_changed":false,"_seopress_robots_primary_cat":"","_seopress_titles_title":"","_seopress_titles_desc":"","_seopress_robots_index":"","footnotes":"","_links_to":"","_links_to_target":""},"categories":[],"class_list":["post-2197","page","type-page","status-publish"],"acf":[],"_links":{"self":[{"href":"https:\/\/gcf.community\/es\/wp-json\/wp\/v2\/pages\/2197","targetHints":{"allow":["GET"]}}],"collection":[{"href":"https:\/\/gcf.community\/es\/wp-json\/wp\/v2\/pages"}],"about":[{"href":"https:\/\/gcf.community\/es\/wp-json\/wp\/v2\/types\/page"}],"author":[{"embeddable":true,"href":"https:\/\/gcf.community\/es\/wp-json\/wp\/v2\/users\/1"}],"replies":[{"embeddable":true,"href":"https:\/\/gcf.community\/es\/wp-json\/wp\/v2\/comments?post=2197"}],"version-history":[{"count":0,"href":"https:\/\/gcf.community\/es\/wp-json\/wp\/v2\/pages\/2197\/revisions"}],"up":[{"embeddable":true,"href":"https:\/\/gcf.community\/es\/wp-json\/wp\/v2\/pages\/1870"}],"wp:attachment":[{"href":"https:\/\/gcf.community\/es\/wp-json\/wp\/v2\/media?parent=2197"}],"wp:term":[{"taxonomy":"category","embeddable":true,"href":"https:\/\/gcf.community\/es\/wp-json\/wp\/v2\/categories?post=2197"}],"curies":[{"name":"wp","href":"https:\/\/api.w.org\/{rel}","templated":true}]}}