{"id":2163,"date":"2023-09-04T13:48:36","date_gmt":"2023-09-04T12:48:36","guid":{"rendered":"https:\/\/gcf.community\/?page_id=2163"},"modified":"2023-09-05T13:53:13","modified_gmt":"2023-09-05T12:53:13","slug":"contact","status":"publish","type":"page","link":"https:\/\/gcf.community\/es\/resources\/flashlab\/flashlab23\/contact\/","title":{"rendered":"Contacto"},"content":{"rendered":"<nav aria-label=\"Laboratorio Flash\" itemscope=\"itemscope\" itemtype=\"https:\/\/schema.org\/SiteNavigationElement\">\n\t\t<ul id=\"menu-flashlab\"><li id=\"menu-item-2008\"><a href=\"https:\/\/gcf.community\/es\/tools\/flashlab\/\">Laboratorio Flash<\/a><\/li><li id=\"menu-item-2010\"><a href=\"https:\/\/gcf.community\/es\/tools\/flashlab\/flashlab23\/\">FlashLab23<\/a><ul>\t<li id=\"menu-item-2022\"><a href=\"https:\/\/gcf.community\/es\/tools\/flashlab\/flashlab23\/reflection\/\">Reflexi\u00f3n<\/a><\/li>\t<li id=\"menu-item-2016\"><a href=\"https:\/\/gcf.community\/es\/tools\/flashlab\/flashlab23\/files\/\">Archivos<\/a><\/li>\t<li id=\"menu-item-2027\"><a href=\"https:\/\/gcf.community\/es\/tools\/flashlab\/zoom-recordings\/\">Grabaciones de Zoom<\/a><\/li>\t<li id=\"menu-item-2142\"><a href=\"https:\/\/gcf.community\/es\/tools\/flashlab\/flashlab23\/schedule\/\">Cronograma<\/a><\/li>\t<li id=\"menu-item-2172\"><a href=\"https:\/\/gcf.community\/es\/tools\/flashlab\/flashlab23\/contact\/\" aria-current=\"page\">Contacto<\/a><\/li><\/ul><\/li><li id=\"menu-item-2014\"><a href=\"https:\/\/gcf.community\/es\/tools\/flashlab\/overview\/\">Descripci\u00f3n general<\/a><\/li><li id=\"menu-item-2011\"><a href=\"https:\/\/gcf.community\/es\/tools\/flashlab\/how-to-start\/\">C\u00f3mo empezar<\/a><\/li><li id=\"menu-item-2017\"><a href=\"https:\/\/gcf.community\/es\/tools\/flashlab\/process\/\">Proceso<\/a><\/li><li id=\"menu-item-2009\"><a href=\"https:\/\/gcf.community\/es\/tools\/flashlab\/different-models\/\">Diferentes modelos<\/a><\/li><li id=\"menu-item-2012\"><a href=\"https:\/\/gcf.community\/es\/tools\/flashlab\/look-and-listen\/\">1 \u2013 Mira y escucha<\/a><\/li><li id=\"menu-item-2020\"><a href=\"https:\/\/gcf.community\/es\/tools\/flashlab\/think-and-explore\/\">2 \u2013 Piensa y explora<\/a><\/li><li id=\"menu-item-2013\"><a href=\"https:\/\/gcf.community\/es\/tools\/flashlab\/make-and-create\/\">3 \u2013 Hacer y crear<\/a><\/li><li id=\"menu-item-2019\"><a href=\"https:\/\/gcf.community\/es\/tools\/flashlab\/test-and-refine\/\">4 \u2013 Probar y refinar<\/a><\/li><li id=\"menu-item-2018\"><a href=\"https:\/\/gcf.community\/es\/tools\/flashlab\/share-and-multiply\/\">5 \u2013 Comparte y multiplica<\/a><\/li><li id=\"menu-item-2136\"><a href=\"https:\/\/gcf.community\/es\/tools\/flashlab\/useful-links\/\">Enlaces \u00fatiles<\/a><\/li><\/ul>\n\t\t\t<\/nav>\n\t\t\t<button tabindex=\"0\" role=\"button\" aria-label=\"Men\u00fa de FlashLab\">\n\t\t\t\tMen\u00fa de FlashLab\t\t\t<\/button>\n\t<nav aria-label=\"Laboratorio Flash\" itemscope=\"itemscope\" itemtype=\"https:\/\/schema.org\/SiteNavigationElement\">\n\t\t<a href=\"javascript:void(0)\" aria-label=\"Cerrar el men\u00fa\" role=\"button\">\u00d7<\/a>\n\t\t<ul id=\"menu-flashlab-1\"><li id=\"menu-item-2008\"><a href=\"https:\/\/gcf.community\/es\/tools\/flashlab\/\">Laboratorio Flash<\/a><\/li><li id=\"menu-item-2010\"><a href=\"https:\/\/gcf.community\/es\/tools\/flashlab\/flashlab23\/\">FlashLab23<\/a><ul>\t<li id=\"menu-item-2022\"><a href=\"https:\/\/gcf.community\/es\/tools\/flashlab\/flashlab23\/reflection\/\">Reflexi\u00f3n<\/a><\/li>\t<li id=\"menu-item-2016\"><a href=\"https:\/\/gcf.community\/es\/tools\/flashlab\/flashlab23\/files\/\">Archivos<\/a><\/li>\t<li id=\"menu-item-2027\"><a href=\"https:\/\/gcf.community\/es\/tools\/flashlab\/zoom-recordings\/\">Grabaciones de Zoom<\/a><\/li>\t<li id=\"menu-item-2142\"><a href=\"https:\/\/gcf.community\/es\/tools\/flashlab\/flashlab23\/schedule\/\">Cronograma<\/a><\/li>\t<li id=\"menu-item-2172\"><a href=\"https:\/\/gcf.community\/es\/tools\/flashlab\/flashlab23\/contact\/\" aria-current=\"page\">Contacto<\/a><\/li><\/ul><\/li><li id=\"menu-item-2014\"><a href=\"https:\/\/gcf.community\/es\/tools\/flashlab\/overview\/\">Descripci\u00f3n general<\/a><\/li><li id=\"menu-item-2011\"><a href=\"https:\/\/gcf.community\/es\/tools\/flashlab\/how-to-start\/\">C\u00f3mo empezar<\/a><\/li><li id=\"menu-item-2017\"><a href=\"https:\/\/gcf.community\/es\/tools\/flashlab\/process\/\">Proceso<\/a><\/li><li id=\"menu-item-2009\"><a href=\"https:\/\/gcf.community\/es\/tools\/flashlab\/different-models\/\">Diferentes modelos<\/a><\/li><li id=\"menu-item-2012\"><a href=\"https:\/\/gcf.community\/es\/tools\/flashlab\/look-and-listen\/\">1 \u2013 Mira y escucha<\/a><\/li><li id=\"menu-item-2020\"><a href=\"https:\/\/gcf.community\/es\/tools\/flashlab\/think-and-explore\/\">2 \u2013 Piensa y explora<\/a><\/li><li id=\"menu-item-2013\"><a href=\"https:\/\/gcf.community\/es\/tools\/flashlab\/make-and-create\/\">3 \u2013 Hacer y crear<\/a><\/li><li id=\"menu-item-2019\"><a href=\"https:\/\/gcf.community\/es\/tools\/flashlab\/test-and-refine\/\">4 \u2013 Probar y refinar<\/a><\/li><li id=\"menu-item-2018\"><a href=\"https:\/\/gcf.community\/es\/tools\/flashlab\/share-and-multiply\/\">5 \u2013 Comparte y multiplica<\/a><\/li><li id=\"menu-item-2136\"><a href=\"https:\/\/gcf.community\/es\/tools\/flashlab\/useful-links\/\">Enlaces \u00fatiles<\/a><\/li><\/ul>\n\t\t\t<\/nav>\n<h1>\n\t\tPreguntas y comentarios de FlashLab 23\n\t<\/h1>\n\t<p>\u00bfTiene alguna pregunta o mensaje sobre FlashLab23? Si es as\u00ed, utilice el formulario a continuaci\u00f3n y nos pondremos en contacto con usted.<\/p>\n<p>Publicaremos la mayor\u00eda de las respuestas a las preguntas en los grupos de WhatsApp y Telegram de FlashLab 23 para que otros puedan consultarlas (puede que sea una pregunta que muchos tengan). No incluiremos sus datos personales en nuestras respuestas.<\/p>\n\t<form action=\"https:\/\/gcf.community\/es\/wp-json\/ws-form\/v1\/submit\" class=\"wsf-form wsf-form-canvas\" id=\"ws-form-1\" data-id=\"34\" method=\"POST\" data-instance-id=\"1\" data-wsf-style-id=\"1\" data-trp-original-action=\"https:\/\/gcf.community\/es\/wp-json\/ws-form\/v1\/submit\"><input type=\"hidden\" name=\"trp-form-language\" value=\"es\"\/><\/form>","protected":false},"excerpt":{"rendered":"<p>FlashLab FlashLab23 Archivos de reflexi\u00f3n Grabaciones de Zoom Horario Contacto Descripci\u00f3n general C\u00f3mo empezar Proceso Diferentes modelos 1 \u2013 Mirar y escuchar 2 \u2013 Pensar y explorar 3 \u2013 Hacer y crear 4 \u2013 Probar y refinar 5 \u2013 Compartir y multiplicar Enlaces \u00fatiles Men\u00fa de FlashLab \u00d7 FlashLab FlashLab23 Archivos de reflexi\u00f3n Grabaciones de Zoom Horario Contacto Descripci\u00f3n general C\u00f3mo\u2026 <a title=\"Contacto\" class=\"read-more\" href=\"https:\/\/gcf.community\/es\/resources\/flashlab\/flashlab23\/contact\/\" aria-label=\"Leer m\u00e1s sobre Contacto\">Leer m\u00e1s<\/a><\/p>","protected":false},"author":1,"featured_media":0,"parent":1921,"menu_order":0,"comment_status":"closed","ping_status":"closed","template":"","meta":{"_acf_changed":false,"_seopress_robots_primary_cat":"","_seopress_titles_title":"FlashLab: Contact","_seopress_titles_desc":"Do you have a question or message about FlashLab23?","_seopress_robots_index":"","footnotes":"","_links_to":"","_links_to_target":""},"categories":[],"class_list":["post-2163","page","type-page","status-publish"],"acf":[],"_links":{"self":[{"href":"https:\/\/gcf.community\/es\/wp-json\/wp\/v2\/pages\/2163","targetHints":{"allow":["GET"]}}],"collection":[{"href":"https:\/\/gcf.community\/es\/wp-json\/wp\/v2\/pages"}],"about":[{"href":"https:\/\/gcf.community\/es\/wp-json\/wp\/v2\/types\/page"}],"author":[{"embeddable":true,"href":"https:\/\/gcf.community\/es\/wp-json\/wp\/v2\/users\/1"}],"replies":[{"embeddable":true,"href":"https:\/\/gcf.community\/es\/wp-json\/wp\/v2\/comments?post=2163"}],"version-history":[{"count":0,"href":"https:\/\/gcf.community\/es\/wp-json\/wp\/v2\/pages\/2163\/revisions"}],"up":[{"embeddable":true,"href":"https:\/\/gcf.community\/es\/wp-json\/wp\/v2\/pages\/1921"}],"wp:attachment":[{"href":"https:\/\/gcf.community\/es\/wp-json\/wp\/v2\/media?parent=2163"}],"wp:term":[{"taxonomy":"category","embeddable":true,"href":"https:\/\/gcf.community\/es\/wp-json\/wp\/v2\/categories?post=2163"}],"curies":[{"name":"wp","href":"https:\/\/api.w.org\/{rel}","templated":true}]}}