{"id":2138,"date":"2023-08-31T14:49:28","date_gmt":"2023-08-31T13:49:28","guid":{"rendered":"https:\/\/gcf.community\/?page_id=2138"},"modified":"2023-09-05T13:54:51","modified_gmt":"2023-09-05T12:54:51","slug":"schedule","status":"publish","type":"page","link":"https:\/\/gcf.community\/es\/resources\/flashlab\/flashlab23\/schedule\/","title":{"rendered":"Cronograma"},"content":{"rendered":"<nav aria-label=\"Laboratorio Flash\" itemscope=\"itemscope\" itemtype=\"https:\/\/schema.org\/SiteNavigationElement\">\n\t\t<ul id=\"menu-flashlab\"><li id=\"menu-item-2008\"><a href=\"https:\/\/gcf.community\/es\/tools\/flashlab\/\" tabindex=\"0\" role=\"link\">Laboratorio Flash<\/a><\/li><li id=\"menu-item-2010\"><a href=\"https:\/\/gcf.community\/es\/tools\/flashlab\/flashlab23\/\" tabindex=\"0\" role=\"link\">FlashLab23<\/a><ul>\t<li id=\"menu-item-2022\"><a href=\"https:\/\/gcf.community\/es\/tools\/flashlab\/flashlab23\/reflection\/\" tabindex=\"0\" role=\"link\">Reflexi\u00f3n<\/a><\/li>\t<li id=\"menu-item-2016\"><a href=\"https:\/\/gcf.community\/es\/tools\/flashlab\/flashlab23\/files\/\" tabindex=\"0\" role=\"link\">Archivos<\/a><\/li>\t<li id=\"menu-item-2027\"><a href=\"https:\/\/gcf.community\/es\/tools\/flashlab\/zoom-recordings\/\" tabindex=\"0\" role=\"link\">Grabaciones de Zoom<\/a><\/li>\t<li id=\"menu-item-2142\"><a href=\"https:\/\/gcf.community\/es\/tools\/flashlab\/flashlab23\/schedule\/\" aria-current=\"page\" tabindex=\"0\" role=\"link\">Cronograma<\/a><\/li><\/ul><\/li><li id=\"menu-item-2014\"><a href=\"https:\/\/gcf.community\/es\/tools\/flashlab\/overview\/\" tabindex=\"0\" role=\"link\">Descripci\u00f3n general<\/a><\/li><li id=\"menu-item-2011\"><a href=\"https:\/\/gcf.community\/es\/tools\/flashlab\/how-to-start\/\" tabindex=\"0\" role=\"link\">C\u00f3mo empezar<\/a><\/li><li id=\"menu-item-2017\"><a href=\"https:\/\/gcf.community\/es\/tools\/flashlab\/process\/\" tabindex=\"0\" role=\"link\">Proceso<\/a><\/li><li id=\"menu-item-2009\"><a href=\"https:\/\/gcf.community\/es\/tools\/flashlab\/different-models\/\" tabindex=\"0\" role=\"link\">Diferentes modelos<\/a><\/li><li id=\"menu-item-2012\"><a href=\"https:\/\/gcf.community\/es\/tools\/flashlab\/look-and-listen\/\" tabindex=\"0\" role=\"link\">1 \u2013 Mira y escucha<\/a><\/li><li id=\"menu-item-2020\"><a href=\"https:\/\/gcf.community\/es\/tools\/flashlab\/think-and-explore\/\" tabindex=\"0\" role=\"link\">2 \u2013 Piensa y explora<\/a><\/li><li id=\"menu-item-2013\"><a href=\"https:\/\/gcf.community\/es\/tools\/flashlab\/make-and-create\/\" tabindex=\"0\" role=\"link\">3 \u2013 Hacer y crear<\/a><\/li><li id=\"menu-item-2019\"><a href=\"https:\/\/gcf.community\/es\/tools\/flashlab\/test-and-refine\/\" tabindex=\"0\" role=\"link\">4 \u2013 Probar y refinar<\/a><\/li><li id=\"menu-item-2018\"><a href=\"https:\/\/gcf.community\/es\/tools\/flashlab\/share-and-multiply\/\" tabindex=\"0\" role=\"link\">5 \u2013 Comparte y multiplica<\/a><\/li><li id=\"menu-item-2136\"><a href=\"https:\/\/gcf.community\/es\/tools\/flashlab\/useful-links\/\" tabindex=\"0\" role=\"link\">Enlaces \u00fatiles<\/a><\/li><\/ul>\n\t\t\t<\/nav>\n\t\t\t<button tabindex=\"0\" role=\"button\" aria-label=\"Men\u00fa de FlashLab\">\n\t\t\t\tMen\u00fa de FlashLab\t\t\t<\/button>\n\t<nav aria-label=\"Laboratorio Flash\" itemscope=\"itemscope\" itemtype=\"https:\/\/schema.org\/SiteNavigationElement\">\n\t\t<a href=\"javascript:void(0)\" aria-label=\"Cerrar el men\u00fa\" role=\"button\">\u00d7<\/a>\n\t\t<ul id=\"menu-flashlab-1\"><li id=\"menu-item-2008\"><a href=\"https:\/\/gcf.community\/es\/tools\/flashlab\/\" tabindex=\"0\" role=\"link\">Laboratorio Flash<\/a><\/li><li id=\"menu-item-2010\"><a href=\"https:\/\/gcf.community\/es\/tools\/flashlab\/flashlab23\/\" tabindex=\"0\" role=\"link\">FlashLab23<\/a><ul>\t<li id=\"menu-item-2022\"><a href=\"https:\/\/gcf.community\/es\/tools\/flashlab\/flashlab23\/reflection\/\" tabindex=\"0\" role=\"link\">Reflexi\u00f3n<\/a><\/li>\t<li id=\"menu-item-2016\"><a href=\"https:\/\/gcf.community\/es\/tools\/flashlab\/flashlab23\/files\/\" tabindex=\"0\" role=\"link\">Archivos<\/a><\/li>\t<li id=\"menu-item-2027\"><a href=\"https:\/\/gcf.community\/es\/tools\/flashlab\/zoom-recordings\/\" tabindex=\"0\" role=\"link\">Grabaciones de Zoom<\/a><\/li>\t<li id=\"menu-item-2142\"><a href=\"https:\/\/gcf.community\/es\/tools\/flashlab\/flashlab23\/schedule\/\" aria-current=\"page\" tabindex=\"0\" role=\"link\">Cronograma<\/a><\/li><\/ul><\/li><li id=\"menu-item-2014\"><a href=\"https:\/\/gcf.community\/es\/tools\/flashlab\/overview\/\" tabindex=\"0\" role=\"link\">Descripci\u00f3n general<\/a><\/li><li id=\"menu-item-2011\"><a href=\"https:\/\/gcf.community\/es\/tools\/flashlab\/how-to-start\/\" tabindex=\"0\" role=\"link\">C\u00f3mo empezar<\/a><\/li><li id=\"menu-item-2017\"><a href=\"https:\/\/gcf.community\/es\/tools\/flashlab\/process\/\" tabindex=\"0\" role=\"link\">Proceso<\/a><\/li><li id=\"menu-item-2009\"><a href=\"https:\/\/gcf.community\/es\/tools\/flashlab\/different-models\/\" tabindex=\"0\" role=\"link\">Diferentes modelos<\/a><\/li><li id=\"menu-item-2012\"><a href=\"https:\/\/gcf.community\/es\/tools\/flashlab\/look-and-listen\/\" tabindex=\"0\" role=\"link\">1 \u2013 Mira y escucha<\/a><\/li><li id=\"menu-item-2020\"><a href=\"https:\/\/gcf.community\/es\/tools\/flashlab\/think-and-explore\/\" tabindex=\"0\" role=\"link\">2 \u2013 Piensa y explora<\/a><\/li><li id=\"menu-item-2013\"><a href=\"https:\/\/gcf.community\/es\/tools\/flashlab\/make-and-create\/\" tabindex=\"0\" role=\"link\">3 \u2013 Hacer y crear<\/a><\/li><li id=\"menu-item-2019\"><a href=\"https:\/\/gcf.community\/es\/tools\/flashlab\/test-and-refine\/\" tabindex=\"0\" role=\"link\">4 \u2013 Probar y refinar<\/a><\/li><li id=\"menu-item-2018\"><a href=\"https:\/\/gcf.community\/es\/tools\/flashlab\/share-and-multiply\/\" tabindex=\"0\" role=\"link\">5 \u2013 Comparte y multiplica<\/a><\/li><li id=\"menu-item-2136\"><a href=\"https:\/\/gcf.community\/es\/tools\/flashlab\/useful-links\/\" tabindex=\"0\" role=\"link\">Enlaces \u00fatiles<\/a><\/li><\/ul>\n\t\t\t<\/nav>\n\n\t<h4>Semana 1<\/h4>\n<strong>Tema<\/strong>: (1) MIRAR Y ESCUCHAR \/ FORMANDO EQUIPOS<br>\n<strong>Fecha<\/strong>:Mi\u00e9rcoles 6 de septiembre<br>\n<strong>Tiempo<\/strong>: 7 am hora de Nueva York (<a href=\"https:\/\/www.timeanddate.com\/worldclock\/fixedtime.html?msg=Week+1&amp;iso=20230906T07&amp;p1=179&amp;ah=1\" target=\"_blank\" rel=\"noopener\">ver la hora del evento en tu zona horaria local<\/a>)\n<h4>Semana 2<\/h4>\n<strong>Tema<\/strong>: (2) PENSAR Y EXPLORAR + (3) HACER Y CREAR<br>\n<strong>Fecha<\/strong>:Mi\u00e9rcoles 13 de septiembre<br>\n<strong>Tiempo<\/strong>: 7 am hora de Nueva York (<a href=\"https:\/\/www.timeanddate.com\/worldclock\/fixedtime.html?msg=Week+2&amp;iso=20230913T07&amp;p1=179&amp;ah=1\" target=\"_blank\" rel=\"noopener\">ver la hora del evento en tu zona horaria local<\/a>)\n<h4>Semana 3<\/h4>\n<strong>Tema<\/strong>: (3) HACER Y CREAR<br>\n<strong>Fecha<\/strong>:Mi\u00e9rcoles 20 de septiembre<br>\n<strong>Tiempo<\/strong>: 7 am hora de Nueva York (<a href=\"https:\/\/www.timeanddate.com\/worldclock\/fixedtime.html?msg=Week+3&amp;iso=20230920T07&amp;ah=1\" target=\"_blank\" rel=\"noopener\">ver la hora del evento en tu zona horaria local<\/a>)\n<h4>Semana 4<\/h4>\n<strong>Tema<\/strong>: (4) PROBAR Y REFINAR<br>\n<strong>Fecha<\/strong>:Mi\u00e9rcoles 27 de septiembre<br>\n<strong>Tiempo<\/strong>: 7 am hora de Nueva York (<a href=\"https:\/\/www.timeanddate.com\/worldclock\/fixedtime.html?msg=Week+4&amp;iso=20230927T07&amp;p1=179&amp;ah=1\" target=\"_blank\" rel=\"noopener\">ver la hora del evento en tu zona horaria local<\/a>)\n<h4>Semana 5<\/h4>\n<strong>Tema<\/strong>: (5) COMPARTIR Y MULTIPLICAR<br>\n<strong>Fecha<\/strong>:Mi\u00e9rcoles 4 de octubre<br>\n<strong>Tiempo<\/strong>: 7 am hora de Nueva York (<a href=\"https:\/\/www.timeanddate.com\/worldclock\/fixedtime.html?msg=Week+5&amp;iso=20231004T07&amp;p1=179&amp;ah=1\" target=\"_blank\" rel=\"noopener\">ver la hora del evento en tu zona horaria local<\/a>)\n<h4>Semana 6<\/h4>\n<strong>Tema<\/strong>:Por confirmar<br>\n<strong>Fecha<\/strong>:Mi\u00e9rcoles 11 de octubre<br>\n<strong>Tiempo<\/strong>: 7 am hora de Nueva York (<a href=\"https:\/\/www.timeanddate.com\/worldclock\/fixedtime.html?msg=Week+6&amp;iso=20231011T07&amp;p1=179&amp;ah=1\" target=\"_blank\" rel=\"noopener\">ver la hora del evento en tu zona horaria local<\/a>)\n<h4>Post-FlashLab<\/h4>\n<strong>Tema<\/strong>:CELEBRACI\u00d3N<br>\n<strong>Fecha<\/strong>:Por confirmar<br>\n<strong>Tiempo<\/strong>:Por confirmar","protected":false},"excerpt":{"rendered":"<p>FlashLab FlashLab23 Archivos de reflexi\u00f3n Grabaciones de Zoom Horario Descripci\u00f3n general C\u00f3mo empezar Proceso Diferentes modelos 1 \u2013 Mirar y escuchar 2 \u2013 Pensar y explorar 3 \u2013 Hacer y crear 4 \u2013 Probar y refinar 5 \u2013 Compartir y multiplicar Enlaces \u00fatiles Men\u00fa de FlashLab \u00d7 FlashLab FlashLab23 Archivos de reflexi\u00f3n Grabaciones de Zoom Horario Descripci\u00f3n general C\u00f3mo empezar \u2026 <a title=\"Cronograma\" class=\"read-more\" href=\"https:\/\/gcf.community\/es\/resources\/flashlab\/flashlab23\/schedule\/\" aria-label=\"Leer m\u00e1s sobre Schedule\">Leer m\u00e1s<\/a><\/p>","protected":false},"author":1,"featured_media":0,"parent":1921,"menu_order":0,"comment_status":"closed","ping_status":"closed","template":"","meta":{"_acf_changed":false,"_seopress_robots_primary_cat":"","_seopress_titles_title":"FlashLab: Schedule","_seopress_titles_desc":"A list of all our forthcoming meetings.","_seopress_robots_index":"","footnotes":"","_links_to":"","_links_to_target":""},"categories":[],"class_list":["post-2138","page","type-page","status-publish"],"acf":[],"_links":{"self":[{"href":"https:\/\/gcf.community\/es\/wp-json\/wp\/v2\/pages\/2138","targetHints":{"allow":["GET"]}}],"collection":[{"href":"https:\/\/gcf.community\/es\/wp-json\/wp\/v2\/pages"}],"about":[{"href":"https:\/\/gcf.community\/es\/wp-json\/wp\/v2\/types\/page"}],"author":[{"embeddable":true,"href":"https:\/\/gcf.community\/es\/wp-json\/wp\/v2\/users\/1"}],"replies":[{"embeddable":true,"href":"https:\/\/gcf.community\/es\/wp-json\/wp\/v2\/comments?post=2138"}],"version-history":[{"count":0,"href":"https:\/\/gcf.community\/es\/wp-json\/wp\/v2\/pages\/2138\/revisions"}],"up":[{"embeddable":true,"href":"https:\/\/gcf.community\/es\/wp-json\/wp\/v2\/pages\/1921"}],"wp:attachment":[{"href":"https:\/\/gcf.community\/es\/wp-json\/wp\/v2\/media?parent=2138"}],"wp:term":[{"taxonomy":"category","embeddable":true,"href":"https:\/\/gcf.community\/es\/wp-json\/wp\/v2\/categories?post=2138"}],"curies":[{"name":"wp","href":"https:\/\/api.w.org\/{rel}","templated":true}]}}