{"id":1992,"date":"2023-08-30T14:52:30","date_gmt":"2023-08-30T13:52:30","guid":{"rendered":"https:\/\/gcf.community\/?page_id=1992"},"modified":"2023-09-05T13:49:24","modified_gmt":"2023-09-05T12:49:24","slug":"think-and-explore","status":"publish","type":"page","link":"https:\/\/gcf.community\/es\/resources\/flashlab\/think-and-explore\/","title":{"rendered":"2 \u2013 Piensa y explora"},"content":{"rendered":"<nav aria-label=\"Laboratorio Flash\" itemscope=\"itemscope\" itemtype=\"https:\/\/schema.org\/SiteNavigationElement\">\n\t\t<ul id=\"menu-flashlab\"><li id=\"menu-item-2008\"><a href=\"https:\/\/gcf.community\/es\/tools\/flashlab\/\" tabindex=\"0\" role=\"link\">Laboratorio Flash<\/a><\/li><li id=\"menu-item-2010\"><a href=\"https:\/\/gcf.community\/es\/tools\/flashlab\/flashlab23\/\" tabindex=\"0\" role=\"link\">FlashLab23<\/a><ul>\t<li id=\"menu-item-2022\"><a href=\"https:\/\/gcf.community\/es\/tools\/flashlab\/flashlab23\/reflection\/\" tabindex=\"0\" role=\"link\">Reflexi\u00f3n<\/a><\/li>\t<li id=\"menu-item-2016\"><a href=\"https:\/\/gcf.community\/es\/tools\/flashlab\/flashlab23\/files\/\" tabindex=\"0\" role=\"link\">Archivos<\/a><\/li>\t<li id=\"menu-item-2027\"><a href=\"https:\/\/gcf.community\/es\/tools\/flashlab\/zoom-recordings\/\" tabindex=\"0\" role=\"link\">Grabaciones de Zoom<\/a><\/li>\t<li id=\"menu-item-2142\"><a href=\"https:\/\/gcf.community\/es\/tools\/flashlab\/flashlab23\/schedule\/\" tabindex=\"0\" role=\"link\">Cronograma<\/a><\/li><\/ul><\/li><li id=\"menu-item-2014\"><a href=\"https:\/\/gcf.community\/es\/tools\/flashlab\/overview\/\" tabindex=\"0\" role=\"link\">Descripci\u00f3n general<\/a><\/li><li id=\"menu-item-2011\"><a href=\"https:\/\/gcf.community\/es\/tools\/flashlab\/how-to-start\/\" tabindex=\"0\" role=\"link\">C\u00f3mo empezar<\/a><\/li><li id=\"menu-item-2017\"><a href=\"https:\/\/gcf.community\/es\/tools\/flashlab\/process\/\" tabindex=\"0\" role=\"link\">Proceso<\/a><\/li><li id=\"menu-item-2009\"><a href=\"https:\/\/gcf.community\/es\/tools\/flashlab\/different-models\/\" tabindex=\"0\" role=\"link\">Diferentes modelos<\/a><\/li><li id=\"menu-item-2012\"><a href=\"https:\/\/gcf.community\/es\/tools\/flashlab\/look-and-listen\/\" tabindex=\"0\" role=\"link\">1 \u2013 Mira y escucha<\/a><\/li><li id=\"menu-item-2020\"><a href=\"https:\/\/gcf.community\/es\/tools\/flashlab\/think-and-explore\/\" aria-current=\"page\" tabindex=\"0\" role=\"link\">2 \u2013 Piensa y explora<\/a><\/li><li id=\"menu-item-2013\"><a href=\"https:\/\/gcf.community\/es\/tools\/flashlab\/make-and-create\/\" tabindex=\"0\" role=\"link\">3 \u2013 Hacer y crear<\/a><\/li><li id=\"menu-item-2019\"><a href=\"https:\/\/gcf.community\/es\/tools\/flashlab\/test-and-refine\/\" tabindex=\"0\" role=\"link\">4 \u2013 Probar y refinar<\/a><\/li><li id=\"menu-item-2018\"><a href=\"https:\/\/gcf.community\/es\/tools\/flashlab\/share-and-multiply\/\" tabindex=\"0\" role=\"link\">5 \u2013 Comparte y multiplica<\/a><\/li><li id=\"menu-item-2136\"><a href=\"https:\/\/gcf.community\/es\/tools\/flashlab\/useful-links\/\" tabindex=\"0\" role=\"link\">Enlaces \u00fatiles<\/a><\/li><\/ul>\n\t\t\t<\/nav>\n\t\t\t<button tabindex=\"0\" role=\"button\" aria-label=\"Men\u00fa de FlashLab\">\n\t\t\t\tMen\u00fa de FlashLab\t\t\t<\/button>\n\t<nav aria-label=\"Laboratorio Flash\" itemscope=\"itemscope\" itemtype=\"https:\/\/schema.org\/SiteNavigationElement\">\n\t\t<a href=\"javascript:void(0)\" aria-label=\"Cerrar el men\u00fa\" role=\"button\">\u00d7<\/a>\n\t\t<ul id=\"menu-flashlab-1\"><li id=\"menu-item-2008\"><a href=\"https:\/\/gcf.community\/es\/tools\/flashlab\/\" tabindex=\"0\" role=\"link\">Laboratorio Flash<\/a><\/li><li id=\"menu-item-2010\"><a href=\"https:\/\/gcf.community\/es\/tools\/flashlab\/flashlab23\/\" tabindex=\"0\" role=\"link\">FlashLab23<\/a><ul>\t<li id=\"menu-item-2022\"><a href=\"https:\/\/gcf.community\/es\/tools\/flashlab\/flashlab23\/reflection\/\" tabindex=\"0\" role=\"link\">Reflexi\u00f3n<\/a><\/li>\t<li id=\"menu-item-2016\"><a href=\"https:\/\/gcf.community\/es\/tools\/flashlab\/flashlab23\/files\/\" tabindex=\"0\" role=\"link\">Archivos<\/a><\/li>\t<li id=\"menu-item-2027\"><a href=\"https:\/\/gcf.community\/es\/tools\/flashlab\/zoom-recordings\/\" tabindex=\"0\" role=\"link\">Grabaciones de Zoom<\/a><\/li>\t<li id=\"menu-item-2142\"><a href=\"https:\/\/gcf.community\/es\/tools\/flashlab\/flashlab23\/schedule\/\" tabindex=\"0\" role=\"link\">Cronograma<\/a><\/li><\/ul><\/li><li id=\"menu-item-2014\"><a href=\"https:\/\/gcf.community\/es\/tools\/flashlab\/overview\/\" tabindex=\"0\" role=\"link\">Descripci\u00f3n general<\/a><\/li><li id=\"menu-item-2011\"><a href=\"https:\/\/gcf.community\/es\/tools\/flashlab\/how-to-start\/\" tabindex=\"0\" role=\"link\">C\u00f3mo empezar<\/a><\/li><li id=\"menu-item-2017\"><a href=\"https:\/\/gcf.community\/es\/tools\/flashlab\/process\/\" tabindex=\"0\" role=\"link\">Proceso<\/a><\/li><li id=\"menu-item-2009\"><a href=\"https:\/\/gcf.community\/es\/tools\/flashlab\/different-models\/\" tabindex=\"0\" role=\"link\">Diferentes modelos<\/a><\/li><li id=\"menu-item-2012\"><a href=\"https:\/\/gcf.community\/es\/tools\/flashlab\/look-and-listen\/\" tabindex=\"0\" role=\"link\">1 \u2013 Mira y escucha<\/a><\/li><li id=\"menu-item-2020\"><a href=\"https:\/\/gcf.community\/es\/tools\/flashlab\/think-and-explore\/\" aria-current=\"page\" tabindex=\"0\" role=\"link\">2 \u2013 Piensa y explora<\/a><\/li><li id=\"menu-item-2013\"><a href=\"https:\/\/gcf.community\/es\/tools\/flashlab\/make-and-create\/\" tabindex=\"0\" role=\"link\">3 \u2013 Hacer y crear<\/a><\/li><li id=\"menu-item-2019\"><a href=\"https:\/\/gcf.community\/es\/tools\/flashlab\/test-and-refine\/\" tabindex=\"0\" role=\"link\">4 \u2013 Probar y refinar<\/a><\/li><li id=\"menu-item-2018\"><a href=\"https:\/\/gcf.community\/es\/tools\/flashlab\/share-and-multiply\/\" tabindex=\"0\" role=\"link\">5 \u2013 Comparte y multiplica<\/a><\/li><li id=\"menu-item-2136\"><a href=\"https:\/\/gcf.community\/es\/tools\/flashlab\/useful-links\/\" tabindex=\"0\" role=\"link\">Enlaces \u00fatiles<\/a><\/li><\/ul>\n\t\t\t<\/nav>\n\n<h4>\n\t\tT\u00f3mate el tiempo para generar ideas buenas, innovadoras y \u00fatiles. Elige una para llevarla a cabo.\n\t<\/h4>\n<h2>\n\t\tExplorar ideas\n\t<\/h2>\n\t<p>La segunda etapa consiste en involucrar el cerebro y el coraz\u00f3n de diferentes maneras para generar ideas que ayuden a satisfacer las necesidades descubiertas en <a href=\"https:\/\/gcf.community\/es\/tools\/flashlab\/look-and-listen\/\">Mira y escucha<\/a>.<\/p>\n<h3>Producir muchas ideas<\/h3>\n<p>En tu equipo, t\u00f3mate de 20 a 30 minutos para generar tantas ideas como puedas. \u00a1Detente!<\/p>\n<ul>\n<li>No discuta ni juzgue las ideas todav\u00eda: simplemente permita que el grupo escriba o comparta sus ideas.<\/li>\n<li>Desarrollar las ideas de todos (por ejemplo, una persona sugiere una idea y los dem\u00e1s aceptan el desaf\u00edo de decir \u201c\u00a1S\u00ed! Y\u2026\u201d, ofreciendo algo que se base en la idea original).<\/li>\n<li>Sigue estimulando tu cerebro para tener m\u00e1s ideas. \u00a1Tu d\u00e9cima o trig\u00e9sima idea podr\u00eda ser la mejor!<\/li>\n<li>A\u00f1ade un objeto o palabra al azar a la lluvia de ideas (ejemplos: azul, s\u00e1ndwich, nube, pulpo). Intenta generar m\u00e1s ideas usando esta palabra como punto de partida.<\/li>\n<\/ul>\n<p>Captura las ideas de todos de forma visible. Usa lo que tengas: pizarras, notas peque\u00f1as, hojas grandes de papel. <a href=\"https:\/\/jamboard.google.com\/\" target=\"_blank\" rel=\"noopener\">Jamboard de Google<\/a> Es una buena herramienta gratuita en l\u00ednea para generar ideas. Es especialmente \u00fatil para FlashLabs virtuales.<\/p>\n<h2>\n\t\tDescansa y olvida\n\t<\/h2>\n\t<p>Tu cerebro fue creado por nuestro Dios para ser incre\u00edblemente creativo. Lo asombroso es que tu cerebro alcanza su m\u00e1ximo potencial creativo cuando NO intentas serlo.<\/p>\n<p>\u00a1El siguiente paso en esta etapa del FlashLab es dejar la lluvia de ideas y centrarse en otra cosa!<\/p>\n<ul>\n<li>Descansar<\/li>\n<li>Sal a caminar o practica alg\u00fan deporte<\/li>\n<li>Haz algo diferente<\/li>\n<\/ul>\n<p>Deja que tu cerebro trabaje mientras te concentras en otras cosas. Quiz\u00e1s descubras que generas tus mejores ideas en la ducha, al correr o al despertar. Es tu incre\u00edble cerebro trabajando en segundo plano.<\/p>\n<p>Escribe cualquier pensamiento nuevo o modificaciones que surjan en tu mente para aprovechar las ideas existentes.<\/p>\n<h2>\n\t\tJuega con ideas\n\t<\/h2>\n\t<p>El juego es un ejercicio valioso para las ideas que su equipo produjo en el paso anterior.<\/p>\n<p>Elige tres de las ideas:<\/p>\n<ul>\n<li>Uno que parezca f\u00e1cil y pr\u00e1ctico.<\/li>\n<li>Uno que parece escandaloso o dif\u00edcil<\/li>\n<li>Uno en el medio: ni demasiado f\u00e1cil ni demasiado dif\u00edcil<\/li>\n<\/ul>\n<p>Aqu\u00ed tienes algunas maneras de experimentar con tus ideas. Puedes encontrar m\u00e1s informaci\u00f3n en el kit de herramientas de FlashLab.<\/p>\n<p>Doble una idea imaginando c\u00f3mo ser\u00eda si:<\/p>\n<ul>\n<li>Fue al rev\u00e9s: por ejemplo, en lugar de un gran evento, hubo muchos eventos peque\u00f1os.<\/li>\n<li>Si lo redujeran, en lugar de un manual de 50 p\u00e1ginas, har\u00edan uno con solo dos p\u00e1ginas.<\/li>\n<\/ul>\n<p>Divide una idea en sus partes y:<\/p>\n<ul>\n<li>Reorganiza las piezas nuevamente en un nuevo orden.<\/li>\n<li>Desecha una parte y mira lo que tienes.<\/li>\n<\/ul>\n<p>Combina ideas mediante:<\/p>\n<ul>\n<li>Combinando dos de tus ideas diferentes.<\/li>\n<\/ul>\n<p>Haz malabarismos con estas dos ideas en tu mente y observa en qu\u00e9 podr\u00edan convertirse.<\/p>\n<ul>\n<li>Mire una idea desde una perspectiva diferente, como la de un ni\u00f1o, una hormiga o desde lo alto.<\/li>\n<\/ul>\n<h2>\n\t\tElige ideas\n\t<\/h2>\n\t<p>Una vez que hayas jugado con las ideas, t\u00f3mate un tiempo para orar, pensar y elegir lo que desarrollar\u00e1s.<\/p>\n<h3>C\u00f3mo elegir una buena idea<\/h3>\n<p>Algunos de estos aspectos podr\u00edan ser \u00fatiles a la hora de elegir qu\u00e9 idea llevar adelante:<\/p>\n<ul>\n<li>Despu\u00e9s de la oraci\u00f3n, \u00bfpuedes identificar cu\u00e1l quiere Dios que hagas?<\/li>\n<li>\u00bfQu\u00e9 idea satisfar\u00e1 mejor las necesidades y las personas identificadas en la etapa 1?<\/li>\n<li>\u00bfQu\u00e9 idea te entusiasma m\u00e1s?<\/li>\n<li>\u00bfQu\u00e9 idea es realizable en el tiempo que tienes?<\/li>\n<li>\u00bfQu\u00e9 idea te impulsa y te lleva a crear algo \u00fanico?<\/li>\n<\/ul>\n\t<a href=\"https:\/\/gcf.community\/es\/tools\/flashlab\/look-and-listen\/\" target=\"_self\" role=\"button\" aria-label=\"ANTERIOR\" rel=\"noopener\">\n\t\t\t\t\t\tANTERIOR\n\t\t\t\t\t<\/a>\n\t<a href=\"https:\/\/gcf.community\/es\/tools\/flashlab\/make-and-create\/\" target=\"_self\" role=\"button\" aria-label=\"PR\u00d3XIMO\" rel=\"noopener\">\n\t\t\t\t\t\tPR\u00d3XIMO\n\t\t\t<\/a>","protected":false},"excerpt":{"rendered":"<p>FlashLab FlashLab23 Archivos de reflexi\u00f3n Grabaciones de Zoom Horario Descripci\u00f3n general C\u00f3mo empezar Proceso Diferentes modelos 1 \u2013 Mirar y escuchar 2 \u2013 Pensar y explorar 3 \u2013 Hacer y crear 4 \u2013 Probar y refinar 5 \u2013 Compartir y multiplicar Enlaces \u00fatiles Men\u00fa de FlashLab \u00d7 FlashLab FlashLab23 Archivos de reflexi\u00f3n Grabaciones de Zoom Horario Descripci\u00f3n general C\u00f3mo empezar \u2026 <a title=\"2 \u2013 Piensa y explora\" class=\"read-more\" href=\"https:\/\/gcf.community\/es\/resources\/flashlab\/think-and-explore\/\" aria-label=\"Leer m\u00e1s sobre 2 \u2013 Piensa y Explora\">Leer m\u00e1s<\/a><\/p>","protected":false},"author":1,"featured_media":0,"parent":1917,"menu_order":0,"comment_status":"closed","ping_status":"closed","template":"","meta":{"_acf_changed":false,"_seopress_robots_primary_cat":"","_seopress_titles_title":"FlashLab: Think and Explore","_seopress_titles_desc":"Take time to come up with good, fresh and helpful ideas. Choose one to take forward.","_seopress_robots_index":"","footnotes":"","_links_to":"","_links_to_target":""},"categories":[91],"class_list":{"0":"post-1992","1":"page","2":"type-page","3":"status-publish","5":"category-flashlab"},"acf":[],"_links":{"self":[{"href":"https:\/\/gcf.community\/es\/wp-json\/wp\/v2\/pages\/1992","targetHints":{"allow":["GET"]}}],"collection":[{"href":"https:\/\/gcf.community\/es\/wp-json\/wp\/v2\/pages"}],"about":[{"href":"https:\/\/gcf.community\/es\/wp-json\/wp\/v2\/types\/page"}],"author":[{"embeddable":true,"href":"https:\/\/gcf.community\/es\/wp-json\/wp\/v2\/users\/1"}],"replies":[{"embeddable":true,"href":"https:\/\/gcf.community\/es\/wp-json\/wp\/v2\/comments?post=1992"}],"version-history":[{"count":0,"href":"https:\/\/gcf.community\/es\/wp-json\/wp\/v2\/pages\/1992\/revisions"}],"up":[{"embeddable":true,"href":"https:\/\/gcf.community\/es\/wp-json\/wp\/v2\/pages\/1917"}],"wp:attachment":[{"href":"https:\/\/gcf.community\/es\/wp-json\/wp\/v2\/media?parent=1992"}],"wp:term":[{"taxonomy":"category","embeddable":true,"href":"https:\/\/gcf.community\/es\/wp-json\/wp\/v2\/categories?post=1992"}],"curies":[{"name":"wp","href":"https:\/\/api.w.org\/{rel}","templated":true}]}}