{"id":1981,"date":"2023-08-30T14:51:05","date_gmt":"2023-08-30T13:51:05","guid":{"rendered":"https:\/\/gcf.community\/?page_id=1981"},"modified":"2023-09-05T13:38:59","modified_gmt":"2023-09-05T12:38:59","slug":"look-and-listen","status":"publish","type":"page","link":"https:\/\/gcf.community\/es\/resources\/flashlab\/look-and-listen\/","title":{"rendered":"1 \u2013 Mira y escucha"},"content":{"rendered":"<nav aria-label=\"Laboratorio Flash\" itemscope=\"itemscope\" itemtype=\"https:\/\/schema.org\/SiteNavigationElement\">\n\t\t<ul id=\"menu-flashlab\"><li id=\"menu-item-2008\"><a href=\"https:\/\/gcf.community\/es\/tools\/flashlab\/\" tabindex=\"0\" role=\"link\">Laboratorio Flash<\/a><\/li><li id=\"menu-item-2010\"><a href=\"https:\/\/gcf.community\/es\/tools\/flashlab\/flashlab23\/\" tabindex=\"0\" role=\"link\">FlashLab23<\/a><ul>\t<li id=\"menu-item-2022\"><a href=\"https:\/\/gcf.community\/es\/tools\/flashlab\/flashlab23\/reflection\/\" tabindex=\"0\" role=\"link\">Reflexi\u00f3n<\/a><\/li>\t<li id=\"menu-item-2016\"><a href=\"https:\/\/gcf.community\/es\/tools\/flashlab\/flashlab23\/files\/\" tabindex=\"0\" role=\"link\">Archivos<\/a><\/li>\t<li id=\"menu-item-2027\"><a href=\"https:\/\/gcf.community\/es\/tools\/flashlab\/zoom-recordings\/\" tabindex=\"0\" role=\"link\">Grabaciones de Zoom<\/a><\/li>\t<li id=\"menu-item-2142\"><a href=\"https:\/\/gcf.community\/es\/tools\/flashlab\/flashlab23\/schedule\/\" tabindex=\"0\" role=\"link\">Cronograma<\/a><\/li><\/ul><\/li><li id=\"menu-item-2014\"><a href=\"https:\/\/gcf.community\/es\/tools\/flashlab\/overview\/\" tabindex=\"0\" role=\"link\">Descripci\u00f3n general<\/a><\/li><li id=\"menu-item-2011\"><a href=\"https:\/\/gcf.community\/es\/tools\/flashlab\/how-to-start\/\" tabindex=\"0\" role=\"link\">C\u00f3mo empezar<\/a><\/li><li id=\"menu-item-2017\"><a href=\"https:\/\/gcf.community\/es\/tools\/flashlab\/process\/\" tabindex=\"0\" role=\"link\">Proceso<\/a><\/li><li id=\"menu-item-2009\"><a href=\"https:\/\/gcf.community\/es\/tools\/flashlab\/different-models\/\" tabindex=\"0\" role=\"link\">Diferentes modelos<\/a><\/li><li id=\"menu-item-2012\"><a href=\"https:\/\/gcf.community\/es\/tools\/flashlab\/look-and-listen\/\" aria-current=\"page\" tabindex=\"0\" role=\"link\">1 \u2013 Mira y escucha<\/a><\/li><li id=\"menu-item-2020\"><a href=\"https:\/\/gcf.community\/es\/tools\/flashlab\/think-and-explore\/\" tabindex=\"0\" role=\"link\">2 \u2013 Piensa y explora<\/a><\/li><li id=\"menu-item-2013\"><a href=\"https:\/\/gcf.community\/es\/tools\/flashlab\/make-and-create\/\" tabindex=\"0\" role=\"link\">3 \u2013 Hacer y crear<\/a><\/li><li id=\"menu-item-2019\"><a href=\"https:\/\/gcf.community\/es\/tools\/flashlab\/test-and-refine\/\" tabindex=\"0\" role=\"link\">4 \u2013 Probar y refinar<\/a><\/li><li id=\"menu-item-2018\"><a href=\"https:\/\/gcf.community\/es\/tools\/flashlab\/share-and-multiply\/\" tabindex=\"0\" role=\"link\">5 \u2013 Comparte y multiplica<\/a><\/li><li id=\"menu-item-2136\"><a href=\"https:\/\/gcf.community\/es\/tools\/flashlab\/useful-links\/\" tabindex=\"0\" role=\"link\">Enlaces \u00fatiles<\/a><\/li><\/ul>\n\t\t\t<\/nav>\n\t\t\t<button tabindex=\"0\" role=\"button\" aria-label=\"Men\u00fa de FlashLab\">\n\t\t\t\tMen\u00fa de FlashLab\t\t\t<\/button>\n\t<nav aria-label=\"Laboratorio Flash\" itemscope=\"itemscope\" itemtype=\"https:\/\/schema.org\/SiteNavigationElement\">\n\t\t<a href=\"javascript:void(0)\" aria-label=\"Cerrar el men\u00fa\" role=\"button\">\u00d7<\/a>\n\t\t<ul id=\"menu-flashlab-1\"><li id=\"menu-item-2008\"><a href=\"https:\/\/gcf.community\/es\/tools\/flashlab\/\" tabindex=\"0\" role=\"link\">Laboratorio Flash<\/a><\/li><li id=\"menu-item-2010\"><a href=\"https:\/\/gcf.community\/es\/tools\/flashlab\/flashlab23\/\" tabindex=\"0\" role=\"link\">FlashLab23<\/a><ul>\t<li id=\"menu-item-2022\"><a href=\"https:\/\/gcf.community\/es\/tools\/flashlab\/flashlab23\/reflection\/\" tabindex=\"0\" role=\"link\">Reflexi\u00f3n<\/a><\/li>\t<li id=\"menu-item-2016\"><a href=\"https:\/\/gcf.community\/es\/tools\/flashlab\/flashlab23\/files\/\" tabindex=\"0\" role=\"link\">Archivos<\/a><\/li>\t<li id=\"menu-item-2027\"><a href=\"https:\/\/gcf.community\/es\/tools\/flashlab\/zoom-recordings\/\" tabindex=\"0\" role=\"link\">Grabaciones de Zoom<\/a><\/li>\t<li id=\"menu-item-2142\"><a href=\"https:\/\/gcf.community\/es\/tools\/flashlab\/flashlab23\/schedule\/\" tabindex=\"0\" role=\"link\">Cronograma<\/a><\/li><\/ul><\/li><li id=\"menu-item-2014\"><a href=\"https:\/\/gcf.community\/es\/tools\/flashlab\/overview\/\" tabindex=\"0\" role=\"link\">Descripci\u00f3n general<\/a><\/li><li id=\"menu-item-2011\"><a href=\"https:\/\/gcf.community\/es\/tools\/flashlab\/how-to-start\/\" tabindex=\"0\" role=\"link\">C\u00f3mo empezar<\/a><\/li><li id=\"menu-item-2017\"><a href=\"https:\/\/gcf.community\/es\/tools\/flashlab\/process\/\" tabindex=\"0\" role=\"link\">Proceso<\/a><\/li><li id=\"menu-item-2009\"><a href=\"https:\/\/gcf.community\/es\/tools\/flashlab\/different-models\/\" tabindex=\"0\" role=\"link\">Diferentes modelos<\/a><\/li><li id=\"menu-item-2012\"><a href=\"https:\/\/gcf.community\/es\/tools\/flashlab\/look-and-listen\/\" aria-current=\"page\" tabindex=\"0\" role=\"link\">1 \u2013 Mira y escucha<\/a><\/li><li id=\"menu-item-2020\"><a href=\"https:\/\/gcf.community\/es\/tools\/flashlab\/think-and-explore\/\" tabindex=\"0\" role=\"link\">2 \u2013 Piensa y explora<\/a><\/li><li id=\"menu-item-2013\"><a href=\"https:\/\/gcf.community\/es\/tools\/flashlab\/make-and-create\/\" tabindex=\"0\" role=\"link\">3 \u2013 Hacer y crear<\/a><\/li><li id=\"menu-item-2019\"><a href=\"https:\/\/gcf.community\/es\/tools\/flashlab\/test-and-refine\/\" tabindex=\"0\" role=\"link\">4 \u2013 Probar y refinar<\/a><\/li><li id=\"menu-item-2018\"><a href=\"https:\/\/gcf.community\/es\/tools\/flashlab\/share-and-multiply\/\" tabindex=\"0\" role=\"link\">5 \u2013 Comparte y multiplica<\/a><\/li><li id=\"menu-item-2136\"><a href=\"https:\/\/gcf.community\/es\/tools\/flashlab\/useful-links\/\" tabindex=\"0\" role=\"link\">Enlaces \u00fatiles<\/a><\/li><\/ul>\n\t\t\t<\/nav>\n\n<h4>\n\t\tAprende y descubre lo que te gustar\u00eda hacer comprendiendo para qui\u00e9n lo est\u00e1s haciendo.\n\t<\/h4>\n<h2>\n\t\tEmpezar\n\t<\/h2>\n\t<p>La primera etapa del proceso FlashLab consiste en identificar uno o m\u00e1s de estos ejemplos:<\/p>\n<div id=\"footable_parent_2128\"\n         class=\"footable_parent ninja_table_wrapper loading_ninja_table wp_table_data_press_parent semantic_ui\">\n                <table data-ninja_table_instance=\"ninja_table_instance_0\" data-footable_id=\"2128\" data-filter-delay=\"1000\" aria-label=\"FlashLab: Introducci\u00f3n\"            id=\"footable_2128\"\n           data-unique_identifier=\"ninja_table_unique_id_788453645_2128\"\n           class=\"foo-table ninja_footable foo_table_2128 ninja_table_unique_id_788453645_2128 ui table  nt_type_legacy_table selectable striped vertical_centered  footable-paging-right ninjatable_hide_header_row ninja_table_search_disabled ninja_table_pro\">\n                <colgroup>\n                            <col class=\"ninja_column_0\">\n                            <col class=\"ninja_column_1\">\n                    <\/colgroup>\n        <thead>\n<tr class=\"footable-header\">\n                                        <th scope=\"col\"  class=\"ninja_column_0 ninja_clmn_nm_1\">1<\/th><th scope=\"col\"  class=\"ninja_column_1 ninja_clmn_nm_2\">2<\/th><\/tr>\n<\/thead>\n<tbody>\n\n        <tr data-row_id=\"28\" class=\"ninja_table_row_0 nt_row_id_28\">\n            <td><strong>\u00bfHay algo que quieras hacer?<\/strong><\/td><td><em>Quiz\u00e1s ya tengas un proyecto en mente o te hayan pedido que hagas algo.<\/em><\/td>        <\/tr>\n            <tr data-row_id=\"30\" class=\"ninja_table_row_1 nt_row_id_30\">\n            <td><strong>\u00bfHay alg\u00fan problema que est\u00e1s intentando resolver?<\/strong><\/td><td><em>Es posible que tenga un \u00e1rea que necesite ser abordada y le gustar\u00eda crear un recurso para ayudar a capacitar a sus l\u00edderes.<\/em><\/td>        <\/tr>\n            <tr data-row_id=\"29\" class=\"ninja_table_row_2 nt_row_id_29\">\n            <td><strong>\u00bfExiste alguna necesidad que quisiera abordar?<\/strong><\/td><td><em>Al mirar a su alrededor, es posible que encuentre una necesidad urgente que nadie ha abordado en su contexto o idioma.<\/em><\/td>        <\/tr>\n            <tr data-row_id=\"31\" class=\"ninja_table_row_3 nt_row_id_31\">\n            <td><strong>\u00bfExiste alguna oportunidad que quisiera aprovechar?<\/strong><\/td><td><em>Es posible que se le presente una gran oportunidad, un gran evento o una invitaci\u00f3n especial y necesite un plan, una estrategia o un recurso para aprovecharla al m\u00e1ximo.<\/em><\/td>        <\/tr>\n    <\/tbody><!--ninja_tobody_rendering_done-->\n    <\/table>\n    \n    \n    \n<\/div>\n\n<p>FlashLab te ayuda a crear un nuevo recurso que satisfaga tus necesidades. Lo que buscas puede ser muy claro o solo una idea vaga. No te preocupes, el proceso te ayudar\u00e1 a enfocarte mejor.<\/p>\n<h2>\n\t\tHacer las cuestiones\n\t<\/h2>\n\t<p>Mire y escuche y haga buenas preguntas, sobre usted mismo y sobre los dem\u00e1s.<\/p>\n<h3>Mira y escucha<\/h3>\n<p>Aseg\u00farese de comprender a las personas a las que desea servir a trav\u00e9s del proceso FlashLab:<\/p>\n<ul>\n<li>\u00bfQui\u00e9nes son (edad, g\u00e9nero, grupos)?<\/li>\n<li>\u00bfD\u00f3nde est\u00e1n?<\/li>\n<li>\u00bfCu\u00e1les son sus necesidades? \u00bfC\u00f3mo podemos ayudarles?<\/li>\n<li>\u00bfQu\u00e9 necesitan saber acerca de Dios?<\/li>\n<li>\u00bfCu\u00e1l es el mensaje de Dios para ellos?<\/li>\n<\/ul>\n<p>Tenga presentes estas respuestas y los rostros de las personas a las que sirve. Cree un cuadro o una p\u00e1gina de su p\u00fablico con las respuestas, im\u00e1genes \u00fatiles e informaci\u00f3n.<\/p>\n<p>FlashLab se centra en crear recursos con un prop\u00f3sito y para servir al p\u00fablico objetivo que has identificado. As\u00ed que pregunta:<\/p>\n<ul>\n<li>\u00bfQu\u00e9 tipo de recurso les resultar\u00eda m\u00e1s \u00fatil?<\/li>\n<li>\u00bfQu\u00e9 diferentes tipos de recursos podr\u00edan ser?<\/li>\n<li>\u00bfQu\u00e9 tipos podr\u00edan ser m\u00e1s \u00fatiles en el contexto?<\/li>\n<li>\u00bfQu\u00e9 vac\u00edo podr\u00eda llenar este recurso?<\/li>\n<\/ul>\n\t<a href=\"https:\/\/gcf.community\/es\/tools\/flashlab\/different-models\/\" target=\"_self\" role=\"button\" aria-label=\"ANTERIOR\" rel=\"noopener\">\n\t\t\t\t\t\tANTERIOR\n\t\t\t\t\t<\/a>\n\t<a href=\"https:\/\/gcf.community\/es\/tools\/flashlab\/think-and-explore\/\" target=\"_self\" role=\"button\" aria-label=\"PR\u00d3XIMO\" rel=\"noopener\">\n\t\t\t\t\t\tPR\u00d3XIMO\n\t\t\t<\/a>","protected":false},"excerpt":{"rendered":"<p>FlashLab FlashLab23 Archivos de reflexi\u00f3n Grabaciones de Zoom Horario Descripci\u00f3n general C\u00f3mo empezar Proceso Diferentes modelos 1 \u2013 Mirar y escuchar 2 \u2013 Pensar y explorar 3 \u2013 Hacer y crear 4 \u2013 Probar y refinar 5 \u2013 Compartir y multiplicar Enlaces \u00fatiles Men\u00fa de FlashLab \u00d7 FlashLab FlashLab23 Archivos de reflexi\u00f3n Grabaciones de Zoom Horario Descripci\u00f3n general C\u00f3mo empezar \u2026 <a title=\"1 \u2013 Mira y escucha\" class=\"read-more\" href=\"https:\/\/gcf.community\/es\/resources\/flashlab\/look-and-listen\/\" aria-label=\"Leer m\u00e1s sobre 1 \u2013 Mira y Escucha\">Leer m\u00e1s<\/a><\/p>","protected":false},"author":1,"featured_media":0,"parent":1917,"menu_order":0,"comment_status":"closed","ping_status":"closed","template":"","meta":{"_acf_changed":false,"_seopress_robots_primary_cat":"","_seopress_titles_title":"FlashLab: Look and Listen","_seopress_titles_desc":"Learn and discover what you would like to make by understanding who you are making it for.","_seopress_robots_index":"","footnotes":"","_links_to":"","_links_to_target":""},"categories":[91],"class_list":{"0":"post-1981","1":"page","2":"type-page","3":"status-publish","5":"category-flashlab"},"acf":[],"_links":{"self":[{"href":"https:\/\/gcf.community\/es\/wp-json\/wp\/v2\/pages\/1981","targetHints":{"allow":["GET"]}}],"collection":[{"href":"https:\/\/gcf.community\/es\/wp-json\/wp\/v2\/pages"}],"about":[{"href":"https:\/\/gcf.community\/es\/wp-json\/wp\/v2\/types\/page"}],"author":[{"embeddable":true,"href":"https:\/\/gcf.community\/es\/wp-json\/wp\/v2\/users\/1"}],"replies":[{"embeddable":true,"href":"https:\/\/gcf.community\/es\/wp-json\/wp\/v2\/comments?post=1981"}],"version-history":[{"count":0,"href":"https:\/\/gcf.community\/es\/wp-json\/wp\/v2\/pages\/1981\/revisions"}],"up":[{"embeddable":true,"href":"https:\/\/gcf.community\/es\/wp-json\/wp\/v2\/pages\/1917"}],"wp:attachment":[{"href":"https:\/\/gcf.community\/es\/wp-json\/wp\/v2\/media?parent=1981"}],"wp:term":[{"taxonomy":"category","embeddable":true,"href":"https:\/\/gcf.community\/es\/wp-json\/wp\/v2\/categories?post=1981"}],"curies":[{"name":"wp","href":"https:\/\/api.w.org\/{rel}","templated":true}]}}