{"id":1971,"date":"2023-08-30T14:50:05","date_gmt":"2023-08-30T13:50:05","guid":{"rendered":"https:\/\/gcf.community\/?page_id=1971"},"modified":"2023-09-05T13:56:16","modified_gmt":"2023-09-05T12:56:16","slug":"process","status":"publish","type":"page","link":"https:\/\/gcf.community\/es\/resources\/flashlab\/process\/","title":{"rendered":"Proceso"},"content":{"rendered":"<nav aria-label=\"Laboratorio Flash\" itemscope=\"itemscope\" itemtype=\"https:\/\/schema.org\/SiteNavigationElement\">\n\t\t<ul id=\"menu-flashlab\"><li id=\"menu-item-2008\"><a href=\"https:\/\/gcf.community\/es\/tools\/flashlab\/\" tabindex=\"0\" role=\"link\">Laboratorio Flash<\/a><\/li><li id=\"menu-item-2010\"><a href=\"https:\/\/gcf.community\/es\/tools\/flashlab\/flashlab23\/\" tabindex=\"0\" role=\"link\">FlashLab23<\/a><ul>\t<li id=\"menu-item-2022\"><a href=\"https:\/\/gcf.community\/es\/tools\/flashlab\/flashlab23\/reflection\/\" tabindex=\"0\" role=\"link\">Reflexi\u00f3n<\/a><\/li>\t<li id=\"menu-item-2016\"><a href=\"https:\/\/gcf.community\/es\/tools\/flashlab\/flashlab23\/files\/\" tabindex=\"0\" role=\"link\">Archivos<\/a><\/li>\t<li id=\"menu-item-2027\"><a href=\"https:\/\/gcf.community\/es\/tools\/flashlab\/zoom-recordings\/\" tabindex=\"0\" role=\"link\">Grabaciones de Zoom<\/a><\/li>\t<li id=\"menu-item-2142\"><a href=\"https:\/\/gcf.community\/es\/tools\/flashlab\/flashlab23\/schedule\/\" tabindex=\"0\" role=\"link\">Cronograma<\/a><\/li><\/ul><\/li><li id=\"menu-item-2014\"><a href=\"https:\/\/gcf.community\/es\/tools\/flashlab\/overview\/\" tabindex=\"0\" role=\"link\">Descripci\u00f3n general<\/a><\/li><li id=\"menu-item-2011\"><a href=\"https:\/\/gcf.community\/es\/tools\/flashlab\/how-to-start\/\" tabindex=\"0\" role=\"link\">C\u00f3mo empezar<\/a><\/li><li id=\"menu-item-2017\"><a href=\"https:\/\/gcf.community\/es\/tools\/flashlab\/process\/\" aria-current=\"page\" tabindex=\"0\" role=\"link\">Proceso<\/a><\/li><li id=\"menu-item-2009\"><a href=\"https:\/\/gcf.community\/es\/tools\/flashlab\/different-models\/\" tabindex=\"0\" role=\"link\">Diferentes modelos<\/a><\/li><li id=\"menu-item-2012\"><a href=\"https:\/\/gcf.community\/es\/tools\/flashlab\/look-and-listen\/\" tabindex=\"0\" role=\"link\">1 \u2013 Mira y escucha<\/a><\/li><li id=\"menu-item-2020\"><a href=\"https:\/\/gcf.community\/es\/tools\/flashlab\/think-and-explore\/\" tabindex=\"0\" role=\"link\">2 \u2013 Piensa y explora<\/a><\/li><li id=\"menu-item-2013\"><a href=\"https:\/\/gcf.community\/es\/tools\/flashlab\/make-and-create\/\" tabindex=\"0\" role=\"link\">3 \u2013 Hacer y crear<\/a><\/li><li id=\"menu-item-2019\"><a href=\"https:\/\/gcf.community\/es\/tools\/flashlab\/test-and-refine\/\" tabindex=\"0\" role=\"link\">4 \u2013 Probar y refinar<\/a><\/li><li id=\"menu-item-2018\"><a href=\"https:\/\/gcf.community\/es\/tools\/flashlab\/share-and-multiply\/\" tabindex=\"0\" role=\"link\">5 \u2013 Comparte y multiplica<\/a><\/li><li id=\"menu-item-2136\"><a href=\"https:\/\/gcf.community\/es\/tools\/flashlab\/useful-links\/\" tabindex=\"0\" role=\"link\">Enlaces \u00fatiles<\/a><\/li><\/ul>\n\t\t\t<\/nav>\n\t\t\t<button tabindex=\"0\" role=\"button\" aria-label=\"Men\u00fa de FlashLab\">\n\t\t\t\tMen\u00fa de FlashLab\t\t\t<\/button>\n\t<nav aria-label=\"Laboratorio Flash\" itemscope=\"itemscope\" itemtype=\"https:\/\/schema.org\/SiteNavigationElement\">\n\t\t<a href=\"javascript:void(0)\" aria-label=\"Cerrar el men\u00fa\" role=\"button\">\u00d7<\/a>\n\t\t<ul id=\"menu-flashlab-1\"><li id=\"menu-item-2008\"><a href=\"https:\/\/gcf.community\/es\/tools\/flashlab\/\" tabindex=\"0\" role=\"link\">Laboratorio Flash<\/a><\/li><li id=\"menu-item-2010\"><a href=\"https:\/\/gcf.community\/es\/tools\/flashlab\/flashlab23\/\" tabindex=\"0\" role=\"link\">FlashLab23<\/a><ul>\t<li id=\"menu-item-2022\"><a href=\"https:\/\/gcf.community\/es\/tools\/flashlab\/flashlab23\/reflection\/\" tabindex=\"0\" role=\"link\">Reflexi\u00f3n<\/a><\/li>\t<li id=\"menu-item-2016\"><a href=\"https:\/\/gcf.community\/es\/tools\/flashlab\/flashlab23\/files\/\" tabindex=\"0\" role=\"link\">Archivos<\/a><\/li>\t<li id=\"menu-item-2027\"><a href=\"https:\/\/gcf.community\/es\/tools\/flashlab\/zoom-recordings\/\" tabindex=\"0\" role=\"link\">Grabaciones de Zoom<\/a><\/li>\t<li id=\"menu-item-2142\"><a href=\"https:\/\/gcf.community\/es\/tools\/flashlab\/flashlab23\/schedule\/\" tabindex=\"0\" role=\"link\">Cronograma<\/a><\/li><\/ul><\/li><li id=\"menu-item-2014\"><a href=\"https:\/\/gcf.community\/es\/tools\/flashlab\/overview\/\" tabindex=\"0\" role=\"link\">Descripci\u00f3n general<\/a><\/li><li id=\"menu-item-2011\"><a href=\"https:\/\/gcf.community\/es\/tools\/flashlab\/how-to-start\/\" tabindex=\"0\" role=\"link\">C\u00f3mo empezar<\/a><\/li><li id=\"menu-item-2017\"><a href=\"https:\/\/gcf.community\/es\/tools\/flashlab\/process\/\" aria-current=\"page\" tabindex=\"0\" role=\"link\">Proceso<\/a><\/li><li id=\"menu-item-2009\"><a href=\"https:\/\/gcf.community\/es\/tools\/flashlab\/different-models\/\" tabindex=\"0\" role=\"link\">Diferentes modelos<\/a><\/li><li id=\"menu-item-2012\"><a href=\"https:\/\/gcf.community\/es\/tools\/flashlab\/look-and-listen\/\" tabindex=\"0\" role=\"link\">1 \u2013 Mira y escucha<\/a><\/li><li id=\"menu-item-2020\"><a href=\"https:\/\/gcf.community\/es\/tools\/flashlab\/think-and-explore\/\" tabindex=\"0\" role=\"link\">2 \u2013 Piensa y explora<\/a><\/li><li id=\"menu-item-2013\"><a href=\"https:\/\/gcf.community\/es\/tools\/flashlab\/make-and-create\/\" tabindex=\"0\" role=\"link\">3 \u2013 Hacer y crear<\/a><\/li><li id=\"menu-item-2019\"><a href=\"https:\/\/gcf.community\/es\/tools\/flashlab\/test-and-refine\/\" tabindex=\"0\" role=\"link\">4 \u2013 Probar y refinar<\/a><\/li><li id=\"menu-item-2018\"><a href=\"https:\/\/gcf.community\/es\/tools\/flashlab\/share-and-multiply\/\" tabindex=\"0\" role=\"link\">5 \u2013 Comparte y multiplica<\/a><\/li><li id=\"menu-item-2136\"><a href=\"https:\/\/gcf.community\/es\/tools\/flashlab\/useful-links\/\" tabindex=\"0\" role=\"link\">Enlaces \u00fatiles<\/a><\/li><\/ul>\n\t\t\t<\/nav>\n\n\t<h2>Cinco etapas de un FlashLab<\/h2>\n<p>Esta secci\u00f3n le brindar\u00e1 una visi\u00f3n general de todo el proceso de un FlashLab y las siguientes secciones lo guiar\u00e1n a trav\u00e9s de cada uno de estos pasos con m\u00e1s detalle.<\/p>\n\t\t\t\t1: Mira y escucha\n\t\t\t\t<p>En esta etapa usted:<\/p>\n<ul>\n<li>Mira a tu alrededor<\/li>\n<li>Escuchar las necesidades<\/li>\n<\/ul>\n<p><strong>Preguntar<\/strong>\u00bfQu\u00e9 ser\u00eda \u00fatil crear? \u00bfQu\u00e9 necesita tu gente? \u00bfCu\u00e1l es el problema que quieres solucionar? \u00bfO qu\u00e9 oportunidad podr\u00edas aprovechar?<\/p>\n\t\t\t\t2: Piensa y explora\n\t\t\t\t<p>Tomando lo que descubres arriba, entonces:<\/p>\n<ul>\n<li>Prop\u00f3n muchas ideas (\u00a1Intenta generar tantas ideas como puedas!)<\/li>\n<li>T\u00f3mate tiempo para que tu cerebro descanse<\/li>\n<li>Juega con las ideas<\/li>\n<li>Elige la mejor idea para llevar adelante<\/li>\n<\/ul>\n\t\t\t\t3: Hacer y crear\n\t\t\t\t<p>Una vez que tengas algo que hacer:<\/p>\n<ul>\n<li>Empieza a crearlo<\/li>\n<li>Editar y completar un borrador<\/li>\n<li>Completar cualquier elemento de dise\u00f1o<\/li>\n<\/ul>\n\t\t\t\t4: Probar y refinar\n\t\t\t\t<p>Pon a prueba tu borrador: no es necesario que sea la versi\u00f3n final:<\/p>\n<ul>\n<li>Pru\u00e9belo en un entorno real<\/li>\n<li>Obtener retroalimentaci\u00f3n<\/li>\n<li>Refinarlo en funci\u00f3n de los comentarios<\/li>\n<li>Terminarlo<\/li>\n<\/ul>\n\t\t\t\t5: Comparte y multiplica\n\t\t\t\t<p>Los FlashLabs tienen como objetivo equipar y proporcionar recursos a otros, por lo que la etapa final es:<\/p>\n<ul>\n<li>Comp\u00e1rtelo<\/li>\n<li>Traducirlo<\/li>\n<li>\u00a1Celebrar!<\/li>\n<\/ul>\n\t<a href=\"https:\/\/gcf.community\/es\/tools\/flashlab\/how-to-start\/\" target=\"_self\" role=\"button\" aria-label=\"ANTERIOR\" rel=\"noopener\">\n\t\t\t\t\t\tANTERIOR\n\t\t\t\t\t<\/a>\n\t<a href=\"https:\/\/gcf.community\/es\/tools\/flashlab\/different-models\/\" target=\"_self\" role=\"button\" aria-label=\"PR\u00d3XIMO\" rel=\"noopener\">\n\t\t\t\t\t\tPR\u00d3XIMO\n\t\t\t<\/a>","protected":false},"excerpt":{"rendered":"<p>FlashLab FlashLab23 Archivos de reflexi\u00f3n Grabaciones de Zoom Horario Descripci\u00f3n general C\u00f3mo empezar Proceso Diferentes modelos 1 \u2013 Mirar y escuchar 2 \u2013 Pensar y explorar 3 \u2013 Hacer y crear 4 \u2013 Probar y refinar 5 \u2013 Compartir y multiplicar Enlaces \u00fatiles Men\u00fa de FlashLab \u00d7 FlashLab FlashLab23 Archivos de reflexi\u00f3n Grabaciones de Zoom Horario Descripci\u00f3n general C\u00f3mo empezar \u2026 <a title=\"Proceso\" class=\"read-more\" href=\"https:\/\/gcf.community\/es\/resources\/flashlab\/process\/\" aria-label=\"Leer m\u00e1s sobre Proceso\">Leer m\u00e1s<\/a><\/p>","protected":false},"author":1,"featured_media":0,"parent":1917,"menu_order":0,"comment_status":"closed","ping_status":"closed","template":"","meta":{"_acf_changed":false,"_seopress_robots_primary_cat":"","_seopress_titles_title":"FlashLab: Process","_seopress_titles_desc":"This section will give you a big picture view of the whole process of a FlashLab.","_seopress_robots_index":"","footnotes":"","_links_to":"","_links_to_target":""},"categories":[91],"class_list":{"0":"post-1971","1":"page","2":"type-page","3":"status-publish","5":"category-flashlab"},"acf":[],"_links":{"self":[{"href":"https:\/\/gcf.community\/es\/wp-json\/wp\/v2\/pages\/1971","targetHints":{"allow":["GET"]}}],"collection":[{"href":"https:\/\/gcf.community\/es\/wp-json\/wp\/v2\/pages"}],"about":[{"href":"https:\/\/gcf.community\/es\/wp-json\/wp\/v2\/types\/page"}],"author":[{"embeddable":true,"href":"https:\/\/gcf.community\/es\/wp-json\/wp\/v2\/users\/1"}],"replies":[{"embeddable":true,"href":"https:\/\/gcf.community\/es\/wp-json\/wp\/v2\/comments?post=1971"}],"version-history":[{"count":0,"href":"https:\/\/gcf.community\/es\/wp-json\/wp\/v2\/pages\/1971\/revisions"}],"up":[{"embeddable":true,"href":"https:\/\/gcf.community\/es\/wp-json\/wp\/v2\/pages\/1917"}],"wp:attachment":[{"href":"https:\/\/gcf.community\/es\/wp-json\/wp\/v2\/media?parent=1971"}],"wp:term":[{"taxonomy":"category","embeddable":true,"href":"https:\/\/gcf.community\/es\/wp-json\/wp\/v2\/categories?post=1971"}],"curies":[{"name":"wp","href":"https:\/\/api.w.org\/{rel}","templated":true}]}}